{"id":1797,"date":"2021-09-27T09:45:20","date_gmt":"2021-09-27T09:45:20","guid":{"rendered":"https:\/\/newskyvn.com\/?post_type=product&#038;p=1797"},"modified":"2024-11-09T10:08:35","modified_gmt":"2024-11-09T10:08:35","slug":"afe200","status":"publish","type":"product","link":"https:\/\/newskyvn.com\/en\/product\/afe200\/","title":{"rendered":"AFE200"},"content":{"rendered":"<p>&nbsp;<\/p>\n<p><span style=\"color: #0000ff;\"><strong>TECHNICAL DATA OF AFE200\u00a0<\/strong><\/span><\/p>\n<table>\n<tbody>\n<tr>\n<td width=\"178\">&nbsp;<\/p>\n<p><strong>Power supply<\/strong><\/td>\n<td width=\"522\">ADV200-4: 3 x 380Vac -15% &#8230; 500Vac +5%; 50-60 Hz \u00b1 5% ADV200-4\/4A-DC: 450\u2026750Vdc;<\/p>\n<p>ADV200-6\/6A-DC: 840 &#8230; 1120Vdc (5750 &#8230; 61320); 600 &#8230; 1120Vdc (\u2265 71600).<\/p>\n<p>ADV200-6: 3 x 690Vac \u00b110%; 50-60 Hz \u00b1 5% (5750 \u2026 61320), 3 x 500\u2026690Vac \u00b110%; 50-60 Hz \u00b1 5% (71600 \u2026 1.65MW)<\/td>\n<\/tr>\n<tr>\n<td width=\"178\"><strong>Power ratings<\/strong><\/td>\n<td width=\"522\">ADV200-4: from 0.75kW to 1.0MW\u00a0\u00a0\u00a0\u00a0\u00a0\u00a0\u00a0\u00a0\u00a0\u00a0\u00a0 ADV200-DC: from 18.5kW to 1.65MW\u00a0\u00a0\u00a0\u00a0\u00a0\u00a0\u00a0\u00a0\u00a0\u00a0\u00a0\u00a0\u00a0\u00a0\u00a0\u00a0 ADV200-6: from 75kW to 1.65MW<\/td>\n<\/tr>\n<tr>\n<td width=\"178\"><strong>Maximum output voltage<\/strong><\/td>\n<td width=\"522\">\u00a0\u00a00,98 x Vin<\/td>\n<\/tr>\n<tr>\n<td width=\"178\"><strong>Maximum output frequency f2<\/strong><\/td>\n<td width=\"522\">500Hz (1007 \u2026 72000), 200Hz (72500 \u2026 1650kW)<\/td>\n<\/tr>\n<tr>\n<td width=\"178\"><strong>IGBT braking unit<\/strong><\/td>\n<td width=\"522\">Sizes 1007 &#8230; 5550: Internal (with external resistor); braking torque 150 % MAX Sizes \u2265 5750: External optional (BUy series)<\/td>\n<\/tr>\n<tr>\n<td width=\"178\">&nbsp;<\/td>\n<td width=\"522\">ADV200-4, ADV200-4-DC, ADV200-6-DC:<\/td>\n<\/tr>\n<tr>\n<td width=\"178\"><strong>Overload<\/strong><\/td>\n<td width=\"522\">Heavy Duty: 160 % x In (1\u2019 each 5\u2018), 200 % x In (for 3\u201d). Light Duty: 110 % x In (1\u2019 each 5\u2018).<\/p>\n<p>ADV200-6 (5750 \u2026 6110)<\/td>\n<\/tr>\n<tr>\n<td width=\"178\"><strong>(for Synchronous motor)<\/strong><\/td>\n<td width=\"522\">Heavy Duty: 150 % x In (1\u2019 each 5\u2018), 200 % x In (for 3\u201d). Light Duty: n.d.<\/p>\n<p>ADV200-6 (72000 \u2026 1.65MW)<\/td>\n<\/tr>\n<tr>\n<td width=\"178\">&nbsp;<\/td>\n<td width=\"522\">Heavy Duty: 160 % x In (1\u2019 each 5\u2018), 200 % x In (for 3\u201d). Light Duty: 110 % x In (for 60\u201d).<\/td>\n<\/tr>\n<tr>\n<td width=\"178\">&nbsp;<\/td>\n<td width=\"522\">ADV200-4, ADV200-4-DC, ADV200-6-DC<\/td>\n<\/tr>\n<tr>\n<td width=\"178\">&nbsp;<\/td>\n<td width=\"522\">Heavy Duty: 150 % x In (1\u2019 each 5\u2018), 180 % x In (for 0.5\u201d).<\/td>\n<\/tr>\n<tr>\n<td width=\"178\"><strong>Overload<\/strong><\/p>\n<p><strong>(for Asynchronous motor)<\/strong><\/td>\n<td width=\"522\">Light Duty: 110 % x In (1\u2019 each 5\u2018).<\/p>\n<p>ADV200-6 (5750 \u2026 6110)<\/p>\n<p>Heavy Duty: 136 % x In (for 60\u201d), 183 % x In (for 0.5\u201d). Light Duty: n.d.<\/td>\n<\/tr>\n<tr>\n<td width=\"178\">&nbsp;<\/td>\n<td width=\"522\">ADV200-6 (72000 \u2026 1.65MW)<\/td>\n<\/tr>\n<tr>\n<td width=\"178\">&nbsp;<\/td>\n<td width=\"522\">Heavy Duty: 150 % x In (for 60\u201d), 180 % x In (for 0.5\u201d). Light Duty: 110 % x In (for 60\u201d).<\/td>\n<\/tr>\n<tr>\n<td width=\"178\"><strong>Control mode<\/strong><\/td>\n<td width=\"522\">Open-loop vector control Vector control with feedback<\/p>\n<p>Open loop V\/f and V\/f with feedback<\/td>\n<\/tr>\n<tr>\n<td width=\"178\"><strong>Optional cards<\/strong><\/td>\n<td width=\"522\">Integration of up to 3 options onboard the drive<\/p>\n<p>\u201cSafety STO\u201d card compliant with SIL3 machine safety directive (for ADV200-&#8230;+SI models)<\/td>\n<\/tr>\n<tr>\n<td width=\"178\"><strong><u>\u00a0<\/u><\/strong><strong><u>\u00a0<\/u><\/strong><strong><u>Multi-language programming SW<\/u><\/strong><\/p>\n<p><strong>PLC<\/strong><\/td>\n<td width=\"522\">GF-eXpress (5 languages)<\/p>\n<p>PLC with advanced IEC61131-3 programming environment<\/td>\n<\/tr>\n<tr>\n<td width=\"178\"><strong>Rated protection<\/strong><\/td>\n<td width=\"522\">IP20-rated protection (IP00 size 7 and parallel)<\/td>\n<\/tr>\n<tr>\n<td width=\"178\"><strong>Fieldbus management<\/strong><\/td>\n<td width=\"522\">\u00a0\u00a0DeviceNet, CANopen\u00ae, Modbus RTU, EtherCAT, GDnet, PROFIBUS, Industrial Ethernet (1), PROFINET<\/td>\n<\/tr>\n<\/tbody>\n<\/table>\n<p><\/p>","protected":false},"excerpt":{"rendered":"<p>&nbsp;<\/p>\n<div class=\"title-wrapper\">\n<div class=\"container\">\n<div class=\"title-wrapper-body\">\n<p><strong>Active Front End Regenerative Power Supply Unit, from 22kW to 1.65MW<\/strong><\/p>\n<\/div>\n<\/div>\n<\/div>\n<div class=\"wrapper-details\">\n<div class=\"container\">\n<div class=\"wrapper-gray\">\n<div class=\"wrapper-details-section clearfix navigation\">\n<p><strong>400V series:<\/strong><br \/>\n* Power supply: 380VAC -15% \u2026500VAC +5%, 50\/60Hz<br \/>\n* Power ratings: from 22kW to 1.2MW<\/p>\n<p><strong>690V series:<\/strong><br \/>\n* Power supply: 500VAC -10% \u2026690VAC +10%, 50\/60Hz<br \/>\n* Power ratings: from 160kW to 1.65MW<\/p>\n<p>* Cosphi\u00a0\u2265\u00a00,99<br \/>\n* Overload 150% for 60 sec every 5 minutes (Heavy duty) or 110% for 60 sec every 5 minutes (Light duty)<br \/>\n* IP20-rated protection (IP00 size 7 and parallel)<br \/>\n* Certifications: CE. UL, cUL<\/p>\n<p><strong>Features:<\/strong><br \/>\n&#8211; Integration of up to 2 options on board the drive<br \/>\n&#8211; GF-eXpress multi-language programming SW (5 languages)<br \/>\n&#8211; Integrated KB_ADV programming keypad<\/p>\n<p><strong>Inputs \/ Outputs:<\/strong><\/p>\n<ul>\n<li>2 bipolar analog inputs (Voltage\/Current)<\/li>\n<li>2 bipolar analog outputs (1: Voltage\/Current, 1: Voltage)<\/li>\n<li>6 digital inputs (PNP\/NPN)<\/li>\n<li>2 digital outputs (PNP\/NPN)<\/li>\n<li>2 relay outputs, single contact<\/li>\n<li>RS485 serial line (Modbus RTU)<\/li>\n<\/ul>\n<p><strong>Fieldbus management:<\/strong><\/p>\n<ul>\n<li>DeviceNet, Modbus, GDnet, CANopen, Ethercat, PROFIBUS, PROFINET<\/li>\n<\/ul>\n<p><strong>Conformity:<\/strong><\/p>\n<ul>\n<li>Climatic conditions: EN 60721-3-3<\/li>\n<li>Electrical safety: EN 50178, EN 61800-5-1, UL508C, UL840 pollution level 2<\/li>\n<li>Vibrations: EN 60068-2-6, test Fc.<\/li>\n<li>EMC EN61800-3<\/li>\n<\/ul>\n<p><strong>Environmental conditions:<\/strong><\/p>\n<ul>\n<li>Ambient temperature: 0 &#8230;40\u00b0C, +40\u00b0C\u2026+50\u00b0C with derating<\/li>\n<li>Altitude: Max 2000 m.<\/li>\n<\/ul>\n<p><strong>Markings:<\/strong><\/p>\n<ul>\n<li>CE: Complies with the EEC directive concerning low voltage equipment.<\/li>\n<li>UL-cUL:\u00a0 Complies with directives for the American and Canadian market<\/li>\n<\/ul>\n<\/div>\n<\/div>\n<\/div>\n<\/div>\n","protected":false},"featured_media":1799,"comment_status":"open","ping_status":"closed","template":"","meta":[],"product_cat":[122,131,133],"product_tag":[],"yoast_head":"<!-- This site is optimized with the Yoast SEO plugin v16.6.1 - https:\/\/yoast.com\/wordpress\/plugins\/seo\/ -->\n<title>AFE200 - NEW SKY CO.,LTD<\/title>\n<meta name=\"robots\" content=\"index, follow, max-snippet:-1, max-image-preview:large, max-video-preview:-1\" \/>\n<link rel=\"canonical\" href=\"https:\/\/newskyvn.com\/product\/afe200\/\" \/>\n<meta property=\"og:locale\" content=\"en_US\" \/>\n<meta property=\"og:type\" content=\"article\" \/>\n<meta property=\"og:title\" content=\"AFE200 - NEW SKY CO.,LTD\" \/>\n<meta property=\"og:description\" content=\"[:vi]&nbsp;  B\u1ed9 c\u1ea5p ngu\u1ed3n cho c\u00f4ng su\u1ea5t t\u1eeb 22kW \u0111\u1ebfn 1,65MW  D\u00f2ng 400V: * Ngu\u1ed3n \u0111i\u1ec7n: 380VAC -15%\u2026 500VAC + 5%, 50 \/ 60Hz * X\u1ebfp h\u1ea1ng c\u00f4ng su\u1ea5t: t\u1eeb 22kW \u0111\u1ebfn 1,2MW  S\u00ea-ri\u00a0690V:\u00a0* Ngu\u1ed3n cung c\u1ea5p: 500VAC -10%\u2026 690VAC + 10%, 50 \/ 60Hz * X\u1ebfp h\u1ea1ng c\u00f4ng su\u1ea5t: t\u1eeb 160kW \u0111\u1ebfn 1,65MW  * Cosphi\u00a0\u2265\u00a00,99 * Qu\u00e1 t\u1ea3i 150% trong 60 gi\u00e2y sau m\u1ed7i 5 ph\u00fat (Ch\u1ebf \u0111\u1ed9 n\u1eb7ng) ho\u1eb7c 110% trong 60 gi\u00e2y sau m\u1ed7i 5 ph\u00fat (Ch\u1ebf \u0111\u1ed9\u00a0nh\u1eb9)\u00a0* B\u1ea3o v\u1ec7 x\u1ebfp h\u1ea1ng IP20 (IP00 c\u1ee1 7 v\u00e0 song song) * Ch\u1ee9ng nh\u1eadn: CE.\u00a0UL, cUL  C\u00e1c t\u00ednh n\u0103ng: - T\u00edch h\u1ee3p t\u1ed1i \u0111a 2 t\u00f9y ch\u1ecdn tr\u00ean \u1ed5 \u0111\u0129a - L\u1eadp tr\u00ecnh \u0111a ng\u00f4n ng\u1eef GF-eXpress SW (5 ng\u00f4n ng\u1eef) - B\u00e0n ph\u00edm l\u1eadp tr\u00ecnh KB_ADV t\u00edch h\u1ee3p  \u0110\u1ea7u v\u00e0o \/ \u0110\u1ea7u ra:   2 \u0111\u1ea7u v\u00e0o t\u01b0\u01a1ng t\u1ef1 l\u01b0\u1ee1ng c\u1ef1c (\u0110i\u1ec7n \u00e1p \/ D\u00f2ng \u0111i\u1ec7n)  2 \u0111\u1ea7u ra t\u01b0\u01a1ng t\u1ef1 l\u01b0\u1ee1ng c\u1ef1c (1: \u0110i\u1ec7n \u00e1p \/ D\u00f2ng \u0111i\u1ec7n, 1: \u0110i\u1ec7n \u00e1p)  6 \u0111\u1ea7u v\u00e0o k\u1ef9 thu\u1eadt s\u1ed1 (PNP \/ NPN)  2 \u0111\u1ea7u ra k\u1ef9 thu\u1eadt s\u1ed1 (PNP \/ NPN)  2 \u0111\u1ea7u ra r\u01a1le, ti\u1ebfp \u0111i\u1ec3m \u0111\u01a1n  D\u00f2ng n\u1ed1i ti\u1ebfp RS485 (Modbus RTU)  Qu\u1ea3n l\u00fd Fieldbus:   DeviceNet, Modbus, GDnet, CANopen, Ethercat, PROFIBUS, PROFINET  S\u1ef1 ph\u00f9 h\u1ee3p:   \u0110i\u1ec1u ki\u1ec7n kh\u00ed h\u1eadu: EN 60721-3-3  An to\u00e0n \u0111i\u1ec7n: EN 50178, EN 61800-5-1, UL508C, UL840 m\u1ee9c \u00f4 nhi\u1ec5m 2  Rung \u0111\u1ed9ng: EN 60068-2-6, ki\u1ec3m tra Fc.  EMC EN61800-3  \u0110i\u1ec1u ki\u1ec7n m\u00f4i tr\u01b0\u1eddng:   Nhi\u1ec7t \u0111\u1ed9 m\u00f4i tr\u01b0\u1eddng: 0 ... 40 \u00b0 C, + 40 \u00b0 C ... + 50 \u00b0 C v\u1edbi gi\u1ea3m nhi\u1ec7t \u0111\u1ed9  \u0110\u1ed9 cao: T\u1ed1i \u0111a 2000 m.  D\u1ea5u hi\u1ec7u:   CE: Tu\u00e2n th\u1ee7 ch\u1ec9 th\u1ecb EEC li\u00ean quan \u0111\u1ebfn thi\u1ebft b\u1ecb \u0111i\u1ec7n \u00e1p th\u1ea5p.  UL-cUL: Tu\u00e2n th\u1ee7 c\u00e1c ch\u1ec9 th\u1ecb d\u00e0nh cho th\u1ecb tr\u01b0\u1eddng M\u1ef9 v\u00e0 Canada [:en]&nbsp;     Active Front End Regenerative Power Supply Unit, from 22kW to 1.65MW          400V series: * Power supply: 380VAC -15% \u2026500VAC +5%, 50\/60Hz * Power ratings: from 22kW to 1.2MW  690V series: * Power supply: 500VAC -10% \u2026690VAC +10%, 50\/60Hz * Power ratings: from 160kW to 1.65MW  * Cosphi\u00a0\u2265\u00a00,99 * Overload 150% for 60 sec every 5 minutes (Heavy duty) or 110% for 60 sec every 5 minutes (Light duty) * IP20-rated protection (IP00 size 7 and parallel) * Certifications: CE. UL, cUL  Features: - Integration of up to 2 options on board the drive - GF-eXpress multi-language programming SW (5 languages) - Integrated KB_ADV programming keypad  Inputs \/ Outputs:   2 bipolar analog inputs (Voltage\/Current)  2 bipolar analog outputs (1: Voltage\/Current, 1: Voltage)  6 digital inputs (PNP\/NPN)  2 digital outputs (PNP\/NPN)  2 relay outputs, single contact  RS485 serial line (Modbus RTU)  Fieldbus management:   DeviceNet, Modbus, GDnet, CANopen, Ethercat, PROFIBUS, PROFINET  Conformity:   Climatic conditions: EN 60721-3-3  Electrical safety: EN 50178, EN 61800-5-1, UL508C, UL840 pollution level 2  Vibrations: EN 60068-2-6, test Fc.  EMC EN61800-3  Environmental conditions:   Ambient temperature: 0 ...40\u00b0C, +40\u00b0C\u2026+50\u00b0C with derating  Altitude: Max 2000 m.  Markings:   CE: Complies with the EEC directive concerning low voltage equipment.  UL-cUL:\u00a0 Complies with directives for the American and Canadian market     [:]\" \/>\n<meta property=\"og:url\" content=\"https:\/\/newskyvn.com\/product\/afe200\/\" \/>\n<meta property=\"og:site_name\" content=\"NEW SKY CO.,LTD\" \/>\n<meta property=\"article:modified_time\" content=\"2024-11-09T10:08:35+00:00\" \/>\n<meta property=\"og:image\" content=\"https:\/\/newskyvn.com\/wp-content\/uploads\/2021\/09\/show_AFE200_Size4_3d_new.jpg\" \/>\n\t<meta property=\"og:image:width\" content=\"500\" \/>\n\t<meta property=\"og:image:height\" content=\"500\" \/>\n<meta name=\"twitter:card\" content=\"summary_large_image\" \/>\n<meta name=\"twitter:label1\" content=\"Est. reading time\" \/>\n\t<meta name=\"twitter:data1\" content=\"2 minutes\" \/>\n<script type=\"application\/ld+json\" class=\"yoast-schema-graph\">{\"@context\":\"https:\/\/schema.org\",\"@graph\":[{\"@type\":\"WebSite\",\"@id\":\"https:\/\/newskyvn.com\/#website\",\"url\":\"https:\/\/newskyvn.com\/\",\"name\":\"NEW SKY CO.,LTD\",\"description\":\"C\\u00f4ng Ty TNHH S\\u1ea3n Xu\\u1ea5t Th\\u01b0\\u01a1ng M\\u1ea1i D\\u1ecbch V\\u1ee5 T\\u00e2n Thi\\u00ean\",\"potentialAction\":[{\"@type\":\"SearchAction\",\"target\":{\"@type\":\"EntryPoint\",\"urlTemplate\":\"https:\/\/newskyvn.com\/?s={search_term_string}\"},\"query-input\":\"required name=search_term_string\"}],\"inLanguage\":\"en-US\"},{\"@type\":\"ImageObject\",\"@id\":\"https:\/\/newskyvn.com\/product\/afe200\/#primaryimage\",\"inLanguage\":\"en-US\",\"url\":\"https:\/\/newskyvn.com\/wp-content\/uploads\/2021\/09\/show_AFE200_Size4_3d_new.jpg\",\"contentUrl\":\"https:\/\/newskyvn.com\/wp-content\/uploads\/2021\/09\/show_AFE200_Size4_3d_new.jpg\",\"width\":500,\"height\":500},{\"@type\":\"WebPage\",\"@id\":\"https:\/\/newskyvn.com\/product\/afe200\/#webpage\",\"url\":\"https:\/\/newskyvn.com\/product\/afe200\/\",\"name\":\"AFE200 - NEW SKY CO.,LTD\",\"isPartOf\":{\"@id\":\"https:\/\/newskyvn.com\/#website\"},\"primaryImageOfPage\":{\"@id\":\"https:\/\/newskyvn.com\/product\/afe200\/#primaryimage\"},\"datePublished\":\"2021-09-27T09:45:20+00:00\",\"dateModified\":\"2024-11-09T10:08:35+00:00\",\"breadcrumb\":{\"@id\":\"https:\/\/newskyvn.com\/product\/afe200\/#breadcrumb\"},\"inLanguage\":\"en-US\",\"potentialAction\":[{\"@type\":\"ReadAction\",\"target\":[\"https:\/\/newskyvn.com\/product\/afe200\/\"]}]},{\"@type\":\"BreadcrumbList\",\"@id\":\"https:\/\/newskyvn.com\/product\/afe200\/#breadcrumb\",\"itemListElement\":[{\"@type\":\"ListItem\",\"position\":1,\"name\":\"Product\",\"item\":\"https:\/\/newskyvn.com\/en\/san-pham\/\"},{\"@type\":\"ListItem\",\"position\":2,\"name\":\"AFE200\"}]}]}<\/script>\n<!-- \/ Yoast SEO plugin. -->","_links":{"self":[{"href":"https:\/\/newskyvn.com\/en\/wp-json\/wp\/v2\/product\/1797"}],"collection":[{"href":"https:\/\/newskyvn.com\/en\/wp-json\/wp\/v2\/product"}],"about":[{"href":"https:\/\/newskyvn.com\/en\/wp-json\/wp\/v2\/types\/product"}],"replies":[{"embeddable":true,"href":"https:\/\/newskyvn.com\/en\/wp-json\/wp\/v2\/comments?post=1797"}],"wp:featuredmedia":[{"embeddable":true,"href":"https:\/\/newskyvn.com\/en\/wp-json\/wp\/v2\/media\/1799"}],"wp:attachment":[{"href":"https:\/\/newskyvn.com\/en\/wp-json\/wp\/v2\/media?parent=1797"}],"wp:term":[{"taxonomy":"product_cat","embeddable":true,"href":"https:\/\/newskyvn.com\/en\/wp-json\/wp\/v2\/product_cat?post=1797"},{"taxonomy":"product_tag","embeddable":true,"href":"https:\/\/newskyvn.com\/en\/wp-json\/wp\/v2\/product_tag?post=1797"}],"curies":[{"name":"wp","href":"https:\/\/api.w.org\/{rel}","templated":true}]}}