{"id":1790,"date":"2021-09-27T09:24:56","date_gmt":"2021-09-27T09:24:56","guid":{"rendered":"https:\/\/newskyvn.com\/?post_type=product&#038;p=1790"},"modified":"2024-11-09T05:21:42","modified_gmt":"2024-11-09T05:21:42","slug":"ics-adl300","status":"publish","type":"product","link":"https:\/\/newskyvn.com\/en\/product\/ics-adl300\/","title":{"rendered":"ICS-ADL300"},"content":{"rendered":"<p>&nbsp;<\/p>\n<p><span style=\"color: #0000ff;\"><strong>TECHNICAL DATA OF ICS-ADL300\u00a0<\/strong><\/span><\/p>\n<table>\n<tbody>\n<tr>\n<td width=\"212\">&nbsp;<\/td>\n<td width=\"389\">ICS-ADL300<\/td>\n<\/tr>\n<tr>\n<td width=\"212\">&nbsp;<\/p>\n<p>&nbsp;<\/p>\n<p><strong>Applications<\/strong><\/td>\n<td width=\"389\">\u2022 Passengers &amp; freight elevators<\/p>\n<p>\u2022 High Rise Buildings &amp; Home Lift<\/p>\n<p>\u2022 Gearless &amp; Geared motors<\/p>\n<p>\u2022 For machine room &amp; and Room-less (MRL) systems<\/p>\n<p>\u2022 New installations &amp; modernizations<\/td>\n<\/tr>\n<tr>\n<td width=\"212\"><strong>Number of elevators<\/strong><\/td>\n<td width=\"389\">Simplex &#8211; Duplex &#8211; Group (up to 8)<\/td>\n<\/tr>\n<tr>\n<td width=\"212\"><strong>Number of stops<\/strong><\/td>\n<td width=\"389\">Up to 64<\/td>\n<\/tr>\n<tr>\n<td width=\"212\"><strong>Number<\/strong> <strong>of<\/strong> <strong>floors<\/strong><\/td>\n<td width=\"389\">Up to 64<\/td>\n<\/tr>\n<tr>\n<td width=\"212\"><strong>Speed range<\/strong><\/td>\n<td width=\"389\">Up to 3 m\/s<\/td>\n<\/tr>\n<tr>\n<td width=\"212\"><strong>Car door operation<\/strong><\/td>\n<td width=\"389\">Up to 3 independent doors<\/td>\n<\/tr>\n<tr>\n<td width=\"212\"><strong>Car display\/button panel<\/strong><\/td>\n<td width=\"389\">Up to 2<\/td>\n<\/tr>\n<tr>\n<td width=\"212\"><strong>Communication<\/strong> <strong>&amp; Wiring system type<\/strong><\/td>\n<td width=\"389\">CAN bus serial communication (shielded cables) or RS485 serial communication<\/td>\n<\/tr>\n<tr>\n<td width=\"212\"><strong>Call management<\/strong><\/td>\n<td width=\"389\">Full Selective &#8211; Down Selective &#8211; Up Selective<\/td>\n<\/tr>\n<tr>\n<td width=\"212\"><strong>Stand-by Mode<\/strong><\/td>\n<td width=\"389\">External +24VDC power supply<\/td>\n<\/tr>\n<tr>\n<td width=\"212\"><strong>Safety (EN81-1 + A3)<\/strong><\/td>\n<td width=\"389\">Two Contactors &#8211; One Contactor &#8211; CONTACTORLESS<\/td>\n<\/tr>\n<tr>\n<td width=\"212\"><strong>Approvals<\/strong><\/td>\n<td width=\"389\">CE, UL508C<\/td>\n<\/tr>\n<tr>\n<td width=\"212\"><strong>Commissioning with full load<\/strong><\/td>\n<td width=\"389\">Motor phasing and self-learning with the motor stopped are performed automatically with a single command<\/td>\n<\/tr>\n<tr>\n<td width=\"212\"><strong>Express arrival<\/strong><\/td>\n<td width=\"389\">The arrival at the floor follows an optimized speed curve, with no jolts<\/td>\n<\/tr>\n<tr>\n<td width=\"212\"><strong>Deceleration at floor<\/strong><\/td>\n<td width=\"389\">The system automatically corrects the arrival at the floor before opening the doors<\/td>\n<\/tr>\n<tr>\n<td width=\"212\"><strong>Position of the Floor &amp; Self-learning<\/strong><\/td>\n<td width=\"389\">The system automatically learns and memorises the distances and position of the floor<\/td>\n<\/tr>\n<tr>\n<td width=\"212\"><strong>Emergency Mode<\/strong><\/td>\n<td width=\"389\">In the event of failure of the power circuit, the car automatically goes to the nearest floor<\/td>\n<\/tr>\n<\/tbody>\n<\/table>\n<p><\/p>","protected":false},"excerpt":{"rendered":"<p>&nbsp;<\/p>\n<p><strong>Integrated solutions for elevators from 1.1 kW to 75 kW<\/strong><\/p>\n<p>* Power supply:<\/p>\n<ul>\n<li>ICS-ADL300-2T: 3 x 200-230Vca, 50\/60Hz<\/li>\n<li>ICS-ADL300-2M: 1 x 200 Vca, 1 x 230 Vca, 50\/60Hz<\/li>\n<li>ICS-ADL300-4: 3 x 230-400-480Vca, 50\/60Hz<\/li>\n<\/ul>\n<p>* Motor Ratings:<\/p>\n<ul>\n<li>ICS-ADL300-2T: 5,5 &#8230; 37kW<\/li>\n<li>ICS-ADL300-2M: 1,1 &#8230; 5,5kW<\/li>\n<li>ICS-ADL300-4: 4 &#8230; 75kW<\/li>\n<\/ul>\n<p>* Certifications:<\/p>\n<p>CE (Directives LVD 2014\/35\/EC, EMC 2014\/30\/EC, Lift 2014\/33\/EC), cULus (UL508C), Safe Torque Off (STO) EN61800-5-2-2007 SIL3.<\/p>\n<p><strong>Features<\/strong><\/p>\n<ul>\n<li>Type of motor: asynchronous and permanent magnet synchronous motors<\/li>\n<li>Integrated LED keypad<\/li>\n<li>Integrated EMI filter in -F models<\/li>\n<li>Choke:\n<ul>\n<li>ICS-ADL300-2T: DC choke: no, AC choke: external (optional)<\/li>\n<li>ICS-ADL300-2M: no<\/li>\n<li>ICS-ADL300-4: DC choke: integrated (from size 4300). For smaller sizes, it is external (optional); AC choke: external (optional)<\/li>\n<\/ul>\n<\/li>\n<li>Braking system:\n<ul>\n<li>ICS-ADL300-2T integrated up to 30 kW with external resistor<\/li>\n<li>ICS-ADL300-2M: integrated<\/li>\n<li>ICS-ADL300-4: Integrated up to 55 kW with external resistor<\/li>\n<\/ul>\n<\/li>\n<li>TTL \/ HTL, SinCos, Endat encoders<\/li>\n<li>Standard protection rating IP20<\/li>\n<\/ul>\n","protected":false},"featured_media":1792,"comment_status":"open","ping_status":"closed","template":"","meta":[],"product_cat":[122,131],"product_tag":[],"yoast_head":"<!-- This site is optimized with the Yoast SEO plugin v16.6.1 - https:\/\/yoast.com\/wordpress\/plugins\/seo\/ -->\n<title>ICS-ADL300 - NEW SKY CO.,LTD<\/title>\n<meta name=\"robots\" content=\"index, follow, max-snippet:-1, max-image-preview:large, max-video-preview:-1\" \/>\n<link rel=\"canonical\" href=\"https:\/\/newskyvn.com\/product\/ics-adl300\/\" \/>\n<meta property=\"og:locale\" content=\"en_US\" \/>\n<meta property=\"og:type\" content=\"article\" \/>\n<meta property=\"og:title\" content=\"ICS-ADL300 - NEW SKY CO.,LTD\" \/>\n<meta property=\"og:description\" content=\"[:vi]&nbsp;  Gi\u1ea3i ph\u00e1p t\u00edch h\u1ee3p cho thang m\u00e1y t\u1eeb 1,1 kW \u0111\u1ebfn 75 kW  * Ngu\u1ed3n c\u1ea5p:   ICS-ADL300-2T: 3 x 200-230Vca, 50 \/ 60Hz  ICS-ADL300-2M: 1 x 200 Vca, 1 x 230 Vca, 50 \/ 60Hz  ICS-ADL300-4: 3 x 230-400-480Vca, 50 \/ 60Hz  * \u0110\u00e1nh gi\u00e1 \u0111\u1ed9ng c\u01a1:   ICS-ADL300-2T: 5,5 ... 37kW  ICS-ADL300-2M: 1,1 ... 5,5kW  ICS-ADL300-4: 4 ... 75kW  * Ch\u1ee9ng ch\u1ec9:  CE (Ch\u1ec9 th\u1ecb LVD 2014\/35 \/ EC, EMC 2014\/30 \/ EC, Thang m\u00e1y 2014\/33 \/ EC), cULus (UL508C), T\u1eaft m\u00f4-men xo\u1eafn an to\u00e0n (STO) EN61800-5-2-2007 SIL3.  \u0110\u1eb7c tr\u01b0ng   Lo\u1ea1i \u0111\u1ed9ng c\u01a1: \u0111\u1ed9ng c\u01a1 \u0111\u1ed3ng b\u1ed9 kh\u00f4ng \u0111\u1ed3ng b\u1ed9 v\u00e0 nam ch\u00e2m v\u0129nh c\u1eedu  B\u00e0n ph\u00edm LED t\u00edch h\u1ee3p  B\u1ed9 l\u1ecdc EMI t\u00edch h\u1ee3p trong c\u00e1c m\u00f4 h\u00ecnh -F  Ngh\u1eb9t th\u1edf:   ICS-ADL300-2T: DC choke: kh\u00f4ng, AC choke: b\u00ean ngo\u00e0i (t\u00f9y ch\u1ecdn)  ICS-ADL300-2M: kh\u00f4ng  ICS-ADL300-4: DC choke: t\u00edch h\u1ee3p (t\u1eeb k\u00edch th\u01b0\u1edbc 4300).\u00a0\u0110\u1ed1i v\u1edbi k\u00edch th\u01b0\u1edbc nh\u1ecf h\u01a1n, n\u00f3 l\u00e0 b\u00ean ngo\u00e0i (t\u00f9y ch\u1ecdn);\u00a0AC choke: b\u00ean ngo\u00e0i (t\u00f9y ch\u1ecdn)    H\u1ec7 th\u1ed1ng phanh:   ICS-ADL300-2T t\u00edch h\u1ee3p l\u00ean \u0111\u1ebfn 30 kW v\u1edbi \u0111i\u1ec7n tr\u1edf b\u00ean ngo\u00e0i  ICS-ADL300-2M: t\u00edch h\u1ee3p  ICS-ADL300-4: T\u00edch h\u1ee3p l\u00ean \u0111\u1ebfn 55 kW v\u1edbi \u0111i\u1ec7n tr\u1edf b\u00ean ngo\u00e0i    B\u1ed9 m\u00e3 h\u00f3a TTL \/ HTL, SinCos, Endat  X\u1ebfp h\u1ea1ng b\u1ea3o v\u1ec7 ti\u00eau chu\u1ea9n IP20 [:en]&nbsp;  Integrated solutions for elevators from 1.1 kW to 75 kW  * Power supply:   ICS-ADL300-2T: 3 x 200-230Vca, 50\/60Hz  ICS-ADL300-2M: 1 x 200 Vca, 1 x 230 Vca, 50\/60Hz  ICS-ADL300-4: 3 x 230-400-480Vca, 50\/60Hz  * Motor Ratings:   ICS-ADL300-2T: 5,5 ... 37kW  ICS-ADL300-2M: 1,1 ... 5,5kW  ICS-ADL300-4: 4 ... 75kW  * Certifications:  CE (Directives LVD 2014\/35\/EC, EMC 2014\/30\/EC, Lift 2014\/33\/EC), cULus (UL508C), Safe Torque Off (STO) EN61800-5-2-2007 SIL3.  Features   Type of motor: asynchronous and permanent magnet synchronous motors  Integrated LED keypad  Integrated EMI filter in -F models  Choke:   ICS-ADL300-2T: DC choke: no, AC choke: external (optional)  ICS-ADL300-2M: no  ICS-ADL300-4: DC choke: integrated (from size 4300). For smaller sizes, it is external (optional); AC choke: external (optional)    Braking system:   ICS-ADL300-2T integrated up to 30 kW with external resistor  ICS-ADL300-2M: integrated  ICS-ADL300-4: Integrated up to 55 kW with external resistor    TTL \/ HTL, SinCos, Endat encoders  Standard protection rating IP20 [:]\" \/>\n<meta property=\"og:url\" content=\"https:\/\/newskyvn.com\/product\/ics-adl300\/\" \/>\n<meta property=\"og:site_name\" content=\"NEW SKY CO.,LTD\" \/>\n<meta property=\"article:modified_time\" content=\"2024-11-09T05:21:42+00:00\" \/>\n<meta property=\"og:image\" content=\"https:\/\/newskyvn.com\/wp-content\/uploads\/2021\/09\/show_ICS-ADL300_FRONTE_new_MOD.jpg\" \/>\n\t<meta property=\"og:image:width\" content=\"500\" \/>\n\t<meta property=\"og:image:height\" content=\"500\" \/>\n<meta name=\"twitter:card\" content=\"summary_large_image\" \/>\n<meta name=\"twitter:label1\" content=\"Est. reading time\" \/>\n\t<meta name=\"twitter:data1\" content=\"1 minute\" \/>\n<script type=\"application\/ld+json\" class=\"yoast-schema-graph\">{\"@context\":\"https:\/\/schema.org\",\"@graph\":[{\"@type\":\"WebSite\",\"@id\":\"https:\/\/newskyvn.com\/#website\",\"url\":\"https:\/\/newskyvn.com\/\",\"name\":\"NEW SKY CO.,LTD\",\"description\":\"C\\u00f4ng Ty TNHH S\\u1ea3n Xu\\u1ea5t Th\\u01b0\\u01a1ng M\\u1ea1i D\\u1ecbch V\\u1ee5 T\\u00e2n Thi\\u00ean\",\"potentialAction\":[{\"@type\":\"SearchAction\",\"target\":{\"@type\":\"EntryPoint\",\"urlTemplate\":\"https:\/\/newskyvn.com\/?s={search_term_string}\"},\"query-input\":\"required name=search_term_string\"}],\"inLanguage\":\"en-US\"},{\"@type\":\"ImageObject\",\"@id\":\"https:\/\/newskyvn.com\/product\/ics-adl300\/#primaryimage\",\"inLanguage\":\"en-US\",\"url\":\"https:\/\/newskyvn.com\/wp-content\/uploads\/2021\/09\/show_ICS-ADL300_FRONTE_new_MOD.jpg\",\"contentUrl\":\"https:\/\/newskyvn.com\/wp-content\/uploads\/2021\/09\/show_ICS-ADL300_FRONTE_new_MOD.jpg\",\"width\":500,\"height\":500},{\"@type\":\"WebPage\",\"@id\":\"https:\/\/newskyvn.com\/product\/ics-adl300\/#webpage\",\"url\":\"https:\/\/newskyvn.com\/product\/ics-adl300\/\",\"name\":\"ICS-ADL300 - NEW SKY CO.,LTD\",\"isPartOf\":{\"@id\":\"https:\/\/newskyvn.com\/#website\"},\"primaryImageOfPage\":{\"@id\":\"https:\/\/newskyvn.com\/product\/ics-adl300\/#primaryimage\"},\"datePublished\":\"2021-09-27T09:24:56+00:00\",\"dateModified\":\"2024-11-09T05:21:42+00:00\",\"breadcrumb\":{\"@id\":\"https:\/\/newskyvn.com\/product\/ics-adl300\/#breadcrumb\"},\"inLanguage\":\"en-US\",\"potentialAction\":[{\"@type\":\"ReadAction\",\"target\":[\"https:\/\/newskyvn.com\/product\/ics-adl300\/\"]}]},{\"@type\":\"BreadcrumbList\",\"@id\":\"https:\/\/newskyvn.com\/product\/ics-adl300\/#breadcrumb\",\"itemListElement\":[{\"@type\":\"ListItem\",\"position\":1,\"name\":\"Product\",\"item\":\"https:\/\/newskyvn.com\/en\/san-pham\/\"},{\"@type\":\"ListItem\",\"position\":2,\"name\":\"ICS-ADL300\"}]}]}<\/script>\n<!-- \/ Yoast SEO plugin. -->","_links":{"self":[{"href":"https:\/\/newskyvn.com\/en\/wp-json\/wp\/v2\/product\/1790"}],"collection":[{"href":"https:\/\/newskyvn.com\/en\/wp-json\/wp\/v2\/product"}],"about":[{"href":"https:\/\/newskyvn.com\/en\/wp-json\/wp\/v2\/types\/product"}],"replies":[{"embeddable":true,"href":"https:\/\/newskyvn.com\/en\/wp-json\/wp\/v2\/comments?post=1790"}],"wp:featuredmedia":[{"embeddable":true,"href":"https:\/\/newskyvn.com\/en\/wp-json\/wp\/v2\/media\/1792"}],"wp:attachment":[{"href":"https:\/\/newskyvn.com\/en\/wp-json\/wp\/v2\/media?parent=1790"}],"wp:term":[{"taxonomy":"product_cat","embeddable":true,"href":"https:\/\/newskyvn.com\/en\/wp-json\/wp\/v2\/product_cat?post=1790"},{"taxonomy":"product_tag","embeddable":true,"href":"https:\/\/newskyvn.com\/en\/wp-json\/wp\/v2\/product_tag?post=1790"}],"curies":[{"name":"wp","href":"https:\/\/api.w.org\/{rel}","templated":true}]}}