{"id":1787,"date":"2021-09-27T09:16:10","date_gmt":"2021-09-27T09:16:10","guid":{"rendered":"https:\/\/newskyvn.com\/?post_type=product&#038;p=1787"},"modified":"2021-09-27T09:16:10","modified_gmt":"2021-09-27T09:16:10","slug":"vdl200","status":"publish","type":"product","link":"https:\/\/newskyvn.com\/en\/product\/vdl200\/","title":{"rendered":"VDL200"},"content":{"rendered":"<p>&nbsp;<\/p>\n<p><span style=\"color: #0000ff;\"><strong>TECHNICAL DATA OF VDL200\u00a0<\/strong><\/span><\/p>\n<table>\n<tbody>\n<tr>\n<td width=\"132\"><strong>MODEL<\/strong><\/td>\n<td width=\"189\"><strong>ADL300-2T<\/strong><\/td>\n<td colspan=\"2\" width=\"189\"><strong>ADL300-2M<\/strong><\/td>\n<td width=\"189\"><strong>ADL300-4<\/strong><\/td>\n<\/tr>\n<tr>\n<td width=\"132\"><strong>Control mode<\/strong><\/td>\n<td width=\"189\">Field Oriented Control<\/td>\n<td colspan=\"2\" width=\"189\">Field Oriented Control<\/td>\n<td width=\"189\">Field Oriented Control<\/td>\n<\/tr>\n<tr>\n<td width=\"132\"><strong>Power<\/strong><\/td>\n<td width=\"189\">5.5 &#8230; 37kW<\/td>\n<td colspan=\"2\" width=\"189\">1.1.. 5.5kW<\/td>\n<td width=\"189\">4 &#8230; 75kW<\/td>\n<\/tr>\n<tr>\n<td width=\"132\">&nbsp;<\/p>\n<p><strong>Voltage<\/strong><\/td>\n<td width=\"189\">3 x 200-230Vac, \u00b110%<\/p>\n<p>50\/60Hz<\/td>\n<td colspan=\"2\" width=\"189\">1 x 200 Vac, \u00b110%<\/p>\n<p>1 x 230 Vac, -15%+10%<\/p>\n<p>50\/60Hz<\/td>\n<td width=\"189\">3 x 230-400-480Vac, -15%+10%,<\/p>\n<p>50\/60Hz<\/td>\n<\/tr>\n<tr>\n<td width=\"132\"><strong>Motor type<\/strong><\/td>\n<td width=\"189\">Asynchronous \/ Synchronous<\/td>\n<td colspan=\"2\" width=\"189\">Asynchronous \/ Synchronous<\/td>\n<td width=\"189\">Asynchronous \/ Synchronous<\/td>\n<\/tr>\n<tr>\n<td width=\"132\"><strong>Speed control (Accuracy)<\/strong><\/td>\n<td width=\"189\">\u00b1 0.01% Motor rated speed (1)<\/td>\n<td colspan=\"2\" width=\"189\">\u00b1 0.01% Motor rated speed (1)<\/td>\n<td width=\"189\">\u00b1 0.01% Motor rated speed (1)<\/td>\n<\/tr>\n<tr>\n<td width=\"132\"><strong>Analog inputs<\/strong><\/td>\n<td width=\"189\">ADL300B: 0; ADL300A: upon request<\/td>\n<td colspan=\"2\" width=\"189\">ADL300B: 0; ADL300A: upon request<\/td>\n<td width=\"189\">ADL300B: 0; ADL300A: upon request<\/td>\n<\/tr>\n<tr>\n<td width=\"132\"><strong>Analog outputs<\/strong><\/td>\n<td width=\"189\">ADL300B: 0; ADL300A: upon request<\/td>\n<td colspan=\"2\" width=\"189\">ADL300B: 0; ADL300A: upon request<\/td>\n<td width=\"189\">ADL300B: 0; ADL300A: upon request<\/td>\n<\/tr>\n<tr>\n<td width=\"132\"><strong>Digital inputs<\/strong><\/td>\n<td width=\"189\">ADL300B: 8 + 1 enable ADL300A: upon request<\/td>\n<td colspan=\"2\" width=\"189\">ADL300B: 8 + 1 enable ADL300A: upon request<\/td>\n<td width=\"189\">ADL300B: 8 + 1 enable ADL300A: upon request<\/td>\n<\/tr>\n<tr>\n<td width=\"132\"><strong>Digital outputs<\/strong><\/td>\n<td width=\"189\">ADL300B : 4 (relay) ADL300A: upon request<\/td>\n<td colspan=\"2\" width=\"189\">ADL300B : 4 (relay) ADL300A: upon request<\/td>\n<td width=\"189\">ADL300B : 4 (relay) ADL300A: upon request<\/td>\n<\/tr>\n<tr>\n<td width=\"132\"><strong>Overload<\/strong><\/td>\n<td width=\"189\">up to 200% In * 10\u201d (up to 11kW) up to 180% In * 10\u201d (\u2265 15kW)<\/td>\n<td colspan=\"2\" width=\"189\">up to 200% In * 3&#8243;<\/td>\n<td width=\"189\">up to 200% In * 10&#8243; (up to 22kW) up to 180% In * 10&#8243; (\u2265 30kW)<\/td>\n<\/tr>\n<tr>\n<td width=\"132\"><strong>Max output frequency<\/strong><\/td>\n<td width=\"189\">300Hz<\/td>\n<td colspan=\"2\" width=\"189\">300Hz<\/td>\n<td width=\"189\">300Hz<\/td>\n<\/tr>\n<tr>\n<td width=\"132\"><strong>EMI filter<\/strong><\/td>\n<td width=\"189\">Integrated (ADL300.-F models)<\/p>\n<p>(EN 12015; EN 61800-3)<\/td>\n<td colspan=\"2\" width=\"189\">Optional external<\/p>\n<p>(EN 12015; EN 61800-3)<\/td>\n<td width=\"189\">Integrated (ADL300.-F models)<\/p>\n<p>(EN 12015; EN 61800-3)<\/td>\n<\/tr>\n<tr>\n<td width=\"132\"><strong>Choke<\/strong><\/td>\n<td width=\"189\">DC side choke: no<\/p>\n<p>AC side choke: external optional<\/td>\n<td colspan=\"2\" width=\"189\">&nbsp;<\/p>\n<p>no<\/td>\n<td width=\"189\">DC side choke: integrated (sizes \u2265 4300), external optional on lower sizes<\/p>\n<p>AC side choke: external optional<\/td>\n<\/tr>\n<tr>\n<td width=\"132\"><strong>Braking unit<\/strong><\/td>\n<td width=\"189\">Integrated up to 30kW with external resistor<\/td>\n<td colspan=\"2\" width=\"189\">Integrated with external resistor<\/td>\n<td width=\"189\">Integrated up to 55kW with external resistor<\/td>\n<\/tr>\n<tr>\n<td width=\"132\"><strong>Port for SD card<\/strong><\/td>\n<td colspan=\"4\" width=\"567\">yes<\/td>\n<\/tr>\n<tr>\n<td width=\"132\"><strong>Dimensions <\/strong><strong>for roomless<\/strong> <strong>applications<\/strong><\/td>\n<td colspan=\"4\" width=\"567\">yes<\/td>\n<\/tr>\n<tr>\n<td width=\"132\"><strong>Emergency operation<\/strong><\/td>\n<td colspan=\"4\" width=\"567\">Optional (UPS or buffer battery with EMS module)<\/td>\n<\/tr>\n<tr>\n<td width=\"132\"><strong>Max system speed<\/strong><\/td>\n<td width=\"189\">4.0 m\/s<\/td>\n<td colspan=\"2\" width=\"189\">1.0 m\/s<\/td>\n<td width=\"189\">4.0 m\/s<\/td>\n<\/tr>\n<tr>\n<td width=\"132\"><strong>Type of lift<\/strong><\/td>\n<td colspan=\"4\" width=\"567\">Geared \/ Gearless<\/td>\n<\/tr>\n<tr>\n<td width=\"132\"><strong>Installations<\/strong><\/td>\n<td colspan=\"4\" width=\"567\">New installation &amp; Retrofitting<\/td>\n<\/tr>\n<tr>\n<td width=\"132\">&nbsp;<\/p>\n<p>&nbsp;<\/p>\n<p>&nbsp;<\/p>\n<p><strong>Functions<\/strong><\/td>\n<td colspan=\"2\" width=\"283\">\u2022\u00a0\u00a0 Speed control<\/p>\n<p>\u2022\u00a0\u00a0 Position control with direct landing at floor (EPC Elevator Position- ing Control)<\/p>\n<p>\u2022\u00a0\u00a0 Automatic calculation of deceleration point<\/p>\n<p>\u2022\u00a0\u00a0 Short floor management<\/p>\n<p>\u2022\u00a0\u00a0 Off-floor stop detection<\/p>\n<p>\u2022\u00a0\u00a0 Lift sequence management<\/p>\n<p>\u2022\u00a0\u00a0 Ramp generation<\/p>\n<p>\u2022\u00a0\u00a0 Management of up to 8 Multispeeds<\/p>\n<p>\u2022\u00a0\u00a0 Load compensation<\/p>\n<p>\u2022\u00a0\u00a0 DCP3\/DCP4 protocol communication<\/p>\n<p>\u2022\u00a0\u00a0 CANopen communication<\/td>\n<td colspan=\"2\" width=\"283\">\u2022\u00a0\u00a0 CANopen \u2013Lift (Cia\u00ae 417) communication<\/p>\n<p>\u2022\u00a0\u00a0 Configuration via keypad with LEDs<\/p>\n<p>\u2022\u00a0\u00a0 Configuration via optional keypad (5 languages)<\/p>\n<p>\u2022\u00a0\u00a0 Configuration via PC (GF_eXpress)<\/p>\n<p>\u2022\u00a0\u00a0 Wizard for commissioning<\/p>\n<p>\u2022\u00a0\u00a0 Menu for setting electrical and mechanical parameters<\/p>\n<p>\u2022\u00a0\u00a0 Programming with linear engineering units<\/p>\n<p>\u2022\u00a0\u00a0 DC power supply or emergency single-phase power supply to return to floor with optimized consumption<\/p>\n<p>\u2022\u00a0\u00a0 External +24VDC power supply<\/p>\n<p>\u2022\u00a0\u00a0 Regenerative configuration with AFE200 external modules<\/td>\n<\/tr>\n<tr>\n<td width=\"132\"><strong>Serial communication<\/strong><\/td>\n<td colspan=\"4\" width=\"567\">RS232 (2), Modbus RTU, DCP3, DCP4 and CAN<\/td>\n<\/tr>\n<tr>\n<td width=\"132\"><strong>Protection class<\/strong><\/td>\n<td colspan=\"4\" width=\"567\">IP20<\/td>\n<\/tr>\n<tr>\n<td width=\"132\">&nbsp;<\/p>\n<p><strong>Safety Certification<\/strong><\/td>\n<td colspan=\"4\" width=\"567\">\u2022 Safety Certification for a CONTACTORLESS operations: ADL300 is CERTIFIED as EN81-20, EN81-50; SIL3 according to EN61800-5-2-2007.<\/p>\n<p>\u2022 The ADL300 is certified for the use of a single output contactor, in accordance with EN81-20, EN81-50.<\/p>\n<p>\u2022 Monitoring function of the correct lifting or dropping of the machine brake according to 5.6.7.3 of EN 81-20:2014 and 5.8 of EN 81-50:2014.<\/td>\n<\/tr>\n<tr>\n<td width=\"132\"><strong>Immunity \/ Emissions<\/strong><\/td>\n<td colspan=\"4\" width=\"567\">In compliance with EN 12015 electromagnetic compatibility directive, using internal filter (ADL300-&#8230;-2M series with optional external filter)<\/td>\n<\/tr>\n<tr>\n<td width=\"132\"><strong>Operating temperature<\/strong><\/td>\n<td colspan=\"4\" width=\"567\">-10&#8230;45\u00b0C (32\u00b0\u2026113\u00b0F), +45\u00b0C\u2026+50\u00b0C (+113 \u2026 +122\u00b0F) with derating<\/td>\n<\/tr>\n<tr>\n<td width=\"132\"><strong>Altitude<\/strong><\/td>\n<td colspan=\"4\" width=\"567\">Max 2000 m. (up to 1000 m without derating)<\/td>\n<\/tr>\n<tr>\n<td width=\"132\"><strong>Markings<\/strong><\/td>\n<td colspan=\"4\" width=\"567\">CE (4), cULus (UL508C) (3)<\/td>\n<\/tr>\n<\/tbody>\n<\/table>\n<p><\/p>","protected":false},"excerpt":{"rendered":"<p><strong>Lift-field-oriented vector inverter for asynchronous motors<\/strong><\/p>\n<p>* Power supply: 3 x 230-400Vac, -15%+10%, 50Hz<br \/>\n* Motor power ratings from 4kW to 22kW<br \/>\n* Overload: 200% for 10 seconds<br \/>\n* Motor type: Asynchronous<\/p>\n<p><strong>EMC &amp; Mark Compliances:<\/strong><\/p>\n<ul>\n<li>Integrated EMI Filter for EN 12015; EN 61800-3 2nd environment, category C2 and C3<\/li>\n<li>CE Mark<\/li>\n<li>Conforms to UNI EN 81-1:1998 + A3:2009, article 9.11.3<\/li>\n<\/ul>\n<p><strong>Main Features<\/strong><\/p>\n<ul>\n<li>Multispeed control<\/li>\n<li>Short floor management<\/li>\n<li>Emergency single-phase power supply for floor return with low energy optimization<\/li>\n<li>Flexible ramp management<\/li>\n<li>Integrated braking unit<\/li>\n<li>Communication with control board via I\/O<\/li>\n<li>Management of TTL incremental digital encoders<\/li>\n<li>Integrated EMI filter for versions (VDL200\u2026.-F)<\/li>\n<\/ul>\n<p><strong>Product Set-Up<\/strong><\/p>\n<ul>\n<li>The configuration set-up can be done by the following:<\/li>\n<li>Optional alphanumeric keypad (KB-ADL)<\/li>\n<li>PC with Graphical User Interface GF-eXpress<\/li>\n<\/ul>\n<p><strong>Easy and safe start-up<\/strong><br \/>\nThanks to the Wizard and the different access profiles (easy and expert) the configuration of the drive is fast and intuitive. The still autotuning is quickly performed, avoiding operators to decouple the car from the ropes, assuring a safe working environment and a faster commissioning.<\/p>\n<p><strong>Options<\/strong><\/p>\n<ul>\n<li>KB-ADL multilingual programming keypad with memory (up to 5 configurations)<\/li>\n<li>Dedicated external EMC filters (for version without integrated EMC Filter).<\/li>\n<li>External braking resistors<\/li>\n<li>AC and DC input chokes<\/li>\n<\/ul>\n","protected":false},"featured_media":1788,"comment_status":"open","ping_status":"closed","template":"","meta":[],"product_cat":[122,131],"product_tag":[],"yoast_head":"<!-- This site is optimized with the Yoast SEO plugin v16.6.1 - https:\/\/yoast.com\/wordpress\/plugins\/seo\/ -->\n<title>VDL200 - NEW SKY CO.,LTD<\/title>\n<meta name=\"robots\" content=\"index, follow, max-snippet:-1, max-image-preview:large, max-video-preview:-1\" \/>\n<link rel=\"canonical\" href=\"https:\/\/newskyvn.com\/product\/vdl200\/\" \/>\n<meta property=\"og:locale\" content=\"en_US\" \/>\n<meta property=\"og:type\" content=\"article\" \/>\n<meta property=\"og:title\" content=\"VDL200 - NEW SKY CO.,LTD\" \/>\n<meta property=\"og:description\" content=\"[:vi]Bi\u1ebfn t\u1ea7n vect\u01a1 cho \u0111\u1ed9ng c\u01a1 kh\u00f4ng \u0111\u1ed3ng b\u1ed9, d\u00f9ng cho n\u00e2ng h\u1ea1  D\u1eef li\u1ec7u ngu\u1ed3n * Ngu\u1ed3n cung c\u1ea5p: 3 x 230-400Vac, -15% + 10%, 50Hz * X\u1ebfp h\u1ea1ng c\u00f4ng su\u1ea5t \u0111\u1ed9ng c\u01a1 t\u1eeb 4kW \u0111\u1ebfn 22kW * Qu\u00e1 t\u1ea3i: 200% trong 10 gi\u00e2y * Lo\u1ea1i \u0111\u1ed9ng c\u01a1: Kh\u00f4ng \u0111\u1ed3ng b\u1ed9  Tu\u00e2n th\u1ee7 EMC &amp; \u0110\u00e1nh d\u1ea5u:   B\u1ed9 l\u1ecdc EMI t\u00edch h\u1ee3p cho EN 12015;\u00a0EN 61800-3 M\u00f4i tr\u01b0\u1eddng th\u1ee9 hai, lo\u1ea1i C2 v\u00e0 C3  D\u1ea5u CE  Ph\u00f9 h\u1ee3p v\u1edbi UNI EN 81-1: 1998 + A3: 2009, \u0111i\u1ec1u 9.11.3  Nh\u1eefng \u0111\u1eb7c \u0111i\u1ec3m ch\u00ednh   Ki\u1ec3m so\u00e1t \u0111a t\u1ed1c \u0111\u1ed9  Qu\u1ea3n l\u00fd t\u1ea7ng ng\u1eafn  Cung c\u1ea5p \u0111i\u1ec7n m\u1ed9t pha kh\u1ea9n c\u1ea5p cho t\u1ea7ng tr\u1edf l\u1ea1i v\u1edbi t\u1ed1i \u01b0u h\u00f3a n\u0103ng l\u01b0\u1ee3ng th\u1ea5p  Qu\u1ea3n l\u00fd \u0111o\u1ea1n \u0111\u01b0\u1eddng n\u1ed1i linh ho\u1ea1t  B\u1ed9 phanh t\u00edch h\u1ee3p  Giao ti\u1ebfp v\u1edbi b\u1ea3ng \u0111i\u1ec1u khi\u1ec3n qua I \/ O  Qu\u1ea3n l\u00fd b\u1ed9 m\u00e3 h\u00f3a k\u1ef9 thu\u1eadt s\u1ed1 gia t\u0103ng TTL  B\u1ed9 l\u1ecdc EMI t\u00edch h\u1ee3p cho c\u00e1c phi\u00ean b\u1ea3n (VDL200\u2026.-F)  Thi\u1ebft l\u1eadp s\u1ea3n ph\u1ea9m   Vi\u1ec7c thi\u1ebft l\u1eadp c\u1ea5u h\u00ecnh c\u00f3 th\u1ec3 \u0111\u01b0\u1ee3c th\u1ef1c hi\u1ec7n b\u1eb1ng c\u00e1ch sau:  B\u00e0n ph\u00edm ch\u1eef v\u00e0 s\u1ed1 t\u00f9y ch\u1ecdn (KB-ADL)  PC v\u1edbi giao di\u1ec7n ng\u01b0\u1eddi d\u00f9ng \u0111\u1ed3 h\u1ecda GF-eXpress  Kh\u1edfi \u0111\u1ed9ng d\u1ec5 d\u00e0ng v\u00e0 an to\u00e0n Nh\u1edd Wizard v\u00e0 c\u00e1c c\u1ea5u h\u00ecnh truy c\u1eadp kh\u00e1c nhau (d\u1ec5 d\u00e0ng v\u00e0 chuy\u00ean nghi\u1ec7p), c\u1ea5u h\u00ecnh c\u1ee7a \u1ed5 \u0111\u0129a nhanh ch\u00f3ng v\u00e0 tr\u1ef1c quan.\u00a0Qu\u00e1 tr\u00ecnh t\u1ef1 \u0111\u1ed9ng d\u00f2 v\u1eabn \u0111\u01b0\u1ee3c th\u1ef1c hi\u1ec7n nhanh ch\u00f3ng, tr\u00e1nh vi\u1ec7c ng\u01b0\u1eddi v\u1eadn h\u00e0nh t\u00e1ch xe kh\u1ecfi d\u00e2y, \u0111\u1ea3m b\u1ea3o m\u1ed9t m\u00f4i tr\u01b0\u1eddng l\u00e0m vi\u1ec7c an to\u00e0n v\u00e0 v\u1eadn h\u00e0nh nhanh h\u01a1n.  T\u00f9y ch\u1ecdn   B\u00e0n ph\u00edm l\u1eadp tr\u00ecnh \u0111a ng\u00f4n ng\u1eef KB-ADL c\u00f3 b\u1ed9 nh\u1edb (t\u1ed1i \u0111a 5 c\u1ea5u h\u00ecnh)  B\u1ed9 l\u1ecdc EMC b\u00ean ngo\u00e0i chuy\u00ean d\u1ee5ng (d\u00e0nh cho phi\u00ean b\u1ea3n kh\u00f4ng c\u00f3 B\u1ed9 l\u1ecdc EMC t\u00edch h\u1ee3p).  \u0110i\u1ec7n tr\u1edf phanh b\u00ean ngo\u00e0i  Cu\u1ed9n c\u1ea3m \u0111\u1ea7u v\u00e0o AC v\u00e0 DC [:en]Lift-field-oriented vector inverter for asynchronous motors  * Power supply: 3 x 230-400Vac, -15%+10%, 50Hz * Motor power ratings from 4kW to 22kW * Overload: 200% for 10 seconds * Motor type: Asynchronous  EMC &amp; Mark Compliances:   Integrated EMI Filter for EN 12015; EN 61800-3 2nd environment, category C2 and C3  CE Mark  Conforms to UNI EN 81-1:1998 + A3:2009, article 9.11.3  Main Features   Multispeed control  Short floor management  Emergency single-phase power supply for floor return with low energy optimization  Flexible ramp management  Integrated braking unit  Communication with control board via I\/O  Management of TTL incremental digital encoders  Integrated EMI filter for versions (VDL200\u2026.-F)  Product Set-Up   The configuration set-up can be done by the following:  Optional alphanumeric keypad (KB-ADL)  PC with Graphical User Interface GF-eXpress  Easy and safe start-up Thanks to the Wizard and the different access profiles (easy and expert) the configuration of the drive is fast and intuitive. The still autotuning is quickly performed, avoiding operators to decouple the car from the ropes, assuring a safe working environment and a faster commissioning.  Options   KB-ADL multilingual programming keypad with memory (up to 5 configurations)  Dedicated external EMC filters (for version without integrated EMC Filter).  External braking resistors  AC and DC input chokes [:]\" \/>\n<meta property=\"og:url\" content=\"https:\/\/newskyvn.com\/product\/vdl200\/\" \/>\n<meta property=\"og:site_name\" content=\"NEW SKY CO.,LTD\" \/>\n<meta property=\"og:image\" content=\"https:\/\/newskyvn.com\/wp-content\/uploads\/2021\/09\/show_vdl200.png\" \/>\n\t<meta property=\"og:image:width\" content=\"500\" \/>\n\t<meta property=\"og:image:height\" content=\"500\" \/>\n<meta name=\"twitter:card\" content=\"summary_large_image\" \/>\n<meta name=\"twitter:label1\" content=\"Est. reading time\" \/>\n\t<meta name=\"twitter:data1\" content=\"3 minutes\" \/>\n<script type=\"application\/ld+json\" class=\"yoast-schema-graph\">{\"@context\":\"https:\/\/schema.org\",\"@graph\":[{\"@type\":\"WebSite\",\"@id\":\"https:\/\/newskyvn.com\/#website\",\"url\":\"https:\/\/newskyvn.com\/\",\"name\":\"NEW SKY CO.,LTD\",\"description\":\"C\\u00f4ng Ty TNHH S\\u1ea3n Xu\\u1ea5t Th\\u01b0\\u01a1ng M\\u1ea1i D\\u1ecbch V\\u1ee5 T\\u00e2n Thi\\u00ean\",\"potentialAction\":[{\"@type\":\"SearchAction\",\"target\":{\"@type\":\"EntryPoint\",\"urlTemplate\":\"https:\/\/newskyvn.com\/?s={search_term_string}\"},\"query-input\":\"required name=search_term_string\"}],\"inLanguage\":\"en-US\"},{\"@type\":\"ImageObject\",\"@id\":\"https:\/\/newskyvn.com\/product\/vdl200\/#primaryimage\",\"inLanguage\":\"en-US\",\"url\":\"https:\/\/newskyvn.com\/wp-content\/uploads\/2021\/09\/show_vdl200.png\",\"contentUrl\":\"https:\/\/newskyvn.com\/wp-content\/uploads\/2021\/09\/show_vdl200.png\",\"width\":500,\"height\":500},{\"@type\":\"WebPage\",\"@id\":\"https:\/\/newskyvn.com\/product\/vdl200\/#webpage\",\"url\":\"https:\/\/newskyvn.com\/product\/vdl200\/\",\"name\":\"VDL200 - NEW SKY CO.,LTD\",\"isPartOf\":{\"@id\":\"https:\/\/newskyvn.com\/#website\"},\"primaryImageOfPage\":{\"@id\":\"https:\/\/newskyvn.com\/product\/vdl200\/#primaryimage\"},\"datePublished\":\"2021-09-27T09:16:10+00:00\",\"dateModified\":\"2021-09-27T09:16:10+00:00\",\"breadcrumb\":{\"@id\":\"https:\/\/newskyvn.com\/product\/vdl200\/#breadcrumb\"},\"inLanguage\":\"en-US\",\"potentialAction\":[{\"@type\":\"ReadAction\",\"target\":[\"https:\/\/newskyvn.com\/product\/vdl200\/\"]}]},{\"@type\":\"BreadcrumbList\",\"@id\":\"https:\/\/newskyvn.com\/product\/vdl200\/#breadcrumb\",\"itemListElement\":[{\"@type\":\"ListItem\",\"position\":1,\"name\":\"Product\",\"item\":\"https:\/\/newskyvn.com\/en\/san-pham\/\"},{\"@type\":\"ListItem\",\"position\":2,\"name\":\"VDL200\"}]}]}<\/script>\n<!-- \/ Yoast SEO plugin. -->","_links":{"self":[{"href":"https:\/\/newskyvn.com\/en\/wp-json\/wp\/v2\/product\/1787"}],"collection":[{"href":"https:\/\/newskyvn.com\/en\/wp-json\/wp\/v2\/product"}],"about":[{"href":"https:\/\/newskyvn.com\/en\/wp-json\/wp\/v2\/types\/product"}],"replies":[{"embeddable":true,"href":"https:\/\/newskyvn.com\/en\/wp-json\/wp\/v2\/comments?post=1787"}],"wp:featuredmedia":[{"embeddable":true,"href":"https:\/\/newskyvn.com\/en\/wp-json\/wp\/v2\/media\/1788"}],"wp:attachment":[{"href":"https:\/\/newskyvn.com\/en\/wp-json\/wp\/v2\/media?parent=1787"}],"wp:term":[{"taxonomy":"product_cat","embeddable":true,"href":"https:\/\/newskyvn.com\/en\/wp-json\/wp\/v2\/product_cat?post=1787"},{"taxonomy":"product_tag","embeddable":true,"href":"https:\/\/newskyvn.com\/en\/wp-json\/wp\/v2\/product_tag?post=1787"}],"curies":[{"name":"wp","href":"https:\/\/api.w.org\/{rel}","templated":true}]}}