{"id":1784,"date":"2021-09-27T09:06:46","date_gmt":"2021-09-27T09:06:46","guid":{"rendered":"https:\/\/newskyvn.com\/?post_type=product&#038;p=1784"},"modified":"2021-09-27T09:06:47","modified_gmt":"2021-09-27T09:06:47","slug":"adl300","status":"publish","type":"product","link":"https:\/\/newskyvn.com\/en\/product\/adl300\/","title":{"rendered":"ADL300"},"content":{"rendered":"<p>&nbsp;<\/p>\n<p><span style=\"color: #0000ff;\"><strong>TECHNICAL DATA OF ADL300\u00a0<\/strong><\/span><\/p>\n<table>\n<tbody>\n<tr>\n<td width=\"132\"><strong>MODEL<\/strong><\/td>\n<td width=\"189\"><strong>ADL300-2T<\/strong><\/td>\n<td colspan=\"2\" width=\"189\"><strong>ADL300-2M<\/strong><\/td>\n<td width=\"189\"><strong>ADL300-4<\/strong><\/td>\n<\/tr>\n<tr>\n<td width=\"132\"><strong>Control mode<\/strong><\/td>\n<td width=\"189\">Field Oriented Control<\/td>\n<td colspan=\"2\" width=\"189\">Field Oriented Control<\/td>\n<td width=\"189\">Field Oriented Control<\/td>\n<\/tr>\n<tr>\n<td width=\"132\"><strong>Power<\/strong><\/td>\n<td width=\"189\">5.5 &#8230; 37kW<\/td>\n<td colspan=\"2\" width=\"189\">1.1.. 5.5kW<\/td>\n<td width=\"189\">4 &#8230; 75kW<\/td>\n<\/tr>\n<tr>\n<td width=\"132\">&nbsp;<\/p>\n<p><strong>Voltage<\/strong><\/td>\n<td width=\"189\">3 x 200-230Vac, \u00b110%<\/p>\n<p>50\/60Hz<\/td>\n<td colspan=\"2\" width=\"189\">1 x 200 Vac, \u00b110%<\/p>\n<p>1 x 230 Vac, -15%+10%<\/p>\n<p>50\/60Hz<\/td>\n<td width=\"189\">3 x 230-400-480Vac, -15%+10%,<\/p>\n<p>50\/60Hz<\/td>\n<\/tr>\n<tr>\n<td width=\"132\"><strong>Motor type<\/strong><\/td>\n<td width=\"189\">Asynchronous \/ Synchronous<\/td>\n<td colspan=\"2\" width=\"189\">Asynchronous \/ Synchronous<\/td>\n<td width=\"189\">Asynchronous \/ Synchronous<\/td>\n<\/tr>\n<tr>\n<td width=\"132\"><strong>Speed control (Accuracy)<\/strong><\/td>\n<td width=\"189\">\u00b1 0.01% Motor rated speed (1)<\/td>\n<td colspan=\"2\" width=\"189\">\u00b1 0.01% Motor rated speed (1)<\/td>\n<td width=\"189\">\u00b1 0.01% Motor rated speed (1)<\/td>\n<\/tr>\n<tr>\n<td width=\"132\"><strong>Analog inputs<\/strong><\/td>\n<td width=\"189\">ADL300B: 0; ADL300A: upon request<\/td>\n<td colspan=\"2\" width=\"189\">ADL300B: 0; ADL300A: upon request<\/td>\n<td width=\"189\">ADL300B: 0; ADL300A: upon request<\/td>\n<\/tr>\n<tr>\n<td width=\"132\"><strong>Analog outputs<\/strong><\/td>\n<td width=\"189\">ADL300B: 0; ADL300A: upon request<\/td>\n<td colspan=\"2\" width=\"189\">ADL300B: 0; ADL300A: upon request<\/td>\n<td width=\"189\">ADL300B: 0; ADL300A: upon request<\/td>\n<\/tr>\n<tr>\n<td width=\"132\"><strong>Digital inputs<\/strong><\/td>\n<td width=\"189\">ADL300B: 8 + 1 enable ADL300A: upon request<\/td>\n<td colspan=\"2\" width=\"189\">ADL300B: 8 + 1 enable ADL300A: upon request<\/td>\n<td width=\"189\">ADL300B: 8 + 1 enable ADL300A: upon request<\/td>\n<\/tr>\n<tr>\n<td width=\"132\"><strong>Digital outputs<\/strong><\/td>\n<td width=\"189\">ADL300B : 4 (relay) ADL300A: upon request<\/td>\n<td colspan=\"2\" width=\"189\">ADL300B : 4 (relay) ADL300A: upon request<\/td>\n<td width=\"189\">ADL300B : 4 (relay) ADL300A: upon request<\/td>\n<\/tr>\n<tr>\n<td width=\"132\"><strong>Overload<\/strong><\/td>\n<td width=\"189\">up to 200% In * 10\u201d (up to 11kW) up to 180% In * 10\u201d (\u2265 15kW)<\/td>\n<td colspan=\"2\" width=\"189\">up to 200% In * 3&#8243;<\/td>\n<td width=\"189\">up to 200% In * 10&#8243; (up to 22kW) up to 180% In * 10&#8243; (\u2265 30kW)<\/td>\n<\/tr>\n<tr>\n<td width=\"132\"><strong>Max output frequency<\/strong><\/td>\n<td width=\"189\">300Hz<\/td>\n<td colspan=\"2\" width=\"189\">300Hz<\/td>\n<td width=\"189\">300Hz<\/td>\n<\/tr>\n<tr>\n<td width=\"132\"><strong>EMI filter<\/strong><\/td>\n<td width=\"189\">Integrated (ADL300.-F models)<\/p>\n<p>(EN 12015; EN 61800-3)<\/td>\n<td colspan=\"2\" width=\"189\">Optional external<\/p>\n<p>(EN 12015; EN 61800-3)<\/td>\n<td width=\"189\">Integrated (ADL300.-F models)<\/p>\n<p>(EN 12015; EN 61800-3)<\/td>\n<\/tr>\n<tr>\n<td width=\"132\"><strong>Choke<\/strong><\/td>\n<td width=\"189\">DC side choke: no<\/p>\n<p>AC side choke: external optional<\/td>\n<td colspan=\"2\" width=\"189\">&nbsp;<\/p>\n<p>no<\/td>\n<td width=\"189\">DC side choke: integrated (sizes \u2265 4300), external optional on lower sizes<\/p>\n<p>AC side choke: external optional<\/td>\n<\/tr>\n<tr>\n<td width=\"132\"><strong>Braking unit<\/strong><\/td>\n<td width=\"189\">Integrated up to 30kW with external resistor<\/td>\n<td colspan=\"2\" width=\"189\">Integrated with external resistor<\/td>\n<td width=\"189\">Integrated up to 55kW with external resistor<\/td>\n<\/tr>\n<tr>\n<td width=\"132\"><strong>Port for SD card<\/strong><\/td>\n<td colspan=\"4\" width=\"567\">yes<\/td>\n<\/tr>\n<tr>\n<td width=\"132\"><strong>Dimensions <\/strong><strong>for roomless<\/strong> <strong>applications<\/strong><\/td>\n<td colspan=\"4\" width=\"567\">yes<\/td>\n<\/tr>\n<tr>\n<td width=\"132\"><strong>Emergency operation<\/strong><\/td>\n<td colspan=\"4\" width=\"567\">Optional (UPS or buffer battery with EMS module)<\/td>\n<\/tr>\n<tr>\n<td width=\"132\"><strong>Max system speed<\/strong><\/td>\n<td width=\"189\">4.0 m\/s<\/td>\n<td colspan=\"2\" width=\"189\">1.0 m\/s<\/td>\n<td width=\"189\">4.0 m\/s<\/td>\n<\/tr>\n<tr>\n<td width=\"132\"><strong>Type of lift<\/strong><\/td>\n<td colspan=\"4\" width=\"567\">Geared \/ Gearless<\/td>\n<\/tr>\n<tr>\n<td width=\"132\"><strong>Installations<\/strong><\/td>\n<td colspan=\"4\" width=\"567\">New installation &amp; Retrofitting<\/td>\n<\/tr>\n<tr>\n<td width=\"132\">&nbsp;<\/p>\n<p>&nbsp;<\/p>\n<p>&nbsp;<\/p>\n<p><strong>Functions<\/strong><\/td>\n<td colspan=\"2\" width=\"283\">\u2022\u00a0\u00a0 Speed control<\/p>\n<p>\u2022\u00a0\u00a0 Position control with direct landing at floor (EPC Elevator Position- ing Control)<\/p>\n<p>\u2022\u00a0\u00a0 Automatic calculation of deceleration point<\/p>\n<p>\u2022\u00a0\u00a0 Short floor management<\/p>\n<p>\u2022\u00a0\u00a0 Off-floor stop detection<\/p>\n<p>\u2022\u00a0\u00a0 Lift sequence management<\/p>\n<p>\u2022\u00a0\u00a0 Ramp generation<\/p>\n<p>\u2022\u00a0\u00a0 Management of up to 8 Multispeeds<\/p>\n<p>\u2022\u00a0\u00a0 Load compensation<\/p>\n<p>\u2022\u00a0\u00a0 DCP3\/DCP4 protocol communication<\/p>\n<p>\u2022\u00a0\u00a0 CANopen communication<\/td>\n<td colspan=\"2\" width=\"283\">\u2022\u00a0\u00a0 CANopen \u2013Lift (Cia\u00ae 417) communication<\/p>\n<p>\u2022\u00a0\u00a0 Configuration via keypad with LEDs<\/p>\n<p>\u2022\u00a0\u00a0 Configuration via optional keypad (5 languages)<\/p>\n<p>\u2022\u00a0\u00a0 Configuration via PC (GF_eXpress)<\/p>\n<p>\u2022\u00a0\u00a0 Wizard for commissioning<\/p>\n<p>\u2022\u00a0\u00a0 Menu for setting electrical and mechanical parameters<\/p>\n<p>\u2022\u00a0\u00a0 Programming with linear engineering units<\/p>\n<p>\u2022\u00a0\u00a0 DC power supply or emergency single-phase power supply to return to floor with optimized consumption<\/p>\n<p>\u2022\u00a0\u00a0 External +24VDC power supply<\/p>\n<p>\u2022\u00a0\u00a0 Regenerative configuration with AFE200 external modules<\/td>\n<\/tr>\n<tr>\n<td width=\"132\"><strong>Serial communication<\/strong><\/td>\n<td colspan=\"4\" width=\"567\">RS232 (2), Modbus RTU, DCP3, DCP4 and CAN<\/td>\n<\/tr>\n<tr>\n<td width=\"132\"><strong>Protection class<\/strong><\/td>\n<td colspan=\"4\" width=\"567\">IP20<\/td>\n<\/tr>\n<tr>\n<td width=\"132\">&nbsp;<\/p>\n<p><strong>Safety Certification<\/strong><\/td>\n<td colspan=\"4\" width=\"567\">\u2022 Safety Certification for a CONTACTORLESS operations: ADL300 is CERTIFIED as EN81-20, EN81-50; SIL3 according to EN61800-5-2-2007.<\/p>\n<p>\u2022 The ADL300 is certified for the use of a single output contactor, in accordance with EN81-20, EN81-50.<\/p>\n<p>\u2022 Monitoring function of the correct lifting or dropping of the machine brake according to 5.6.7.3 of EN 81-20:2014 and 5.8 of EN 81-50:2014.<\/td>\n<\/tr>\n<tr>\n<td width=\"132\"><strong>Immunity \/ Emissions<\/strong><\/td>\n<td colspan=\"4\" width=\"567\">In compliance with EN 12015 electromagnetic compatibility directive, using internal filter (ADL300-&#8230;-2M series with optional external filter)<\/td>\n<\/tr>\n<tr>\n<td width=\"132\"><strong>Operating temperature<\/strong><\/td>\n<td colspan=\"4\" width=\"567\">-10&#8230;45\u00b0C (32\u00b0\u2026113\u00b0F), +45\u00b0C\u2026+50\u00b0C (+113 \u2026 +122\u00b0F) with derating<\/td>\n<\/tr>\n<tr>\n<td width=\"132\"><strong>Altitude<\/strong><\/td>\n<td colspan=\"4\" width=\"567\">Max 2000 m. (up to 1000 m without derating)<\/td>\n<\/tr>\n<tr>\n<td width=\"132\"><strong>Markings<\/strong><\/td>\n<td colspan=\"4\" width=\"567\">CE (4), cULus (UL508C) (3)<\/td>\n<\/tr>\n<\/tbody>\n<\/table>\n<p><\/p>","protected":false},"excerpt":{"rendered":"<p>&nbsp;<\/p>\n<p><strong>Lift Field oriented vector inverter for synchronous\/asynchronous motors<\/strong><\/p>\n<p><em>Power Supply:<\/em><\/p>\n<ul>\n<li>Version ADL300-4: 3ph 230 \u2013 400 \u2013 480Vac (-15% \/ +10%) @ 50\/60Hz (\u00b15%).<\/li>\n<li>Version ADL300-2T: 3ph 200 \u2013 230Vac (\u00b110%) @ 50\/60Hz (\u00b12%)<\/li>\n<li>Version ADL300-2M: 200Vac (-10%) \u2026.230Vac (+15%) @ 50\/60Hz (\u00b12%)<\/li>\n<\/ul>\n<p><em>Motor Ratings:<\/em><\/p>\n<ul>\n<li>Version ADL300-4: 4kW (5Hp) \u2026. 75kW (100Hp).<\/li>\n<li>Version ADL300-2T: 4kW (5Hp) \u2026. 37kW (40Hp).<\/li>\n<li>Version ADL300-2M: 1.1kW (1Hp) \u2026. 5.5kW (7.5Hp).<\/li>\n<\/ul>\n<p><strong>EMC &amp; Mark Compliances:<\/strong><\/p>\n<ul>\n<li>Integrated EMI Filter for EN 12015; EN 61800-3 2nd environment, category C2 and C3<\/li>\n<li>CE Mark<\/li>\n<li>UL and cUL Elevator Accessory E365347 certified also evaluated in accordance with ASME A17.5 and CSA B44.1.<\/li>\n<li>Compliant to UNI EN 81-1:1998 + A3:2009, EN81-20, EN81-50<\/li>\n<li>Safety Torque Off (STO) EN61800-5-2:2007 SIL3 Certified<\/li>\n<\/ul>\n<p><strong>Main Features<\/strong><\/p>\n<ul>\n<li>Control in Speed<\/li>\n<li>Control in Position<\/li>\n<li>Direct Approach<\/li>\n<li>Relevelling<\/li>\n<li>Short Floor Management<\/li>\n<li>Emergency single-phase power supply for floor return<\/li>\n<li>DCP3 and DCP4 Protocol<\/li>\n<li>CANopen CiA\u2122 301 Protocol<\/li>\n<li>CANopen Lift CiA\u2122 417 Protocol<\/li>\n<li>Integrated Breaking Unit<\/li>\n<li>External +24Vdc power supply for low stand-by consumption<\/li>\n<li>Peripheral Encoder Management<\/li>\n<\/ul>\n<p><strong>Product Set-Up<\/strong><br \/>\nThe configuration set-up can be done by the following:<\/p>\n<ul>\n<li>7 segments digit Keypad (integrated)<\/li>\n<li>Optional alphanumeric keypad (KB-ADL)<\/li>\n<li>PC with Graphical User Interface GF-eXpress<\/li>\n<\/ul>\n<p><strong>Easy and safe start-up<\/strong><br \/>\nThanks to the Wizard and the different access profiles (easy and expert) the configuration of the drive is fast and intuitive. The still autotuning is quickly performed, avoiding operators to decouple the car from the ropes, assuring a safe working environment and a faster commissioning.<\/p>\n<p><strong>Available Configurations<\/strong><br \/>\n3 different configurations to answer all the requirements:<\/p>\n<p><em>BASIC<\/em><\/p>\n<ul>\n<li>8 programmable digital inputs (NPN\/PNP) + 1 Enable input<\/li>\n<li>4 single-contact programmable relay outputs<\/li>\n<li>5 Vdc TTL incremental digital encoder<\/li>\n<li>Absolute SinCos encoder<\/li>\n<\/ul>\n<p><em>BASIC ENDAT<\/em><\/p>\n<ul>\n<li>8 programmable digital inputs (NPN\/PNP) + 1 Enable input<\/li>\n<li>4 single-contact programmable relay outputs<\/li>\n<li>Absolute Endat 2.1\/2.2 and SSI<\/li>\n<\/ul>\n<p><em>ADVANCED<\/em><\/p>\n<ul>\n<li>Extended Pluggable optional I\/O cards<\/li>\n<li>Extended Pluggable Optional Encoder cards<\/li>\n<li>24Vdc HTL incremental digital encoder<\/li>\n<\/ul>\n<p><em>Options<\/em><\/p>\n<ul>\n<li>KB-ADL multilingual programming keypad with memory (up to 5 configurations)<\/li>\n<li>Dedicated external EMC filters (for version without integrated EMC Filter).<\/li>\n<li>External braking resistors<\/li>\n<li>AC and DC input chokes<\/li>\n<\/ul>\n","protected":false},"featured_media":1786,"comment_status":"open","ping_status":"closed","template":"","meta":[],"product_cat":[122,131],"product_tag":[],"yoast_head":"<!-- This site is optimized with the Yoast SEO plugin v16.6.1 - https:\/\/yoast.com\/wordpress\/plugins\/seo\/ -->\n<title>ADL300 - NEW SKY CO.,LTD<\/title>\n<meta name=\"robots\" content=\"index, follow, max-snippet:-1, max-image-preview:large, max-video-preview:-1\" \/>\n<link rel=\"canonical\" href=\"https:\/\/newskyvn.com\/product\/adl300\/\" \/>\n<meta property=\"og:locale\" content=\"en_US\" \/>\n<meta property=\"og:type\" content=\"article\" \/>\n<meta property=\"og:title\" content=\"ADL300 - NEW SKY CO.,LTD\" \/>\n<meta property=\"og:description\" content=\"[:vi]&nbsp;  Bi\u1ebfn t\u1ea7n vector\u00a0 n\u00e2ng, d\u00f9ng cho \u0111\u1ed9ng c\u01a1 \u0111\u1ed3ng b\u1ed9 \/ kh\u00f4ng \u0111\u1ed3ng b\u1ed9  Ngu\u1ed3n c\u1ea5p:   Phi\u00ean b\u1ea3n ADL300-4: 3ph 230 - 400 - 480Vac (-15% \/ + 10%) @ 50 \/ 60Hz (\u00b1 5%).  Phi\u00ean b\u1ea3n ADL300-2T: 3ph 200 - 230Vac (\u00b1 10%) @ 50 \/ 60Hz (\u00b1 2%)  Phi\u00ean b\u1ea3n ADL300-2M: 200Vac (-10%)\u2026 .230Vac (+ 15%) @ 50 \/ 60Hz (\u00b1 2%)  \u0110\u00e1nh gi\u00e1 \u0111\u1ed9ng c\u01a1:   Phi\u00ean b\u1ea3n ADL300-4: 4kW (5Hp)\u2026.\u00a075kW (100Hp).  Phi\u00ean b\u1ea3n ADL300-2T: 4kW (5Hp)\u2026.\u00a037kW (40Hp).  Phi\u00ean b\u1ea3n ADL300-2M: 1.1kW (1Hp)\u2026.\u00a05.5kW (7.5Hp).  Tu\u00e2n th\u1ee7 EMC &amp; \u0110\u00e1nh d\u1ea5u:   B\u1ed9 l\u1ecdc EMI t\u00edch h\u1ee3p cho EN 12015;\u00a0EN 61800-3 M\u00f4i tr\u01b0\u1eddng th\u1ee9 hai, lo\u1ea1i C2 v\u00e0 C3  D\u1ea5u CE  Ph\u1ee5 ki\u1ec7n thang m\u00e1y UL v\u00e0 cUL \u0111\u01b0\u1ee3c ch\u1ee9ng nh\u1eadn E365347 c\u0169ng \u0111\u01b0\u1ee3c \u0111\u00e1nh gi\u00e1 ph\u00f9 h\u1ee3p v\u1edbi ASME A17.5 v\u00e0 CSA B44.1.  Tu\u00e2n theo UNI EN 81-1: 1998 + A3: 2009, EN81-20, EN81-50  T\u1eaft m\u00f4-men xo\u1eafn an to\u00e0n (STO) EN61800-5-2: 2007 Ch\u1ee9ng nh\u1eadn SIL3  Nh\u1eefng \u0111\u1eb7c \u0111i\u1ec3m ch\u00ednh   Ki\u1ec3m so\u00e1t t\u1ed1c \u0111\u1ed9  Ki\u1ec3m so\u00e1t \u1edf v\u1ecb tr\u00ed  Ti\u1ebfp c\u1eadn tr\u1ef1c ti\u1ebfp  Ph\u00e1t h\u00e0nh  Qu\u1ea3n l\u00fd s\u00e0n ng\u1eafn h\u1ea1n  Cung c\u1ea5p \u0111i\u1ec7n m\u1ed9t pha kh\u1ea9n c\u1ea5p cho t\u1ea7ng tr\u1edf l\u1ea1i  Giao th\u1ee9c DCP3 v\u00e0 DCP4  CANopen CiA \u2122 301 Giao th\u1ee9c  Giao th\u1ee9c CANopen Lift CiA \u2122 417  B\u1ed9 ph\u1eadn ng\u1eaft t\u00edch h\u1ee3p  Ngu\u1ed3n \u0111i\u1ec7n b\u00ean ngo\u00e0i + 24Vdc \u0111\u1ec3 ti\u00eau th\u1ee5 \u1edf ch\u1ebf \u0111\u1ed9 ch\u1edd th\u1ea5p  Qu\u1ea3n l\u00fd b\u1ed9 m\u00e3 h\u00f3a ngo\u1ea1i vi  Thi\u1ebft l\u1eadp s\u1ea3n ph\u1ea9m Vi\u1ec7c thi\u1ebft l\u1eadp c\u1ea5u h\u00ecnh c\u00f3 th\u1ec3 \u0111\u01b0\u1ee3c th\u1ef1c hi\u1ec7n b\u1eb1ng c\u00e1ch sau:   B\u00e0n ph\u00edm s\u1ed1 7 ph\u00e2n \u0111o\u1ea1n (t\u00edch h\u1ee3p)  B\u00e0n ph\u00edm ch\u1eef v\u00e0 s\u1ed1 t\u00f9y ch\u1ecdn (KB-ADL)  PC v\u1edbi giao di\u1ec7n ng\u01b0\u1eddi d\u00f9ng \u0111\u1ed3 h\u1ecda GF-eXpress  Kh\u1edfi \u0111\u1ed9ng d\u1ec5 d\u00e0ng v\u00e0 an to\u00e0n Nh\u1edd Wizard v\u00e0 c\u00e1c c\u1ea5u h\u00ecnh truy c\u1eadp kh\u00e1c nhau (d\u1ec5 d\u00e0ng v\u00e0 chuy\u00ean nghi\u1ec7p), c\u1ea5u h\u00ecnh c\u1ee7a \u1ed5 \u0111\u0129a nhanh ch\u00f3ng v\u00e0 tr\u1ef1c quan.\u00a0Qu\u00e1 tr\u00ecnh t\u1ef1 \u0111\u1ed9ng d\u00f2 v\u1eabn \u0111\u01b0\u1ee3c th\u1ef1c hi\u1ec7n nhanh ch\u00f3ng, tr\u00e1nh vi\u1ec7c ng\u01b0\u1eddi v\u1eadn h\u00e0nh t\u00e1ch xe kh\u1ecfi d\u00e2y, \u0111\u1ea3m b\u1ea3o m\u1ed9t m\u00f4i tr\u01b0\u1eddng l\u00e0m vi\u1ec7c an to\u00e0n v\u00e0 v\u1eadn h\u00e0nh nhanh h\u01a1n.  C\u1ea5u h\u00ecnh c\u00f3 s\u1eb5n 3 c\u1ea5u h\u00ecnh kh\u00e1c nhau \u0111\u1ec3 \u0111\u00e1p \u1ee9ng t\u1ea5t c\u1ea3 c\u00e1c y\u00eau c\u1ea7u:  C\u0102N B\u1ea2N   8 \u0111\u1ea7u v\u00e0o k\u1ef9 thu\u1eadt s\u1ed1 c\u00f3 th\u1ec3 l\u1eadp tr\u00ecnh (NPN \/ PNP) + 1 \u0110\u1ea7u v\u00e0o k\u00edch ho\u1ea1t  4 \u0111\u1ea7u ra r\u01a1le l\u1eadp tr\u00ecnh ti\u1ebfp \u0111i\u1ec3m \u0111\u01a1n  B\u1ed9 m\u00e3 h\u00f3a k\u1ef9 thu\u1eadt s\u1ed1 gia t\u0103ng 5 Vdc TTL  B\u1ed9 m\u00e3 h\u00f3a SinCos tuy\u1ec7t \u0111\u1ed1i  K\u1ebeT TH\u00daC C\u01a0 B\u1ea2N   8 \u0111\u1ea7u v\u00e0o k\u1ef9 thu\u1eadt s\u1ed1 c\u00f3 th\u1ec3 l\u1eadp tr\u00ecnh (NPN \/ PNP) + 1 \u0110\u1ea7u v\u00e0o k\u00edch ho\u1ea1t  4 \u0111\u1ea7u ra r\u01a1le l\u1eadp tr\u00ecnh ti\u1ebfp \u0111i\u1ec3m \u0111\u01a1n  Endat tuy\u1ec7t \u0111\u1ed1i 2.1 \/ 2.2 v\u00e0 SSI  N\u00c2NG CAO   Th\u1ebb I \/ O t\u00f9y ch\u1ecdn c\u00f3 th\u1ec3 c\u1eafm \u0111\u01b0\u1ee3c m\u1edf r\u1ed9ng  Th\u1ebb m\u00e3 h\u00f3a t\u00f9y ch\u1ecdn c\u00f3 th\u1ec3 c\u1eafm \u0111\u01b0\u1ee3c m\u1edf r\u1ed9ng  B\u1ed9 m\u00e3 h\u00f3a k\u1ef9 thu\u1eadt s\u1ed1 gia t\u0103ng 24Vdc HTL  T\u00f9y ch\u1ecdn   B\u00e0n ph\u00edm l\u1eadp tr\u00ecnh \u0111a ng\u00f4n ng\u1eef KB-ADL c\u00f3 b\u1ed9 nh\u1edb (t\u1ed1i \u0111a 5 c\u1ea5u h\u00ecnh)  B\u1ed9 l\u1ecdc EMC b\u00ean ngo\u00e0i chuy\u00ean d\u1ee5ng (d\u00e0nh cho phi\u00ean b\u1ea3n kh\u00f4ng c\u00f3 B\u1ed9 l\u1ecdc EMC t\u00edch h\u1ee3p).  \u0110i\u1ec7n tr\u1edf phanh b\u00ean ngo\u00e0i  Cu\u1ed9n c\u1ea3m \u0111\u1ea7u v\u00e0o AC v\u00e0 DC [:en]&nbsp;  Lift Field oriented vector inverter for synchronous\/asynchronous motors  Power Supply:   Version ADL300-4: 3ph 230 \u2013 400 \u2013 480Vac (-15% \/ +10%) @ 50\/60Hz (\u00b15%).  Version ADL300-2T: 3ph 200 \u2013 230Vac (\u00b110%) @ 50\/60Hz (\u00b12%)  Version ADL300-2M: 200Vac (-10%) \u2026.230Vac (+15%) @ 50\/60Hz (\u00b12%)  Motor Ratings:   Version ADL300-4: 4kW (5Hp) \u2026. 75kW (100Hp).  Version ADL300-2T: 4kW (5Hp) \u2026. 37kW (40Hp).  Version ADL300-2M: 1.1kW (1Hp) \u2026. 5.5kW (7.5Hp).  EMC &amp; Mark Compliances:   Integrated EMI Filter for EN 12015; EN 61800-3 2nd environment, category C2 and C3  CE Mark  UL and cUL Elevator Accessory E365347 certified also evaluated in accordance with ASME A17.5 and CSA B44.1.  Compliant to UNI EN 81-1:1998 + A3:2009, EN81-20, EN81-50  Safety Torque Off (STO) EN61800-5-2:2007 SIL3 Certified  Main Features   Control in Speed  Control in Position  Direct Approach  Relevelling  Short Floor Management  Emergency single-phase power supply for floor return  DCP3 and DCP4 Protocol  CANopen CiA\u2122 301 Protocol  CANopen Lift CiA\u2122 417 Protocol  Integrated Breaking Unit  External +24Vdc power supply for low stand-by consumption  Peripheral Encoder Management  Product Set-Up The configuration set-up can be done by the following:   7 segments digit Keypad (integrated)  Optional alphanumeric keypad (KB-ADL)  PC with Graphical User Interface GF-eXpress  Easy and safe start-up Thanks to the Wizard and the different access profiles (easy and expert) the configuration of the drive is fast and intuitive. The still autotuning is quickly performed, avoiding operators to decouple the car from the ropes, assuring a safe working environment and a faster commissioning.  Available Configurations 3 different configurations to answer all the requirements:  BASIC   8 programmable digital inputs (NPN\/PNP) + 1 Enable input  4 single-contact programmable relay outputs  5 Vdc TTL incremental digital encoder  Absolute SinCos encoder  BASIC ENDAT   8 programmable digital inputs (NPN\/PNP) + 1 Enable input  4 single-contact programmable relay outputs  Absolute Endat 2.1\/2.2 and SSI  ADVANCED   Extended Pluggable optional I\/O cards  Extended Pluggable Optional Encoder cards  24Vdc HTL incremental digital encoder  Options   KB-ADL multilingual programming keypad with memory (up to 5 configurations)  Dedicated external EMC filters (for version without integrated EMC Filter).  External braking resistors  AC and DC input chokes [:]\" \/>\n<meta property=\"og:url\" content=\"https:\/\/newskyvn.com\/product\/adl300\/\" \/>\n<meta property=\"og:site_name\" content=\"NEW SKY CO.,LTD\" \/>\n<meta property=\"article:modified_time\" content=\"2021-09-27T09:06:47+00:00\" \/>\n<meta property=\"og:image\" content=\"https:\/\/newskyvn.com\/wp-content\/uploads\/2021\/09\/show_ADL300B_S3_FR_DSC7571_04-2015_NEW.jpg\" \/>\n\t<meta property=\"og:image:width\" content=\"500\" \/>\n\t<meta property=\"og:image:height\" content=\"500\" \/>\n<meta name=\"twitter:card\" content=\"summary_large_image\" \/>\n<meta name=\"twitter:label1\" content=\"Est. reading time\" \/>\n\t<meta name=\"twitter:data1\" content=\"3 minutes\" \/>\n<script type=\"application\/ld+json\" class=\"yoast-schema-graph\">{\"@context\":\"https:\/\/schema.org\",\"@graph\":[{\"@type\":\"WebSite\",\"@id\":\"https:\/\/newskyvn.com\/#website\",\"url\":\"https:\/\/newskyvn.com\/\",\"name\":\"NEW SKY CO.,LTD\",\"description\":\"C\\u00f4ng Ty TNHH S\\u1ea3n Xu\\u1ea5t Th\\u01b0\\u01a1ng M\\u1ea1i D\\u1ecbch V\\u1ee5 T\\u00e2n Thi\\u00ean\",\"potentialAction\":[{\"@type\":\"SearchAction\",\"target\":{\"@type\":\"EntryPoint\",\"urlTemplate\":\"https:\/\/newskyvn.com\/?s={search_term_string}\"},\"query-input\":\"required name=search_term_string\"}],\"inLanguage\":\"en-US\"},{\"@type\":\"ImageObject\",\"@id\":\"https:\/\/newskyvn.com\/product\/adl300\/#primaryimage\",\"inLanguage\":\"en-US\",\"url\":\"https:\/\/newskyvn.com\/wp-content\/uploads\/2021\/09\/show_ADL300B_S3_FR_DSC7571_04-2015_NEW.jpg\",\"contentUrl\":\"https:\/\/newskyvn.com\/wp-content\/uploads\/2021\/09\/show_ADL300B_S3_FR_DSC7571_04-2015_NEW.jpg\",\"width\":500,\"height\":500},{\"@type\":\"WebPage\",\"@id\":\"https:\/\/newskyvn.com\/product\/adl300\/#webpage\",\"url\":\"https:\/\/newskyvn.com\/product\/adl300\/\",\"name\":\"ADL300 - NEW SKY CO.,LTD\",\"isPartOf\":{\"@id\":\"https:\/\/newskyvn.com\/#website\"},\"primaryImageOfPage\":{\"@id\":\"https:\/\/newskyvn.com\/product\/adl300\/#primaryimage\"},\"datePublished\":\"2021-09-27T09:06:46+00:00\",\"dateModified\":\"2021-09-27T09:06:47+00:00\",\"breadcrumb\":{\"@id\":\"https:\/\/newskyvn.com\/product\/adl300\/#breadcrumb\"},\"inLanguage\":\"en-US\",\"potentialAction\":[{\"@type\":\"ReadAction\",\"target\":[\"https:\/\/newskyvn.com\/product\/adl300\/\"]}]},{\"@type\":\"BreadcrumbList\",\"@id\":\"https:\/\/newskyvn.com\/product\/adl300\/#breadcrumb\",\"itemListElement\":[{\"@type\":\"ListItem\",\"position\":1,\"name\":\"Product\",\"item\":\"https:\/\/newskyvn.com\/en\/san-pham\/\"},{\"@type\":\"ListItem\",\"position\":2,\"name\":\"ADL300\"}]}]}<\/script>\n<!-- \/ Yoast SEO plugin. -->","_links":{"self":[{"href":"https:\/\/newskyvn.com\/en\/wp-json\/wp\/v2\/product\/1784"}],"collection":[{"href":"https:\/\/newskyvn.com\/en\/wp-json\/wp\/v2\/product"}],"about":[{"href":"https:\/\/newskyvn.com\/en\/wp-json\/wp\/v2\/types\/product"}],"replies":[{"embeddable":true,"href":"https:\/\/newskyvn.com\/en\/wp-json\/wp\/v2\/comments?post=1784"}],"wp:featuredmedia":[{"embeddable":true,"href":"https:\/\/newskyvn.com\/en\/wp-json\/wp\/v2\/media\/1786"}],"wp:attachment":[{"href":"https:\/\/newskyvn.com\/en\/wp-json\/wp\/v2\/media?parent=1784"}],"wp:term":[{"taxonomy":"product_cat","embeddable":true,"href":"https:\/\/newskyvn.com\/en\/wp-json\/wp\/v2\/product_cat?post=1784"},{"taxonomy":"product_tag","embeddable":true,"href":"https:\/\/newskyvn.com\/en\/wp-json\/wp\/v2\/product_tag?post=1784"}],"curies":[{"name":"wp","href":"https:\/\/api.w.org\/{rel}","templated":true}]}}