{"id":1780,"date":"2021-09-27T08:48:44","date_gmt":"2021-09-27T08:48:44","guid":{"rendered":"https:\/\/newskyvn.com\/?post_type=product&#038;p=1780"},"modified":"2024-11-09T11:19:23","modified_gmt":"2024-11-09T11:19:23","slug":"adp200","status":"publish","type":"product","link":"https:\/\/newskyvn.com\/en\/product\/adp200\/","title":{"rendered":"ADP200"},"content":{"rendered":"<p>&nbsp;<\/p>\n<p><span style=\"color: #0000ff;\"><strong>TECHNICAL DATA OF ADP200\u00a0<\/strong><\/span><\/p>\n<table>\n<tbody>\n<tr>\n<td width=\"174\"><strong>Power supply<\/strong><\/td>\n<td width=\"526\">3 x 230-400 -480 VAC, -15% +10%, 50\/60 Hz, \u00b15%<\/td>\n<\/tr>\n<tr>\n<td width=\"174\"><strong>Motor type<\/strong><\/td>\n<td width=\"526\">Synchronous<\/td>\n<\/tr>\n<tr>\n<td width=\"174\"><strong>Connection to TT and TN networks<\/strong><\/td>\n<td width=\"526\">yes<\/td>\n<\/tr>\n<tr>\n<td width=\"174\"><strong>Power ratings<\/strong><\/td>\n<td width=\"526\">7.5 &#8230; 75kW (10\u2026100 Hp)<\/td>\n<\/tr>\n<tr>\n<td width=\"174\"><strong>Maximum output voltage<\/strong><\/td>\n<td width=\"526\">0.98 x Vin<\/td>\n<\/tr>\n<tr>\n<td width=\"174\"><strong>Max Switching frequency<\/strong><\/td>\n<td width=\"526\">8 kHz<\/td>\n<\/tr>\n<tr>\n<td width=\"174\"><strong>Maximum output frequency f2<\/strong><\/td>\n<td width=\"526\">300Hz<\/td>\n<\/tr>\n<tr>\n<td width=\"174\"><strong>Overload<\/strong> <strong>Ability<\/strong><\/td>\n<td width=\"526\">170% x In (for 60 sec.), 200% x In (for 3 sec)<\/td>\n<\/tr>\n<tr>\n<td width=\"174\"><strong>\u00a0<\/strong><\/p>\n<p><strong>Control mode<\/strong><\/td>\n<td width=\"526\">Vector control with feedback (Encoder expansion card mandatory)<\/p>\n<p><strong>\u00a0<\/strong><\/p>\n<p>Precision<\/p>\n<p>Speed control accuracy (1): \u00b10.01% motor speed rating Control Range: 1:1500<\/td>\n<\/tr>\n<tr>\n<td width=\"174\"><strong>EMI Filter<\/strong><\/td>\n<td width=\"526\">Integrated in -F models , EN61800-3 category C2 (ADP200-2075-F) and C3 (ADP200-2110-F &#8230; ADP200-5750\/5S750-F)<\/td>\n<\/tr>\n<tr>\n<td width=\"174\"><strong>Choke <\/strong><strong>(2)<\/strong><\/td>\n<td width=\"526\">DC side choke integrated in ADP200-4300&#8230;5750 models.<\/p>\n<p>AC side external choke mandatory in ADP200-5S550 and ADP200-5S750 models.<\/td>\n<\/tr>\n<tr>\n<td width=\"174\"><strong>IGBT braking unit<\/strong><\/td>\n<td width=\"526\">Integrated with external resistor (except ADP200-5750 model), braking torque 150% max<\/td>\n<\/tr>\n<tr>\n<td width=\"174\"><strong>Programming SW<\/strong><\/td>\n<td width=\"526\">GF-eXpress<\/td>\n<\/tr>\n<tr>\n<td width=\"174\"><strong>PLC<\/strong><\/td>\n<td width=\"526\">PLC with advanced IEC61131-3 programming environment<\/td>\n<\/tr>\n<tr>\n<td width=\"174\"><strong>Integrated keypad<\/strong><\/td>\n<td width=\"526\">1-line x 4-character alphanumerical LED display<\/td>\n<\/tr>\n<tr>\n<td width=\"174\"><strong>Serial communication<\/strong><\/td>\n<td width=\"526\">RS485 serial line (Modbus RTU)<\/td>\n<\/tr>\n<tr>\n<td width=\"174\"><strong>Fieldbus management<\/strong><\/td>\n<td width=\"526\">CANopen\u00ae (ADP200 version -C)<\/td>\n<\/tr>\n<\/tbody>\n<\/table>\n<table>\n<tbody>\n<tr>\n<td rowspan=\"5\" width=\"29\"><strong>Protections<\/strong><\/td>\n<td width=\"145\">Motor protection<\/td>\n<td width=\"526\">Compatibility with KTY, PTC or Klixon<\/td>\n<\/tr>\n<tr>\n<td width=\"145\">Ground leakage current<\/td>\n<td width=\"526\">Setting via parameter<\/td>\n<\/tr>\n<tr>\n<td width=\"145\">Voltage protection<\/td>\n<td width=\"526\">Overvoltage threshold: 820Vdc<\/p>\n<p>Undervoltage threshold: 225 Vdc (<strong>@ <\/strong>230 Vac), 391 Vdc (<strong>@ <\/strong>400 Vac), 450 Vdc (<strong>@ <\/strong>460 Vac), 470 Vdc (<strong>@ <\/strong>480 Vac)<\/td>\n<\/tr>\n<tr>\n<td width=\"145\">Mains Input Over-Voltage<\/td>\n<td width=\"526\">Varistor<\/td>\n<\/tr>\n<tr>\n<td width=\"145\">Over-temperature<\/td>\n<td width=\"526\">Built in temperature sensor<\/td>\n<\/tr>\n<tr>\n<td rowspan=\"2\" width=\"29\"><strong>Other<\/strong><\/td>\n<td width=\"145\">Port for SD card<\/td>\n<td width=\"526\">yes<\/td>\n<\/tr>\n<tr>\n<td width=\"145\">&nbsp;<\/p>\n<p>&nbsp;<\/p>\n<p>&nbsp;<\/p>\n<p>&nbsp;<\/p>\n<p>Functions<\/td>\n<td width=\"526\">\u2022\u00a0\u00a0\u00a0\u00a0\u00a0\u00a0\u00a0\u00a0 Self-tuning rotational and stand still of speed-current-flux regulators and\u00a0\u00a0\u00a0\u00a0\u00a0\u00a0\u00a0\u00a0\u00a0\u00a0\u00a0\u00a0\u00a0\u00a0 \u2022\u00a0 PID function block for injection molding machine application motor data identification\u00a0\u00a0\u00a0\u00a0\u00a0\u00a0\u00a0\u00a0\u00a0\u00a0\u00a0\u00a0\u00a0\u00a0\u00a0\u00a0\u00a0\u00a0\u00a0\u00a0\u00a0\u00a0\u00a0\u00a0\u00a0\u00a0\u00a0\u00a0\u00a0\u00a0\u00a0\u00a0\u00a0\u00a0\u00a0\u00a0\u00a0\u00a0\u00a0\u00a0\u00a0\u00a0\u00a0\u00a0\u00a0\u00a0\u00a0\u00a0\u00a0\u00a0\u00a0\u00a0\u00a0\u00a0\u00a0\u00a0\u00a0\u00a0\u00a0\u00a0\u00a0\u00a0\u00a0\u00a0\u00a0\u00a0\u00a0\u00a0\u00a0\u00a0\u00a0\u00a0\u00a0\u00a0\u00a0\u00a0\u00a0\u00a0\u00a0\u00a0\u00a0\u00a0\u00a0\u00a0\u00a0\u00a0\u00a0\u00a0\u00a0\u00a0 \u2022\u00a0 Flow and pressure limit control<\/p>\n<p>\u2022\u00a0\u00a0\u00a0\u00a0\u00a0\u00a0\u00a0\u00a0 Torque control\u00a0\u00a0\u00a0\u00a0\u00a0\u00a0\u00a0\u00a0\u00a0\u00a0\u00a0\u00a0\u00a0\u00a0\u00a0\u00a0\u00a0\u00a0\u00a0\u00a0\u00a0\u00a0\u00a0\u00a0\u00a0\u00a0\u00a0\u00a0\u00a0\u00a0\u00a0\u00a0\u00a0\u00a0\u00a0\u00a0\u00a0\u00a0\u00a0\u00a0\u00a0\u00a0\u00a0\u00a0\u00a0\u00a0\u00a0\u00a0\u00a0\u00a0\u00a0\u00a0\u00a0\u00a0\u00a0\u00a0\u00a0\u00a0\u00a0\u00a0\u00a0\u00a0\u00a0\u00a0\u00a0\u00a0\u00a0\u00a0\u00a0\u00a0\u00a0\u00a0\u00a0\u00a0\u00a0\u00a0\u00a0\u00a0\u00a0\u00a0\u00a0\u00a0\u00a0\u00a0\u00a0\u00a0\u00a0\u00a0\u00a0\u00a0\u00a0\u00a0\u00a0\u00a0\u00a0\u00a0\u00a0\u00a0\u00a0\u00a0\u00a0\u00a0\u00a0\u00a0\u00a0 \u2022\u00a0 Pressure sensor status control<\/p>\n<p>\u2022\u00a0\u00a0\u00a0\u00a0\u00a0\u00a0\u00a0\u00a0 Simplified Start-up menu\u00a0\u00a0\u00a0\u00a0\u00a0\u00a0\u00a0\u00a0\u00a0\u00a0\u00a0\u00a0\u00a0\u00a0\u00a0\u00a0\u00a0\u00a0\u00a0\u00a0\u00a0\u00a0\u00a0\u00a0\u00a0\u00a0\u00a0\u00a0\u00a0\u00a0\u00a0\u00a0\u00a0\u00a0\u00a0\u00a0\u00a0\u00a0\u00a0\u00a0\u00a0\u00a0\u00a0\u00a0\u00a0\u00a0\u00a0\u00a0\u00a0\u00a0\u00a0\u00a0\u00a0\u00a0\u00a0\u00a0\u00a0\u00a0\u00a0\u00a0\u00a0\u00a0\u00a0\u00a0\u00a0\u00a0\u00a0\u00a0\u00a0\u00a0\u00a0\u00a0\u00a0\u00a0\u00a0\u00a0\u00a0\u00a0\u00a0\u00a0\u00a0\u00a0\u00a0\u00a0\u00a0\u00a0\u00a0\u00a0\u00a0 \u2022 \u00a0Adaptive Feedforward<\/p>\n<p>\u2022\u00a0\u00a0\u00a0\u00a0\u00a0\u00a0\u00a0\u00a0 Motor, Drive and Braking resistor I2t thermal protection\u00a0\u00a0\u00a0\u00a0\u00a0\u00a0\u00a0\u00a0\u00a0\u00a0\u00a0\u00a0\u00a0\u00a0\u00a0\u00a0\u00a0\u00a0\u00a0\u00a0\u00a0\u00a0\u00a0\u00a0\u00a0\u00a0\u00a0\u00a0\u00a0\u00a0\u00a0\u00a0\u00a0\u00a0\u00a0\u00a0\u00a0\u00a0\u00a0\u00a0\u00a0\u00a0\u00a0\u00a0\u00a0\u00a0 \u2022\u00a0 Automatic switchover between closed-loop speed and pressure control<\/p>\n<p>\u2022\u00a0\u00a0\u00a0\u00a0\u00a0\u00a0\u00a0\u00a0 Multispeed function (16 programmable preset)\u00a0\u00a0\u00a0\u00a0\u00a0\u00a0\u00a0\u00a0\u00a0\u00a0\u00a0\u00a0\u00a0\u00a0\u00a0\u00a0\u00a0\u00a0\u00a0\u00a0\u00a0\u00a0\u00a0\u00a0\u00a0\u00a0\u00a0\u00a0\u00a0\u00a0\u00a0\u00a0\u00a0\u00a0\u00a0\u00a0\u00a0\u00a0\u00a0\u00a0\u00a0\u00a0\u00a0\u00a0\u00a0\u00a0\u00a0\u00a0\u00a0\u00a0\u00a0\u00a0\u00a0\u00a0\u00a0\u00a0\u00a0 \u2022\u00a0 Speed and pressure control loops tuning<\/p>\n<p>\u2022\u00a0\u00a0\u00a0\u00a0\u00a0\u00a0\u00a0\u00a0 4 independent programmable Multi-ramp with jerks\u00a0\u00a0\u00a0\u00a0\u00a0\u00a0\u00a0\u00a0\u00a0\u00a0\u00a0\u00a0\u00a0\u00a0\u00a0\u00a0\u00a0\u00a0\u00a0\u00a0\u00a0\u00a0\u00a0\u00a0\u00a0\u00a0\u00a0\u00a0\u00a0\u00a0\u00a0\u00a0\u00a0\u00a0\u00a0\u00a0\u00a0\u00a0\u00a0\u00a0\u00a0\u00a0\u00a0\u00a0\u00a0\u00a0\u00a0\u00a0 \u2022 \u00a0Pump Rotation direction identification<\/p>\n<p>\u2022\u00a0\u00a0\u00a0\u00a0\u00a0\u00a0\u00a0\u00a0 Jog function\u00a0\u00a0\u00a0\u00a0\u00a0\u00a0\u00a0\u00a0\u00a0\u00a0\u00a0\u00a0\u00a0\u00a0\u00a0\u00a0\u00a0\u00a0\u00a0\u00a0\u00a0\u00a0\u00a0\u00a0\u00a0\u00a0\u00a0\u00a0\u00a0\u00a0\u00a0\u00a0\u00a0\u00a0\u00a0\u00a0\u00a0\u00a0\u00a0\u00a0\u00a0\u00a0\u00a0\u00a0\u00a0\u00a0\u00a0\u00a0\u00a0\u00a0\u00a0\u00a0\u00a0\u00a0\u00a0\u00a0\u00a0\u00a0\u00a0\u00a0\u00a0\u00a0\u00a0\u00a0\u00a0\u00a0\u00a0\u00a0\u00a0\u00a0\u00a0\u00a0\u00a0\u00a0\u00a0\u00a0\u00a0\u00a0\u00a0\u00a0\u00a0\u00a0\u00a0\u00a0\u00a0\u00a0\u00a0\u00a0\u00a0\u00a0\u00a0\u00a0\u00a0\u00a0\u00a0\u00a0\u00a0\u00a0\u00a0\u00a0\u00a0\u00a0\u00a0\u00a0\u00a0\u00a0 \u2022 \u00a0Multi pump convergent and divergent control<\/p>\n<p>\u2022\u00a0\u00a0\u00a0\u00a0\u00a0\u00a0\u00a0\u00a0 Motorpotentiometer function\u00a0\u00a0\u00a0\u00a0\u00a0\u00a0\u00a0\u00a0\u00a0\u00a0\u00a0\u00a0\u00a0\u00a0\u00a0\u00a0\u00a0\u00a0\u00a0\u00a0\u00a0\u00a0\u00a0\u00a0\u00a0\u00a0\u00a0\u00a0\u00a0\u00a0\u00a0\u00a0\u00a0\u00a0\u00a0\u00a0\u00a0\u00a0\u00a0\u00a0\u00a0\u00a0\u00a0\u00a0\u00a0\u00a0\u00a0\u00a0\u00a0\u00a0\u00a0\u00a0\u00a0\u00a0\u00a0\u00a0\u00a0\u00a0\u00a0\u00a0\u00a0\u00a0\u00a0\u00a0\u00a0\u00a0\u00a0\u00a0\u00a0\u00a0\u00a0\u00a0\u00a0\u00a0\u00a0\u00a0\u00a0\u00a0\u00a0\u00a0\u00a0\u00a0\u00a0 \u2022 \u00a0Multilevel PID<\/p>\n<p>\u2022\u00a0\u00a0\u00a0\u00a0\u00a0\u00a0\u00a0\u00a0 Droop function\u00a0\u00a0\u00a0\u00a0\u00a0\u00a0\u00a0\u00a0\u00a0\u00a0\u00a0\u00a0\u00a0\u00a0\u00a0\u00a0\u00a0\u00a0\u00a0\u00a0\u00a0\u00a0\u00a0\u00a0\u00a0\u00a0\u00a0\u00a0\u00a0\u00a0\u00a0\u00a0\u00a0\u00a0\u00a0\u00a0\u00a0\u00a0\u00a0\u00a0\u00a0\u00a0\u00a0\u00a0\u00a0\u00a0\u00a0\u00a0\u00a0\u00a0\u00a0\u00a0\u00a0\u00a0\u00a0\u00a0\u00a0\u00a0\u00a0\u00a0\u00a0\u00a0\u00a0\u00a0\u00a0\u00a0\u00a0\u00a0\u00a0\u00a0\u00a0\u00a0\u00a0\u00a0\u00a0\u00a0\u00a0\u00a0\u00a0\u00a0\u00a0\u00a0\u00a0\u00a0\u00a0\u00a0\u00a0\u00a0\u00a0\u00a0\u00a0\u00a0\u00a0\u00a0\u00a0\u00a0\u00a0\u00a0\u00a0\u00a0\u00a0\u00a0\u00a0\u00a0\u00a0 \u2022 \u00a0Pump negative speed alarm<\/p>\n<p>\u2022\u00a0\u00a0\u00a0\u00a0\u00a0\u00a0\u00a0\u00a0 Double parameters setting<\/p>\n<p>\u2022\u00a0\u00a0\u00a0\u00a0\u00a0\u00a0\u00a0\u00a0 Variable switching frequency<\/p>\n<p>\u2022\u00a0\u00a0\u00a0\u00a0\u00a0\u00a0\u00a0\u00a0 Motor temperature monitoring<\/p>\n<p>\u2022\u00a0\u00a0\u00a0\u00a0\u00a0\u00a0\u00a0\u00a0 Advanced programming via MDPLC tool (IEC 61131-3 standard environment)<\/td>\n<\/tr>\n<tr>\n<td rowspan=\"6\" width=\"29\"><strong>Environmental<\/strong><\/td>\n<td width=\"145\">&nbsp;<\/p>\n<p>Immunity \/ emissions<\/td>\n<td width=\"526\">In compliance with EN61800-3.<\/p>\n<p>Conducted emission C2 up to 11kW and C3 with \u201cF\u201d configuration. (External filter available for standard version, no filter inside).<\/td>\n<\/tr>\n<tr>\n<td width=\"145\">Climatic conditions<\/td>\n<td width=\"526\">EN60721-3-3<\/td>\n<\/tr>\n<tr>\n<td width=\"145\">Protection class<\/td>\n<td width=\"526\">IP20<\/td>\n<\/tr>\n<tr>\n<td width=\"145\">Cooling system<\/td>\n<td width=\"526\">Forced-air<\/td>\n<\/tr>\n<tr>\n<td width=\"145\">Operating temperature<\/td>\n<td width=\"526\">-10&#8230;40\u00b0C (14\u00b0\u2026104\u00b0F), +40\u00b0C\u2026+50\u00b0C (+104 \u2026 +122\u00b0F) with derating<\/td>\n<\/tr>\n<tr>\n<td width=\"145\">Altitude<\/td>\n<td width=\"526\">Max 2000 m (up to 1000 m without derating)<\/td>\n<\/tr>\n<tr>\n<td rowspan=\"2\" width=\"29\"><strong>Markings<\/strong><\/td>\n<td width=\"145\">&nbsp;<\/p>\n<p>&nbsp;<\/td>\n<td width=\"526\">Complies with the EC Directive concerning low voltage equipment (Directives LVD 2014\/35\/EC, EMC 2014\/30\/EC)<\/td>\n<\/tr>\n<tr>\n<td width=\"145\"><\/td>\n<td width=\"526\">UL508C<\/td>\n<\/tr>\n<\/tbody>\n<\/table>\n<p><\/p>","protected":false},"excerpt":{"rendered":"<p>&nbsp;<\/p>\n<p><strong>Full vector Inverter from 7.5 kW up to 75 kW with special PID function for servopump hybrid injection machines<\/strong><\/p>\n<p><strong>* Mains supply:<\/strong><br \/>\n&#8211; 3 x 230-400 -480 VAC, 50\/60Hz<br \/>\n<strong>* Motor ratings<\/strong>\u00a0from 7,5kW (10Hp) to 75kW (100Hp)<\/p>\n<p><strong>* Certifications:\u00a0<\/strong>CE, cULus<\/p>\n<p><strong>Features:<\/strong><\/p>\n<ul>\n<li>Motor type: Synchronous Motors<\/li>\n<li>Regulation control mode: Vector control with feedback (Encoder expansion card mandatory)<\/li>\n<li>Max Output frequency 300Hz<\/li>\n<li>DC side choke integrated in ADP200-4300&#8230;5750 models.<\/li>\n<li>AC side external choke mandatory in ADP200-5S550 and ADP200-5S750 models<\/li>\n<li>EMC Filter Integrated in -F models (EN61800-3 category C2 and C3)<\/li>\n<li>Dynamic Braking Module Integrated with external resistor (except ADP200-5750 model)<\/li>\n<li>Overload management 170% x In (per 60 sec.), 200% x In (per 3 sec)<\/li>\n<li>Multilanguage programming software<\/li>\n<li>Advanced programming via MDPLC tool (IEC 61131-3 standard environment)<\/li>\n<li>Integrated simplified programming keypad and optional keypad with multiple languages LCD display<\/li>\n<li>3 differential analog inputs:<br \/>\n1 for pressure sensor:<br \/>\nVoltage: 0\u202610 V or 0.1\u202610.1 V (3 wires)<br \/>\nCurrent: 0\u202620 mA or 4\u202620mA (2 wires)<\/li>\n<\/ul>\n<p>2 for flow\/pressure references or general purpose:<br \/>\nVoltage: +\/- 10 V<br \/>\nCurrent: 0\u202620 mA or 4\u202620 mA<\/p>\n<ul>\n<li>1 Analog output: 0\u202610 V o 0~20mA \/4~20mA<\/li>\n<li>6 Digital Inputs + enable<\/li>\n<li>2 Digital Outputs<\/li>\n<li>2 Relay Outputs<\/li>\n<li>1 motor protection input (compatible with PTC, KTY, Klixon)<\/li>\n<li>RS485 Serial Line (Modbus RTU protocol)<\/li>\n<li>Integrated CAN fieldbus communication (in \u2013C version)<\/li>\n<li>Speed feedback through Resolver card<\/li>\n<li>Wide range of optional encoder cards<\/li>\n<li>Integrated Slot for SD card<\/li>\n<li>IP20 protection degree<\/li>\n<\/ul>\n","protected":false},"featured_media":1782,"comment_status":"open","ping_status":"closed","template":"","meta":[],"product_cat":[122,130],"product_tag":[],"yoast_head":"<!-- This site is optimized with the Yoast SEO plugin v16.6.1 - https:\/\/yoast.com\/wordpress\/plugins\/seo\/ -->\n<title>ADP200 - NEW SKY CO.,LTD<\/title>\n<meta name=\"robots\" content=\"index, follow, max-snippet:-1, max-image-preview:large, max-video-preview:-1\" \/>\n<link rel=\"canonical\" href=\"https:\/\/newskyvn.com\/product\/adp200\/\" \/>\n<meta property=\"og:locale\" content=\"en_US\" \/>\n<meta property=\"og:type\" content=\"article\" \/>\n<meta property=\"og:title\" content=\"ADP200 - NEW SKY CO.,LTD\" \/>\n<meta property=\"og:description\" content=\"[:vi]&nbsp;  Bi\u1ebfn t\u1ea7n vector d\u1ea3i c\u00f4ng su\u1ea5t t\u1eeb 7,5 kW \u0111\u1ebfn 75 kW v\u1edbi ch\u1ee9c n\u0103ng PID \u0111\u1eb7c bi\u1ec7t b\u01a1m d\u00f9ng servo v\u1edbi ngu\u1ed3n k\u1ebft h\u1ee3p - Hybrid.  * Ngu\u1ed3n cung c\u1ea5p: - 3 x 230-400-480 VAC, 50 \/ 60Hz * X\u1ebfp h\u1ea1ng \u0111\u1ed9ng c\u01a1\u00a0t\u1eeb 7,5kW (10Hp) \u0111\u1ebfn 75kW (100Hp)  * Ch\u1ee9ng ch\u1ec9:\u00a0CE, cULus  \u0110\u1eb7c tr\u01b0ng:   Lo\u1ea1i \u0111\u1ed9ng c\u01a1: \u0110\u1ed9ng c\u01a1 \u0111\u1ed3ng b\u1ed9  Ch\u1ebf \u0111\u1ed9 \u0111i\u1ec1u khi\u1ec3n quy \u0111\u1ecbnh: \u0110i\u1ec1u khi\u1ec3n vect\u01a1 v\u1edbi ph\u1ea3n h\u1ed3i (B\u1eaft bu\u1ed9c c\u00f3 th\u1ebb m\u1edf r\u1ed9ng b\u1ed9 m\u00e3 h\u00f3a)  T\u1ea7n s\u1ed1 \u0111\u1ea7u ra t\u1ed1i \u0111a 300Hz  Cu\u1ed9n c\u1ea3m b\u00ean DC t\u00edch h\u1ee3p trong c\u00e1c ki\u1ec3u ADP200-4300 ... 5750.  AC b\u00ean ngo\u00e0i cu\u1ed9n c\u1ea3m b\u1eaft bu\u1ed9c trong c\u00e1c ki\u1ec3u ADP200-5S550 v\u00e0 ADP200-5S750  B\u1ed9 l\u1ecdc EMC T\u00edch h\u1ee3p trong c\u00e1c ki\u1ec3u -F (EN61800-3 lo\u1ea1i C2 v\u00e0 C3)  M\u00f4-\u0111un phanh \u0111\u1ed9ng T\u00edch h\u1ee3p v\u1edbi \u0111i\u1ec7n tr\u1edf b\u00ean ngo\u00e0i (ngo\u1ea1i tr\u1eeb ki\u1ec3u ADP200-5750)  Qu\u1ea3n l\u00fd qu\u00e1 t\u1ea3i 170% x In (m\u1ed7i 60 gi\u00e2y), 200% x In (m\u1ed7i 3 gi\u00e2y)  Ph\u1ea7n m\u1ec1m l\u1eadp tr\u00ecnh \u0111a ng\u00f4n ng\u1eef  L\u1eadp tr\u00ecnh n\u00e2ng cao th\u00f4ng qua c\u00f4ng c\u1ee5 MDPLC (m\u00f4i tr\u01b0\u1eddng ti\u00eau chu\u1ea9n IEC 61131-3)  T\u00edch h\u1ee3p b\u00e0n ph\u00edm l\u1eadp tr\u00ecnh \u0111\u01a1n gi\u1ea3n h\u00f3a v\u00e0 b\u00e0n ph\u00edm t\u00f9y ch\u1ecdn v\u1edbi nhi\u1ec1u ng\u00f4n ng\u1eef M\u00e0n h\u00ecnh LCD  3 \u0111\u1ea7u v\u00e0o t\u01b0\u01a1ng t\u1ef1 kh\u00e1c bi\u1ec7t: 1 cho c\u1ea3m bi\u1ebfn \u00e1p su\u1ea5t: \u0110i\u1ec7n \u00e1p: 0\u2026 10 V ho\u1eb7c 0,1\u2026 10,1 V (3 d\u00e2y) D\u00f2ng \u0111i\u1ec7n: 0\u2026 20 mA ho\u1eb7c 4\u2026 20mA (2 d\u00e2y)  \u00a0\u00a0\u00a0\u00a0\u00a0\u00a0\u00a0\u00a0\u00a0 2 cho tham chi\u1ebfu d\u00f2ng \/ \u00e1p su\u1ea5t ho\u1eb7c m\u1ee5c \u0111\u00edch chung: \u00a0\u00a0\u00a0\u00a0\u00a0\u00a0\u00a0\u00a0\u00a0 \u0110i\u1ec7n \u00e1p: +\/- 10 V \u00a0\u00a0\u00a0\u00a0\u00a0\u00a0\u00a0\u00a0\u00a0 D\u00f2ng \u0111i\u1ec7n: 0\u2026 20 mA ho\u1eb7c 4\u2026 20 mA   1 Ng\u00f5 ra analog: 0\u2026 10 V o 0 ~ 20mA \/ 4 ~ 20mA  6 \u0111\u1ea7u v\u00e0o k\u1ef9 thu\u1eadt s\u1ed1 + k\u00edch ho\u1ea1t  2 \u0111\u1ea7u ra k\u1ef9 thu\u1eadt s\u1ed1  2 \u0111\u1ea7u ra r\u01a1le  1 \u0111\u1ea7u v\u00e0o b\u1ea3o v\u1ec7 \u0111\u1ed9ng c\u01a1 (t\u01b0\u01a1ng th\u00edch v\u1edbi PTC, KTY, Klixon)  D\u00f2ng n\u1ed1i ti\u1ebfp RS485 (giao th\u1ee9c Modbus RTU)  Giao ti\u1ebfp bus tr\u01b0\u1eddng CAN t\u00edch h\u1ee3p (trong phi\u00ean b\u1ea3n \u2013C)  Ph\u1ea3n h\u1ed3i t\u1ed1c \u0111\u1ed9 th\u00f4ng qua th\u1ebb Resolver  Nhi\u1ec1u lo\u1ea1i th\u1ebb m\u00e3 h\u00f3a t\u00f9y ch\u1ecdn  Khe c\u1eafm t\u00edch h\u1ee3p cho th\u1ebb SD  M\u1ee9c \u0111\u1ed9 b\u1ea3o v\u1ec7 IP20 [:en]&nbsp;  Full vector Inverter from 7.5 kW up to 75 kW with special PID function for servopump hybrid injection machines  * Mains supply: - 3 x 230-400 -480 VAC, 50\/60Hz * Motor ratings\u00a0from 7,5kW (10Hp) to 75kW (100Hp)  * Certifications:\u00a0CE, cULus  Features:   Motor type: Synchronous Motors  Regulation control mode: Vector control with feedback (Encoder expansion card mandatory)  Max Output frequency 300Hz  DC side choke integrated in ADP200-4300...5750 models.  AC side external choke mandatory in ADP200-5S550 and ADP200-5S750 models  EMC Filter Integrated in -F models (EN61800-3 category C2 and C3)  Dynamic Braking Module Integrated with external resistor (except ADP200-5750 model)  Overload management 170% x In (per 60 sec.), 200% x In (per 3 sec)  Multilanguage programming software  Advanced programming via MDPLC tool (IEC 61131-3 standard environment)  Integrated simplified programming keypad and optional keypad with multiple languages LCD display  3 differential analog inputs: 1 for pressure sensor: Voltage: 0\u202610 V or 0.1\u202610.1 V (3 wires) Current: 0\u202620 mA or 4\u202620mA (2 wires)  2 for flow\/pressure references or general purpose: Voltage: +\/- 10 V Current: 0\u202620 mA or 4\u202620 mA   1 Analog output: 0\u202610 V o 0~20mA \/4~20mA  6 Digital Inputs + enable  2 Digital Outputs  2 Relay Outputs  1 motor protection input (compatible with PTC, KTY, Klixon)  RS485 Serial Line (Modbus RTU protocol)  Integrated CAN fieldbus communication (in \u2013C version)  Speed feedback through Resolver card  Wide range of optional encoder cards  Integrated Slot for SD card  IP20 protection degree [:]\" \/>\n<meta property=\"og:url\" content=\"https:\/\/newskyvn.com\/product\/adp200\/\" \/>\n<meta property=\"og:site_name\" content=\"NEW SKY CO.,LTD\" \/>\n<meta property=\"article:modified_time\" content=\"2024-11-09T11:19:23+00:00\" \/>\n<meta property=\"og:image\" content=\"https:\/\/newskyvn.com\/wp-content\/uploads\/2021\/09\/show_ADP200_size2_tastiera_030919_LOW.jpg\" \/>\n\t<meta property=\"og:image:width\" content=\"500\" \/>\n\t<meta property=\"og:image:height\" content=\"500\" \/>\n<meta name=\"twitter:card\" content=\"summary_large_image\" \/>\n<meta name=\"twitter:label1\" content=\"Est. reading time\" \/>\n\t<meta name=\"twitter:data1\" content=\"2 minutes\" \/>\n<script type=\"application\/ld+json\" class=\"yoast-schema-graph\">{\"@context\":\"https:\/\/schema.org\",\"@graph\":[{\"@type\":\"WebSite\",\"@id\":\"https:\/\/newskyvn.com\/#website\",\"url\":\"https:\/\/newskyvn.com\/\",\"name\":\"NEW SKY CO.,LTD\",\"description\":\"C\\u00f4ng Ty TNHH S\\u1ea3n Xu\\u1ea5t Th\\u01b0\\u01a1ng M\\u1ea1i D\\u1ecbch V\\u1ee5 T\\u00e2n Thi\\u00ean\",\"potentialAction\":[{\"@type\":\"SearchAction\",\"target\":{\"@type\":\"EntryPoint\",\"urlTemplate\":\"https:\/\/newskyvn.com\/?s={search_term_string}\"},\"query-input\":\"required name=search_term_string\"}],\"inLanguage\":\"en-US\"},{\"@type\":\"ImageObject\",\"@id\":\"https:\/\/newskyvn.com\/product\/adp200\/#primaryimage\",\"inLanguage\":\"en-US\",\"url\":\"https:\/\/newskyvn.com\/wp-content\/uploads\/2021\/09\/show_ADP200_size2_tastiera_030919_LOW.jpg\",\"contentUrl\":\"https:\/\/newskyvn.com\/wp-content\/uploads\/2021\/09\/show_ADP200_size2_tastiera_030919_LOW.jpg\",\"width\":500,\"height\":500},{\"@type\":\"WebPage\",\"@id\":\"https:\/\/newskyvn.com\/product\/adp200\/#webpage\",\"url\":\"https:\/\/newskyvn.com\/product\/adp200\/\",\"name\":\"ADP200 - NEW SKY CO.,LTD\",\"isPartOf\":{\"@id\":\"https:\/\/newskyvn.com\/#website\"},\"primaryImageOfPage\":{\"@id\":\"https:\/\/newskyvn.com\/product\/adp200\/#primaryimage\"},\"datePublished\":\"2021-09-27T08:48:44+00:00\",\"dateModified\":\"2024-11-09T11:19:23+00:00\",\"breadcrumb\":{\"@id\":\"https:\/\/newskyvn.com\/product\/adp200\/#breadcrumb\"},\"inLanguage\":\"en-US\",\"potentialAction\":[{\"@type\":\"ReadAction\",\"target\":[\"https:\/\/newskyvn.com\/product\/adp200\/\"]}]},{\"@type\":\"BreadcrumbList\",\"@id\":\"https:\/\/newskyvn.com\/product\/adp200\/#breadcrumb\",\"itemListElement\":[{\"@type\":\"ListItem\",\"position\":1,\"name\":\"Product\",\"item\":\"https:\/\/newskyvn.com\/en\/san-pham\/\"},{\"@type\":\"ListItem\",\"position\":2,\"name\":\"ADP200\"}]}]}<\/script>\n<!-- \/ Yoast SEO plugin. -->","_links":{"self":[{"href":"https:\/\/newskyvn.com\/en\/wp-json\/wp\/v2\/product\/1780"}],"collection":[{"href":"https:\/\/newskyvn.com\/en\/wp-json\/wp\/v2\/product"}],"about":[{"href":"https:\/\/newskyvn.com\/en\/wp-json\/wp\/v2\/types\/product"}],"replies":[{"embeddable":true,"href":"https:\/\/newskyvn.com\/en\/wp-json\/wp\/v2\/comments?post=1780"}],"wp:featuredmedia":[{"embeddable":true,"href":"https:\/\/newskyvn.com\/en\/wp-json\/wp\/v2\/media\/1782"}],"wp:attachment":[{"href":"https:\/\/newskyvn.com\/en\/wp-json\/wp\/v2\/media?parent=1780"}],"wp:term":[{"taxonomy":"product_cat","embeddable":true,"href":"https:\/\/newskyvn.com\/en\/wp-json\/wp\/v2\/product_cat?post=1780"},{"taxonomy":"product_tag","embeddable":true,"href":"https:\/\/newskyvn.com\/en\/wp-json\/wp\/v2\/product_tag?post=1780"}],"curies":[{"name":"wp","href":"https:\/\/api.w.org\/{rel}","templated":true}]}}