{"id":1776,"date":"2021-09-27T08:37:47","date_gmt":"2021-09-27T08:37:47","guid":{"rendered":"https:\/\/newskyvn.com\/?post_type=product&#038;p=1776"},"modified":"2024-11-09T07:37:36","modified_gmt":"2024-11-09T07:37:36","slug":"adv200-sp","status":"publish","type":"product","link":"https:\/\/newskyvn.com\/en\/product\/adv200-sp\/","title":{"rendered":"ADV200 SP"},"content":{"rendered":"<p>&nbsp;<\/p>\n<p><span style=\"color: #0000ff;\"><strong>TECHNICAL DATA OF ADV200 SP<\/strong><\/span><\/p>\n<p><strong><u>SPECIAL SOLAR PUMP FEATURES<\/u><\/strong><\/p>\n<p>ADV200 SP integrates application-oriented functions in order to control solar pumping system even without a controller.<\/p>\n<p><img class=\"img-responsive\" src=\"https:\/\/www.gefran.com\/system\/ckeditor_assets\/pictures\/957\/content_ADV200-SP_Icone_Features.png\" alt=\"\" \/><\/p>\n<p><img loading=\"lazy\" class=\"alignnone size-medium wp-image-1779\" src=\"https:\/\/newskyvn.com\/wp-content\/uploads\/2021\/09\/content_Diagram_SP-300x267.jpg\" alt=\"\" width=\"300\" height=\"267\" srcset=\"https:\/\/newskyvn.com\/wp-content\/uploads\/2021\/09\/content_Diagram_SP-300x267.jpg 300w, https:\/\/newskyvn.com\/wp-content\/uploads\/2021\/09\/content_Diagram_SP-768x683.jpg 768w, https:\/\/newskyvn.com\/wp-content\/uploads\/2021\/09\/content_Diagram_SP-600x533.jpg 600w, https:\/\/newskyvn.com\/wp-content\/uploads\/2021\/09\/content_Diagram_SP.jpg 800w\" sizes=\"(max-width: 300px) 85vw, 300px\" \/><\/p>\n<table>\n<tbody>\n<tr>\n<td width=\"227\"><\/td>\n<td width=\"246\">ADV200<\/td>\n<td width=\"246\">ADV200 WA &#8211; ADV200 SP<\/td>\n<\/tr>\n<tr>\n<td width=\"227\"><strong>Control algorithm<\/strong><\/td>\n<td colspan=\"2\" width=\"491\">Field Oriented Control<\/td>\n<\/tr>\n<tr>\n<td width=\"227\"><strong>Motor<\/strong> <strong>type<\/strong><\/td>\n<td width=\"246\">Asynchronous \/ Synchronous<\/td>\n<td width=\"246\">Asynchronous<\/td>\n<\/tr>\n<tr>\n<td width=\"227\"><strong>Analog inputs<\/strong><\/td>\n<td colspan=\"2\" width=\"491\">2 two-pole (Voltage\/Current)<\/td>\n<\/tr>\n<tr>\n<td width=\"227\"><strong>Analog outputs<\/strong><\/td>\n<td colspan=\"2\" width=\"491\">2 two-pole (1 voltage or current, 1 voltage)<\/td>\n<\/tr>\n<tr>\n<td width=\"227\"><strong>Digital inputs<\/strong><\/td>\n<td colspan=\"2\" width=\"491\">6 (PNP \/ NPN)<\/td>\n<\/tr>\n<tr>\n<td width=\"227\"><strong>Digital outputs<\/strong><\/td>\n<td colspan=\"2\" width=\"491\">4 (PNP \/ NPN) , (2 static and 2 relay)<\/td>\n<\/tr>\n<tr>\n<td width=\"227\"><strong>\u00a0<\/strong><\/p>\n<p><strong>Overload<\/strong><\/td>\n<td width=\"246\">Heavy: Async. = 150% * In (1\u2019 every 5\u2019), 180% * In (for<\/p>\n<p>0,5\u201d); Sync.=160% * In (1\u2019 every 5\u2019), 200% * In (for 3\u201d)<\/p>\n<p>Light: Async. and Sync.=110% * In (1\u2019 every 5\u2019)<\/td>\n<td width=\"246\">Light: 110% * In (1\u2019 every 5\u2019)<\/p>\n<p>Heavy: 150% * In (1\u2019 every 5\u2019); 180% * In (0,5\u201d every 5\u2019)<\/td>\n<\/tr>\n<tr>\n<td width=\"227\"><strong>Serial communication<\/strong><\/td>\n<td colspan=\"2\" width=\"491\">Standard: RS485 with Modbus RTU.<\/p>\n<p>Optional: DeviceNet, Profibus DP, CANopen\u00ae, GDNet, Ethercat, Ethernet IP<\/td>\n<\/tr>\n<tr>\n<td width=\"227\"><strong>EMI filter and Choke<\/strong><\/td>\n<td colspan=\"2\" width=\"491\">Integrated<\/td>\n<\/tr>\n<tr>\n<td width=\"227\"><strong>Programming keypad<\/strong><\/td>\n<td colspan=\"2\" width=\"491\">Standard Integrated; on request external keypad.<\/td>\n<\/tr>\n<tr>\n<td width=\"227\"><strong>Integrated PLC<\/strong><\/td>\n<td colspan=\"2\" width=\"491\">Motion Drive Programmable Logic Controller, standard IEC61131-3 , 5 languages)<\/td>\n<\/tr>\n<tr>\n<td width=\"227\"><strong>Working temperature<\/strong><\/td>\n<td colspan=\"2\" width=\"491\">-10\u2026+40\u00b0C (32\u00b0\u2026104\u00b0F)<\/td>\n<\/tr>\n<tr>\n<td width=\"227\"><strong>Markings<\/strong><\/td>\n<td colspan=\"2\" width=\"491\">CE<\/td>\n<\/tr>\n<\/tbody>\n<\/table>\n<p><\/p>","protected":false},"excerpt":{"rendered":"<p>&nbsp;<\/p>\n<p><strong>Inverter for solar water pumps<\/strong><\/p>\n<p>Power Range: from 1.5kW up to 160 kW<\/p>\n<p>Mains supply:<\/p>\n<ul>\n<li>DC: 330\u2026800 Vdc<\/li>\n<li>AC: 3 x 380\u2026480Vac, 50\/60Hz<\/li>\n<\/ul>\n<p>System configuration<\/p>\n<ul>\n<li>Isolated (PV alone)<\/li>\n<li>Dual supply (PV or secondary power source)<\/li>\n<li>Hybrid (PV and secondary power source)<\/li>\n<\/ul>\n<p>Certifications: CE, UL, cULus<\/p>\n","protected":false},"featured_media":1778,"comment_status":"open","ping_status":"closed","template":"","meta":[],"product_cat":[122,130],"product_tag":[],"yoast_head":"<!-- This site is optimized with the Yoast SEO plugin v16.6.1 - https:\/\/yoast.com\/wordpress\/plugins\/seo\/ -->\n<title>ADV200 SP - NEW SKY CO.,LTD<\/title>\n<meta name=\"robots\" content=\"index, follow, max-snippet:-1, max-image-preview:large, max-video-preview:-1\" \/>\n<link rel=\"canonical\" href=\"https:\/\/newskyvn.com\/product\/adv200-sp\/\" \/>\n<meta property=\"og:locale\" content=\"en_US\" \/>\n<meta property=\"og:type\" content=\"article\" \/>\n<meta property=\"og:title\" content=\"ADV200 SP - NEW SKY CO.,LTD\" \/>\n<meta property=\"og:description\" content=\"[:vi]&nbsp;  Bi\u1ebfn t\u1ea7n ADV200 SP cho m\u00e1y b\u01a1m n\u01b0\u1edbc n\u0103ng l\u01b0\u1ee3ng m\u1eb7t tr\u1eddi  Ph\u1ea1m vi c\u00f4ng su\u1ea5t: t\u1eeb 1,5kW \u0111\u1ebfn 160 kW  Ngu\u1ed3n cung c\u1ea5p:   DC: 330\u2026 800 Vdc  AC: 3 x 380\u2026 480Vac, 50 \/ 60Hz  C\u1ea5u h\u00ecnh h\u1ec7 th\u00f4ng   C\u00e1ch \u0111i\u1ec7n (PV)  Ngu\u1ed3n cung c\u1ea5p k\u00e9p (T\u1eeb ngu\u1ed3n l\u01b0\u1edbi ho\u1eb7c ngu\u1ed3n \u0111i\u1ec7n th\u1ee9 c\u1ea5p)  K\u1ebft h\u1ee3p (Ngu\u1ed3n l\u01b0\u1edbi\u00a0 v\u00e0 ngu\u1ed3n \u0111i\u1ec7n th\u1ee9 c\u1ea5p)  Gi\u1ea5y ch\u1ee9ng nh\u1eadn: CE, UL, cULus[:en]&nbsp;  Inverter for solar water pumps  Power Range: from 1.5kW up to 160 kW  Mains supply:   DC: 330\u2026800 Vdc  AC: 3 x 380\u2026480Vac, 50\/60Hz  System configuration   Isolated (PV alone)  Dual supply (PV or secondary power source)  Hybrid (PV and secondary power source)  Certifications: CE, UL, cULus[:]\" \/>\n<meta property=\"og:url\" content=\"https:\/\/newskyvn.com\/product\/adv200-sp\/\" \/>\n<meta property=\"og:site_name\" content=\"NEW SKY CO.,LTD\" \/>\n<meta property=\"article:modified_time\" content=\"2024-11-09T07:37:36+00:00\" \/>\n<meta property=\"og:image\" content=\"https:\/\/newskyvn.com\/wp-content\/uploads\/2021\/09\/show_ADV200-SP_S2_Bollino.jpg\" \/>\n\t<meta property=\"og:image:width\" content=\"500\" \/>\n\t<meta property=\"og:image:height\" content=\"500\" \/>\n<meta name=\"twitter:card\" content=\"summary_large_image\" \/>\n<meta name=\"twitter:label1\" content=\"Est. reading time\" \/>\n\t<meta name=\"twitter:data1\" content=\"2 minutes\" \/>\n<script type=\"application\/ld+json\" class=\"yoast-schema-graph\">{\"@context\":\"https:\/\/schema.org\",\"@graph\":[{\"@type\":\"WebSite\",\"@id\":\"https:\/\/newskyvn.com\/#website\",\"url\":\"https:\/\/newskyvn.com\/\",\"name\":\"NEW SKY CO.,LTD\",\"description\":\"C\\u00f4ng Ty TNHH S\\u1ea3n Xu\\u1ea5t Th\\u01b0\\u01a1ng M\\u1ea1i D\\u1ecbch V\\u1ee5 T\\u00e2n Thi\\u00ean\",\"potentialAction\":[{\"@type\":\"SearchAction\",\"target\":{\"@type\":\"EntryPoint\",\"urlTemplate\":\"https:\/\/newskyvn.com\/?s={search_term_string}\"},\"query-input\":\"required name=search_term_string\"}],\"inLanguage\":\"en-US\"},{\"@type\":\"ImageObject\",\"@id\":\"https:\/\/newskyvn.com\/product\/adv200-sp\/#primaryimage\",\"inLanguage\":\"en-US\",\"url\":\"https:\/\/newskyvn.com\/wp-content\/uploads\/2021\/09\/show_ADV200-SP_S2_Bollino.jpg\",\"contentUrl\":\"https:\/\/newskyvn.com\/wp-content\/uploads\/2021\/09\/show_ADV200-SP_S2_Bollino.jpg\",\"width\":500,\"height\":500},{\"@type\":\"WebPage\",\"@id\":\"https:\/\/newskyvn.com\/product\/adv200-sp\/#webpage\",\"url\":\"https:\/\/newskyvn.com\/product\/adv200-sp\/\",\"name\":\"ADV200 SP - NEW SKY CO.,LTD\",\"isPartOf\":{\"@id\":\"https:\/\/newskyvn.com\/#website\"},\"primaryImageOfPage\":{\"@id\":\"https:\/\/newskyvn.com\/product\/adv200-sp\/#primaryimage\"},\"datePublished\":\"2021-09-27T08:37:47+00:00\",\"dateModified\":\"2024-11-09T07:37:36+00:00\",\"breadcrumb\":{\"@id\":\"https:\/\/newskyvn.com\/product\/adv200-sp\/#breadcrumb\"},\"inLanguage\":\"en-US\",\"potentialAction\":[{\"@type\":\"ReadAction\",\"target\":[\"https:\/\/newskyvn.com\/product\/adv200-sp\/\"]}]},{\"@type\":\"BreadcrumbList\",\"@id\":\"https:\/\/newskyvn.com\/product\/adv200-sp\/#breadcrumb\",\"itemListElement\":[{\"@type\":\"ListItem\",\"position\":1,\"name\":\"Product\",\"item\":\"https:\/\/newskyvn.com\/en\/san-pham\/\"},{\"@type\":\"ListItem\",\"position\":2,\"name\":\"ADV200 SP\"}]}]}<\/script>\n<!-- \/ Yoast SEO plugin. -->","_links":{"self":[{"href":"https:\/\/newskyvn.com\/en\/wp-json\/wp\/v2\/product\/1776"}],"collection":[{"href":"https:\/\/newskyvn.com\/en\/wp-json\/wp\/v2\/product"}],"about":[{"href":"https:\/\/newskyvn.com\/en\/wp-json\/wp\/v2\/types\/product"}],"replies":[{"embeddable":true,"href":"https:\/\/newskyvn.com\/en\/wp-json\/wp\/v2\/comments?post=1776"}],"wp:featuredmedia":[{"embeddable":true,"href":"https:\/\/newskyvn.com\/en\/wp-json\/wp\/v2\/media\/1778"}],"wp:attachment":[{"href":"https:\/\/newskyvn.com\/en\/wp-json\/wp\/v2\/media?parent=1776"}],"wp:term":[{"taxonomy":"product_cat","embeddable":true,"href":"https:\/\/newskyvn.com\/en\/wp-json\/wp\/v2\/product_cat?post=1776"},{"taxonomy":"product_tag","embeddable":true,"href":"https:\/\/newskyvn.com\/en\/wp-json\/wp\/v2\/product_tag?post=1776"}],"curies":[{"name":"wp","href":"https:\/\/api.w.org\/{rel}","templated":true}]}}