{"id":1772,"date":"2021-09-27T08:19:33","date_gmt":"2021-09-27T08:19:33","guid":{"rendered":"https:\/\/newskyvn.com\/?post_type=product&#038;p=1772"},"modified":"2024-11-09T05:08:46","modified_gmt":"2024-11-09T05:08:46","slug":"adv200-wa","status":"publish","type":"product","link":"https:\/\/newskyvn.com\/en\/product\/adv200-wa\/","title":{"rendered":"ADV200 WA"},"content":{"rendered":"<p>&nbsp;<\/p>\n<p><span style=\"color: #0000ff;\"><strong>TECHNICAL DATA OF ADV200 WA<\/strong><\/span><\/p>\n<table>\n<tbody>\n<tr>\n<td width=\"227\"><\/td>\n<td width=\"246\">ADV200<\/td>\n<td width=\"246\">ADV200 WA &#8211; ADV200 SP<\/td>\n<\/tr>\n<tr>\n<td width=\"227\"><strong>Control algorithm<\/strong><\/td>\n<td colspan=\"2\" width=\"491\">Field Oriented Control<\/td>\n<\/tr>\n<tr>\n<td width=\"227\"><strong>Motor<\/strong> <strong>type<\/strong><\/td>\n<td width=\"246\">Asynchronous \/ Synchronous<\/td>\n<td width=\"246\">Asynchronous<\/td>\n<\/tr>\n<tr>\n<td width=\"227\"><strong>Analog inputs<\/strong><\/td>\n<td colspan=\"2\" width=\"491\">2 two-pole (Voltage\/Current)<\/td>\n<\/tr>\n<tr>\n<td width=\"227\"><strong>Analog outputs<\/strong><\/td>\n<td colspan=\"2\" width=\"491\">2 two-pole (1 voltage or current, 1 voltage)<\/td>\n<\/tr>\n<tr>\n<td width=\"227\"><strong>Digital inputs<\/strong><\/td>\n<td colspan=\"2\" width=\"491\">6 (PNP \/ NPN)<\/td>\n<\/tr>\n<tr>\n<td width=\"227\"><strong>Digital outputs<\/strong><\/td>\n<td colspan=\"2\" width=\"491\">4 (PNP \/ NPN) , (2 static and 2 relay)<\/td>\n<\/tr>\n<tr>\n<td width=\"227\"><strong>\u00a0<\/strong><\/p>\n<p><strong>Overload<\/strong><\/td>\n<td width=\"246\">Heavy: Async. = 150% * In (1\u2019 every 5\u2019), 180% * In (for<\/p>\n<p>0,5\u201d); Sync.=160% * In (1\u2019 every 5\u2019), 200% * In (for 3\u201d)<\/p>\n<p>Light: Async. and Sync.=110% * In (1\u2019 every 5\u2019)<\/td>\n<td width=\"246\">Light: 110% * In (1\u2019 every 5\u2019)<\/p>\n<p>Heavy: 150% * In (1\u2019 every 5\u2019); 180% * In (0,5\u201d every 5\u2019)<\/td>\n<\/tr>\n<tr>\n<td width=\"227\"><strong>Serial communication<\/strong><\/td>\n<td colspan=\"2\" width=\"491\">Standard: RS485 with Modbus RTU.<\/p>\n<p>Optional: DeviceNet, Profibus DP, CANopen\u00ae, GDNet, Ethercat, Ethernet IP<\/td>\n<\/tr>\n<tr>\n<td width=\"227\"><strong>EMI filter and Choke<\/strong><\/td>\n<td colspan=\"2\" width=\"491\">Integrated<\/td>\n<\/tr>\n<tr>\n<td width=\"227\"><strong>Programming keypad<\/strong><\/td>\n<td colspan=\"2\" width=\"491\">Standard Integrated; on request external keypad.<\/td>\n<\/tr>\n<tr>\n<td width=\"227\"><strong>Integrated PLC<\/strong><\/td>\n<td colspan=\"2\" width=\"491\">Motion Drive Programmable Logic Controller, standard IEC61131-3 , 5 languages)<\/td>\n<\/tr>\n<tr>\n<td width=\"227\"><strong>Working temperature<\/strong><\/td>\n<td colspan=\"2\" width=\"491\">-10\u2026+40\u00b0C (32\u00b0\u2026104\u00b0F)<\/td>\n<\/tr>\n<tr>\n<td width=\"227\"><strong>Markings<\/strong><\/td>\n<td colspan=\"2\" width=\"491\">CE<\/td>\n<\/tr>\n<\/tbody>\n<\/table>\n<p><\/p>","protected":false},"excerpt":{"rendered":"<p>&nbsp;<\/p>\n<p><strong>Field-oriented vector inverter, from 1,5kW up to 1.8MW<\/strong><br \/>\n* Mains supply:<br \/>\n&#8211; 3 x 380\u2026480Vac, 50\/60Hz (-4 models )<br \/>\n&#8211; 3 x 690Vac, 50\/60Hz (-6 models )<br \/>\n&#8211; 450\u2026750Vdc (-DC-4 models)<br \/>\n&#8211; 600\u20261120Vdc (-DC-6 models)<br \/>\n* Motor ratings from 1,5kW (2Hp) to 1.8MW (2400Hp)<br \/>\n* Certifications: CE. UL, cUL<\/p>\n<p><strong>Features:<\/strong><\/p>\n<ul>\n<li style=\"list-style-type: none;\">\n<ul>\n<li>Motor type: asynchronous<\/li>\n<li>Regulation control modes: Open Loop FOC, V\/F<\/li>\n<li>Max Output frequency 500Hz<\/li>\n<li>DC Choke integrated up to 160kW<\/li>\n<li>EMC Filter integrated<\/li>\n<li>Dynamic Braking Module integrated up to 75kW<\/li>\n<li>Overload according with IEC146 Class 1 and Class 2<\/li>\n<li>Light duty and heavy duty overload management<\/li>\n<li>Up to 4 options on board<\/li>\n<li>Safety Stop card in accordance with EN 954-1 (Cat.3)<\/li>\n<li>Multilanguage programming software (5 languages)<\/li>\n<li>Advanced PLC according to the IEC61131-3 Standard<\/li>\n<li>Basic PLC Integrated<\/li>\n<li>Alphanumeric programming keypad<\/li>\n<li>2 Bipolar Analogue Inputs\u00a0 (Voltage\/Current)<\/li>\n<li>2 Bipolar Analogue Outputs (1: Voltage\/Current, 1: Voltage)<\/li>\n<li>6 Digital Inputs (PNP \/ NPN)<\/li>\n<li>2 Digital Outputs (PNP \/ NPN)<\/li>\n<li>2 Relay Outputs, single contact<\/li>\n<li>RS485 Serial Line (Modbus RTU protocol)<\/li>\n<li>Interfacing with the more common field bus: ProfiBus, CANopen, DeviceNet, EtherCAT, Industrial Ethernet(*), BACnet, LonWorks<\/li>\n<li>IP20 protection degree as standard<\/li>\n<li>IP54 external with enclosure (7,5 \u2013 90 kW)<\/li>\n<\/ul>\n<\/li>\n<\/ul>\n","protected":false},"featured_media":1775,"comment_status":"open","ping_status":"closed","template":"","meta":[],"product_cat":[122,130],"product_tag":[],"yoast_head":"<!-- This site is optimized with the Yoast SEO plugin v16.6.1 - https:\/\/yoast.com\/wordpress\/plugins\/seo\/ -->\n<title>ADV200 WA - NEW SKY CO.,LTD<\/title>\n<meta name=\"robots\" content=\"index, follow, max-snippet:-1, max-image-preview:large, max-video-preview:-1\" \/>\n<link rel=\"canonical\" href=\"https:\/\/newskyvn.com\/product\/adv200-wa\/\" \/>\n<meta property=\"og:locale\" content=\"en_US\" \/>\n<meta property=\"og:type\" content=\"article\" \/>\n<meta property=\"og:title\" content=\"ADV200 WA - NEW SKY CO.,LTD\" \/>\n<meta property=\"og:description\" content=\"[:vi]Bi\u1ebfn t\u1ea7n vector, t\u1eeb 1,5kW \u0111\u1ebfn 1,8MW * Ngu\u1ed3n cung c\u1ea5p: - 3 x 380\u2026 480Vac, 50 \/ 60Hz (-4 ki\u1ec3u) - 3 x 690Vac, 50 \/ 60Hz (-6 ki\u1ec3u) - 450\u2026 750Vdc ( Ki\u1ec3u -DC\u00a0-4)\u00a0- 600\u2026 1120Vdc (ki\u1ec3u -DC-6) * X\u1ebfp h\u1ea1ng \u0111\u1ed9ng c\u01a1 t\u1eeb 1,5kW (2Hp) \u0111\u1ebfn 1,8MW (2400Hp) * Ch\u1ee9ng nh\u1eadn: CE.\u00a0UL, cUL  \u0110\u1eb7c tr\u01b0ng:   Lo\u1ea1i \u0111\u1ed9ng c\u01a1: kh\u00f4ng \u0111\u1ed3ng b\u1ed9  Ch\u1ebf \u0111\u1ed9 \u0111i\u1ec1u khi\u1ec3n quy \u0111\u1ecbnh: Open Loop FOC, V \/ F  T\u1ea7n s\u1ed1 \u0111\u1ea7u ra t\u1ed1i \u0111a 500Hz  DC Choke t\u00edch h\u1ee3p l\u00ean \u0111\u1ebfn 160kW  B\u1ed9 l\u1ecdc EMC t\u00edch h\u1ee3p  M\u00f4-\u0111un phanh \u0111\u1ed9ng t\u00edch h\u1ee3p l\u00ean \u0111\u1ebfn 75kW  Qu\u00e1 t\u1ea3i theo IEC146 Class 1 v\u00e0 Class 2  Qu\u1ea3n l\u00fd qu\u00e1 t\u1ea3i nhi\u1ec7m v\u1ee5 nh\u1eb9 v\u00e0 nhi\u1ec7m v\u1ee5 n\u1eb7ng  L\u00ean \u0111\u1ebfn 4 l\u1ef1a ch\u1ecdn\u00a0  Th\u1ebb d\u1eebng an to\u00e0n ph\u00f9 h\u1ee3p v\u1edbi EN 954-1 (Cat.3)  Ph\u1ea7n m\u1ec1m l\u1eadp tr\u00ecnh \u0111a ng\u00f4n ng\u1eef (5 ng\u00f4n ng\u1eef)  PLC n\u00e2ng cao theo ti\u00eau chu\u1ea9n IEC61131-3  T\u00edch h\u1ee3p PLC c\u01a1 b\u1ea3n  B\u00e0n ph\u00edm l\u1eadp tr\u00ecnh ch\u1eef v\u00e0 s\u1ed1  2 \u0111\u1ea7u v\u00e0o t\u01b0\u01a1ng t\u1ef1 l\u01b0\u1ee1ng c\u1ef1c (\u0110i\u1ec7n \u00e1p \/ D\u00f2ng \u0111i\u1ec7n)  2 \u0111\u1ea7u ra t\u01b0\u01a1ng t\u1ef1 l\u01b0\u1ee1ng c\u1ef1c (1: \u0110i\u1ec7n \u00e1p \/ D\u00f2ng \u0111i\u1ec7n, 1: \u0110i\u1ec7n \u00e1p)  6 \u0111\u1ea7u v\u00e0o k\u1ef9 thu\u1eadt s\u1ed1 (PNP \/ NPN)  2 \u0111\u1ea7u ra k\u1ef9 thu\u1eadt s\u1ed1 (PNP \/ NPN)  2 \u0111\u1ea7u ra Relay, m\u1ed9t ti\u1ebfp \u0111i\u1ec3m  D\u00f2ng n\u1ed1i ti\u1ebfp RS485 (giao th\u1ee9c Modbus RTU)  Giao ti\u1ebfp v\u1edbi bus tr\u01b0\u1eddng ph\u1ed5 bi\u1ebfn h\u01a1n: ProfiBus, CANopen, DeviceNet, EtherCAT, Industrial Ethernet\u00a0(*)\u00a0, BACnet, LonWorks  M\u1ee9c \u0111\u1ed9 b\u1ea3o v\u1ec7 IP20 theo ti\u00eau chu\u1ea9n  IP54 b\u00ean ngo\u00e0i c\u00f3 v\u1ecf b\u1ecdc (7,5 - 90 kW) [:en]&nbsp;  Field-oriented vector inverter, from 1,5kW up to 1.8MW * Mains supply: - 3 x 380\u2026480Vac, 50\/60Hz (-4 models ) - 3 x 690Vac, 50\/60Hz (-6 models ) - 450\u2026750Vdc (-DC-4 models) - 600\u20261120Vdc (-DC-6 models) * Motor ratings from 1,5kW (2Hp) to 1.8MW (2400Hp) * Certifications: CE. UL, cUL  Features:      Motor type: asynchronous  Regulation control modes: Open Loop FOC, V\/F  Max Output frequency 500Hz  DC Choke integrated up to 160kW  EMC Filter integrated  Dynamic Braking Module integrated up to 75kW  Overload according with IEC146 Class 1 and Class 2  Light duty and heavy duty overload management  Up to 4 options on board  Safety Stop card in accordance with EN 954-1 (Cat.3)  Multilanguage programming software (5 languages)  Advanced PLC according to the IEC61131-3 Standard  Basic PLC Integrated  Alphanumeric programming keypad  2 Bipolar Analogue Inputs\u00a0 (Voltage\/Current)  2 Bipolar Analogue Outputs (1: Voltage\/Current, 1: Voltage)  6 Digital Inputs (PNP \/ NPN)  2 Digital Outputs (PNP \/ NPN)  2 Relay Outputs, single contact  RS485 Serial Line (Modbus RTU protocol)  Interfacing with the more common field bus: ProfiBus, CANopen, DeviceNet, EtherCAT, Industrial Ethernet(*), BACnet, LonWorks  IP20 protection degree as standard  IP54 external with enclosure (7,5 \u2013 90 kW)   [:]\" \/>\n<meta property=\"og:url\" content=\"https:\/\/newskyvn.com\/product\/adv200-wa\/\" \/>\n<meta property=\"og:site_name\" content=\"NEW SKY CO.,LTD\" \/>\n<meta property=\"article:modified_time\" content=\"2024-11-09T05:08:46+00:00\" \/>\n<meta property=\"og:image\" content=\"https:\/\/newskyvn.com\/wp-content\/uploads\/2021\/09\/show_ADV200_WA_S2_17-9.jpg\" \/>\n\t<meta property=\"og:image:width\" content=\"500\" \/>\n\t<meta property=\"og:image:height\" content=\"500\" \/>\n<meta name=\"twitter:card\" content=\"summary_large_image\" \/>\n<meta name=\"twitter:label1\" content=\"Est. reading time\" \/>\n\t<meta name=\"twitter:data1\" content=\"1 minute\" \/>\n<script type=\"application\/ld+json\" class=\"yoast-schema-graph\">{\"@context\":\"https:\/\/schema.org\",\"@graph\":[{\"@type\":\"WebSite\",\"@id\":\"https:\/\/newskyvn.com\/#website\",\"url\":\"https:\/\/newskyvn.com\/\",\"name\":\"NEW SKY CO.,LTD\",\"description\":\"C\\u00f4ng Ty TNHH S\\u1ea3n Xu\\u1ea5t Th\\u01b0\\u01a1ng M\\u1ea1i D\\u1ecbch V\\u1ee5 T\\u00e2n Thi\\u00ean\",\"potentialAction\":[{\"@type\":\"SearchAction\",\"target\":{\"@type\":\"EntryPoint\",\"urlTemplate\":\"https:\/\/newskyvn.com\/?s={search_term_string}\"},\"query-input\":\"required name=search_term_string\"}],\"inLanguage\":\"en-US\"},{\"@type\":\"ImageObject\",\"@id\":\"https:\/\/newskyvn.com\/product\/adv200-wa\/#primaryimage\",\"inLanguage\":\"en-US\",\"url\":\"https:\/\/newskyvn.com\/wp-content\/uploads\/2021\/09\/show_ADV200_WA_S2_17-9.jpg\",\"contentUrl\":\"https:\/\/newskyvn.com\/wp-content\/uploads\/2021\/09\/show_ADV200_WA_S2_17-9.jpg\",\"width\":500,\"height\":500},{\"@type\":\"WebPage\",\"@id\":\"https:\/\/newskyvn.com\/product\/adv200-wa\/#webpage\",\"url\":\"https:\/\/newskyvn.com\/product\/adv200-wa\/\",\"name\":\"ADV200 WA - NEW SKY CO.,LTD\",\"isPartOf\":{\"@id\":\"https:\/\/newskyvn.com\/#website\"},\"primaryImageOfPage\":{\"@id\":\"https:\/\/newskyvn.com\/product\/adv200-wa\/#primaryimage\"},\"datePublished\":\"2021-09-27T08:19:33+00:00\",\"dateModified\":\"2024-11-09T05:08:46+00:00\",\"breadcrumb\":{\"@id\":\"https:\/\/newskyvn.com\/product\/adv200-wa\/#breadcrumb\"},\"inLanguage\":\"en-US\",\"potentialAction\":[{\"@type\":\"ReadAction\",\"target\":[\"https:\/\/newskyvn.com\/product\/adv200-wa\/\"]}]},{\"@type\":\"BreadcrumbList\",\"@id\":\"https:\/\/newskyvn.com\/product\/adv200-wa\/#breadcrumb\",\"itemListElement\":[{\"@type\":\"ListItem\",\"position\":1,\"name\":\"Product\",\"item\":\"https:\/\/newskyvn.com\/en\/san-pham\/\"},{\"@type\":\"ListItem\",\"position\":2,\"name\":\"ADV200 WA\"}]}]}<\/script>\n<!-- \/ Yoast SEO plugin. -->","_links":{"self":[{"href":"https:\/\/newskyvn.com\/en\/wp-json\/wp\/v2\/product\/1772"}],"collection":[{"href":"https:\/\/newskyvn.com\/en\/wp-json\/wp\/v2\/product"}],"about":[{"href":"https:\/\/newskyvn.com\/en\/wp-json\/wp\/v2\/types\/product"}],"replies":[{"embeddable":true,"href":"https:\/\/newskyvn.com\/en\/wp-json\/wp\/v2\/comments?post=1772"}],"wp:featuredmedia":[{"embeddable":true,"href":"https:\/\/newskyvn.com\/en\/wp-json\/wp\/v2\/media\/1775"}],"wp:attachment":[{"href":"https:\/\/newskyvn.com\/en\/wp-json\/wp\/v2\/media?parent=1772"}],"wp:term":[{"taxonomy":"product_cat","embeddable":true,"href":"https:\/\/newskyvn.com\/en\/wp-json\/wp\/v2\/product_cat?post=1772"},{"taxonomy":"product_tag","embeddable":true,"href":"https:\/\/newskyvn.com\/en\/wp-json\/wp\/v2\/product_tag?post=1772"}],"curies":[{"name":"wp","href":"https:\/\/api.w.org\/{rel}","templated":true}]}}