{"id":1769,"date":"2021-09-27T07:50:07","date_gmt":"2021-09-27T07:50:07","guid":{"rendered":"https:\/\/newskyvn.com\/?post_type=product&#038;p=1769"},"modified":"2024-11-09T05:40:45","modified_gmt":"2024-11-09T05:40:45","slug":"adv200-hc","status":"publish","type":"product","link":"https:\/\/newskyvn.com\/en\/product\/adv200-hc\/","title":{"rendered":"ADV200 HC"},"content":{"rendered":"<p>&nbsp;<\/p>\n<p><span style=\"color: #0000ff;\"><strong>TECHNICAL DATA OF ADV200 HC<\/strong><\/span><\/p>\n<table>\n<tbody>\n<tr>\n<td width=\"204\">Power supply<\/td>\n<td width=\"514\">380VAC &#8230; 690VAC, 50-60 Hz<\/td>\n<\/tr>\n<tr>\n<td width=\"204\">Power ratings<\/td>\n<td width=\"514\">0.75kW \u2026 1.65MW<\/td>\n<\/tr>\n<tr>\n<td width=\"204\">Maximum output frequency<\/td>\n<td width=\"514\">500Hz (1007 \u2026 72000), 200Hz (72500 \u2026 1650kW)<\/td>\n<\/tr>\n<tr>\n<td rowspan=\"2\" width=\"204\">IGBT braking unit<\/td>\n<td width=\"514\">Sizes 1007 &#8230; 5550: Internal (with external resistor); braking torque 150 % MAX<\/td>\n<\/tr>\n<tr>\n<td width=\"514\">Sizes \u2265 5750: External optional (BUy series)<\/td>\n<\/tr>\n<tr>\n<td width=\"204\">Overload<\/td>\n<td width=\"514\">Heavy Duty: 150 % x In (1\u2019 every 5\u2018), 180 % x In (for 0,5\u201d). Light Duty: 110 % x In (1\u2019 every 5\u2018).<\/td>\n<\/tr>\n<tr>\n<td width=\"204\">Control mode<\/td>\n<td width=\"514\">Open-loop and closed-loop vector control; Open loop V\/f and V\/f with feedback<\/td>\n<\/tr>\n<tr>\n<td width=\"204\">Dedicated Functions<\/td>\n<td width=\"514\">Brake Management, Joystick Input, Multispeed &amp; Multiramp, Overtravel, Hoist Speed up, Low speed zone, Anti-Sway, Anti -Impact<\/td>\n<\/tr>\n<tr>\n<td rowspan=\"2\" width=\"204\">Optional cards<\/td>\n<td width=\"514\">Integration of up to 3 options on-board<\/td>\n<\/tr>\n<tr>\n<td width=\"514\">\u201cSafety STO\u201d card compliant with SIL3 machine safety directive (for model ADV200-HC-&#8230;+SI)<\/td>\n<\/tr>\n<tr>\n<td width=\"204\">Energy-Efficiency option<\/td>\n<td width=\"514\">By using the Regenerative Active Front End power supply AFE200<\/td>\n<\/tr>\n<tr>\n<td width=\"204\">Multi-language programming SW<\/td>\n<td width=\"514\">GF-eXpress (5 languages)<\/td>\n<\/tr>\n<tr>\n<td width=\"204\">PLC<\/td>\n<td width=\"514\">PLC with advanced IEC61131-3 programming environment<\/td>\n<\/tr>\n<tr>\n<td width=\"204\">Rated protection<\/td>\n<td width=\"514\">IP20-rated protection (IP00 size 7 and parallel)<\/td>\n<\/tr>\n<tr>\n<td width=\"204\">Fieldbus management<\/td>\n<td width=\"514\">DeviceNet, CANopen\u00ae, Modbus RTU, EtherCAT, GDnet, PROFIBUS-DP, Ethernet IP, PROFINET<\/td>\n<\/tr>\n<tr>\n<td width=\"204\">Certification<\/td>\n<td width=\"514\">CE, UL, cUL.<\/td>\n<\/tr>\n<\/tbody>\n<\/table>\n<p><\/p>","protected":false},"excerpt":{"rendered":"<p><strong>Field-Oriented vector inverter for Hoist &amp; Crane applications,\u00a0 from 0.75kW up to 1.65MW\u200b<\/strong><br \/>\n* Mains supply:<br \/>\n&#8211; 3 x 380\u2026480Vac, 50\/60Hz (-4 models )<br \/>\n&#8211; 3 x 690Vac, 50\/60Hz (-6 models )<br \/>\n&#8211; 450\u2026750Vdc (-DC-4 models)<br \/>\n&#8211; 600\u20261120Vdc (-DC-6 models)<\/p>\n<p>* Motor ratings from 0.75kW (1Hp) to 1.65MW (2200Hp)<br \/>\n* Certifications: CE. UL, cUL<\/p>\n<p><strong>Functions:<\/strong><\/p>\n<p>Motor type: asynchronous<br \/>\nSelf-tuning rotational and stand still of speed-current-flux regulators and motor data identification<br \/>\nTorque control<br \/>\nSimplified Start-up menu<br \/>\nInstantaneous Overload up to 180%<br \/>\nMotor, Drive and Braking resistor I2t thermal protection<br \/>\n100% torque at zero-speed<br \/>\nBraking management<br \/>\nFunction hoist speed-up<br \/>\nFunction Anti-Sway<br \/>\nFunction Overtravel,<br \/>\nFunction Anti impact<br \/>\nFunction Master\/Follower<br \/>\nMultispeed function (16 programmable preset)<br \/>\n4 independent programmable Multi-ramp<br \/>\nDouble motor parameters setting<br \/>\nJoystick management<br \/>\nCT an VT operating mode<br \/>\nMemory Keypad with 5 parameters set<\/p>\n<p><strong>Options:<\/strong><\/p>\n<p>I\/O expansion cards, configurable according to the customer&#8217;s machine needs<br \/>\nExpansion cards for the management of auxiliary encoders<br \/>\nField-bus interface cards: ProfiBus , CANopen, DeviceNet, GDNet, EtherCAT, Industrial Ethernet(<strong>*<\/strong>)<br \/>\nSafety Stop card in accordance with EN 954-1 (Cat.3) PL &#8220;e&#8221;<br \/>\nBraking resistors (standardized for the whole line)<br \/>\nDedicated EMC filters (in compliance with CEE &#8211; EN61800-3:2004)<br \/>\nInput &amp; Output chokes (standardized for the whole line)<br \/>\nOPT-485-ADV,\u00a0 RS485 optoinsulator for point-to-point\/multidrop connections<br \/>\nBUy, External Braking Unit for drives power over 55kW<br \/>\nAFE200 Regen Active Front End power supply unit<br \/>\nKB-ADV Remotable keypad kit<\/p>\n<p><strong>Features:<\/strong><\/p>\n<p>Regulation control modes: FOC with Speed feedback, FOC open loop, V\/F<br \/>\nMax Output frequency 500Hz<br \/>\nDC Choke integrated up to 132kW<br \/>\nEMC Filter integrated<br \/>\nDynamic Braking Module integrated up to 55kW<br \/>\nHeavy duty and Light duty overload management<br \/>\nUp to 4 options on board<br \/>\nMultilanguage programming software (5 languages)<br \/>\nAlphanumeric programming keypad<br \/>\n2 Bipolar Analogue Inputs\u00a0 (Voltage\/Current)<br \/>\n2 Bipolar Analogue Outputs (1: Voltage\/Current, 1: Voltage)<br \/>\n6 Digital Inputs (PNP \/ NPN)<br \/>\n2 Digital Outputs (PNP \/ NPN)<br \/>\n2 Relay Outputs, single contact<br \/>\nRS485 Serial Line (Modbus RTU protocol)<br \/>\nInterfacing with the more common field bus: ProfiBus, CANopen, DeviceNet, EtherNet real.time GDNet, EtherCAT, Industrial Ethernet(<strong>*<\/strong>), ProfiNet<br \/>\nIP20 protection degree as standard (IP00 size 7 and parallel unit)<\/p>\n","protected":false},"featured_media":1771,"comment_status":"open","ping_status":"closed","template":"","meta":[],"product_cat":[122,130],"product_tag":[],"yoast_head":"<!-- This site is optimized with the Yoast SEO plugin v16.6.1 - https:\/\/yoast.com\/wordpress\/plugins\/seo\/ -->\n<title>ADV200 HC - NEW SKY CO.,LTD<\/title>\n<meta name=\"robots\" content=\"index, follow, max-snippet:-1, max-image-preview:large, max-video-preview:-1\" \/>\n<link rel=\"canonical\" href=\"https:\/\/newskyvn.com\/product\/adv200-hc\/\" \/>\n<meta property=\"og:locale\" content=\"en_US\" \/>\n<meta property=\"og:type\" content=\"article\" \/>\n<meta property=\"og:title\" content=\"ADV200 HC - NEW SKY CO.,LTD\" \/>\n<meta property=\"og:description\" content=\"[:vi]D\u00f2ng-Oriented bi\u1ebfn t\u1ea7n vector cho T\u1eddi K\u00e9o &amp; C\u1ea7n C\u1ea9u \u1ee9ng d\u1ee5ng, t\u1eeb 0.75kW \u0111\u1ebfn 1.65MW * Ngu\u1ed3n cung c\u1ea5p: - 3 x 380 ... 480Vac, 50 \/ 60Hz (-4 m\u00f4 h\u00ecnh) - 3 x 690Vac, 50 \/ 60Hz (-6 m\u00f4 h\u00ecnh ) - 450\u2026 750Vdc (ki\u1ec3u -DC-4) - 600\u2026 1120Vdc (ki\u1ec3u -DC-6)  * X\u1ebfp h\u1ea1ng \u0111\u1ed9ng c\u01a1 t\u1eeb 0,75kW (1Hp) \u0111\u1ebfn 1,65MW (2200Hp) * Ch\u1ee9ng ch\u1ec9: CE.\u00a0UL, cUL  Ch\u1ee9c n\u0103ng:  Lo\u1ea1i \u0111\u1ed9ng c\u01a1: kh\u00f4ng \u0111\u1ed3ng b\u1ed9 T\u1ef1 \u0111i\u1ec1u ch\u1ec9nh quay v\u00e0 \u0111\u1ee9ng y\u00ean c\u1ee7a\u00a0b\u1ed9\u00a0\u0111i\u1ec1u ch\u1ec9nh t\u1ed1c \u0111\u1ed9-d\u00f2ng-th\u00f4ng v\u00e0 nh\u1eadn d\u1ea1ng d\u1eef li\u1ec7u \u0111\u1ed9ng c\u01a1 \u0110i\u1ec1u khi\u1ec3n m\u00f4-men xo\u1eafn Menu kh\u1edfi \u0111\u1ed9ng \u0111\u01a1n gi\u1ea3n Qu\u00e1 t\u1ea3i t\u1ee9c th\u1eddi l\u00ean \u0111\u1ebfn 180% \u0110i\u1ec7n tr\u1edf \u0111\u1ed9ng c\u01a1, \u1ed5 \u0111\u0129a v\u00e0 phanh B\u1ea3o v\u1ec7 nhi\u1ec7t I2t 100% m\u00f4-men xo\u1eafn \u1edf 0- t\u1ed1c \u0111\u1ed9 Qu\u1ea3n l\u00fd phanh Ch\u1ee9c n\u0103ng t\u0103ng t\u1ed1c \u0111\u1ed9 t\u1eddi Ch\u1ee9c n\u0103ng Ch\u1ed1ng tr\u01b0\u1ee3t Ch\u1ee9c n\u0103ng Qu\u00e1 m\u1ee9c, Ch\u1ee9c n\u0103ng Ch\u1ed1ng va \u0111\u1eadp Ch\u1ee9c n\u0103ng Master \/ Follower\u00a0Ch\u1ee9c n\u0103ng \u0111a t\u1ed1c \u0111\u1ed9 (16 c\u00e0i \u0111\u1eb7t tr\u01b0\u1edbc c\u00f3 th\u1ec3 l\u1eadp tr\u00ecnh) 4 l\u1eadp tr\u00ecnh \u0111\u1ed9c l\u1eadp \u0110a \u0111\u01b0\u1eddng d\u1ed1c C\u00e0i \u0111\u1eb7t th\u00f4ng s\u1ed1 \u0111\u1ed9ng c\u01a1 \u0111\u00f4i Qu\u1ea3n l\u00fd c\u1ea7n \u0111i\u1ec1u khi\u1ec3n CT m\u1ed9t ch\u1ebf \u0111\u1ed9 v\u1eadn h\u00e0nh VT B\u00e0n ph\u00edm b\u1ed9 nh\u1edb v\u1edbi 5 th\u00f4ng s\u1ed1 thi\u1ebft l\u1eadp  T\u00f9y ch\u1ecdn:  Th\u1ebb m\u1edf r\u1ed9ng I \/ O, c\u00f3 th\u1ec3 \u0111\u1ecbnh c\u1ea5u h\u00ecnh theo nhu c\u1ea7u m\u00e1y c\u1ee7a kh\u00e1ch h\u00e0ng Th\u1ebb m\u1edf r\u1ed9ng \u0111\u1ec3 qu\u1ea3n l\u00fd b\u1ed9 m\u00e3 h\u00f3a ph\u1ee5 Th\u1ebb giao di\u1ec7n bus tr\u01b0\u1eddng: ProfiBus, CANopen, DeviceNet, GDNet, EtherCAT,\u00a0Th\u1ebb d\u1eebng an to\u00e0n\u00a0Industrial Ethernet (\u00a0*\u00a0) ph\u00f9 h\u1ee3p v\u1edbi EN 954 -1 (Cat.3) PL &quot;e&quot; \u0110i\u1ec7n tr\u1edf h\u00e3m (\u0111\u01b0\u1ee3c ti\u00eau chu\u1ea9n h\u00f3a cho to\u00e0n b\u1ed9 \u0111\u01b0\u1eddng d\u00e2y) B\u1ed9 l\u1ecdc EMC chuy\u00ean d\u1ee5ng (tu\u00e2n th\u1ee7 CEE - EN61800-3: 2004) Cu\u1ed9n c\u1ea3m \u0111\u1ea7u v\u00e0o &amp; \u0111\u1ea7u ra (\u0111\u01b0\u1ee3c ti\u00eau chu\u1ea9n h\u00f3a cho to\u00e0n b\u1ed9 \u0111\u01b0\u1eddng d\u00e2y) OPT-485- B\u1ed9 \u0111i\u1ec1u khi\u1ec3n quang ADV, RS485 cho k\u1ebft n\u1ed1i \u0111i\u1ec3m-\u0111i\u1ec3m \/ \u0111a \u0111i\u1ec3m BUy, B\u1ed9 h\u00e3m ngo\u00e0i cho \u1ed5 \u0111\u0129a c\u00f4ng su\u1ea5t tr\u00ean 55kW B\u1ed9 c\u1ea5p ngu\u1ed3n AFE200 Regen Active Front End KB-ADV B\u1ed9 b\u00e0n ph\u00edm c\u00f3 th\u1ec3\u00a0th\u00e1o r\u1eddi\u00a0KB-ADV  \u0110\u1eb7c tr\u01b0ng:  Ch\u1ebf \u0111\u1ed9 \u0111i\u1ec1u khi\u1ec3n \u0111i\u1ec1u ch\u1ec9nh: FOC v\u1edbi Ph\u1ea3n h\u1ed3i t\u1ed1c \u0111\u1ed9, FOC m\u1edf v\u00f2ng, V \/ F T\u1ea7n s\u1ed1 \u0111\u1ea7u ra t\u1ed1i \u0111a 500Hz DC Choke t\u00edch h\u1ee3p l\u00ean \u0111\u1ebfn 132kW B\u1ed9 l\u1ecdc EMC t\u00edch h\u1ee3p M\u00f4-\u0111un phanh \u0111\u1ed9ng t\u00edch h\u1ee3p l\u00ean \u0111\u1ebfn 55kW Qu\u1ea3n l\u00fd qu\u00e1 t\u1ea3i nhi\u1ec7m v\u1ee5 n\u1eb7ng v\u00e0 nh\u1eb9 L\u00ean \u0111\u1ebfn 4 t\u00f9y ch\u1ecdn tr\u00ean bo m\u1ea1ch \u0110a ng\u00f4n ng\u1eef ph\u1ea7n m\u1ec1m l\u1eadp tr\u00ecnh (5 ng\u00f4n ng\u1eef) B\u00e0n ph\u00edm l\u1eadp tr\u00ecnh ch\u1eef v\u00e0 s\u1ed1 2 \u0110\u1ea7u v\u00e0o t\u01b0\u01a1ng t\u1ef1 l\u01b0\u1ee1ng c\u1ef1c (\u0110i\u1ec7n \u00e1p \/ D\u00f2ng \u0111i\u1ec7n) 2 \u0110\u1ea7u ra t\u01b0\u01a1ng t\u1ef1 l\u01b0\u1ee1ng c\u1ef1c (1: \u0110i\u1ec7n \u00e1p \/ D\u00f2ng \u0111i\u1ec7n, 1: \u0110i\u1ec7n \u00e1p) 6 \u0110\u1ea7u v\u00e0o k\u1ef9 thu\u1eadt s\u1ed1 (PNP \/ NPN) 2 \u0110\u1ea7u ra k\u1ef9 thu\u1eadt s\u1ed1 (PNP \/ NPN) 2 \u0110\u1ea7u ra Relay, m\u1ed9t ti\u1ebfp \u0111i\u1ec3m RS485 Serial Line (giao th\u1ee9c Modbus RTU) Giao ti\u1ebfp v\u1edbi bus tr\u01b0\u1eddng ph\u1ed5 bi\u1ebfn h\u01a1n: ProfiBus, CANopen, DeviceNet, EtherNet real.time GDNet, EtherCAT, Industrial Ethernet (\u00a0*\u00a0), m\u1ee9c \u0111\u1ed9 b\u1ea3o v\u1ec7\u00a0ProfiNet\u00a0IP20 theo ti\u00eau chu\u1ea9n (IP00 k\u00edch th\u01b0\u1edbc 7 v\u00e0 thi\u1ebft b\u1ecb song song)[:en]Field-Oriented vector inverter for Hoist &amp; Crane applications,\u00a0 from 0.75kW up to 1.65MW\u200b * Mains supply: - 3 x 380\u2026480Vac, 50\/60Hz (-4 models ) - 3 x 690Vac, 50\/60Hz (-6 models ) - 450\u2026750Vdc (-DC-4 models) - 600\u20261120Vdc (-DC-6 models)  * Motor ratings from 0.75kW (1Hp) to 1.65MW (2200Hp) * Certifications: CE. UL, cUL  Functions:  Motor type: asynchronous Self-tuning rotational and stand still of speed-current-flux regulators and motor data identification Torque control Simplified Start-up menu Instantaneous Overload up to 180% Motor, Drive and Braking resistor I2t thermal protection 100% torque at zero-speed Braking management Function hoist speed-up Function Anti-Sway Function Overtravel, Function Anti impact Function Master\/Follower Multispeed function (16 programmable preset) 4 independent programmable Multi-ramp Double motor parameters setting Joystick management CT an VT operating mode Memory Keypad with 5 parameters set  Options:  I\/O expansion cards, configurable according to the customer&#039;s machine needs Expansion cards for the management of auxiliary encoders Field-bus interface cards: ProfiBus , CANopen, DeviceNet, GDNet, EtherCAT, Industrial Ethernet(*) Safety Stop card in accordance with EN 954-1 (Cat.3) PL &quot;e&quot; Braking resistors (standardized for the whole line) Dedicated EMC filters (in compliance with CEE - EN61800-3:2004) Input &amp; Output chokes (standardized for the whole line) OPT-485-ADV,\u00a0 RS485 optoinsulator for point-to-point\/multidrop connections BUy, External Braking Unit for drives power over 55kW AFE200 Regen Active Front End power supply unit KB-ADV Remotable keypad kit  Features:  Regulation control modes: FOC with Speed feedback, FOC open loop, V\/F Max Output frequency 500Hz DC Choke integrated up to 132kW EMC Filter integrated Dynamic Braking Module integrated up to 55kW Heavy duty and Light duty overload management Up to 4 options on board Multilanguage programming software (5 languages) Alphanumeric programming keypad 2 Bipolar Analogue Inputs\u00a0 (Voltage\/Current) 2 Bipolar Analogue Outputs (1: Voltage\/Current, 1: Voltage) 6 Digital Inputs (PNP \/ NPN) 2 Digital Outputs (PNP \/ NPN) 2 Relay Outputs, single contact RS485 Serial Line (Modbus RTU protocol) Interfacing with the more common field bus: ProfiBus, CANopen, DeviceNet, EtherNet real.time GDNet, EtherCAT, Industrial Ethernet(*), ProfiNet IP20 protection degree as standard (IP00 size 7 and parallel unit)[:]\" \/>\n<meta property=\"og:url\" content=\"https:\/\/newskyvn.com\/product\/adv200-hc\/\" \/>\n<meta property=\"og:site_name\" content=\"NEW SKY CO.,LTD\" \/>\n<meta property=\"article:modified_time\" content=\"2024-11-09T05:40:45+00:00\" \/>\n<meta property=\"og:image\" content=\"https:\/\/newskyvn.com\/wp-content\/uploads\/2021\/09\/show_ADV200_HC_S2_17-9.jpg\" \/>\n\t<meta property=\"og:image:width\" content=\"550\" \/>\n\t<meta property=\"og:image:height\" content=\"800\" \/>\n<meta name=\"twitter:card\" content=\"summary_large_image\" \/>\n<meta name=\"twitter:label1\" content=\"Est. reading time\" \/>\n\t<meta name=\"twitter:data1\" content=\"1 minute\" \/>\n<script type=\"application\/ld+json\" class=\"yoast-schema-graph\">{\"@context\":\"https:\/\/schema.org\",\"@graph\":[{\"@type\":\"WebSite\",\"@id\":\"https:\/\/newskyvn.com\/#website\",\"url\":\"https:\/\/newskyvn.com\/\",\"name\":\"NEW SKY CO.,LTD\",\"description\":\"C\\u00f4ng Ty TNHH S\\u1ea3n Xu\\u1ea5t Th\\u01b0\\u01a1ng M\\u1ea1i D\\u1ecbch V\\u1ee5 T\\u00e2n Thi\\u00ean\",\"potentialAction\":[{\"@type\":\"SearchAction\",\"target\":{\"@type\":\"EntryPoint\",\"urlTemplate\":\"https:\/\/newskyvn.com\/?s={search_term_string}\"},\"query-input\":\"required name=search_term_string\"}],\"inLanguage\":\"en-US\"},{\"@type\":\"ImageObject\",\"@id\":\"https:\/\/newskyvn.com\/product\/adv200-hc\/#primaryimage\",\"inLanguage\":\"en-US\",\"url\":\"https:\/\/newskyvn.com\/wp-content\/uploads\/2021\/09\/show_ADV200_HC_S2_17-9.jpg\",\"contentUrl\":\"https:\/\/newskyvn.com\/wp-content\/uploads\/2021\/09\/show_ADV200_HC_S2_17-9.jpg\",\"width\":550,\"height\":800},{\"@type\":\"WebPage\",\"@id\":\"https:\/\/newskyvn.com\/product\/adv200-hc\/#webpage\",\"url\":\"https:\/\/newskyvn.com\/product\/adv200-hc\/\",\"name\":\"ADV200 HC - NEW SKY CO.,LTD\",\"isPartOf\":{\"@id\":\"https:\/\/newskyvn.com\/#website\"},\"primaryImageOfPage\":{\"@id\":\"https:\/\/newskyvn.com\/product\/adv200-hc\/#primaryimage\"},\"datePublished\":\"2021-09-27T07:50:07+00:00\",\"dateModified\":\"2024-11-09T05:40:45+00:00\",\"breadcrumb\":{\"@id\":\"https:\/\/newskyvn.com\/product\/adv200-hc\/#breadcrumb\"},\"inLanguage\":\"en-US\",\"potentialAction\":[{\"@type\":\"ReadAction\",\"target\":[\"https:\/\/newskyvn.com\/product\/adv200-hc\/\"]}]},{\"@type\":\"BreadcrumbList\",\"@id\":\"https:\/\/newskyvn.com\/product\/adv200-hc\/#breadcrumb\",\"itemListElement\":[{\"@type\":\"ListItem\",\"position\":1,\"name\":\"Product\",\"item\":\"https:\/\/newskyvn.com\/en\/san-pham\/\"},{\"@type\":\"ListItem\",\"position\":2,\"name\":\"ADV200 HC\"}]}]}<\/script>\n<!-- \/ Yoast SEO plugin. -->","_links":{"self":[{"href":"https:\/\/newskyvn.com\/en\/wp-json\/wp\/v2\/product\/1769"}],"collection":[{"href":"https:\/\/newskyvn.com\/en\/wp-json\/wp\/v2\/product"}],"about":[{"href":"https:\/\/newskyvn.com\/en\/wp-json\/wp\/v2\/types\/product"}],"replies":[{"embeddable":true,"href":"https:\/\/newskyvn.com\/en\/wp-json\/wp\/v2\/comments?post=1769"}],"wp:featuredmedia":[{"embeddable":true,"href":"https:\/\/newskyvn.com\/en\/wp-json\/wp\/v2\/media\/1771"}],"wp:attachment":[{"href":"https:\/\/newskyvn.com\/en\/wp-json\/wp\/v2\/media?parent=1769"}],"wp:term":[{"taxonomy":"product_cat","embeddable":true,"href":"https:\/\/newskyvn.com\/en\/wp-json\/wp\/v2\/product_cat?post=1769"},{"taxonomy":"product_tag","embeddable":true,"href":"https:\/\/newskyvn.com\/en\/wp-json\/wp\/v2\/product_tag?post=1769"}],"curies":[{"name":"wp","href":"https:\/\/api.w.org\/{rel}","templated":true}]}}