{"id":1762,"date":"2021-09-27T07:23:40","date_gmt":"2021-09-27T07:23:40","guid":{"rendered":"https:\/\/newskyvn.com\/?post_type=product&#038;p=1762"},"modified":"2021-09-27T07:23:41","modified_gmt":"2021-09-27T07:23:41","slug":"bdi50","status":"publish","type":"product","link":"https:\/\/newskyvn.com\/en\/product\/bdi50\/","title":{"rendered":"BDI50"},"content":{"rendered":"<p>&nbsp;<\/p>\n<p><span style=\"color: #0000ff;\"><strong>TECHNICAL DATA OF BDI50\u00a0<\/strong><\/span><\/p>\n<table>\n<tbody>\n<tr>\n<td colspan=\"2\" width=\"199\"><strong>Control Mode<\/strong><\/td>\n<td width=\"500\">V\/f Control, Sensorless control (SLV)<\/td>\n<\/tr>\n<tr>\n<td colspan=\"2\" width=\"199\"><strong>Speed control accuracy<\/strong><\/td>\n<td width=\"500\">1% (SLV)<\/p>\n<p>3% (V\/f open-loop)<\/td>\n<\/tr>\n<tr>\n<td colspan=\"2\" width=\"199\"><strong>Overload<\/strong><\/td>\n<td width=\"500\">150% rated current for 60sec<\/td>\n<\/tr>\n<tr>\n<td rowspan=\"5\" width=\"29\"><strong>Frequency<\/strong><\/td>\n<td width=\"170\">Output freq. Range<\/td>\n<td width=\"500\">0.01~599.00Hz<\/td>\n<\/tr>\n<tr>\n<td rowspan=\"2\" width=\"170\">&nbsp;<\/p>\n<p>&nbsp;<\/p>\n<p>Setting<\/td>\n<td width=\"500\">Keypad : Set directly with \u25bc\u25b2 keys or the VR (Potentiometer integrated)<\/td>\n<\/tr>\n<tr>\n<td width=\"500\">External signal:<\/p>\n<p>\u2022\u00a0\u00a0\u00a0\u00a0\u00a0\u00a0\u00a0\u00a0\u00a0\u00a0 AVI (0~10V \/ 2~10V), ACI (0~20mA, 4~20mA) input<\/p>\n<p>\u2022\u00a0\u00a0\u00a0\u00a0\u00a0\u00a0\u00a0\u00a0\u00a0\u00a0 multifunction digital inputs<\/p>\n<p>\u2022\u00a0\u00a0\u00a0\u00a0\u00a0\u00a0\u00a0\u00a0\u00a0\u00a0 by communication<\/td>\n<\/tr>\n<tr>\n<td rowspan=\"2\" width=\"170\">&nbsp;<\/p>\n<p>Frequency limit<\/td>\n<td width=\"500\">Lower and upper frequency limits<\/td>\n<\/tr>\n<tr>\n<td width=\"500\">3 -skip frequency settings<\/td>\n<\/tr>\n<tr>\n<td width=\"29\"><strong>Run &amp; Stop<\/strong><\/td>\n<td width=\"170\">&nbsp;<\/p>\n<p>Methods<\/td>\n<td width=\"500\">\u2022\u00a0\u00a0\u00a0\u00a0\u00a0\u00a0\u00a0\u00a0\u00a0\u00a0 Keypad<\/p>\n<p>\u2022\u00a0\u00a0\u00a0\u00a0\u00a0\u00a0\u00a0\u00a0\u00a0\u00a0 Multifunction terminals (2\/3 wire selection)<\/p>\n<p>\u2022\u00a0\u00a0\u00a0\u00a0\u00a0\u00a0\u00a0\u00a0\u00a0\u00a0 Jog function<\/p>\n<p>\u2022\u00a0\u00a0\u00a0\u00a0\u00a0\u00a0\u00a0\u00a0\u00a0\u00a0 By communication<\/td>\n<\/tr>\n<tr>\n<td rowspan=\"8\" width=\"29\"><strong>Main Controls<\/strong><\/td>\n<td width=\"170\">V\/f curve setting<\/td>\n<td width=\"500\">6 fixed + one customized<\/td>\n<\/tr>\n<tr>\n<td width=\"170\">Carrier frequency<\/td>\n<td width=\"500\">1~16kHz (default 5kHz)<\/td>\n<\/tr>\n<tr>\n<td width=\"170\">Acceleration and deceleration control<\/td>\n<td width=\"500\">2 sets Acc \/ dec time parameters 4 points S curve parameters<\/td>\n<\/tr>\n<tr>\n<td width=\"170\">&nbsp;<\/p>\n<p>Multifunction digital input<\/td>\n<td width=\"500\">5, 19 functions<\/p>\n<p>Sizes 1\/2: NPN&amp;PNP by separate models Sizes 3\/4: NPN&amp;PNP selection from terminals<\/td>\n<\/tr>\n<tr>\n<td width=\"170\">Multifunction digital output<\/td>\n<td width=\"500\">1 relay, 16 functions<\/td>\n<\/tr>\n<tr>\n<td width=\"170\">Multifunction analog input<\/td>\n<td width=\"500\">2, AVI: 0~10V\/2~10V, ACI: 0~20mA\/4~20mA<\/td>\n<\/tr>\n<tr>\n<td width=\"170\">Multifunction analog output<\/td>\n<td width=\"500\">1 (0~10V), 5 functions<\/td>\n<\/tr>\n<tr>\n<td width=\"170\">Main features<\/td>\n<td width=\"500\">Autotune, Torque compensation, Slip compensation, 8 preset speeds, Auto-run, PID control, torque boost, V\/f starting Frequency, Fault reset, Powerloss ride through, DC-brake, Mechanical brake control, AVR function, Fan control<\/td>\n<\/tr>\n<tr>\n<td rowspan=\"2\" width=\"29\"><strong>Display<\/strong><\/td>\n<td width=\"170\">Info available<\/td>\n<td width=\"500\">Parameter, parameter value, frequency, line speed, DC voltage, output voltage, output current, PID feedback, input and output termi- nal status, Heat sink temperature, Program Version, Fault Log<\/td>\n<\/tr>\n<tr>\n<td width=\"170\">LED Status Indicator<\/td>\n<td width=\"500\">Run, stop, forward and reverse<\/td>\n<\/tr>\n<tr>\n<td rowspan=\"6\" width=\"29\"><strong>Protection Functions<\/strong><\/td>\n<td width=\"170\">Motor over-temperature<\/td>\n<td width=\"500\">By PTC (AVI)<\/td>\n<\/tr>\n<tr>\n<td width=\"170\">Overvoltage<\/td>\n<td width=\"500\">230V Class : &gt; 410V, 400V Class: &gt; 820V<\/td>\n<\/tr>\n<tr>\n<td width=\"170\">Undervoltage<\/td>\n<td width=\"500\">230V Class: &lt; 190V, 400V Class: &lt; 380V<\/td>\n<\/tr>\n<tr>\n<td width=\"170\">Auto-Restart<\/td>\n<td width=\"500\">Inverter auto-restart after a momentary power loss<\/td>\n<\/tr>\n<tr>\n<td width=\"170\">Stall Prevention<\/td>\n<td width=\"500\">Stall prevention for Acceleration \/ Deceleration and continuous Run<\/td>\n<\/tr>\n<tr>\n<td width=\"170\">Additional protective functions<\/td>\n<td width=\"500\">Heatsink over temperature protection, Auto carrier frequency reduction with temperature rise, Protection of reverse operation, Auto restart attempts setting, Parameter lock, Over voltage suppression function<\/td>\n<\/tr>\n<tr>\n<td rowspan=\"6\" width=\"29\"><strong>En<\/strong><strong>vironment <\/strong><strong>Specification<\/strong><\/td>\n<td width=\"170\">Protection degree<\/td>\n<td width=\"500\">IP20<\/td>\n<\/tr>\n<tr>\n<td width=\"170\">Operating Temperature<\/td>\n<td width=\"500\">-10~ +40\u00b0C (size 1), -10~+50\u00b0C (all other sizes)<\/td>\n<\/tr>\n<tr>\n<td width=\"170\">Storage Temperature<\/td>\n<td width=\"500\">-20~+60\u00b0C<\/td>\n<\/tr>\n<tr>\n<td width=\"170\">Humidity<\/td>\n<td width=\"500\">Under 95% RH (no condensation)<\/td>\n<\/tr>\n<tr>\n<td width=\"170\">Altitude<\/td>\n<td width=\"500\">Max 3000 m. (up to 1000 m without derating)<\/td>\n<\/tr>\n<tr>\n<td width=\"170\">Vibration<\/td>\n<td width=\"500\">2G (19.6m\/s\u00b2) for 57~150Hz and below. 0.3mm for 10~57Hz (According to IEC60068-2-6 standard)<\/td>\n<\/tr>\n<tr>\n<td colspan=\"2\" width=\"199\"><strong>Communication Function<\/strong><\/td>\n<td width=\"500\">Built in: RS-485 with Modbus RTU \/ ASCII (standard RJ45 connection), BACnet Optionals: Profibus, DeviceNet, CANopen, TCP\/IP<\/td>\n<\/tr>\n<tr>\n<td colspan=\"2\" width=\"199\"><strong>Braking unit<\/strong><\/td>\n<td width=\"500\">Built-in on 3ph 400V Class and 3ph 230V Class 7.5kW<\/td>\n<\/tr>\n<tr>\n<td colspan=\"2\" width=\"199\"><strong>EMI filter<\/strong><\/td>\n<td width=\"500\">Built-in on \u2013F version 1ph 230V Class and 3ph 400V Class<\/td>\n<\/tr>\n<tr>\n<td rowspan=\"2\" width=\"29\"><strong>Certification<\/strong><\/td>\n<td width=\"170\"><strong>RoHS<\/strong><\/td>\n<td width=\"500\">In compliance with EN61800-3 (CE &amp; RE) and EN61800-5-1(LVD) Conformity to RoHS directive<\/td>\n<\/tr>\n<tr>\n<td width=\"170\"><\/td>\n<td width=\"500\">&nbsp;<\/p>\n<p>UL508C<\/td>\n<\/tr>\n<\/tbody>\n<\/table>\n<p><\/p>","protected":false},"excerpt":{"rendered":"<p>BDI50 &#8211; Compact V\/f and sensorless inverter, from 0.4kW up to 11 kW<\/p>\n<p>* Mains supply:<\/p>\n<p>&#8211; 1 x 200\u2026240Vac, 50\/60Hz (-2M models)<\/p>\n<p>&#8211; 3 x 200\u2026240Vac, 50\/60Hz (-2T models)<\/p>\n<p>&#8211; 3 x 380\u2026480Vac, 50\/60Hz (-4 models)<\/p>\n<p>* Motor ratings from 0.4kW (0.5Hp) to 11kW (15Hp)<\/p>\n<p>* Certifications: CE, cULus<\/p>\n<p><strong>Features<\/strong>:<\/p>\n<ul>\n<li>\u00a0\u00a0\u00a0 Motor type: Asynchronous Motor<\/li>\n<li>\u00a0\u00a0 Regulation control modes: V\/f, Sensorless (SLV)<\/li>\n<li>\u00a0\u00a0\u00a0 Max Output frequency 599Hz<\/li>\n<li>\u00a0\u00a0\u00a0 EMC Filter integrated (models -2M and -4)<\/li>\n<li>\u00a0\u00a0\u00a0 RFI-switch for IT mains<\/li>\n<li>\u00a0\u00a0\u00a0 Dynamic Braking Module integrated on models -4<\/li>\n<li>\u00a0\u00a0\u00a0 Overload 150%\/1min<\/li>\n<li>\u00a0\u00a0\u00a0 8 preset speeds<\/li>\n<li>\u00a0\u00a0\u00a0 Multilanguage programming software<\/li>\n<li>\u00a0\u00a0\u00a0 Integrated programming keypad<\/li>\n<li>\u00a0\u00a0\u00a0 2 Analog inputs: AVI: 0~10V\/2~10V, ACI: 0~20mA \/ 4~20mA<\/li>\n<li>\u00a0\u00a0\u00a0 1 Analog output: 0-10V<\/li>\n<li>\u00a0\u00a0\u00a0 5 Digital Inputs (PNP \/ NPN depending on models)<\/li>\n<li>\u00a0\u00a0\u00a0 Digital Outputs: 1, relay<\/li>\n<li>\u00a0\u00a0\u00a0 Motor protection input: by PTC (AVI)<\/li>\n<li>\u00a0\u00a0\u00a0 RS485 Serial Line (Modbus RTU\/ASCII protocol)<\/li>\n<li>\u00a0\u00a0 Integrated Bacnet protocol<\/li>\n<li>\u00a0\u00a0\u00a0 Interfacing with the most common fieldbus through communication modules for ProfiBus, CANopen, DeviceNet, TCP-IP<\/li>\n<li>\u00a0\u00a0\u00a0 \u00a0IP20 protection degree<\/li>\n<\/ul>\n","protected":false},"featured_media":1764,"comment_status":"open","ping_status":"closed","template":"","meta":[],"product_cat":[122,130],"product_tag":[],"yoast_head":"<!-- This site is optimized with the Yoast SEO plugin v16.6.1 - https:\/\/yoast.com\/wordpress\/plugins\/seo\/ -->\n<title>BDI50 - NEW SKY CO.,LTD<\/title>\n<meta name=\"robots\" content=\"index, follow, max-snippet:-1, max-image-preview:large, max-video-preview:-1\" \/>\n<link rel=\"canonical\" href=\"https:\/\/newskyvn.com\/product\/bdi50\/\" \/>\n<meta property=\"og:locale\" content=\"en_US\" \/>\n<meta property=\"og:type\" content=\"article\" \/>\n<meta property=\"og:title\" content=\"BDI50 - NEW SKY CO.,LTD\" \/>\n<meta property=\"og:description\" content=\"[:vi]BDI50 - V \/ f nh\u1ecf g\u1ecdn v\u00e0 bi\u1ebfn t\u1ea7n kh\u00f4ng c\u1ea3m bi\u1ebfn, t\u1eeb 0,4kW \u0111\u1ebfn 11 kW  * Ngu\u1ed3n cung c\u1ea5p:  - 1 x 200\u2026 240Vac, 50 \/ 60Hz (-2M ki\u1ec3u m\u00e1y)  - 3 x 200\u2026 240Vac, 50 \/ 60Hz (ki\u1ec3u -2T)  - 3 x 380\u2026 480Vac, 50 \/ 60Hz (-4 ki\u1ec3u m\u00e1y)  * X\u1ebfp h\u1ea1ng \u0111\u1ed9ng c\u01a1 t\u1eeb 0,4kW (0,5Hp) \u0111\u1ebfn 11kW (15Hp)  * Ch\u1ee9ng ch\u1ec9: CE, cULus  C\u00e1c t\u00ednh n\u0103ng\u00a0:   \u00a0\u00a0\u00a0 Lo\u1ea1i \u0111\u1ed9ng c\u01a1: \u0110\u1ed9ng c\u01a1 kh\u00f4ng \u0111\u1ed3ng b\u1ed9  \u00a0\u00a0 Ch\u1ebf \u0111\u1ed9 \u0111i\u1ec1u khi\u1ec3n quy \u0111\u1ecbnh: V \/ f, Kh\u00f4ng c\u1ea3m bi\u1ebfn (SLV)  \u00a0\u00a0\u00a0 T\u1ea7n s\u1ed1 \u0111\u1ea7u ra t\u1ed1i \u0111a 599Hz  \u00a0\u00a0\u00a0 B\u1ed9 l\u1ecdc EMC \u0111\u01b0\u1ee3c t\u00edch h\u1ee3p (ki\u1ec3u -2M v\u00e0 -4)  \u00a0\u00a0\u00a0 C\u00f4ng t\u1eafc RFI cho ngu\u1ed3n CNTT  \u00a0\u00a0\u00a0 M\u00f4-\u0111un phanh \u0111\u1ed9ng \u0111\u01b0\u1ee3c t\u00edch h\u1ee3p tr\u00ean c\u00e1c m\u1eabu -4  \u00a0\u00a0\u00a0 Qu\u00e1 t\u1ea3i 150% \/ 1 ph\u00fat  \u00a0\u00a0\u00a0 8 t\u1ed1c \u0111\u1ed9 c\u00e0i \u0111\u1eb7t tr\u01b0\u1edbc  \u00a0\u00a0\u00a0 Ph\u1ea7n m\u1ec1m l\u1eadp tr\u00ecnh \u0111a ng\u00f4n ng\u1eef  \u00a0\u00a0\u00a0 B\u00e0n ph\u00edm l\u1eadp tr\u00ecnh t\u00edch h\u1ee3p  \u00a0\u00a0\u00a0 2 \u0111\u1ea7u v\u00e0o t\u01b0\u01a1ng t\u1ef1: AVI: 0 ~ 10V \/ 2 ~ 10V, ACI: 0 ~ 20mA \/ 4 ~ 20mA  \u00a0\u00a0\u00a0 1 \u0111\u1ea7u ra t\u01b0\u01a1ng t\u1ef1: 0-10V  \u00a0\u00a0\u00a0 5 \u0111\u1ea7u v\u00e0o k\u1ef9 thu\u1eadt s\u1ed1 (PNP \/ NPN t\u00f9y thu\u1ed9c v\u00e0o ki\u1ec3u m\u00e1y)  \u00a0\u00a0\u00a0 \u0110\u1ea7u ra k\u1ef9 thu\u1eadt s\u1ed1: 1, r\u01a1 le  \u00a0\u00a0\u00a0 \u0110\u1ea7u v\u00e0o b\u1ea3o v\u1ec7 \u0111\u1ed9ng c\u01a1: b\u1eb1ng PTC (AVI)  \u00a0\u00a0\u00a0 RS485 Serial Line (giao th\u1ee9c Modbus RTU \/ ASCII)  \u00a0\u00a0 Giao th\u1ee9c Bacnet t\u00edch h\u1ee3p  \u00a0\u00a0\u00a0 Giao ti\u1ebfp v\u1edbi fieldbus ph\u1ed5 bi\u1ebfn nh\u1ea5t th\u00f4ng qua c\u00e1c m\u00f4-\u0111un giao ti\u1ebfp cho ProfiBus, CANopen, DeviceNet, TCP-IP  \u00a0\u00a0\u00a0 \u00a0M\u1ee9c \u0111\u1ed9 b\u1ea3o v\u1ec7 IP20 [:en]BDI50 - Compact V\/f and sensorless inverter, from 0.4kW up to 11 kW  * Mains supply:  - 1 x 200\u2026240Vac, 50\/60Hz (-2M models)  - 3 x 200\u2026240Vac, 50\/60Hz (-2T models)  - 3 x 380\u2026480Vac, 50\/60Hz (-4 models)  * Motor ratings from 0.4kW (0.5Hp) to 11kW (15Hp)  * Certifications: CE, cULus  Features:   \u00a0\u00a0\u00a0 Motor type: Asynchronous Motor  \u00a0\u00a0 Regulation control modes: V\/f, Sensorless (SLV)  \u00a0\u00a0\u00a0 Max Output frequency 599Hz  \u00a0\u00a0\u00a0 EMC Filter integrated (models -2M and -4)  \u00a0\u00a0\u00a0 RFI-switch for IT mains  \u00a0\u00a0\u00a0 Dynamic Braking Module integrated on models -4  \u00a0\u00a0\u00a0 Overload 150%\/1min  \u00a0\u00a0\u00a0 8 preset speeds  \u00a0\u00a0\u00a0 Multilanguage programming software  \u00a0\u00a0\u00a0 Integrated programming keypad  \u00a0\u00a0\u00a0 2 Analog inputs: AVI: 0~10V\/2~10V, ACI: 0~20mA \/ 4~20mA  \u00a0\u00a0\u00a0 1 Analog output: 0-10V  \u00a0\u00a0\u00a0 5 Digital Inputs (PNP \/ NPN depending on models)  \u00a0\u00a0\u00a0 Digital Outputs: 1, relay  \u00a0\u00a0\u00a0 Motor protection input: by PTC (AVI)  \u00a0\u00a0\u00a0 RS485 Serial Line (Modbus RTU\/ASCII protocol)  \u00a0\u00a0 Integrated Bacnet protocol  \u00a0\u00a0\u00a0 Interfacing with the most common fieldbus through communication modules for ProfiBus, CANopen, DeviceNet, TCP-IP  \u00a0\u00a0\u00a0 \u00a0IP20 protection degree [:]\" \/>\n<meta property=\"og:url\" content=\"https:\/\/newskyvn.com\/product\/bdi50\/\" \/>\n<meta property=\"og:site_name\" content=\"NEW SKY CO.,LTD\" \/>\n<meta property=\"article:modified_time\" content=\"2021-09-27T07:23:41+00:00\" \/>\n<meta property=\"og:image\" content=\"https:\/\/newskyvn.com\/wp-content\/uploads\/2021\/09\/show_BDI50_S1_3d.jpg\" \/>\n\t<meta property=\"og:image:width\" content=\"500\" \/>\n\t<meta property=\"og:image:height\" content=\"500\" \/>\n<meta name=\"twitter:card\" content=\"summary_large_image\" \/>\n<meta name=\"twitter:label1\" content=\"Est. reading time\" \/>\n\t<meta name=\"twitter:data1\" content=\"2 minutes\" \/>\n<script type=\"application\/ld+json\" class=\"yoast-schema-graph\">{\"@context\":\"https:\/\/schema.org\",\"@graph\":[{\"@type\":\"WebSite\",\"@id\":\"https:\/\/newskyvn.com\/#website\",\"url\":\"https:\/\/newskyvn.com\/\",\"name\":\"NEW SKY CO.,LTD\",\"description\":\"C\\u00f4ng Ty TNHH S\\u1ea3n Xu\\u1ea5t Th\\u01b0\\u01a1ng M\\u1ea1i D\\u1ecbch V\\u1ee5 T\\u00e2n Thi\\u00ean\",\"potentialAction\":[{\"@type\":\"SearchAction\",\"target\":{\"@type\":\"EntryPoint\",\"urlTemplate\":\"https:\/\/newskyvn.com\/?s={search_term_string}\"},\"query-input\":\"required name=search_term_string\"}],\"inLanguage\":\"en-US\"},{\"@type\":\"ImageObject\",\"@id\":\"https:\/\/newskyvn.com\/product\/bdi50\/#primaryimage\",\"inLanguage\":\"en-US\",\"url\":\"https:\/\/newskyvn.com\/wp-content\/uploads\/2021\/09\/show_BDI50_S1_3d.jpg\",\"contentUrl\":\"https:\/\/newskyvn.com\/wp-content\/uploads\/2021\/09\/show_BDI50_S1_3d.jpg\",\"width\":500,\"height\":500},{\"@type\":\"WebPage\",\"@id\":\"https:\/\/newskyvn.com\/product\/bdi50\/#webpage\",\"url\":\"https:\/\/newskyvn.com\/product\/bdi50\/\",\"name\":\"BDI50 - NEW SKY CO.,LTD\",\"isPartOf\":{\"@id\":\"https:\/\/newskyvn.com\/#website\"},\"primaryImageOfPage\":{\"@id\":\"https:\/\/newskyvn.com\/product\/bdi50\/#primaryimage\"},\"datePublished\":\"2021-09-27T07:23:40+00:00\",\"dateModified\":\"2021-09-27T07:23:41+00:00\",\"breadcrumb\":{\"@id\":\"https:\/\/newskyvn.com\/product\/bdi50\/#breadcrumb\"},\"inLanguage\":\"en-US\",\"potentialAction\":[{\"@type\":\"ReadAction\",\"target\":[\"https:\/\/newskyvn.com\/product\/bdi50\/\"]}]},{\"@type\":\"BreadcrumbList\",\"@id\":\"https:\/\/newskyvn.com\/product\/bdi50\/#breadcrumb\",\"itemListElement\":[{\"@type\":\"ListItem\",\"position\":1,\"name\":\"Product\",\"item\":\"https:\/\/newskyvn.com\/en\/san-pham\/\"},{\"@type\":\"ListItem\",\"position\":2,\"name\":\"BDI50\"}]}]}<\/script>\n<!-- \/ Yoast SEO plugin. -->","_links":{"self":[{"href":"https:\/\/newskyvn.com\/en\/wp-json\/wp\/v2\/product\/1762"}],"collection":[{"href":"https:\/\/newskyvn.com\/en\/wp-json\/wp\/v2\/product"}],"about":[{"href":"https:\/\/newskyvn.com\/en\/wp-json\/wp\/v2\/types\/product"}],"replies":[{"embeddable":true,"href":"https:\/\/newskyvn.com\/en\/wp-json\/wp\/v2\/comments?post=1762"}],"wp:featuredmedia":[{"embeddable":true,"href":"https:\/\/newskyvn.com\/en\/wp-json\/wp\/v2\/media\/1764"}],"wp:attachment":[{"href":"https:\/\/newskyvn.com\/en\/wp-json\/wp\/v2\/media?parent=1762"}],"wp:term":[{"taxonomy":"product_cat","embeddable":true,"href":"https:\/\/newskyvn.com\/en\/wp-json\/wp\/v2\/product_cat?post=1762"},{"taxonomy":"product_tag","embeddable":true,"href":"https:\/\/newskyvn.com\/en\/wp-json\/wp\/v2\/product_tag?post=1762"}],"curies":[{"name":"wp","href":"https:\/\/api.w.org\/{rel}","templated":true}]}}