{"id":1760,"date":"2021-09-27T04:38:30","date_gmt":"2021-09-27T04:38:30","guid":{"rendered":"https:\/\/newskyvn.com\/?post_type=product&#038;p=1760"},"modified":"2021-09-27T04:38:31","modified_gmt":"2021-09-27T04:38:31","slug":"adv200-lc","status":"publish","type":"product","link":"https:\/\/newskyvn.com\/en\/product\/adv200-lc\/","title":{"rendered":"ADV200 LC"},"content":{"rendered":"<p>&nbsp;<\/p>\n<p><span style=\"color: #0000ff;\"><strong>TECHNICAL DATA OF ADV200 LC<\/strong><\/span><\/p>\n<p>The ADV200-LC series is used in applications that demand robustness, long life, and maximum reliability.<\/p>\n<p>Liquid cooling systems of electrical and mechanical units, widely used in plastic processing equipment, significantly reduces the size of the electrical drive.<\/p>\n<p>Thanks to a very robust dissipation system, the ADV200-LC series supports the already available air-cooled line and integrates with great flexibility in existing systems.<\/p>\n<p><strong>Functions:<\/strong><\/p>\n<ul>\n<li>Self-tuning rotational and stand still of speed-current-flux regulators and motor data identification<\/li>\n<li>Torque control<\/li>\n<li>Simplified Start-up menu<\/li>\n<li>Instantaneous Overload up to 180%<\/li>\n<li>Motor, Drive and Braking resistor I2t thermal protection<\/li>\n<li>Multispeed function (16 programmable preset)<\/li>\n<li>4 independent programmable Multi-ramp with jerks<\/li>\n<li>Anti-condensation function<\/li>\n<li>Motorpotentiometer function<\/li>\n<li>Flying restart function<\/li>\n<li>Droop function<\/li>\n<li>Double motor parameters setting<\/li>\n<li>PID block function (application pre-charged)<\/li>\n<li>Mains loss detection managed through controlled stop and\/or energy optimization<\/li>\n<li>Variable switching frequency<\/li>\n<li>CT an VT operating mode<\/li>\n<li>Built-in humidity sensor<\/li>\n<li>Management of external solenoid (if present) to control flow of cooling liquid for drive and motor<\/li>\n<li>Advanced programming via MDPLC tool (IEC 61131-3 standard environment)<\/li>\n<li>Memory Keypad with 5 parameters set.<\/li>\n<\/ul>\n<p><strong>Options:<\/strong><\/p>\n<ul>\n<li>I\/O expansion cards, configurable according to the customer&#8217;s machine needs<\/li>\n<li>Expansion cards for the management of auxiliary encoders<\/li>\n<li>Field-bus interface cards: ProfiBus , CANopen, DeviceNet, GDNet, EtherCAT, Industrial Ethernet(*), ProfiNet<\/li>\n<li>Dedicated EMC filters (in compliance with CEE &#8211; EN61800-3:2004)<\/li>\n<li>Braking resistors (standardized for the whole line)<\/li>\n<li>Output chokes (standardized for the whole line)<\/li>\n<li>Bracket kit for mounting rear panel heat sink (standard and with IP54 protection rating)<\/li>\n<li>Rapid connectors kit<\/li>\n<li>Extension pipe with swivel connections.<\/li>\n<\/ul>\n<p><\/p>","protected":false},"excerpt":{"rendered":"<p>&nbsp;<\/p>\n<p><strong>Field-oriented vector inverter, from 30kW up to 400kW<\/strong><br \/>\n* Mains supply: 3 x 380\u2026480Vca, 50\/60Hz<br \/>\n* Motor ratings from 30kW (40Hp) to\u00a0 400kW (500Hp)<br \/>\n* Certifications: CE, UL, cUL<\/p>\n<p><strong>Features:<\/strong><\/p>\n<ul>\n<li>Motor type: asynchronous and synchronous motors<\/li>\n<li>Regulation control modes: FOC with Speed feedback, FOC open loop, V\/F<\/li>\n<li>Max Output frequency 500Hz<\/li>\n<li>DC Choke integrated up to 200kW<\/li>\n<li>EMC Filter integrated<\/li>\n<li>Dynamic Braking Module integrated (up to 90kW)<\/li>\n<li>Optional integrated braking resistor\u00a0 (up to 55kW)<\/li>\n<li>Overload according with IEC146 Class 1 and Class 2<\/li>\n<li>Heavy duty and Light duty overload management<\/li>\n<li>Up to\u00a03 options on board<\/li>\n<li>Safety Stop card in accordance with EN 954-1 (Cat.3) PL &#8220;e&#8221;<\/li>\n<li>Multilanguage programming software (5 languages)<\/li>\n<li>Advanced PLC according to the IEC61131-3 Standard<\/li>\n<li>Alphanumeric programming keypad<\/li>\n<li>2 Bipolar Analogue Inputs (Voltage\/Current\/PTC-KTY input)<\/li>\n<li>2 Bipolar Analogue Outputs (1: Voltage\/Current, 1: Voltage)<\/li>\n<li>6 Digital Inputs (PNP \/ NPN)<\/li>\n<li>2 Digital Outputs (PNP \/ NPN)<\/li>\n<li>2 Relay Outputs, single contact<\/li>\n<li>RS485 Serial Line (Modbus RTU protocol)<\/li>\n<li>Interfacing with the more common field bus: ProfiBus, CANopen, DeviceNet, EtherNet real.time GDNet, EtherCAT, Industrial Ethernet(*),\u00a0\u00a0ProfiNet<\/li>\n<li>IP00 protection degree as standard<\/li>\n<\/ul>\n","protected":false},"featured_media":1761,"comment_status":"open","ping_status":"closed","template":"","meta":[],"product_cat":[122,130],"product_tag":[],"yoast_head":"<!-- This site is optimized with the Yoast SEO plugin v16.6.1 - https:\/\/yoast.com\/wordpress\/plugins\/seo\/ -->\n<title>ADV200 LC - NEW SKY CO.,LTD<\/title>\n<meta name=\"robots\" content=\"index, follow, max-snippet:-1, max-image-preview:large, max-video-preview:-1\" \/>\n<link rel=\"canonical\" href=\"https:\/\/newskyvn.com\/product\/adv200-lc\/\" \/>\n<meta property=\"og:locale\" content=\"en_US\" \/>\n<meta property=\"og:type\" content=\"article\" \/>\n<meta property=\"og:title\" content=\"ADV200 LC - NEW SKY CO.,LTD\" \/>\n<meta property=\"og:description\" content=\"[:vi]&nbsp;  Bi\u1ebfn t\u1ea7n vector, t\u1eeb 30kW \u0111\u1ebfn 400kW * Ngu\u1ed3n cung c\u1ea5p: 3 x 380\u2026 480Vca, 50 \/ 60Hz * X\u1ebfp h\u1ea1ng \u0111\u1ed9ng c\u01a1 t\u1eeb 30kW (40Hp) \u0111\u1ebfn 400kW (500Hp) * Ch\u1ee9ng nh\u1eadn: CE, UL, cUL  \u0110\u1eb7c tr\u01b0ng:   Lo\u1ea1i \u0111\u1ed9ng c\u01a1: \u0111\u1ed9ng c\u01a1 kh\u00f4ng \u0111\u1ed3ng b\u1ed9 v\u00e0 \u0111\u1ed3ng b\u1ed9  Ch\u1ebf \u0111\u1ed9 \u0111i\u1ec1u khi\u1ec3n quy \u0111\u1ecbnh: FOC v\u1edbi ph\u1ea3n h\u1ed3i t\u1ed1c \u0111\u1ed9, v\u00f2ng l\u1eb7p m\u1edf FOC, V \/ F  T\u1ea7n s\u1ed1 \u0111\u1ea7u ra t\u1ed1i \u0111a 500Hz  DC Choke t\u00edch h\u1ee3p l\u00ean \u0111\u1ebfn 200kW  B\u1ed9 l\u1ecdc EMC t\u00edch h\u1ee3p  T\u00edch h\u1ee3p m\u00f4-\u0111un phanh \u0111\u1ed9ng (l\u00ean \u0111\u1ebfn 90kW)  \u0110i\u1ec7n tr\u1edf phanh t\u00edch h\u1ee3p t\u00f9y ch\u1ecdn (l\u00ean \u0111\u1ebfn 55kW)  Qu\u00e1 t\u1ea3i theo IEC146 Class 1 v\u00e0 Class 2  Qu\u1ea3n l\u00fd qu\u00e1 t\u1ea3i nhi\u1ec7m v\u1ee5 n\u1eb7ng v\u00e0 nhi\u1ec7m v\u1ee5 nh\u1eb9  L\u00ean \u0111\u1ebfn 3 t\u00f9y ch\u1ecdn tr\u00ean t\u00e0u  Th\u1ebb d\u1eebng an to\u00e0n ph\u00f9 h\u1ee3p v\u1edbi EN 954-1 (Cat.3) PL &quot;e&quot;  Ph\u1ea7n m\u1ec1m l\u1eadp tr\u00ecnh \u0111a ng\u00f4n ng\u1eef (5 ng\u00f4n ng\u1eef)  PLC n\u00e2ng cao theo ti\u00eau chu\u1ea9n IEC61131-3  B\u00e0n ph\u00edm l\u1eadp tr\u00ecnh ch\u1eef v\u00e0 s\u1ed1  2 \u0111\u1ea7u v\u00e0o t\u01b0\u01a1ng t\u1ef1 l\u01b0\u1ee1ng c\u1ef1c (\u0111\u1ea7u v\u00e0o \u0110i\u1ec7n \u00e1p \/ D\u00f2ng \u0111i\u1ec7n \/ PTC-KTY)  2 \u0111\u1ea7u ra t\u01b0\u01a1ng t\u1ef1 l\u01b0\u1ee1ng c\u1ef1c (1: \u0110i\u1ec7n \u00e1p \/ D\u00f2ng \u0111i\u1ec7n, 1: \u0110i\u1ec7n \u00e1p)  6 \u0111\u1ea7u v\u00e0o k\u1ef9 thu\u1eadt s\u1ed1 (PNP \/ NPN)  2 \u0111\u1ea7u ra k\u1ef9 thu\u1eadt s\u1ed1 (PNP \/ NPN)  2 \u0111\u1ea7u ra Relay, m\u1ed9t ti\u1ebfp \u0111i\u1ec3m  D\u00f2ng n\u1ed1i ti\u1ebfp RS485 (giao th\u1ee9c Modbus RTU)  Giao ti\u1ebfp v\u1edbi bus tr\u01b0\u1eddng ph\u1ed5 bi\u1ebfn h\u01a1n: ProfiBus, CANopen, DeviceNet, EtherNet real.time GDNet, EtherCAT, Industrial Ethernet\u00a0(*)\u00a0, ProfiNet  M\u1ee9c \u0111\u1ed9 b\u1ea3o v\u1ec7 IP00 theo ti\u00eau chu\u1ea9n [:en]&nbsp;  Field-oriented vector inverter, from 30kW up to 400kW * Mains supply: 3 x 380\u2026480Vca, 50\/60Hz * Motor ratings from 30kW (40Hp) to\u00a0 400kW (500Hp) * Certifications: CE, UL, cUL  Features:   Motor type: asynchronous and synchronous motors  Regulation control modes: FOC with Speed feedback, FOC open loop, V\/F  Max Output frequency 500Hz  DC Choke integrated up to 200kW  EMC Filter integrated  Dynamic Braking Module integrated (up to 90kW)  Optional integrated braking resistor\u00a0 (up to 55kW)  Overload according with IEC146 Class 1 and Class 2  Heavy duty and Light duty overload management  Up to\u00a03 options on board  Safety Stop card in accordance with EN 954-1 (Cat.3) PL &quot;e&quot;  Multilanguage programming software (5 languages)  Advanced PLC according to the IEC61131-3 Standard  Alphanumeric programming keypad  2 Bipolar Analogue Inputs (Voltage\/Current\/PTC-KTY input)  2 Bipolar Analogue Outputs (1: Voltage\/Current, 1: Voltage)  6 Digital Inputs (PNP \/ NPN)  2 Digital Outputs (PNP \/ NPN)  2 Relay Outputs, single contact  RS485 Serial Line (Modbus RTU protocol)  Interfacing with the more common field bus: ProfiBus, CANopen, DeviceNet, EtherNet real.time GDNet, EtherCAT, Industrial Ethernet(*),\u00a0\u00a0ProfiNet  IP00 protection degree as standard [:]\" \/>\n<meta property=\"og:url\" content=\"https:\/\/newskyvn.com\/product\/adv200-lc\/\" \/>\n<meta property=\"og:site_name\" content=\"NEW SKY CO.,LTD\" \/>\n<meta property=\"article:modified_time\" content=\"2021-09-27T04:38:31+00:00\" \/>\n<meta property=\"og:image\" content=\"https:\/\/newskyvn.com\/wp-content\/uploads\/2021\/09\/show_ADV200LC.jpg\" \/>\n\t<meta property=\"og:image:width\" content=\"500\" \/>\n\t<meta property=\"og:image:height\" content=\"500\" \/>\n<meta name=\"twitter:card\" content=\"summary_large_image\" \/>\n<meta name=\"twitter:label1\" content=\"Est. reading time\" \/>\n\t<meta name=\"twitter:data1\" content=\"2 minutes\" \/>\n<script type=\"application\/ld+json\" class=\"yoast-schema-graph\">{\"@context\":\"https:\/\/schema.org\",\"@graph\":[{\"@type\":\"WebSite\",\"@id\":\"https:\/\/newskyvn.com\/#website\",\"url\":\"https:\/\/newskyvn.com\/\",\"name\":\"NEW SKY CO.,LTD\",\"description\":\"C\\u00f4ng Ty TNHH S\\u1ea3n Xu\\u1ea5t Th\\u01b0\\u01a1ng M\\u1ea1i D\\u1ecbch V\\u1ee5 T\\u00e2n Thi\\u00ean\",\"potentialAction\":[{\"@type\":\"SearchAction\",\"target\":{\"@type\":\"EntryPoint\",\"urlTemplate\":\"https:\/\/newskyvn.com\/?s={search_term_string}\"},\"query-input\":\"required name=search_term_string\"}],\"inLanguage\":\"en-US\"},{\"@type\":\"ImageObject\",\"@id\":\"https:\/\/newskyvn.com\/product\/adv200-lc\/#primaryimage\",\"inLanguage\":\"en-US\",\"url\":\"https:\/\/newskyvn.com\/wp-content\/uploads\/2021\/09\/show_ADV200LC.jpg\",\"contentUrl\":\"https:\/\/newskyvn.com\/wp-content\/uploads\/2021\/09\/show_ADV200LC.jpg\",\"width\":500,\"height\":500},{\"@type\":\"WebPage\",\"@id\":\"https:\/\/newskyvn.com\/product\/adv200-lc\/#webpage\",\"url\":\"https:\/\/newskyvn.com\/product\/adv200-lc\/\",\"name\":\"ADV200 LC - NEW SKY CO.,LTD\",\"isPartOf\":{\"@id\":\"https:\/\/newskyvn.com\/#website\"},\"primaryImageOfPage\":{\"@id\":\"https:\/\/newskyvn.com\/product\/adv200-lc\/#primaryimage\"},\"datePublished\":\"2021-09-27T04:38:30+00:00\",\"dateModified\":\"2021-09-27T04:38:31+00:00\",\"breadcrumb\":{\"@id\":\"https:\/\/newskyvn.com\/product\/adv200-lc\/#breadcrumb\"},\"inLanguage\":\"en-US\",\"potentialAction\":[{\"@type\":\"ReadAction\",\"target\":[\"https:\/\/newskyvn.com\/product\/adv200-lc\/\"]}]},{\"@type\":\"BreadcrumbList\",\"@id\":\"https:\/\/newskyvn.com\/product\/adv200-lc\/#breadcrumb\",\"itemListElement\":[{\"@type\":\"ListItem\",\"position\":1,\"name\":\"Product\",\"item\":\"https:\/\/newskyvn.com\/en\/san-pham\/\"},{\"@type\":\"ListItem\",\"position\":2,\"name\":\"ADV200 LC\"}]}]}<\/script>\n<!-- \/ Yoast SEO plugin. -->","_links":{"self":[{"href":"https:\/\/newskyvn.com\/en\/wp-json\/wp\/v2\/product\/1760"}],"collection":[{"href":"https:\/\/newskyvn.com\/en\/wp-json\/wp\/v2\/product"}],"about":[{"href":"https:\/\/newskyvn.com\/en\/wp-json\/wp\/v2\/types\/product"}],"replies":[{"embeddable":true,"href":"https:\/\/newskyvn.com\/en\/wp-json\/wp\/v2\/comments?post=1760"}],"wp:featuredmedia":[{"embeddable":true,"href":"https:\/\/newskyvn.com\/en\/wp-json\/wp\/v2\/media\/1761"}],"wp:attachment":[{"href":"https:\/\/newskyvn.com\/en\/wp-json\/wp\/v2\/media?parent=1760"}],"wp:term":[{"taxonomy":"product_cat","embeddable":true,"href":"https:\/\/newskyvn.com\/en\/wp-json\/wp\/v2\/product_cat?post=1760"},{"taxonomy":"product_tag","embeddable":true,"href":"https:\/\/newskyvn.com\/en\/wp-json\/wp\/v2\/product_tag?post=1760"}],"curies":[{"name":"wp","href":"https:\/\/api.w.org\/{rel}","templated":true}]}}