{"id":1753,"date":"2021-09-26T10:03:44","date_gmt":"2021-09-26T10:03:44","guid":{"rendered":"https:\/\/newskyvn.com\/?post_type=product&#038;p=1753"},"modified":"2024-09-15T12:44:53","modified_gmt":"2024-09-15T12:44:53","slug":"2400","status":"publish","type":"product","link":"https:\/\/newskyvn.com\/en\/product\/2400\/","title":{"rendered":"2400"},"content":{"rendered":"<p>&nbsp;<\/p>\n<p><span style=\"color: #0000ff;\"><strong>TECHNICAL DATA OF 2400\u00a0<\/strong><\/span><\/p>\n<p><strong><em>O<\/em><\/strong><strong><em>PERATOR <\/em><\/strong><strong><em>I<\/em><\/strong><strong><em>NTERFACE<\/em><\/strong><\/p>\n<h3>Display<\/h3>\n<p>Configurable from -19999 to 99999 xith settable decimal point<\/p>\n<ul>\n<li>digits bicolors (R\/V) 13mm 2 digits (V) 7mm<\/li>\n<\/ul>\n<p><strong>LED signals: <\/strong>n.14 red<\/p>\n<p><strong>Keys: <\/strong>n.6<\/p>\n<p><strong><em>A<\/em><\/strong><strong><em>NALOG <\/em><\/strong><strong><em>I<\/em><\/strong><strong><em>NPUTS<\/em><\/strong><\/p>\n<p><strong>Accuracy:<\/strong> 0,1% f.s. \u00b1 1 digit<\/p>\n<p>(0,2% for TC)<\/p>\n<h3>Min. sampling time:<\/h3>\n<p>2 msec for main inputs 10msec for auxiliary inputs <strong>Resolution:<\/strong><\/p>\n<ul>\n<li>without filter: 100000 steps@2msec<\/li>\n<li>with digital filter (selectable): 100000 steps@20msec<\/li>\n<\/ul>\n<p>100000 steps@100msec (50Hz)<\/p>\n<h3>Custom linearization:<\/h3>\n<ul>\n<li>fixed intervals: 64 sections<\/li>\n<li>variable intervals: 32 sections<\/li>\n<li>self-learning<\/li>\n<\/ul>\n<p>&nbsp;<\/p>\n<h3>INPUT 1, INPUT 2 main inputs Strain-gauge: 350W<\/h3>\n<p>Sensitivity 1,5&#8230;4mV\/V<\/p>\n<p>Jumper power supply: 5\/10Vdc 200mA<\/p>\n<h3>Potentiometer:<\/h3>\n<p>\u00b3100W, Ri &gt; 10MW @ 2,5Vdc<\/p>\n<h3>Linear DC:<\/h3>\n<p>\u00b150mV &#8230; \u00b110V, Ri &gt; 1MW<\/p>\n<p>0\/4&#8230;20mA, Ri = 50W<\/p>\n<p>&nbsp;<\/p>\n<h3>TC &#8211; thermocouple:<\/h3>\n<p><strong>J <\/strong>0&#8230;1000\u00b0C \/ 32&#8230;1832\u00b0F <strong>K <\/strong>0&#8230;1300\u00b0C \/ 32&#8230;2372\u00b0F <strong>R <\/strong>0&#8230;1750\u00b0C \/ 32&#8230;3182\u00b0F <strong>S <\/strong>0&#8230;1750\u00b0C \/ 32&#8230;3182\u00b0F<\/p>\n<p><strong>T <\/strong>-200&#8230;400\u00b0C \/ -328&#8230;752\u00b0F<\/p>\n<p>custom -1999&#8230;9999<\/p>\n<p><strong>RTD: <\/strong>2-3 wires<\/p>\n<p><strong>PT100 <\/strong>-200&#8230;850\u00b0C \/ -328&#8230;1562\u00b0F<\/p>\n<p>int.\/ext. cold junction compensation<\/p>\n<p>&nbsp;<\/p>\n<p><strong>INPUT 3 <\/strong>(auxiliary)<\/p>\n<h3>Linear DC:<\/h3>\n<p>0&#8230;10V, 0\/4&#8230;20mA, Ri = 50W<\/p>\n<p><strong>INPUT 4 <\/strong>(auxiliary)<\/p>\n<h3>Linear DC:<\/h3>\n<p>0&#8230;10V, 0\/4&#8230;20mA, Ri = 50W<\/p>\n<p><strong><em>A<\/em><\/strong><strong><em>LLARMI<\/em><\/strong><\/p>\n<p>Relay: 5A\/250Vac cosj=1 Logic: 24Vdc source\/sink<\/p>\n<p>&nbsp;<\/p>\n<h3>OUTPUT 1<\/h3>\n<p><strong>Relay (NO\/NC)* or Logic<\/strong><\/p>\n<p>(according to model)<\/p>\n<p>&nbsp;<\/p>\n<h3>OUTPUT 2<\/h3>\n<p><strong>Relay (NO\/NC)* or Logic<\/strong><\/p>\n<p>(according to model)<\/p>\n<p>&nbsp;<\/p>\n<h3>OUTPUT 3**<\/h3>\n<p><strong>Relay (NO\/NC)* or Logic<\/strong><\/p>\n<p>(according to model)<\/p>\n<p>&nbsp;<\/p>\n<h3>OUTPUT 4**<\/h3>\n<p><strong>Relay (NO\/NC)* or Logic<\/strong><\/p>\n<p>(according to model)<\/p>\n<p>&nbsp;<\/p>\n<p>* terminal \u201cC\u201d in common<\/p>\n<p>** alternate: version only with OUTPUT3 (switching contact) and interface for MD8 expansion unit<\/p>\n<ul>\n<li>The relay can be energized or de-ener- gized in alarm state (selection via key- board).<\/li>\n<\/ul>\n<p>&nbsp;<\/p>\n<ul>\n<li>The outputs can be assigned to alarm setpoints directly or via logic functions (AND, OR).<\/li>\n<li>The outputs can be delayed or assigned to a hysteresis value (selectable in engi- neering units).<\/li>\n<li>4 (10) alarm setpoints settable in abso- lute value, with functions configurable via keyboard (direct, reverse, deviation, sym- metrical deviation).<\/li>\n<li>Setpoint can be set over the entire selected<\/li>\n<li>Minimum or maximum setpoint with<\/li>\n<li>Setpoint can be excluded in power-up phase until the input variable has excee- ded the set<\/li>\n<\/ul>\n<p>A subsequent drop below such limit cau- ses the relay to trip<\/p>\n<p>&nbsp;<\/p>\n<p><strong><em>A<\/em><\/strong><strong><em>NALOG <\/em><\/strong><strong><em>O<\/em><\/strong><strong><em>UTPUT <\/em><\/strong>(optional)<\/p>\n<p>Not available with option of Profibus com- munication<\/p>\n<p>Isolated 1500V<\/p>\n<p>0\/4&#8230;20mA, max 500W<\/p>\n<p>\u00b1 10V, min 500W<\/p>\n<p>resolution higher than 0,03% Configurable via software<\/p>\n<p><strong><em>C<\/em><\/strong><strong><em>OMMUNICATION <\/em><\/strong>(optional)<\/p>\n<p><strong>SERIAL INTERFACE<\/strong><strong>:<\/strong><\/p>\n<p><strong>RS485 <\/strong>2\/4 wires optically isolated <em>Protocol: <\/em>MODBUS RTU <strong>Profibus DP <\/strong>slave<\/p>\n<p><em>Protocoll: <\/em>Profibus DP VO (slave)<\/p>\n<p><strong><em>C<\/em><\/strong><strong><em>ONFIGURATION VIA <\/em><\/strong><strong><em>PC<\/em><\/strong><strong><em>:<\/em><\/strong><\/p>\n<p>TTL service interface, connectable to PC via \u201cWinstrum\u201d kit<\/p>\n<p><strong><em>C<\/em><\/strong><strong><em>ONNECTIONS<\/em><\/strong><\/p>\n<p>Screw connections<\/p>\n<p>&nbsp;<\/p>\n<p><strong><em>P<\/em><\/strong><strong><em>OWER <\/em><\/strong><strong><em>S<\/em><\/strong><strong><em>UPPLY<\/em><\/strong><\/p>\n<p>100&#8230;240Vac\/dc \u00b110%,<\/p>\n<p>20&#8230;27Vac\/dc \u00b110%,<\/p>\n<p>50&#8230;60Hz; max 20VA<\/p>\n<p>Protection via internal fuse, not replaceable by operator<\/p>\n<p><strong><em>P<\/em><\/strong><strong><em>ROBE <\/em><\/strong><strong><em>P<\/em><\/strong><strong><em>OWER <\/em><\/strong><strong><em>S<\/em><\/strong><strong><em>UPPLY<\/em><\/strong><\/p>\n<p>5\/10Vdc &#8211; 200mA, 2,5Vdc for potentiome- ters<\/p>\n<p><strong><em>T<\/em><\/strong><strong><em>RANSMITTER <\/em><\/strong><strong><em>P<\/em><\/strong><strong><em>OWER <\/em><\/strong><strong><em>S<\/em><\/strong><strong><em>UPPLY<\/em><\/strong><\/p>\n<p>24Vdc, \u00b15% &#8211; 100mA<\/p>\n<p><strong><em>A<\/em><\/strong><strong><em>MBIENT <\/em><\/strong><strong><em>C<\/em><\/strong><strong><em>ONDITIONS<\/em><\/strong><\/p>\n<p><strong>Work temperature<\/strong>: 0&#8230;50\u00b0C<\/p>\n<p><strong>Storage temperature<\/strong>: -20&#8230;70\u00b0C<\/p>\n<p><strong>Humidity<\/strong>: 20&#8230;85% Ur non-condensing<\/p>\n<p><strong><em>W<\/em><\/strong><strong><em>EIGHT<\/em><\/strong><\/p>\n<p>450g<\/p>\n<p><strong><em>D<\/em><\/strong><strong><em>IMENSION<\/em><\/strong><\/p>\n<p>96 X 48 X 167 mm<\/p>\n<p><strong><em>A<\/em><\/strong><strong><em>CCESSORIES<\/em><\/strong><\/p>\n<p><strong>MD8 &#8211; E<\/strong><strong>XPANSION UNIT<\/strong><\/p>\n<p>replaces outputs 3 and 4 with an additio- nal 8 outputs (relay or logic, according to model)<\/p>\n<p><strong>F<\/strong><strong>RONT COVERS<\/strong><\/p>\n<p>standard Gefran (see catalog)<\/p>\n<p><strong>W<\/strong><strong>INSTRUM <\/strong><strong>K<\/strong><strong>IT<\/strong><\/p>\n<p>TTL\/RS232 interface wires + CD<\/p>","protected":false},"excerpt":{"rendered":"<p>&nbsp;<\/p>\n<p><strong>Fast Indicator\/Alarm Unit<\/strong><\/p>\n<ul>\n<li><em>Double configurable input for strain gauge \/ potentiometer \/ linear signal \/ TC \/ RTD<\/em><\/li>\n<li><em>Two auxiliary analog inputs<\/em><\/li>\n<li><em>Differential measurement<\/em><\/li>\n<li><em>High precision: 1 % f.s. \u00b11 digit<\/em><\/li>\n<li><em>High tripping speed<\/em><\/li>\n<li><em>Automatic calibration for 6-wire strain gauge<\/em><\/li>\n<li><em>Transmitter power supply and strain gauge probe power supply<\/em><\/li>\n<li><em>Memory: min. peak, max. peak, peak \u2013 min. peak<\/em><\/li>\n<li><em>3 configurable alarms, failsafe function<\/em><\/li>\n<li><em>2 digital inputs<\/em><\/li>\n<li><em>up to 4 relay\/logic outputs<\/em><\/li>\n<li><em>5-digit display<\/em><\/li>\n<li><em>Serial communication interface:<\/em>\n<ul>\n<li><em>RS485\/RS232 MODBUS RTU<\/em><\/li>\n<\/ul>\n<\/li>\n<\/ul>\n<p>protocol (optional)<\/p>\n<ul>\n<li><em>Profibus DP slave (optional)<\/em><\/li>\n<\/ul>\n<ul>\n<li><em>Isolated analog retransmission output (optional)<\/em><\/li>\n<\/ul>\n","protected":false},"featured_media":1755,"comment_status":"open","ping_status":"closed","template":"","meta":[],"product_cat":[121,129],"product_tag":[],"yoast_head":"<!-- This site is optimized with the Yoast SEO plugin v16.6.1 - https:\/\/yoast.com\/wordpress\/plugins\/seo\/ -->\n<title>2400 - NEW SKY CO.,LTD<\/title>\n<meta name=\"robots\" content=\"index, follow, max-snippet:-1, max-image-preview:large, max-video-preview:-1\" \/>\n<link rel=\"canonical\" href=\"https:\/\/newskyvn.com\/product\/2400\/\" \/>\n<meta property=\"og:locale\" content=\"en_US\" \/>\n<meta property=\"og:type\" content=\"article\" \/>\n<meta property=\"og:title\" content=\"2400 - NEW SKY CO.,LTD\" \/>\n<meta property=\"og:description\" content=\"[:vi]&nbsp;  B\u1ed9 ch\u1ec9 b\u00e1o \/ b\u00e1o \u0111\u1ed9ng nhanh  \u2022 \u0110\u1ea7u v\u00e0o c\u00f3 th\u1ec3 c\u1ea5u h\u00ecnh k\u00e9p cho m\u00e1y \u0111o bi\u1ebfn d\u1ea1ng \/ chi\u1ebft \u00e1p \/ t\u00edn hi\u1ec7u tuy\u1ebfn t\u00ednh \/ TC \/ RTD \u2022 Hai \u0111\u1ea7u v\u00e0o t\u01b0\u01a1ng t\u1ef1 ph\u1ee5 tr\u1ee3 \u2022 \u0110o l\u01b0\u1eddng kh\u00e1c bi\u1ec7t \u2022 \u0110\u1ed9 ch\u00ednh x\u00e1c cao: 0,1% f.s. \u00b1 1 ch\u1eef s\u1ed1 \u2022 T\u1ed1c \u0111\u1ed9 truy\u1ec1n d\u1eef li\u1ec7u cao \u2022 Hi\u1ec7u chu\u1ea9n t\u1ef1 \u0111\u1ed9ng cho m\u00e1y \u0111o bi\u1ebfn d\u1ea1ng 6 d\u00e2y \u2022 Cung c\u1ea5p \u0111i\u1ec7n cho m\u00e1y ph\u00e1t v\u00e0 cung c\u1ea5p \u0111i\u1ec7n cho \u0111\u1ea7u d\u00f2 \u0111o bi\u1ebfn d\u1ea1ng \u2022 B\u1ed9 nh\u1edb: t\u1ed1i thi\u1ec3u. \u0111\u1ec9nh, t\u1ed1i \u0111a. \u0111\u1ec9nh, t\u1ed1i \u0111a. \u0111\u1ec9nh - t\u1ed1i thi\u1ec3u. \u0111\u1ec9nh cao \u2022 3 c\u1ea3nh b\u00e1o c\u00f3 th\u1ec3 \u0111\u1ecbnh c\u1ea5u h\u00ecnh, ch\u1ee9c n\u0103ng an to\u00e0n d\u1ef1 ph\u00f2ng \u2022 2 \u0111\u1ea7u v\u00e0o k\u1ef9 thu\u1eadt s\u1ed1 \u2022 l\u00ean \u0111\u1ebfn 4 \u0111\u1ea7u ra r\u01a1le \/ logic \u2022 M\u00e0n h\u00ecnh 5 ch\u1eef s\u1ed1 \u2022 Giao di\u1ec7n giao ti\u1ebfp n\u1ed1i ti\u1ebfp: - RS485 \/ RS232 MODBUS RTU giao th\u1ee9c (t\u00f9y ch\u1ecdn) - Profibus DP n\u00f4 l\u1ec7 (t\u00f9y ch\u1ecdn) \u2022 \u0110\u1ea7u ra truy\u1ec1n l\u1ea1i t\u01b0\u01a1ng t\u1ef1 c\u00f4 l\u1eadp (t\u00f9y ch\u1ecdn)[:en]&nbsp;  Fast Indicator\/Alarm Unit   Double configurable input for strain gauge \/ potentiometer \/ linear signal \/ TC \/ RTD  Two auxiliary analog inputs  Differential measurement  High precision: 1 % f.s. \u00b11 digit  High tripping speed  Automatic calibration for 6-wire strain gauge  Transmitter power supply and strain gauge probe power supply  Memory: min. peak, max. peak, peak \u2013 min. peak  3 configurable alarms, failsafe function  2 digital inputs  up to 4 relay\/logic outputs  5-digit display  Serial communication interface:   RS485\/RS232 MODBUS RTU    protocol (optional)   Profibus DP slave (optional)    Isolated analog retransmission output (optional) [:]\" \/>\n<meta property=\"og:url\" content=\"https:\/\/newskyvn.com\/product\/2400\/\" \/>\n<meta property=\"og:site_name\" content=\"NEW SKY CO.,LTD\" \/>\n<meta property=\"article:modified_time\" content=\"2024-09-15T12:44:53+00:00\" \/>\n<meta property=\"og:image\" content=\"https:\/\/newskyvn.com\/wp-content\/uploads\/2021\/09\/show_2400.jpg\" \/>\n\t<meta property=\"og:image:width\" content=\"800\" \/>\n\t<meta property=\"og:image:height\" content=\"800\" \/>\n<meta name=\"twitter:card\" content=\"summary_large_image\" \/>\n<meta name=\"twitter:label1\" content=\"Est. reading time\" \/>\n\t<meta name=\"twitter:data1\" content=\"3 minutes\" \/>\n<script type=\"application\/ld+json\" class=\"yoast-schema-graph\">{\"@context\":\"https:\/\/schema.org\",\"@graph\":[{\"@type\":\"WebSite\",\"@id\":\"https:\/\/newskyvn.com\/#website\",\"url\":\"https:\/\/newskyvn.com\/\",\"name\":\"NEW SKY CO.,LTD\",\"description\":\"C\\u00f4ng Ty TNHH S\\u1ea3n Xu\\u1ea5t Th\\u01b0\\u01a1ng M\\u1ea1i D\\u1ecbch V\\u1ee5 T\\u00e2n Thi\\u00ean\",\"potentialAction\":[{\"@type\":\"SearchAction\",\"target\":{\"@type\":\"EntryPoint\",\"urlTemplate\":\"https:\/\/newskyvn.com\/?s={search_term_string}\"},\"query-input\":\"required name=search_term_string\"}],\"inLanguage\":\"en-US\"},{\"@type\":\"ImageObject\",\"@id\":\"https:\/\/newskyvn.com\/product\/2400\/#primaryimage\",\"inLanguage\":\"en-US\",\"url\":\"https:\/\/newskyvn.com\/wp-content\/uploads\/2021\/09\/show_2400.jpg\",\"contentUrl\":\"https:\/\/newskyvn.com\/wp-content\/uploads\/2021\/09\/show_2400.jpg\",\"width\":800,\"height\":800},{\"@type\":\"WebPage\",\"@id\":\"https:\/\/newskyvn.com\/product\/2400\/#webpage\",\"url\":\"https:\/\/newskyvn.com\/product\/2400\/\",\"name\":\"2400 - NEW SKY CO.,LTD\",\"isPartOf\":{\"@id\":\"https:\/\/newskyvn.com\/#website\"},\"primaryImageOfPage\":{\"@id\":\"https:\/\/newskyvn.com\/product\/2400\/#primaryimage\"},\"datePublished\":\"2021-09-26T10:03:44+00:00\",\"dateModified\":\"2024-09-15T12:44:53+00:00\",\"breadcrumb\":{\"@id\":\"https:\/\/newskyvn.com\/product\/2400\/#breadcrumb\"},\"inLanguage\":\"en-US\",\"potentialAction\":[{\"@type\":\"ReadAction\",\"target\":[\"https:\/\/newskyvn.com\/product\/2400\/\"]}]},{\"@type\":\"BreadcrumbList\",\"@id\":\"https:\/\/newskyvn.com\/product\/2400\/#breadcrumb\",\"itemListElement\":[{\"@type\":\"ListItem\",\"position\":1,\"name\":\"Product\",\"item\":\"https:\/\/newskyvn.com\/en\/san-pham\/\"},{\"@type\":\"ListItem\",\"position\":2,\"name\":\"2400\"}]}]}<\/script>\n<!-- \/ Yoast SEO plugin. -->","_links":{"self":[{"href":"https:\/\/newskyvn.com\/en\/wp-json\/wp\/v2\/product\/1753"}],"collection":[{"href":"https:\/\/newskyvn.com\/en\/wp-json\/wp\/v2\/product"}],"about":[{"href":"https:\/\/newskyvn.com\/en\/wp-json\/wp\/v2\/types\/product"}],"replies":[{"embeddable":true,"href":"https:\/\/newskyvn.com\/en\/wp-json\/wp\/v2\/comments?post=1753"}],"wp:featuredmedia":[{"embeddable":true,"href":"https:\/\/newskyvn.com\/en\/wp-json\/wp\/v2\/media\/1755"}],"wp:attachment":[{"href":"https:\/\/newskyvn.com\/en\/wp-json\/wp\/v2\/media?parent=1753"}],"wp:term":[{"taxonomy":"product_cat","embeddable":true,"href":"https:\/\/newskyvn.com\/en\/wp-json\/wp\/v2\/product_cat?post=1753"},{"taxonomy":"product_tag","embeddable":true,"href":"https:\/\/newskyvn.com\/en\/wp-json\/wp\/v2\/product_tag?post=1753"}],"curies":[{"name":"wp","href":"https:\/\/api.w.org\/{rel}","templated":true}]}}