{"id":1750,"date":"2021-09-26T09:54:40","date_gmt":"2021-09-26T09:54:40","guid":{"rendered":"https:\/\/newskyvn.com\/?post_type=product&#038;p=1750"},"modified":"2021-09-26T09:54:41","modified_gmt":"2021-09-26T09:54:41","slug":"40tb","status":"publish","type":"product","link":"https:\/\/newskyvn.com\/en\/product\/40tb\/","title":{"rendered":"40TB"},"content":{"rendered":"<p>&nbsp;<\/p>\n<p><span style=\"color: #0000ff;\"><strong>TECHNICAL DATA OF 40TB\u00a0<\/strong><\/span><\/p>\n<p><strong><em>TECHNICAL DATA<\/em><\/strong> <strong><em>I<\/em><\/strong><strong><em>NPUTS<\/em><\/strong><\/p>\n<p>Accuracy 0.2% f.s. \u00b1 1 digit.<\/p>\n<p>&nbsp;<\/p>\n<p><strong>&#8211; Input 1<\/strong><\/p>\n<p>Sampling time 120 msec. with control of sensor power supply, configurable down to a minimum of 15 msec. with reduction of the resolution to 4000 points.<\/p>\n<p>Configurable decimal point position for linear inputs, for strain gauge inputs or potentiometer range -1999\u20269999, indication of min. and. Max. over-range for linear inputs. A 32-segment custom linearisation can be entered.<\/p>\n<ul>\n<li>4\/6 wire strain gauge 350W, sensitivity: 5\u20267.5mV\/V by 10V power supply 1.5\u202615mV\/V by 5V power supply.<\/li>\n<\/ul>\n<p>&nbsp;<\/p>\n<p>Positive or symmetrical polarisation and calibration that automatically calculates the sensitivity.<\/p>\n<ul>\n<li>Potentiometer supply 2V &gt;100W<\/li>\n<\/ul>\n<p>-Current 0\u202620mA, 4\u202620mA, Ri= 50W.<\/p>\n<p>&nbsp;<\/p>\n<h3>&#8211; Input 2<\/h3>\n<p>Sampling time 120 msec. for temperature sensors, for linear inputs, configurable down to a minimum of 15 msec. with reduction of resolution to 4000 steps.<\/p>\n<p>Configurable decimal point position for linear inputs, for TC, RTD, PTC, NTC inputs only one decimal point is allowed in the maximum display range of<\/p>\n<p>-199.9\u2026999.9.<\/p>\n<p>Indication of open circuit thermocouple or RTD, PTC, NTC in open or short circuit, indication of over- and under-range for linear inputs.<\/p>\n<p><strong><em>TC \u2013 Thermocouple<\/em><\/strong><\/p>\n<p>Cold junction auto-compensation. <strong>J <\/strong>(Fe-CuNi) 0&#8230;1000\u00b0C \/ 32&#8230;1832\u00b0F <strong>K <\/strong>(NiCr-Ni) 0&#8230;1300\u00b0C \/ 32&#8230;2372\u00b0F<\/p>\n<p><strong>R <\/strong>(Pt13Rh-Pt) 0&#8230;1750\u00b0C \/ 32&#8230;3182\u00b0F<\/p>\n<p><strong>S <\/strong>(Pt10Rh-Pt) 0&#8230;1750\u00b0C \/ 32&#8230;3182\u00b0F<\/p>\n<p><strong>T <\/strong>(Cu-CuNi) -200&#8230;400\u00b0C \/ -328&#8230;752\u00b0F<\/p>\n<p><strong>B <\/strong>(Pt30Rh-Pt6Rh) 44&#8230;1800\u00b0C \/ 111&#8230;3272\u00b0F <strong>E <\/strong>(NiCr-CuNi) -100&#8230;750\u00b0C \/ -148&#8230;1382\u00b0F <strong>N <\/strong>(NiCrSi-NiSi) 0&#8230;1300\u00b0C \/ 32&#8230;2372\u00b0F<\/p>\n<p>(<strong>Ni-Ni18Mo<\/strong>) 0&#8230;1100\u00b0C \/ 32&#8230;2012\u00b0F<\/p>\n<p><strong>L-GOST <\/strong>(NiCr-CuNi) 0&#8230;600\u00b0C \/ 32&#8230;1112\u00b0F<\/p>\n<p><strong>U <\/strong>( ) -200&#8230;400\u00b0C \/ -328&#8230;752\u00b0F<\/p>\n<p><strong>G <\/strong>(\u00a0 \u00a0) 0&#8230;2300\u00b0C \/ 32&#8230;4172\u00b0F<\/p>\n<p><strong>D <\/strong>(\u00a0 \u00a0) 0&#8230;2300\u00b0C \/ 32&#8230;4172\u00b0F<\/p>\n<p><strong>C <\/strong>(\u00a0 \u00a0) 0&#8230;2300\u00b0C \/ 32&#8230;4172\u00b0F<\/p>\n<p><strong>Custom <\/strong>-1999&#8230;9999<\/p>\n<h4>RTD 3 wires<\/h4>\n<p><strong>Pt100 <\/strong>-200&#8230;600\u00b0C \/ -328&#8230;1112\u00b0F<\/p>\n<p><strong>JPt100 <\/strong>-200&#8230;600\u00b0C \/ -328&#8230;1112\u00b0F<\/p>\n<h4>PTC<\/h4>\n<p>990W 25\u00b0C<\/p>\n<p>-55&#8230;120\u00b0C \/ -67&#8230;248\u00b0F<\/p>\n<p>&nbsp;<\/p>\n<p><strong><em>NTC<\/em><\/strong><\/p>\n<p>1 KW 25\u00b0C<\/p>\n<p>-10&#8230;70\u00b0C \/ 14&#8230;158\u00b0F<\/p>\n<h4>DC \u2013 Linear<\/h4>\n<p>With scale configurable within the limits:<\/p>\n<p>-1999&#8230;9999 (4 digits) 0&#8230;60mV \/ 12&#8230;60mV<\/p>\n<p>0&#8230;10V \/ 2&#8230;10V<\/p>\n<p>0&#8230;5V \/ 1&#8230;5V<\/p>\n<p>0&#8230;1V \/ 0.2&#8230;1V<\/p>\n<p>0&#8230;20mA \/ 4&#8230;20mA<\/p>\n<p>Input impedance for voltage signals Ri&gt;500W for V \u00a3 1V; Ri &gt;20KW for<\/p>\n<p>V &gt; 1V, for current signals: Ri = 50W.<\/p>\n<p>A 32-segment configurable linearisation can be used.<\/p>\n<h4>Digital<\/h4>\n<p>2 inputs from contact free of potential. The function is selectable among stored alarm reset, hold, flash, zero, selection of peak value (minimum, maximum, or<\/p>\n<p>peak-to-peak).<\/p>\n<p>&nbsp;<\/p>\n<p><strong><em>O<\/em><\/strong><strong><em>UTPUT<\/em><\/strong><\/p>\n<p>Relay with NO(NC) contacts 5A, 250V cosj=1. Three alarms configurable as output to calibrate 6-wire strain-gauge probes.<\/p>\n<h4>Analogue retransmission<\/h4>\n<p>1500V Isolation<\/p>\n<ul>\n<li>2 configurable retransmission analogue<\/li>\n<li>Range configurable from<\/li>\n<li>0\u202610Vdc; 0\/4\u202620mA configurable<\/li>\n<li>Resolution 4000<\/li>\n<\/ul>\n<p><strong><em>S<\/em><\/strong><strong><em>ERIAL <\/em><\/strong><strong><em>L<\/em><\/strong><strong><em>INK<\/em><\/strong><\/p>\n<p>4-wire, optoisolated.<\/p>\n<p>Passive current loop configurable interface (1200 bauds), RS232 and RS422\/485 (1200, 2400, 4800, 9600,<\/p>\n<p>19200 bauds) Protocol: GEFRAN, CENCAL or MODBUS.<\/p>\n<p>&nbsp;<\/p>\n<p><strong><em>P<\/em><\/strong><strong><em>OWER <\/em><\/strong><strong><em>S<\/em><\/strong><strong><em>UPPLY<\/em><\/strong><\/p>\n<p>Standard: 100\u2026240Vac\/dc \u00b110% On demand: 20\u202627Vac\/dc \u00b110% 50\/60Hz; 12VA max.<\/p>\n<p>Protected by an internal fuse (not replaceable by the operator).<\/p>\n<p><strong><em>S<\/em><\/strong><strong><em>ENSOR <\/em><\/strong><strong><em>P<\/em><\/strong><strong><em>OWER <\/em><\/strong><strong><em>S<\/em><\/strong><strong><em>UPPLY <\/em><\/strong><strong><em>(<\/em><\/strong><strong><em>VS<\/em><\/strong><strong><em>)<\/em><\/strong><\/p>\n<p>1.2Vdc for potentiometer &gt; 100W<\/p>\n<p>5Vdc, 10Vdc max 120mA for strain-gauge Available for input 1 (Terminal 11).<\/p>\n<p><strong><em>T<\/em><\/strong><strong><em>RANSMITTER <\/em><\/strong><strong><em>P<\/em><\/strong><strong><em>OWER <\/em><\/strong><strong><em>S<\/em><\/strong><strong><em>UPPLY <\/em><\/strong><strong><em>(<\/em><\/strong><strong><em>VT<\/em><\/strong><strong><em>)<\/em><\/strong><\/p>\n<p>24Vdc \u00b110% max. 50mA 15Vdc \u00b110% max. 80mA<\/p>\n<p>Available for input 1 (Terminal 11) and input 2 (Terminal 3).<\/p>\n<p><strong><em>A<\/em><\/strong><strong><em>MBIENT <\/em><\/strong><strong><em>C<\/em><\/strong><strong><em>ONDITIONS<\/em><\/strong><\/p>\n<p><strong>Working temperature range: <\/strong>0&#8230;50\u00b0C <strong>Storage temperature range: <\/strong>-20&#8230;70\u00b0C <strong>Humidity: <\/strong>20&#8230;85% HR non condensing<\/p>\n<p><strong><em>A<\/em><\/strong><strong><em>LARMS<\/em><\/strong><\/p>\n<ul>\n<li>3 alarm points configurable as absolute, relative, with direct or inverse<\/li>\n<li>Alarm points with configurable limits on the whole selected<\/li>\n<li>The hysteresis of each alarm is configurable<\/li>\n<li>Alarm masking with exclusion on power up, with memory, delay and minimum alarm\/intervention<\/li>\n<li>Alarms can be associated to single inputs, either as \u201cOR\u201d or \u201cAND\u201d.<\/li>\n<\/ul>\n<p><strong><em>W<\/em><\/strong><strong><em>EIGHT<\/em><\/strong><\/p>\n<p>Full version: 600g<\/p>","protected":false},"excerpt":{"rendered":"<p>&nbsp;<\/p>\n<p><strong>Indicator\/Alarm Unit for temperature and pressure inputs, double display<\/strong><\/p>\n<ul>\n<li><em>Inputs configurable from <\/em><\/li>\n<li><em>Easy strain-gauge calibration with sensitivity auto-ranging.<\/em><\/li>\n<li><em>Control<\/em> <em>of<\/em> <em>sensor<\/em> <em>power<\/em> <em>supply<\/em> <em>(input<\/em> <em>1).<\/em><\/li>\n<li><em>Selectable code <\/em><\/li>\n<li><em>Possibility to configure the <\/em><\/li>\n<li><em>Power supply for <\/em><\/li>\n<li><em>Easy to configure . Custom linearization <\/em><\/li>\n<li><em>Engineering units of the most common physical quantities available either on display or on <\/em><\/li>\n<li><em>Acquisition and alarm programmable from 15 up to 120 with resolution from 16000 to 4000 divisions<\/em><\/li>\n<li><em>Retransmission of variable values<\/em><\/li>\n<li><em>3 alarms completely configurable from <\/em><\/li>\n<li><em>4-wire, configurable serial line. Protocol:<\/em><\/li>\n<\/ul>\n<p><em>GEFRAN CENCAL or MODBUS<\/em><\/p>\n","protected":false},"featured_media":1752,"comment_status":"open","ping_status":"closed","template":"","meta":[],"product_cat":[121,129],"product_tag":[],"yoast_head":"<!-- This site is optimized with the Yoast SEO plugin v16.6.1 - https:\/\/yoast.com\/wordpress\/plugins\/seo\/ -->\n<title>40TB - NEW SKY CO.,LTD<\/title>\n<meta name=\"robots\" content=\"index, follow, max-snippet:-1, max-image-preview:large, max-video-preview:-1\" \/>\n<link rel=\"canonical\" href=\"https:\/\/newskyvn.com\/product\/40tb\/\" \/>\n<meta property=\"og:locale\" content=\"en_US\" \/>\n<meta property=\"og:type\" content=\"article\" \/>\n<meta property=\"og:title\" content=\"40TB - NEW SKY CO.,LTD\" \/>\n<meta property=\"og:description\" content=\"[:vi]&nbsp;  B\u1ed9 ch\u1ec9 th\u1ecb \/ C\u1ea3nh b\u00e1o cho \u0111\u1ea7u v\u00e0o nhi\u1ec7t \u0111\u1ed9 v\u00e0 \u00e1p su\u1ea5t, hi\u1ec3n th\u1ecb k\u00e9p  \u2022 \u0110\u1ea7u v\u00e0o c\u00f3 th\u1ec3 \u0111\u1ecbnh c\u1ea5u h\u00ecnh t\u1eeb m\u1eb7t n\u1ea1. \u2022 Hi\u1ec7u chu\u1ea9n m\u00e1y \u0111o bi\u1ebfn d\u1ea1ng d\u1ec5 d\u00e0ng v\u1edbi kh\u1ea3 n\u0103ng t\u1ef1 \u0111\u1ed9ng \u0111i\u1ec1u ch\u1ec9nh \u0111\u1ed9 nh\u1ea1y. \u2022 \u0110i\u1ec1u khi\u1ec3n ngu\u1ed3n c\u1ea5p cho c\u1ea3m bi\u1ebfn (\u0111\u1ea7u v\u00e0o 1). \u2022 B\u1ea3o v\u1ec7 m\u00e3 c\u00f3 th\u1ec3 l\u1ef1a ch\u1ecdn. \u2022 Kh\u1ea3 n\u0103ng c\u1ea5u h\u00ecnh thi\u1ebft b\u1ecb. \u2022 Ngu\u1ed3n cung c\u1ea5p cho m\u00e1y ph\u00e1t. \u2022 D\u1ec5 d\u00e0ng c\u1ea5u h\u00ecnh. Tuy\u1ebfn t\u00ednh h\u00f3a t\u00f9y ch\u1ec9nh c\u00f3 s\u1eb5n. \u2022 \u0110\u01a1n v\u1ecb k\u1ef9 thu\u1eadt c\u1ee7a c\u00e1c \u0111\u1ea1i l\u01b0\u1ee3ng v\u1eadt l\u00fd ph\u1ed5 bi\u1ebfn nh\u1ea5t c\u00f3 s\u1eb5n tr\u00ean m\u00e0n h\u00ecnh ho\u1eb7c tr\u00ean nh\u00e3n. \u2022 Thu nh\u1eadn v\u00e0 c\u1ea3nh b\u00e1o c\u00f3 th\u1ec3 l\u1eadp tr\u00ecnh t\u1eeb 15 \u0111\u1ebfn 120 mili gi\u00e2y. v\u1edbi \u0111\u1ed9 ph\u00e2n gi\u1ea3i t\u1eeb 16000 \u0111\u1ebfn 4000 ph\u00e2n chia \u2022 Truy\u1ec1n l\u1ea1i c\u00e1c gi\u00e1 tr\u1ecb bi\u1ebfn \u2022 3 c\u1ea3nh b\u00e1o ho\u00e0n to\u00e0n c\u00f3 th\u1ec3 c\u1ea5u h\u00ecnh t\u1eeb m\u1eb7t n\u1ea1. \u2022 4 d\u00e2y, \u0111\u01b0\u1eddng d\u00e2y n\u1ed1i ti\u1ebfp c\u00f3 th\u1ec3 \u0111\u1ecbnh c\u1ea5u h\u00ecnh. Giao th\u1ee9c: GEFRAN CENCAL ho\u1eb7c MODBUS[:en]&nbsp;  Indicator\/Alarm Unit for temperature and pressure inputs, double display   Inputs configurable from   Easy strain-gauge calibration with sensitivity auto-ranging.  Control of sensor power supply (input 1).  Selectable code   Possibility to configure the   Power supply for   Easy to configure . Custom linearization   Engineering units of the most common physical quantities available either on display or on   Acquisition and alarm programmable from 15 up to 120 with resolution from 16000 to 4000 divisions  Retransmission of variable values  3 alarms completely configurable from   4-wire, configurable serial line. Protocol:  GEFRAN CENCAL or MODBUS[:]\" \/>\n<meta property=\"og:url\" content=\"https:\/\/newskyvn.com\/product\/40tb\/\" \/>\n<meta property=\"og:site_name\" content=\"NEW SKY CO.,LTD\" \/>\n<meta property=\"article:modified_time\" content=\"2021-09-26T09:54:41+00:00\" \/>\n<meta property=\"og:image\" content=\"https:\/\/newskyvn.com\/wp-content\/uploads\/2021\/09\/show_40TB.jpg\" \/>\n\t<meta property=\"og:image:width\" content=\"474\" \/>\n\t<meta property=\"og:image:height\" content=\"500\" \/>\n<meta name=\"twitter:card\" content=\"summary_large_image\" \/>\n<meta name=\"twitter:label1\" content=\"Est. reading time\" \/>\n\t<meta name=\"twitter:data1\" content=\"3 minutes\" \/>\n<script type=\"application\/ld+json\" class=\"yoast-schema-graph\">{\"@context\":\"https:\/\/schema.org\",\"@graph\":[{\"@type\":\"WebSite\",\"@id\":\"https:\/\/newskyvn.com\/#website\",\"url\":\"https:\/\/newskyvn.com\/\",\"name\":\"NEW SKY CO.,LTD\",\"description\":\"C\\u00f4ng Ty TNHH S\\u1ea3n Xu\\u1ea5t Th\\u01b0\\u01a1ng M\\u1ea1i D\\u1ecbch V\\u1ee5 T\\u00e2n Thi\\u00ean\",\"potentialAction\":[{\"@type\":\"SearchAction\",\"target\":{\"@type\":\"EntryPoint\",\"urlTemplate\":\"https:\/\/newskyvn.com\/?s={search_term_string}\"},\"query-input\":\"required name=search_term_string\"}],\"inLanguage\":\"en-US\"},{\"@type\":\"ImageObject\",\"@id\":\"https:\/\/newskyvn.com\/product\/40tb\/#primaryimage\",\"inLanguage\":\"en-US\",\"url\":\"https:\/\/newskyvn.com\/wp-content\/uploads\/2021\/09\/show_40TB.jpg\",\"contentUrl\":\"https:\/\/newskyvn.com\/wp-content\/uploads\/2021\/09\/show_40TB.jpg\",\"width\":474,\"height\":500},{\"@type\":\"WebPage\",\"@id\":\"https:\/\/newskyvn.com\/product\/40tb\/#webpage\",\"url\":\"https:\/\/newskyvn.com\/product\/40tb\/\",\"name\":\"40TB - NEW SKY CO.,LTD\",\"isPartOf\":{\"@id\":\"https:\/\/newskyvn.com\/#website\"},\"primaryImageOfPage\":{\"@id\":\"https:\/\/newskyvn.com\/product\/40tb\/#primaryimage\"},\"datePublished\":\"2021-09-26T09:54:40+00:00\",\"dateModified\":\"2021-09-26T09:54:41+00:00\",\"breadcrumb\":{\"@id\":\"https:\/\/newskyvn.com\/product\/40tb\/#breadcrumb\"},\"inLanguage\":\"en-US\",\"potentialAction\":[{\"@type\":\"ReadAction\",\"target\":[\"https:\/\/newskyvn.com\/product\/40tb\/\"]}]},{\"@type\":\"BreadcrumbList\",\"@id\":\"https:\/\/newskyvn.com\/product\/40tb\/#breadcrumb\",\"itemListElement\":[{\"@type\":\"ListItem\",\"position\":1,\"name\":\"Product\",\"item\":\"https:\/\/newskyvn.com\/en\/san-pham\/\"},{\"@type\":\"ListItem\",\"position\":2,\"name\":\"40TB\"}]}]}<\/script>\n<!-- \/ Yoast SEO plugin. -->","_links":{"self":[{"href":"https:\/\/newskyvn.com\/en\/wp-json\/wp\/v2\/product\/1750"}],"collection":[{"href":"https:\/\/newskyvn.com\/en\/wp-json\/wp\/v2\/product"}],"about":[{"href":"https:\/\/newskyvn.com\/en\/wp-json\/wp\/v2\/types\/product"}],"replies":[{"embeddable":true,"href":"https:\/\/newskyvn.com\/en\/wp-json\/wp\/v2\/comments?post=1750"}],"wp:featuredmedia":[{"embeddable":true,"href":"https:\/\/newskyvn.com\/en\/wp-json\/wp\/v2\/media\/1752"}],"wp:attachment":[{"href":"https:\/\/newskyvn.com\/en\/wp-json\/wp\/v2\/media?parent=1750"}],"wp:term":[{"taxonomy":"product_cat","embeddable":true,"href":"https:\/\/newskyvn.com\/en\/wp-json\/wp\/v2\/product_cat?post=1750"},{"taxonomy":"product_tag","embeddable":true,"href":"https:\/\/newskyvn.com\/en\/wp-json\/wp\/v2\/product_tag?post=1750"}],"curies":[{"name":"wp","href":"https:\/\/api.w.org\/{rel}","templated":true}]}}