{"id":1744,"date":"2021-09-26T09:36:04","date_gmt":"2021-09-26T09:36:04","guid":{"rendered":"https:\/\/newskyvn.com\/?post_type=product&#038;p=1744"},"modified":"2021-09-26T09:38:39","modified_gmt":"2021-09-26T09:38:39","slug":"650l","status":"publish","type":"product","link":"https:\/\/newskyvn.com\/en\/product\/650l\/","title":{"rendered":"650L"},"content":{"rendered":"<p>&nbsp;<\/p>\n<p><strong><span style=\"color: #0000ff;\">TECHNICAL DATA OF 650L<\/span>\u00a0<\/strong><\/p>\n<table>\n<tbody>\n<tr>\n<td colspan=\"2\" width=\"296\"><strong><em>OPERATOR INTERFACE<\/em><\/strong><\/td>\n<td width=\"404\"><strong><em>650 L<\/em><\/strong><\/td>\n<\/tr>\n<tr>\n<td rowspan=\"9\" width=\"113\"><strong><em>\u00a0<\/em><\/strong><\/p>\n<p><strong><em>\u00a0<\/em><\/strong><\/p>\n<p><strong><em>\u00a0<\/em><\/strong><\/p>\n<p><strong><em>\u00a0<\/em><\/strong><\/p>\n<p><strong><em>\u00a0<\/em><\/strong><\/p>\n<p><strong><em>\u00a0<\/em><\/strong><\/p>\n<p><strong><em>\u00a0<\/em><\/strong><\/p>\n<p><strong>DISPLAY<\/strong><\/td>\n<td width=\"182\">Type<\/td>\n<td width=\"404\">LCD black background<\/td>\n<\/tr>\n<tr>\n<td width=\"182\">Screen area (L x H)<\/td>\n<td width=\"404\">35\u00d730 mm (1.38\u201d x 1.18\u201d)<\/td>\n<\/tr>\n<tr>\n<td width=\"182\">Lighting<\/td>\n<td width=\"404\">Backlit with LEDs, life &gt; 40.000 hours @ 25 \u00b0C<\/p>\n<p>* with brightness level BACKL=0.8<\/td>\n<\/tr>\n<tr>\n<td rowspan=\"3\" width=\"182\">PV Display<\/td>\n<td width=\"404\">Number of digits: 4 to 7 segments, with decimal point<\/td>\n<\/tr>\n<tr>\n<td width=\"404\">Digit height: 17 mm<\/td>\n<\/tr>\n<tr>\n<td width=\"404\">Color: white or \u201ccustom\u201d<\/td>\n<\/tr>\n<tr>\n<td width=\"182\">SV Display<\/td>\n<td width=\"404\">Number of digits: 5 to 14 segments, with decimal point Digit height: 7.5 mm (0.29\u201d)<\/p>\n<p>Color: green or \u201ccustom\u201d<\/td>\n<\/tr>\n<tr>\n<td width=\"182\">Engineering units<\/td>\n<td width=\"404\">Selectable, \u00b0C, \u00b0F or custom 1<\/p>\n<p>Color: same as PV display<\/td>\n<\/tr>\n<tr>\n<td width=\"182\">Alarms state signals<\/td>\n<td width=\"404\">Number: 4 (1, 2, 3, 4)<\/p>\n<p>Color: red<\/td>\n<\/tr>\n<tr>\n<td width=\"113\"><strong>KEYPAD<\/strong><\/td>\n<td width=\"182\">&nbsp;<\/td>\n<td width=\"404\">Keys number: 4, silicone ( R, INC,DEC,F) Type: mechanical<\/td>\n<\/tr>\n<tr>\n<td colspan=\"2\" width=\"296\"><strong><em>INPUTS<\/em><\/strong><\/td>\n<td width=\"404\"><strong><em>650 L<\/em><\/strong><\/td>\n<\/tr>\n<tr>\n<td rowspan=\"9\" width=\"113\"><strong><em>\u00a0<\/em><\/strong><\/p>\n<p><strong><em>\u00a0<\/em><\/strong><\/p>\n<p><strong><em>\u00a0<\/em><\/strong><\/p>\n<p><strong><em>\u00a0<\/em><\/strong><\/p>\n<p><strong><em>\u00a0<\/em><\/strong><\/p>\n<p><strong><em>\u00a0<\/em><\/strong><\/p>\n<p><strong><em>\u00a0<\/em><\/strong><\/p>\n<p><strong><em>\u00a0<\/em><\/strong><\/p>\n<p><strong><em>\u00a0<\/em><\/strong><\/p>\n<p><strong><em>\u00a0<\/em><\/strong><\/p>\n<p><strong><em>\u00a0<\/em><\/strong><\/p>\n<p><strong><em>\u00a0<\/em><\/strong><\/p>\n<p><strong><em>\u00a0<\/em><\/strong><\/p>\n<p><strong><em>\u00a0<\/em><\/strong><\/p>\n<p><strong><em>\u00a0<\/em><\/strong><\/p>\n<p><strong>MAIN INPUT<\/strong><\/td>\n<td width=\"182\">Sensor type<\/td>\n<td width=\"404\">TC, RTD (PT100, JPT100), DC linear sensor<\/td>\n<\/tr>\n<tr>\n<td width=\"182\">Accuracy<\/td>\n<td width=\"404\"><strong>TC<\/strong> <strong>inputs:<\/strong><\/p>\n<p>Calibration accuracy: &lt; +\/- (0.25% of reading value in \u00b0C +0.1\u00b0C) Linearization accuracy: 0.1% of reading value<\/p>\n<p>Cold junction accuracy: &lt; +\/- 1.5\u00b0C a 25\u00b0C room temperature)<\/p>\n<p>Cold junction compensation: &gt; 30:1 rejection to the change of the room<\/p>\n<p><strong>RTD input:<\/strong><\/p>\n<p>Calibration accuracy: &lt; +\/- (0.15% of reading value in \u00b0C +0.4\u00b0C) Temperature drift: &lt; +\/- (0.005% of reading value in \u00b0C +0.015\u00b0C )\/\u00b0C from 25\u00b0C room temperature<\/p>\n<p>Linearization accuracy: 0.1% of reading value<\/p>\n<p><strong>Linear inputs:<\/strong><\/p>\n<p>Calibration accuracy:&lt; 0.1% full scale<\/p>\n<p>Temperature drift: &lt; +\/- 0.005% full scale \/\u00b0C at 25\u00b0C room temperature<\/td>\n<\/tr>\n<tr>\n<td width=\"182\">Sampling time<\/td>\n<td width=\"404\">60 ms \/ 120 ms, selectable<\/td>\n<\/tr>\n<tr>\n<td width=\"182\">Digital filter<\/td>\n<td width=\"404\">0.0. 20.0 s<\/td>\n<\/tr>\n<tr>\n<td width=\"182\">Temperature unit of measurement<\/td>\n<td width=\"404\">Degrees C \/ F, selectable from keypad<\/td>\n<\/tr>\n<tr>\n<td width=\"182\">Signal interval<\/td>\n<td width=\"404\">Type: linear<\/p>\n<p>Scale: -1999&#8230;9999, settable decimal point<\/td>\n<\/tr>\n<tr>\n<td width=\"182\">TC (thermocouple) input<\/td>\n<td width=\"404\">Thermocouple: J, K, R, S, T, C, D, B, E, L, L GOST, U, G, N, Pt20Rh-<\/p>\n<p>Pt40Rh<\/p>\n<p>Linearization: ITS90 or custom<\/td>\n<\/tr>\n<tr>\n<td width=\"182\">RTD (resistance thermometer) input<\/td>\n<td width=\"404\">Resistance thermometer: PT100, JPT100 Input impedance (Ri): \u2265 30 k\u03a9 Linearization: DIN 43760 or custom<\/p>\n<p>Max. line resistance: 20 \u03a9<\/td>\n<\/tr>\n<tr>\n<td width=\"182\">DC linear input<\/td>\n<td width=\"404\">0&#8230;60 mV\u00a0\u00a0\u00a0\u00a0\u00a0\u00a0\u00a0\u00a0\u00a0\u00a0\u00a0\u00a0\u00a0\u00a0\u00a0\u00a0\u00a0\u00a0\u00a0\u00a0\u00a0\u00a0\u00a0\u00a0\u00a0\u00a0\u00a0\u00a0\u00a0\u00a0 input impedance (Ri): &gt; 70 k\u2126<\/p>\n<p>0&#8230;1 V\u00a0\u00a0\u00a0\u00a0\u00a0\u00a0\u00a0\u00a0\u00a0\u00a0\u00a0\u00a0\u00a0\u00a0\u00a0\u00a0\u00a0\u00a0\u00a0\u00a0\u00a0\u00a0\u00a0\u00a0\u00a0\u00a0\u00a0\u00a0\u00a0\u00a0\u00a0\u00a0\u00a0\u00a0\u00a0\u00a0 input impedance (Ri): &gt; 15 k\u2126 0&#8230;5 V \/ 0&#8230;10 V\u00a0\u00a0\u00a0\u00a0\u00a0\u00a0\u00a0\u00a0\u00a0\u00a0\u00a0\u00a0\u00a0 input impedance (Ri): &gt; 30 k\u2126 0\/4&#8230;20 mA\u00a0\u00a0\u00a0\u00a0\u00a0\u00a0\u00a0\u00a0\u00a0\u00a0\u00a0\u00a0\u00a0\u00a0\u00a0\u00a0\u00a0\u00a0\u00a0\u00a0\u00a0 input impedance (Ri): 50 \u2126 Linearization: linear or custom<\/td>\n<\/tr>\n<tr>\n<td rowspan=\"3\" width=\"113\"><strong><em>\u00a0<\/em><\/strong><\/p>\n<p><strong><em>\u00a0<\/em><\/strong><\/p>\n<p><strong>DIGITAL <\/strong><strong>INPUTS<\/strong><\/td>\n<td width=\"182\">Type<\/td>\n<td width=\"404\">voltage dry contact, or NPN 24 V &#8211; 4.5 mA, or PNP 12\/24 V &#8211; max 3.6 mA<\/p>\n<p><em>(for detail see electrical connections)<\/em><\/td>\n<\/tr>\n<tr>\n<td width=\"182\">Isolation<\/td>\n<td width=\"404\">500 V<\/td>\n<\/tr>\n<tr>\n<td width=\"182\">Number<\/td>\n<td width=\"404\">1 max<\/td>\n<\/tr>\n<\/tbody>\n<\/table>\n<p>&nbsp;<\/p>\n<table>\n<tbody>\n<tr>\n<td colspan=\"2\" width=\"296\"><strong><em>OUTPUTS<\/em><\/strong><\/td>\n<td width=\"404\"><strong><em>650 L<\/em><\/strong><\/td>\n<\/tr>\n<tr>\n<td rowspan=\"3\" width=\"113\">&nbsp;<\/td>\n<td rowspan=\"3\" width=\"182\">Relay (R)<\/p>\n<p><strong><em>\u00a0<\/em><\/strong><\/p>\n<p><strong><em>\u00a0<\/em><\/strong><\/p>\n<p><strong><em>\u00a0<\/em><\/strong><\/p>\n<p><strong><em>\u00a0<\/em><\/strong><\/p>\n<p>Analog retransmission (A1)<\/td>\n<td width=\"404\">Number: 4 max<\/p>\n<p>Type of relay contact: NO Max. current: 5 A, 250 VAC<\/td>\n<\/tr>\n<tr>\n<td width=\"404\">Minimum load: 5 V, 10 mA<\/p>\n<p>Life cycle: &gt; 100,000 operations Double isolation<\/td>\n<\/tr>\n<tr>\n<td width=\"404\">Number: 1 max<\/p>\n<p>0&#8230;10 V, max 20 mA, Rout: &gt; 500 \u2126<\/p>\n<p>0&#8230;20 mA, 4&#8230;20 mA, Rout: &lt; 500 \u2126<\/p>\n<p>Resolution: 12 bit<\/p>\n<p>Isolated from main input<\/td>\n<\/tr>\n<tr>\n<td rowspan=\"2\" width=\"113\"><strong><em>\u00a0<\/em><\/strong><\/p>\n<p><strong>ALARMS<\/strong><\/td>\n<td width=\"182\">Number of alarm functions<\/td>\n<td width=\"404\">4 max, assignable to an output<\/td>\n<\/tr>\n<tr>\n<td width=\"182\">Possible configurations<\/td>\n<td width=\"404\">Maximum, minimum, symmetric, absolute\/relative, exclusion at firing, memory, reset from keypad and\/or contact,<\/td>\n<\/tr>\n<tr>\n<td colspan=\"2\" width=\"296\"><strong><em>CONTROL FUNCTIONS<\/em><\/strong><\/td>\n<td width=\"404\"><strong><em>650 L<\/em><\/strong><\/td>\n<\/tr>\n<tr>\n<td width=\"113\"><strong>DIAGNOSTIC<\/strong><\/td>\n<td width=\"182\">&nbsp;<\/td>\n<td width=\"404\">Short circuit or open circuit<\/td>\n<\/tr>\n<tr>\n<td rowspan=\"2\" width=\"113\"><strong>RETENTIVE <\/strong><strong>MEMORY<\/strong><\/td>\n<td width=\"182\">Type<\/td>\n<td width=\"404\">EEPROM<\/td>\n<\/tr>\n<tr>\n<td width=\"182\">Max. number of writes<\/td>\n<td width=\"404\">1,000.000<\/td>\n<\/tr>\n<tr>\n<td colspan=\"2\" width=\"296\"><strong><em>SERIAL INTERFACE<\/em><\/strong><\/td>\n<td width=\"404\"><strong><em>650 L<\/em><\/strong><\/td>\n<\/tr>\n<tr>\n<td width=\"113\">&nbsp;<\/td>\n<td width=\"182\">&nbsp;<\/td>\n<td width=\"404\">Type: RS485<\/p>\n<p>Baudrate: 1200, 2400, 4800, 9600, 19.200, 38.400, 57.600,115.200 bit\/s<\/p>\n<p>Protocoll: MODBUS RTU Isolated from main input<\/td>\n<\/tr>\n<tr>\n<td colspan=\"2\" width=\"296\"><strong><em>GENERAL<\/em><\/strong> <strong><em>DATA<\/em><\/strong><\/td>\n<td width=\"404\"><strong><em>650 L<\/em><\/strong><\/td>\n<\/tr>\n<tr>\n<td rowspan=\"4\" width=\"113\"><strong><em>\u00a0<\/em><\/strong><\/p>\n<p><strong><em>\u00a0<\/em><\/strong><\/p>\n<p><strong>POWER SUPPLY<\/strong><\/td>\n<td width=\"182\">Operating voltage<\/td>\n<td width=\"404\">100&#8230;240 VAC\/VDC \u00b110%, 50\/60 Hz<\/p>\n<p>(on request 20&#8230;27 VAC\/VDC \u00b110%)<\/td>\n<\/tr>\n<tr>\n<td width=\"182\">Power dissipation<\/td>\n<td width=\"404\">5 W max<\/td>\n<\/tr>\n<tr>\n<td width=\"182\">Protections<\/td>\n<td width=\"404\">Overvoltage 300 V \/ 35 V<\/td>\n<\/tr>\n<tr>\n<td width=\"182\">Connection<\/td>\n<td width=\"404\">Screw terminals and crimp connector, max. wire section 1 mm2<\/td>\n<\/tr>\n<tr>\n<td rowspan=\"2\" width=\"113\"><strong><em>\u00a0<\/em><\/strong><\/p>\n<p><strong>CONNECTIONS<\/strong><\/td>\n<td width=\"182\">Serial configuration port (for USB connection)<\/td>\n<td width=\"404\">Connector: microUSB<\/td>\n<\/tr>\n<tr>\n<td width=\"182\">Inputs and outputs<\/td>\n<td width=\"404\">Screw terminals and crimp connector, max. wire section 2,5 mm2<\/td>\n<\/tr>\n<tr>\n<td rowspan=\"5\" width=\"113\"><strong><em>\u00a0<\/em><\/strong><\/p>\n<p><strong><em>\u00a0<\/em><\/strong><\/p>\n<p><strong><em>\u00a0<\/em><\/strong><\/p>\n<p><strong>AMBIENT CONDITIONS<\/strong><\/td>\n<td width=\"182\">Use<\/td>\n<td width=\"404\">Indoor<\/td>\n<\/tr>\n<tr>\n<td width=\"182\">Altitude<\/td>\n<td width=\"404\">2000 m max<\/td>\n<\/tr>\n<tr>\n<td width=\"182\">Operating temperature<\/td>\n<td width=\"404\">-10 &#8230; +55 \u00b0C (as per IEC 68-2-14)<\/td>\n<\/tr>\n<tr>\n<td width=\"182\">Storage temperature<\/td>\n<td width=\"404\">-20 &#8230; +70 \u00b0C (as per IEC 68-2-14)<\/td>\n<\/tr>\n<tr>\n<td width=\"182\">Relative humidity<\/td>\n<td width=\"404\">20&#8230;85% RH non-condensing (as per IEC 68-2-3)<\/td>\n<\/tr>\n<tr>\n<td width=\"113\"><strong>PROTECTION LEVEL<\/strong><\/td>\n<td width=\"182\">&nbsp;<\/td>\n<td width=\"404\">IP 65 on front panel (as per IEC 68-2-3)<\/td>\n<\/tr>\n<tr>\n<td rowspan=\"2\" width=\"113\"><strong><em>\u00a0<\/em><\/strong><\/p>\n<p><strong>ASSEMBLY<\/strong><\/td>\n<td width=\"182\">Positioning<\/td>\n<td width=\"404\">On panel, removable faceplate<\/td>\n<\/tr>\n<tr>\n<td width=\"182\">Installation regulations<\/td>\n<td width=\"404\">Installation category: II; Pollution degree: 2 Isolation: double<\/td>\n<\/tr>\n<tr>\n<td width=\"113\"><strong><em>\u00a0<\/em><\/strong><\/p>\n<p><strong>DIMENSIONS<\/strong><\/td>\n<td width=\"182\">&nbsp;<\/td>\n<td width=\"404\">48 \u00d7 48 mm (1\/16 DIN)<\/p>\n<p>(1.89\u201d x 1.89\u201d),<\/p>\n<p>Depth: 80 mm (3.15\u201d)<\/td>\n<\/tr>\n<tr>\n<td width=\"113\"><strong>WEIGHT<\/strong><\/td>\n<td width=\"182\">&nbsp;<\/td>\n<td width=\"404\">0.16 kg (35 lb)<\/td>\n<\/tr>\n<tr>\n<td rowspan=\"2\" width=\"113\"><strong><em>\u00a0<\/em><\/strong><\/p>\n<p><strong>CE STANDARDS<\/strong><\/td>\n<td width=\"182\">EMC<\/p>\n<p>(electromagnetic compatibility)<\/td>\n<td width=\"404\">Conforms to directive 2014\/30\/EU with reference to standard EN 61326-1 emission in industrial environment class A for models 650 LV, 1250 emission in residential environment class B for models 650 HV<\/td>\n<\/tr>\n<tr>\n<td width=\"182\">Safety LVD<\/td>\n<td width=\"404\">conforms to directive 2014\/35\/EU with reference to standard EN61010-1<\/td>\n<\/tr>\n<\/tbody>\n<\/table>\n<p>&nbsp;<\/p>\n<p><strong><em>\u00a0<\/em><\/strong><\/p>\n<table>\n<tbody>\n<tr>\n<td width=\"72\"><strong>Code<\/strong><\/td>\n<td width=\"631\"><strong>Description<\/strong><\/td>\n<\/tr>\n<tr>\n<td width=\"72\"><strong>F060800<\/strong><\/td>\n<td width=\"631\">Cable for programming with PC, USB-TTL 3 V with USB \u2013 microUSB connectors, length 1.8 m<\/td>\n<\/tr>\n<tr>\n<td width=\"72\"><strong>F043958<\/strong><\/td>\n<td width=\"631\">\u201cGF_eXpress\u201d software CD<\/td>\n<\/tr>\n<tr>\n<td width=\"72\"><strong>F060909<\/strong><\/td>\n<td width=\"631\">Configuration kit for new instruments GF_eXK-3-0-0<\/td>\n<\/tr>\n<tr>\n<td width=\"72\"><strong>51968<\/strong><\/td>\n<td width=\"631\">Rubber gasket 48\u00d748 for display<\/td>\n<\/tr>\n<tr>\n<td width=\"72\"><strong>51292<\/strong><\/td>\n<td width=\"631\">Rubber gasket 48\u00d748 for panel<\/td>\n<\/tr>\n<tr>\n<td width=\"72\"><strong>51250<\/strong><\/td>\n<td width=\"631\">Fastening clip (model 650 L)<\/td>\n<\/tr>\n<tr>\n<td width=\"72\"><strong>51294<\/strong><\/td>\n<td width=\"631\">Finger safe cover (model 650 L)<\/td>\n<\/tr>\n<tr>\n<td width=\"72\"><strong>51454<\/strong><\/td>\n<td width=\"631\">18 replacement terminals (model 650 L)<\/td>\n<\/tr>\n<\/tbody>\n<\/table>\n<p>rom the faceplate. No additional steps are needed.<\/p>","protected":false},"excerpt":{"rendered":"<p>&nbsp;<\/p>\n<p><strong>Indicator\/Safety Alarm Limit (FM)<\/strong><\/p>\n<ul>\n<li><em>Safety high temperature alarm threshold with relay output<\/em><\/li>\n<li><em>Retained alarm output with manual operator acknowledge<\/em><\/li>\n<li><em>Dedicated frontal button for alarm reset<\/em><\/li>\n<li><em>Counting of high temperature alarm tripping<\/em><\/li>\n<li><em>Time totalisation of high temperature alarm tripping<\/em><\/li>\n<li><em>Operator interface with large LCD Display, customizable, with choice of colors<\/em><\/li>\n<li><em>Scrolling diagnostic messages, configurable, in the selected language<\/em><\/li>\n<li><em>Easy, guided configuration, copy\/paste parameterseven with power off<\/em><\/li>\n<li><em>Different password levels<\/em><\/li>\n<li><em>Universal input configurable for thermocouples, RTDs,<\/em><\/li>\n<li><em>Current\/voltage inputs<\/em><\/li>\n<li><em>Relay, logic,<\/em><\/li>\n<li><em>RS485 serial communication in Modbus RTU<\/em><\/li>\n<li><em>Removable faceplate for quick replacement<\/em><\/li>\n<li><em>Sampling time 60 ms<\/em><\/li>\n<\/ul>\n","protected":false},"featured_media":1746,"comment_status":"open","ping_status":"closed","template":"","meta":[],"product_cat":[121,129],"product_tag":[],"yoast_head":"<!-- This site is optimized with the Yoast SEO plugin v16.6.1 - https:\/\/yoast.com\/wordpress\/plugins\/seo\/ -->\n<title>650L - NEW SKY CO.,LTD<\/title>\n<meta name=\"robots\" content=\"index, follow, max-snippet:-1, max-image-preview:large, max-video-preview:-1\" \/>\n<link rel=\"canonical\" href=\"https:\/\/newskyvn.com\/product\/650l\/\" \/>\n<meta property=\"og:locale\" content=\"en_US\" \/>\n<meta property=\"og:type\" content=\"article\" \/>\n<meta property=\"og:title\" content=\"650L - NEW SKY CO.,LTD\" \/>\n<meta property=\"og:description\" content=\"[:vi]&nbsp;  Ch\u1ec9 b\u00e1o \/ Gi\u1edbi h\u1ea1n c\u1ea3nh b\u00e1o an to\u00e0n (FM)  \u2022 Ng\u01b0\u1ee1ng c\u1ea3nh b\u00e1o nhi\u1ec7t \u0111\u1ed9 cao an to\u00e0n v\u1edbi \u0111\u1ea7u ra r\u01a1le \u2022 \u0110\u1ea7u ra c\u1ea3nh b\u00e1o \u0111\u01b0\u1ee3c duy tr\u00ec v\u1edbi x\u00e1c nh\u1eadn c\u1ee7a ng\u01b0\u1eddi v\u1eadn h\u00e0nh th\u1ee7 c\u00f4ng \u2022 N\u00fat ph\u00eda tr\u01b0\u1edbc chuy\u00ean d\u1ee5ng \u0111\u1ec3 \u0111\u1eb7t l\u1ea1i c\u1ea3nh b\u00e1o \u2022 \u0110\u1ebfm l\u1ea7n v\u1ea5p c\u1ea3nh b\u00e1o nhi\u1ec7t \u0111\u1ed9 cao \u2022 T\u1ed5ng th\u1eddi gian b\u00e1o \u0111\u1ed9ng nhi\u1ec7t \u0111\u1ed9 cao v\u1ea5p ng\u00e3 \u2022 Giao di\u1ec7n \u0111i\u1ec1u h\u00e0nh v\u1edbi M\u00e0n h\u00ecnh LCD l\u1edbn, c\u00f3 th\u1ec3 t\u00f9y ch\u1ec9nh, v\u1edbi s\u1ef1 l\u1ef1a ch\u1ecdn m\u00e0u s\u1eafc \u2022 Cu\u1ed9n th\u00f4ng b\u00e1o ch\u1ea9n \u0111o\u00e1n, c\u00f3 th\u1ec3 \u0111\u1ecbnh c\u1ea5u h\u00ecnh, b\u1eb1ng ng\u00f4n ng\u1eef \u0111\u00e3 ch\u1ecdn \u2022 C\u1ea5u h\u00ecnh d\u1ec5 d\u00e0ng, c\u00f3 h\u01b0\u1edbng d\u1eabn, sao ch\u00e9p \/ d\u00e1n c\u00e1c th\u00f4ng s\u1ed1 ngay c\u1ea3 khi t\u1eaft ngu\u1ed3n \u2022 C\u00e1c c\u1ea5p \u0111\u1ed9 m\u1eadt kh\u1ea9u kh\u00e1c nhau \u2022 \u0110\u1ea7u v\u00e0o \u0111a n\u0103ng c\u00f3 th\u1ec3 \u0111\u1ecbnh c\u1ea5u h\u00ecnh cho c\u1eb7p nhi\u1ec7t \u0111i\u1ec7n, RTD, \u2022 \u0110\u1ea7u v\u00e0o hi\u1ec7n t\u1ea1i \/ \u0111i\u1ec7n \u00e1p \u2022 Chuy\u1ec3n ti\u1ebfp, logic, \u2022 Giao ti\u1ebfp n\u1ed1i ti\u1ebfp RS485 trong Modbus RTU \u2022 T\u1ea5m che m\u1eb7t c\u00f3 th\u1ec3 th\u00e1o r\u1eddi \u0111\u1ec3 thay th\u1ebf nhanh ch\u00f3ng \u2022 Th\u1eddi gian l\u1ea5y m\u1eabu 60 ms[:en]&nbsp;  Indicator\/Safety Alarm Limit (FM)   Safety high temperature alarm threshold with relay output  Retained alarm output with manual operator acknowledge  Dedicated frontal button for alarm reset  Counting of high temperature alarm tripping  Time totalisation of high temperature alarm tripping  Operator interface with large LCD Display, customizable, with choice of colors  Scrolling diagnostic messages, configurable, in the selected language  Easy, guided configuration, copy\/paste parameterseven with power off  Different password levels  Universal input configurable for thermocouples, RTDs,  Current\/voltage inputs  Relay, logic,  RS485 serial communication in Modbus RTU  Removable faceplate for quick replacement  Sampling time 60 ms [:]\" \/>\n<meta property=\"og:url\" content=\"https:\/\/newskyvn.com\/product\/650l\/\" \/>\n<meta property=\"og:site_name\" content=\"NEW SKY CO.,LTD\" \/>\n<meta property=\"article:modified_time\" content=\"2021-09-26T09:38:39+00:00\" \/>\n<meta property=\"og:image\" content=\"https:\/\/newskyvn.com\/wp-content\/uploads\/2021\/09\/show_650L_dx.jpg\" \/>\n\t<meta property=\"og:image:width\" content=\"500\" \/>\n\t<meta property=\"og:image:height\" content=\"500\" \/>\n<meta name=\"twitter:card\" content=\"summary_large_image\" \/>\n<meta name=\"twitter:label1\" content=\"Est. reading time\" \/>\n\t<meta name=\"twitter:data1\" content=\"4 minutes\" \/>\n<script type=\"application\/ld+json\" class=\"yoast-schema-graph\">{\"@context\":\"https:\/\/schema.org\",\"@graph\":[{\"@type\":\"WebSite\",\"@id\":\"https:\/\/newskyvn.com\/#website\",\"url\":\"https:\/\/newskyvn.com\/\",\"name\":\"NEW SKY CO.,LTD\",\"description\":\"C\\u00f4ng Ty TNHH S\\u1ea3n Xu\\u1ea5t Th\\u01b0\\u01a1ng M\\u1ea1i D\\u1ecbch V\\u1ee5 T\\u00e2n Thi\\u00ean\",\"potentialAction\":[{\"@type\":\"SearchAction\",\"target\":{\"@type\":\"EntryPoint\",\"urlTemplate\":\"https:\/\/newskyvn.com\/?s={search_term_string}\"},\"query-input\":\"required name=search_term_string\"}],\"inLanguage\":\"en-US\"},{\"@type\":\"ImageObject\",\"@id\":\"https:\/\/newskyvn.com\/product\/650l\/#primaryimage\",\"inLanguage\":\"en-US\",\"url\":\"https:\/\/newskyvn.com\/wp-content\/uploads\/2021\/09\/show_650L_dx.jpg\",\"contentUrl\":\"https:\/\/newskyvn.com\/wp-content\/uploads\/2021\/09\/show_650L_dx.jpg\",\"width\":500,\"height\":500},{\"@type\":\"WebPage\",\"@id\":\"https:\/\/newskyvn.com\/product\/650l\/#webpage\",\"url\":\"https:\/\/newskyvn.com\/product\/650l\/\",\"name\":\"650L - NEW SKY CO.,LTD\",\"isPartOf\":{\"@id\":\"https:\/\/newskyvn.com\/#website\"},\"primaryImageOfPage\":{\"@id\":\"https:\/\/newskyvn.com\/product\/650l\/#primaryimage\"},\"datePublished\":\"2021-09-26T09:36:04+00:00\",\"dateModified\":\"2021-09-26T09:38:39+00:00\",\"breadcrumb\":{\"@id\":\"https:\/\/newskyvn.com\/product\/650l\/#breadcrumb\"},\"inLanguage\":\"en-US\",\"potentialAction\":[{\"@type\":\"ReadAction\",\"target\":[\"https:\/\/newskyvn.com\/product\/650l\/\"]}]},{\"@type\":\"BreadcrumbList\",\"@id\":\"https:\/\/newskyvn.com\/product\/650l\/#breadcrumb\",\"itemListElement\":[{\"@type\":\"ListItem\",\"position\":1,\"name\":\"Product\",\"item\":\"https:\/\/newskyvn.com\/en\/san-pham\/\"},{\"@type\":\"ListItem\",\"position\":2,\"name\":\"650L\"}]}]}<\/script>\n<!-- \/ Yoast SEO plugin. -->","_links":{"self":[{"href":"https:\/\/newskyvn.com\/en\/wp-json\/wp\/v2\/product\/1744"}],"collection":[{"href":"https:\/\/newskyvn.com\/en\/wp-json\/wp\/v2\/product"}],"about":[{"href":"https:\/\/newskyvn.com\/en\/wp-json\/wp\/v2\/types\/product"}],"replies":[{"embeddable":true,"href":"https:\/\/newskyvn.com\/en\/wp-json\/wp\/v2\/comments?post=1744"}],"wp:featuredmedia":[{"embeddable":true,"href":"https:\/\/newskyvn.com\/en\/wp-json\/wp\/v2\/media\/1746"}],"wp:attachment":[{"href":"https:\/\/newskyvn.com\/en\/wp-json\/wp\/v2\/media?parent=1744"}],"wp:term":[{"taxonomy":"product_cat","embeddable":true,"href":"https:\/\/newskyvn.com\/en\/wp-json\/wp\/v2\/product_cat?post=1744"},{"taxonomy":"product_tag","embeddable":true,"href":"https:\/\/newskyvn.com\/en\/wp-json\/wp\/v2\/product_tag?post=1744"}],"curies":[{"name":"wp","href":"https:\/\/api.w.org\/{rel}","templated":true}]}}