{"id":1741,"date":"2021-09-26T09:16:05","date_gmt":"2021-09-26T09:16:05","guid":{"rendered":"https:\/\/newskyvn.com\/?post_type=product&#038;p=1741"},"modified":"2021-09-26T09:20:17","modified_gmt":"2021-09-26T09:20:17","slug":"40t48","status":"publish","type":"product","link":"https:\/\/newskyvn.com\/en\/product\/40t48\/","title":{"rendered":"40T48"},"content":{"rendered":"<p>&nbsp;<\/p>\n<p><span style=\"color: #0000ff;\"><strong>TECHNICAL DATA OF 40T48\u00a0<\/strong><\/span><\/p>\n<h2>GENERAL<\/h2>\n<p><em>Microprocessor based indicator in both 48&#215;48 (1\/16 DIN) formats manufactured with SMT.<\/em><\/p>\n<p><em>The instruments have a lexan membrane faceplate (guaranteed to IP65) which has 3 keys, a 4 digit display and 3 indicating LED\u2019s for the output statuses.<\/em><\/p>\n<p><em>The input signal can be selected from a wide range of sensors:<\/em><\/p>\n<p><em>\u00a0<\/em><\/p>\n<ul>\n<li><em>Thermocouples of type: J,K,R,S,T, B, E, N, L GOST, U, G, D, C<\/em><\/li>\n<li><em>Resistance thermometers Pt100, Pt100J 2 \/ 3 wire<\/em><\/li>\n<li><em>PTC and NTC themistors<\/em><\/li>\n<li><em>Linear inputs 0 to 60\/12 to 60mV, 0 to 20\/4 to 20mA,<\/em><\/li>\n<\/ul>\n<p><em>0 to 10\/2 to 10\/0 to 5\/1 to 5\/0 to 1\/0, 2 to1V<\/em><\/p>\n<p><em>\u00a0<\/em><\/p>\n<p><em>The selection is made using the faceplate keys and correct input terminals.<\/em><\/p>\n<p><em>No external shunt or adapter is required.<\/em><\/p>\n<p><em>A digital input (24Vdc\/5mA) is available <\/em><em>for<\/em> <em>resetting, hold, flash, peak handling <\/em><em>or<\/em> <em>releasing<\/em> <em>latch.<\/em> <em>The<\/em> <em>instruments<\/em> <em>have<\/em> <em>a<\/em> <em>maximum of 4 outputs that can be mechanical relays (5A\/250V) or logic<\/em><\/p>\n<p><em>outputs 24V\u00b110% (10Vmin \/ 20mA). One output of 4 to 20mA (max. 500<\/em>W<em>) is available for retranmitting the measured input signal.<\/em><\/p>\n<p><em>The retransmission output, the digital input and the third output are alternatives.<\/em><\/p>\n<p><em>The options include a triac output that can directly drive resistive loads up to a maximum of 1A at 240V.<\/em><\/p>\n<p><em>The programming of the instrument is made easy by grouping the parameters in function blocks (<strong>CFG <\/strong>for the alarm hysteresis, <strong>Inp <\/strong>for the inputs, <strong>Out <\/strong>for the outputs&#8230;) and by a simplified data entry menu.<\/em><\/p>\n<p><em>The configuration can be simplified even further using the PC programming kit made up of a connection cable and a menu guide program that runs under Windows (technical data GF_eXpress). A configurable personal software protection code (password protection) can be used to restrict the levels of editing and displaying the configuration parameters.<\/em><\/p>\n<p><strong><em>TECHNICAL<\/em><\/strong> <strong><em>DATA<\/em><\/strong> <strong><em>I<\/em><\/strong><strong><em>NPUTS<\/em><\/strong><\/p>\n<p>Accuracy 0,2% f.s. \u00b11digit.<\/p>\n<p>Sampling time 120msec for temperature sensors, configurable for linear inputs down to a minimum of 15msec with reduction of the resolution to 4000 steps.<\/p>\n<p>Configurable decimal point position for linear inputs, for TC, RTD, PTC and NTC inputs, only one decimal digit is allowed in the maximum display range of -199.9 to 999.9, with indication of open circuit thermocouple or RTD, PTC or NTC in open or short circuit, indication of over- and under-range for linear inputs.<\/p>\n<p>&nbsp;<\/p>\n<p><strong><em>TC &#8211; Thermocouple<\/em><\/strong><\/p>\n<p><strong><em>\u00a0<\/em><\/strong><\/p>\n<p><strong>J\u00a0\u00a0\u00a0\u00a0\u00a0\u00a0\u00a0\u00a0\u00a0\u00a0\u00a0\u00a0\u00a0\u00a0\u00a0 <\/strong>0 to 1000\u00b0C \/ 32 to 1832\u00b0F<\/p>\n<p><strong>K\u00a0\u00a0\u00a0\u00a0\u00a0\u00a0\u00a0\u00a0\u00a0\u00a0\u00a0\u00a0\u00a0\u00a0\u00a0 <\/strong>0 to 1300\u00b0C \/ 32 to 2372\u00b0F<\/p>\n<p><strong>R\u00a0\u00a0\u00a0\u00a0\u00a0\u00a0\u00a0\u00a0\u00a0\u00a0\u00a0\u00a0\u00a0\u00a0\u00a0 <\/strong>0 to 1750\u00b0C \/ 32 to 3182\u00b0F<\/p>\n<p><strong>S\u00a0\u00a0\u00a0\u00a0\u00a0\u00a0\u00a0\u00a0\u00a0\u00a0\u00a0\u00a0\u00a0\u00a0\u00a0 <\/strong>0 to 1750\u00b0C \/ 32 to 3182\u00b0F<\/p>\n<p><strong>T\u00a0\u00a0\u00a0\u00a0\u00a0\u00a0\u00a0\u00a0\u00a0\u00a0\u00a0\u00a0\u00a0\u00a0\u00a0 <\/strong>-200 to 400\u00b0C \/ -328 to 752\u00b0F<\/p>\n<p><strong>B\u00a0\u00a0\u00a0\u00a0\u00a0\u00a0\u00a0\u00a0\u00a0\u00a0\u00a0\u00a0\u00a0\u00a0\u00a0 <\/strong>44 to 1800\u00b0C \/ 111 to 3272\u00b0F<\/p>\n<p><strong>E\u00a0\u00a0\u00a0\u00a0\u00a0\u00a0\u00a0\u00a0\u00a0\u00a0\u00a0\u00a0\u00a0\u00a0\u00a0 <\/strong>-100 to 750\u00b0C \/ -148 to 1382\u00b0F<\/p>\n<p><strong>N\u00a0\u00a0\u00a0\u00a0\u00a0\u00a0\u00a0\u00a0\u00a0\u00a0\u00a0\u00a0\u00a0\u00a0\u00a0 <\/strong>0 to 1300\u00b0C \/ 32 to 2372\u00b0F<\/p>\n<p><strong>L-GOST <\/strong>0 to 600\u00b0C \/ 32 to 1112\u00b0F<\/p>\n<p><strong>U\u00a0\u00a0\u00a0\u00a0\u00a0\u00a0\u00a0\u00a0\u00a0\u00a0\u00a0\u00a0\u00a0\u00a0\u00a0 <\/strong>-200 to 400\u00b0C \/ -328 to 752\u00b0F<\/p>\n<p><strong>G\u00a0\u00a0\u00a0\u00a0\u00a0\u00a0\u00a0\u00a0\u00a0\u00a0\u00a0\u00a0\u00a0\u00a0\u00a0 <\/strong>0 to 2300\u00b0C \/ 32 to 4172\u00b0F<\/p>\n<p><strong>D\u00a0\u00a0\u00a0\u00a0\u00a0\u00a0\u00a0\u00a0\u00a0\u00a0\u00a0\u00a0\u00a0\u00a0\u00a0 <\/strong>0 to 2300\u00b0C \/ 32 to 4172\u00b0F<\/p>\n<p><strong>C\u00a0\u00a0\u00a0\u00a0\u00a0\u00a0\u00a0\u00a0\u00a0\u00a0\u00a0\u00a0\u00a0\u00a0\u00a0 <\/strong>0 to 2300\u00b0C \/ 32 to 4172\u00b0F<\/p>\n<p><strong>custom\u00a0\u00a0\u00a0 <\/strong>-1999 to 9999<\/p>\n<p>&nbsp;<\/p>\n<h3>RTD (2 or 3 wire)<\/h3>\n<p><strong><em>\u00a0<\/em><\/strong><\/p>\n<p>PT100 -200 to 600\u00b0C \/ -328 to 1112\u00b0F JPT100 -200 to 600\u00b0C \/ -328 to 1112\u00b0F<\/p>\n<p>&nbsp;<\/p>\n<h3>PTC<\/h3>\n<p>990W, 25\u00b0C\u00a0\u00a0\u00a0 -55 to 120\u00b0C \/ -67 to<\/p>\n<p>248\u00b0F<\/p>\n<p>&nbsp;<\/p>\n<h3>NTC<\/h3>\n<p>1KW, 25\u00b0C\u00a0\u00a0\u00a0\u00a0 -10 to 70\u00b0C \/ 14 to 158\u00b0F<\/p>\n<p>&nbsp;<\/p>\n<h3>DC &#8211; Linear<\/h3>\n<p>With scale configurable within the limits:<\/p>\n<p>-1999 to 9999<\/p>\n<p>0 to 60mV \/ 12 to 60mV 0 to 10V \/ 2 to 10V<\/p>\n<p>0 to 5V \/ 1 to 5V<\/p>\n<p>0 to 1V \/ 0,2 to 1V<\/p>\n<p>0 to 20mA \/ 4 to 20mA Input impedance<\/p>\n<p>Ri \u00b3 1MW for 60mV, 1V<\/p>\n<p>Ri \u00b3 10KW for signal 5V, 10V Ri = 50W for signal 20mA.<\/p>\n<p>32-segment configurable linearisation can be used.<\/p>\n<p>&nbsp;<\/p>\n<h3>Potentiometer<\/h3>\n<p>Supply 1,2V &gt;100W<\/p>\n<p>&nbsp;<\/p>\n<h3>Digital input<\/h3>\n<ul>\n<li>in voltage 24V, 5mA Ri = 4,7KW isolation 1500V<\/li>\n<li>contact type<\/li>\n<\/ul>\n<p>&nbsp;<\/p>\n<p>Function is configurable as alarm or memory reset, hold, flash zero, display of the peak value (max., min. or peak to peak).<\/p>\n<p>&nbsp;<\/p>\n<p><strong><em>O<\/em><\/strong><strong><em>UTPUTS<\/em><\/strong><\/p>\n<p><strong><em>\u00a0<\/em><\/strong><\/p>\n<p>4 configurable outputs:<\/p>\n<p>OUT1, OUT4 relay only; OUT2 relay, logic or triac; OUT3 relay.<\/p>\n<p>&nbsp;<\/p>\n<p>A maximum of four trip points can be set as absolute, deviation or symmetrical deviation alarms.<\/p>\n<p>The hysteresis of each alarm is configurable individually.<\/p>\n<p>Alarm masking with exclusion on power up, with memory, delay and minimum intervention time.<\/p>\n<p>The trip point may be set at any point on the scale.<\/p>\n<p><strong><em>Relay<\/em><\/strong><\/p>\n<p>with NO (NC) contacts rated at 5A, 250V at cosj = 1.<\/p>\n<p>&nbsp;<\/p>\n<p><strong><em>Logic <\/em><\/strong>.<\/p>\n<p>24 Vdc (10Vmin\/20mA) limitation to 30mA (indicated in order code with D).<\/p>\n<p>&nbsp;<\/p>\n<p><strong><em>Triac<\/em><\/strong><\/p>\n<p>24&#8230;240Vac \u00b110% 50\/60Hz, 1A max<\/p>\n<p>I2t = 128A2sec leakage current 1,5mA max at 200Vac.<\/p>\n<p>&nbsp;<\/p>\n<p><strong><em>Analog<\/em><\/strong> <strong><em>retransmission<\/em><\/strong><\/p>\n<p>Of variable 0\u2026 10V, 0\/4\u2026 20mA at 500W max. Resolution 12 bit.<\/p>\n<p>&nbsp;<\/p>\n<p><strong><em>Serial Line<\/em><\/strong><\/p>\n<p>Isolated 2\/4 wires, RS485 interface (1200, 2400, 4800, 9600, 19200 baud)<\/p>\n<p>Protocol: GEFRAN CENCAL or MOD- BUS<\/p>\n<p>&nbsp;<\/p>\n<p><strong><em>P<\/em><\/strong><strong><em>OWER <\/em><\/strong><strong><em>S<\/em><\/strong><strong><em>UPPLY<\/em><\/strong><\/p>\n<p>Standard: 100 to 240Vac \u00b1 10%<\/p>\n<p>optional: 11 to 27Vac\/dc \u00b1 10% 50\/60Hz, max. 8VA<\/p>\n<p>Protected by an internal fuse (not replaceable by the operator).<\/p>\n<p>&nbsp;<\/p>\n<p><strong><em>P<\/em><\/strong><strong><em>OWER <\/em><\/strong><strong><em>S<\/em><\/strong><strong><em>UPPLY<\/em><\/strong><\/p>\n<p><strong><em>TRANSMITTER<\/em><\/strong><\/p>\n<p>24V \u00b110% unstabilised, 30mA 15V for transmitter, 30mA 1,2V for potentiometer &gt; 100W<\/p>","protected":false},"excerpt":{"rendered":"<p>&nbsp;<\/p>\n<p><span style=\"color: #000000;\"><strong>Indicator\/Alarm Unit<\/strong><\/span><\/p>\n<ul>\n<li>Faceplate configurable input<\/li>\n<li>Protected by a personal code<\/li>\n<li>Configurable by a serial link<\/li>\n<li>Transmitter power supply incorporated<\/li>\n<li>Custom thermocouple linearisation available<\/li>\n<li>Internal linearisation for engineering units<\/li>\n<li>Labels provided for the more common physical units<\/li>\n<li>Sampling time and trip intervention programmable between 15 and 120msec with resolution between 2000 and 8000 steps<\/li>\n<li>Retransmission of the measured variable signal<\/li>\n<li>3 trip points, completely configurable from the faceplate<\/li>\n<li>4 trip points completely configurable from keyboard<\/li>\n<li>RS485 optically isolated serial line<\/li>\n<li>Protocol : GEFRAN CENCAL or MODBUS RTU<\/li>\n<li>Rapid configuration from PC with GF_eXpress package<\/li>\n<\/ul>\n","protected":false},"featured_media":1743,"comment_status":"open","ping_status":"closed","template":"","meta":[],"product_cat":[121,129],"product_tag":[],"yoast_head":"<!-- This site is optimized with the Yoast SEO plugin v16.6.1 - https:\/\/yoast.com\/wordpress\/plugins\/seo\/ -->\n<title>40T48 - NEW SKY CO.,LTD<\/title>\n<meta name=\"robots\" content=\"index, follow, max-snippet:-1, max-image-preview:large, max-video-preview:-1\" \/>\n<link rel=\"canonical\" href=\"https:\/\/newskyvn.com\/product\/40t48\/\" \/>\n<meta property=\"og:locale\" content=\"en_US\" \/>\n<meta property=\"og:type\" content=\"article\" \/>\n<meta property=\"og:title\" content=\"40T48 - NEW SKY CO.,LTD\" \/>\n<meta property=\"og:description\" content=\"[:vi]&nbsp;  B\u1ed9 ch\u1ec9 b\u00e1o \/ b\u00e1o \u0111\u1ed9ng   \u0110\u1ea7u v\u00e0o c\u00f3 th\u1ec3 \u0111\u1ecbnh c\u1ea5u h\u00ecnh t\u1ea1i m\u1eb7t giao ti\u1ebfp.  \u0110\u01b0\u1ee3c b\u1ea3o v\u1ec7 b\u1eb1ng m\u00e3 c\u00e1 nh\u00e2n  C\u00f3 th\u1ec3 c\u1ea5u h\u00ecnh b\u1eb1ng li\u00ean k\u1ebft n\u1ed1i ti\u1ebfp  B\u1ed9 ngu\u1ed3n m\u00e1y ph\u00e1t k\u1ebft h\u1ee3p  C\u00f3 s\u1eb5n d\u00f2ng s\u1ea3n ph\u1ea9m c\u1eb7p nhi\u1ec7t \u0111i\u1ec7n t\u00f9y ch\u1ec9nh  Qu\u1ea3n l\u00fd tuy\u1ebfn n\u1ed9i b\u1ed9 cho c\u00e1c \u0111\u01a1n v\u1ecb k\u1ef9 thu\u1eadt  C\u00e1c nh\u00e3n \u0111\u01b0\u1ee3c cung c\u1ea5p cho c\u00e1c \u0111\u01a1n v\u1ecb v\u1eadt l\u00fd ph\u1ed5 bi\u1ebfn h\u01a1n  Th\u1eddi gian l\u1ea5y m\u1eabu v\u00e0 can thi\u1ec7p chuy\u1ebfn \u0111i c\u00f3 th\u1ec3 l\u1eadp tr\u00ecnh t\u1eeb 15 \u0111\u1ebfn 120msec v\u1edbi \u0111\u1ed9 ph\u00e2n gi\u1ea3i t\u1eeb 2000 \u0111\u1ebfn 8000 b\u01b0\u1edbc  Truy\u1ec1n l\u1ea1i t\u00edn hi\u1ec7u bi\u1ebfn \u0111o \u0111\u01b0\u1ee3c  3 \u0111i\u1ec3m chuy\u1ebfn \u0111i, ho\u00e0n to\u00e0n c\u00f3 th\u1ec3 \u0111\u1ecbnh c\u1ea5u h\u00ecnh t\u1eeb m\u1eb7t tr\u01b0\u1edbc  4 \u0111i\u1ec3m chuy\u1ebfn \u0111i ho\u00e0n to\u00e0n c\u00f3 th\u1ec3 c\u1ea5u h\u00ecnh t\u1eeb b\u00e0n ph\u00edm  D\u00f2ng n\u1ed1i ti\u1ebfp c\u00e1ch ly quang h\u1ecdc RS485  Giao th\u1ee9c: GEFRAN CENCAL ho\u1eb7c MODBUS RTU  C\u1ea5u h\u00ecnh nhanh ch\u00f3ng t\u1eeb PC v\u1edbi g\u00f3i GF_eXpress [:en]&nbsp;  Indicator\/Alarm Unit   Faceplate configurable input  Protected by a personal code  Configurable by a serial link  Transmitter power supply incorporated  Custom thermocouple linearisation available  Internal linearisation for engineering units  Labels provided for the more common physical units  Sampling time and trip intervention programmable between 15 and 120msec with resolution between 2000 and 8000 steps  Retransmission of the measured variable signal  3 trip points, completely configurable from the faceplate  4 trip points completely configurable from keyboard  RS485 optically isolated serial line  Protocol : GEFRAN CENCAL or MODBUS RTU  Rapid configuration from PC with GF_eXpress package [:]\" \/>\n<meta property=\"og:url\" content=\"https:\/\/newskyvn.com\/product\/40t48\/\" \/>\n<meta property=\"og:site_name\" content=\"NEW SKY CO.,LTD\" \/>\n<meta property=\"article:modified_time\" content=\"2021-09-26T09:20:17+00:00\" \/>\n<meta property=\"og:image\" content=\"https:\/\/newskyvn.com\/wp-content\/uploads\/2021\/09\/show_40T48.jpg\" \/>\n\t<meta property=\"og:image:width\" content=\"493\" \/>\n\t<meta property=\"og:image:height\" content=\"500\" \/>\n<meta name=\"twitter:card\" content=\"summary_large_image\" \/>\n<meta name=\"twitter:label1\" content=\"Est. reading time\" \/>\n\t<meta name=\"twitter:data1\" content=\"4 minutes\" \/>\n<script type=\"application\/ld+json\" class=\"yoast-schema-graph\">{\"@context\":\"https:\/\/schema.org\",\"@graph\":[{\"@type\":\"WebSite\",\"@id\":\"https:\/\/newskyvn.com\/#website\",\"url\":\"https:\/\/newskyvn.com\/\",\"name\":\"NEW SKY CO.,LTD\",\"description\":\"C\\u00f4ng Ty TNHH S\\u1ea3n Xu\\u1ea5t Th\\u01b0\\u01a1ng M\\u1ea1i D\\u1ecbch V\\u1ee5 T\\u00e2n Thi\\u00ean\",\"potentialAction\":[{\"@type\":\"SearchAction\",\"target\":{\"@type\":\"EntryPoint\",\"urlTemplate\":\"https:\/\/newskyvn.com\/?s={search_term_string}\"},\"query-input\":\"required name=search_term_string\"}],\"inLanguage\":\"en-US\"},{\"@type\":\"ImageObject\",\"@id\":\"https:\/\/newskyvn.com\/product\/40t48\/#primaryimage\",\"inLanguage\":\"en-US\",\"url\":\"https:\/\/newskyvn.com\/wp-content\/uploads\/2021\/09\/show_40T48.jpg\",\"contentUrl\":\"https:\/\/newskyvn.com\/wp-content\/uploads\/2021\/09\/show_40T48.jpg\",\"width\":493,\"height\":500},{\"@type\":\"WebPage\",\"@id\":\"https:\/\/newskyvn.com\/product\/40t48\/#webpage\",\"url\":\"https:\/\/newskyvn.com\/product\/40t48\/\",\"name\":\"40T48 - NEW SKY CO.,LTD\",\"isPartOf\":{\"@id\":\"https:\/\/newskyvn.com\/#website\"},\"primaryImageOfPage\":{\"@id\":\"https:\/\/newskyvn.com\/product\/40t48\/#primaryimage\"},\"datePublished\":\"2021-09-26T09:16:05+00:00\",\"dateModified\":\"2021-09-26T09:20:17+00:00\",\"breadcrumb\":{\"@id\":\"https:\/\/newskyvn.com\/product\/40t48\/#breadcrumb\"},\"inLanguage\":\"en-US\",\"potentialAction\":[{\"@type\":\"ReadAction\",\"target\":[\"https:\/\/newskyvn.com\/product\/40t48\/\"]}]},{\"@type\":\"BreadcrumbList\",\"@id\":\"https:\/\/newskyvn.com\/product\/40t48\/#breadcrumb\",\"itemListElement\":[{\"@type\":\"ListItem\",\"position\":1,\"name\":\"Product\",\"item\":\"https:\/\/newskyvn.com\/en\/san-pham\/\"},{\"@type\":\"ListItem\",\"position\":2,\"name\":\"40T48\"}]}]}<\/script>\n<!-- \/ Yoast SEO plugin. -->","_links":{"self":[{"href":"https:\/\/newskyvn.com\/en\/wp-json\/wp\/v2\/product\/1741"}],"collection":[{"href":"https:\/\/newskyvn.com\/en\/wp-json\/wp\/v2\/product"}],"about":[{"href":"https:\/\/newskyvn.com\/en\/wp-json\/wp\/v2\/types\/product"}],"replies":[{"embeddable":true,"href":"https:\/\/newskyvn.com\/en\/wp-json\/wp\/v2\/comments?post=1741"}],"wp:featuredmedia":[{"embeddable":true,"href":"https:\/\/newskyvn.com\/en\/wp-json\/wp\/v2\/media\/1743"}],"wp:attachment":[{"href":"https:\/\/newskyvn.com\/en\/wp-json\/wp\/v2\/media?parent=1741"}],"wp:term":[{"taxonomy":"product_cat","embeddable":true,"href":"https:\/\/newskyvn.com\/en\/wp-json\/wp\/v2\/product_cat?post=1741"},{"taxonomy":"product_tag","embeddable":true,"href":"https:\/\/newskyvn.com\/en\/wp-json\/wp\/v2\/product_tag?post=1741"}],"curies":[{"name":"wp","href":"https:\/\/api.w.org\/{rel}","templated":true}]}}