{"id":1738,"date":"2021-09-26T08:59:47","date_gmt":"2021-09-26T08:59:47","guid":{"rendered":"https:\/\/newskyvn.com\/?post_type=product&#038;p=1738"},"modified":"2021-09-26T09:06:01","modified_gmt":"2021-09-26T09:06:01","slug":"40t72","status":"publish","type":"product","link":"https:\/\/newskyvn.com\/en\/product\/40t72\/","title":{"rendered":"40T72"},"content":{"rendered":"<p>&nbsp;<\/p>\n<p><span style=\"color: #0000ff;\"><strong>TECHNICAL DATA OF 40T72\u00a0<\/strong><\/span><\/p>\n<h5>TC &#8211; Thermocouple<\/h5>\n<p>Automatic cold junction compensation<\/p>\n<p><strong>(4 digit)<\/strong><\/p>\n<p><strong>J\u00a0\u00a0\u00a0\u00a0\u00a0\u00a0\u00a0\u00a0\u00a0\u00a0\u00a0\u00a0\u00a0\u00a0\u00a0\u00a0 <\/strong>0 to 1000\u00b0C \/ 32 to 1832\u00b0F<\/p>\n<p><strong>K\u00a0\u00a0\u00a0\u00a0\u00a0\u00a0\u00a0\u00a0\u00a0\u00a0\u00a0\u00a0\u00a0\u00a0\u00a0 <\/strong>0 to 1300\u00b0C \/ 32 to 2372\u00b0F<\/p>\n<p><strong>R\u00a0\u00a0\u00a0\u00a0\u00a0\u00a0\u00a0\u00a0\u00a0\u00a0\u00a0\u00a0\u00a0\u00a0\u00a0 <\/strong>0 to 1750\u00b0C \/ 32 to 3182\u00b0F<\/p>\n<p><strong>S\u00a0\u00a0\u00a0\u00a0\u00a0\u00a0\u00a0\u00a0\u00a0\u00a0\u00a0\u00a0\u00a0\u00a0\u00a0 <\/strong>0 to 1750\u00b0C \/ 32 to 3182\u00b0F<\/p>\n<p><strong>T\u00a0\u00a0\u00a0\u00a0\u00a0\u00a0\u00a0\u00a0\u00a0\u00a0\u00a0\u00a0\u00a0\u00a0\u00a0\u00a0 <\/strong>-200 to 400\u00b0C \/ -328 to 752\u00b0F<\/p>\n<p><strong>B\u00a0\u00a0\u00a0\u00a0\u00a0\u00a0\u00a0\u00a0\u00a0\u00a0\u00a0\u00a0\u00a0\u00a0\u00a0 <\/strong>44 to 1800\u00b0C \/ 111 to 3272\u00b0F<\/p>\n<p><strong>E\u00a0\u00a0\u00a0\u00a0\u00a0\u00a0\u00a0\u00a0\u00a0\u00a0\u00a0\u00a0\u00a0\u00a0\u00a0 <\/strong>-100 to 750\u00b0C \/ -148 to 1382\u00b0F<\/p>\n<p><strong>N\u00a0\u00a0\u00a0\u00a0\u00a0\u00a0\u00a0\u00a0\u00a0\u00a0\u00a0\u00a0\u00a0\u00a0\u00a0 <\/strong>0 to 1300\u00b0C \/ 32 to 2372\u00b0F<\/p>\n<p><strong>L-GOST <\/strong>0 to 600\u00b0C \/ 32 to 1112\u00b0F<\/p>\n<p><strong>U\u00a0\u00a0\u00a0\u00a0\u00a0\u00a0\u00a0\u00a0\u00a0\u00a0\u00a0\u00a0\u00a0\u00a0\u00a0 <\/strong>-200 to 400\u00b0C \/ -328 to 752\u00b0F<\/p>\n<p>&nbsp;<\/p>\n<p><strong>G\u00a0\u00a0\u00a0\u00a0\u00a0\u00a0\u00a0\u00a0\u00a0\u00a0\u00a0\u00a0\u00a0\u00a0\u00a0 <\/strong>0 to 2300\u00b0C \/ 32 to 4172\u00b0F<\/p>\n<p><strong>D\u00a0\u00a0\u00a0\u00a0\u00a0\u00a0\u00a0\u00a0\u00a0\u00a0\u00a0\u00a0\u00a0\u00a0\u00a0 <\/strong>0 to 2300\u00b0C \/ 32 to 4172\u00b0F<\/p>\n<p><strong>C\u00a0\u00a0\u00a0\u00a0\u00a0\u00a0\u00a0\u00a0\u00a0\u00a0\u00a0\u00a0\u00a0\u00a0\u00a0 <\/strong>0 to 2300\u00b0C \/ 32 to 4172\u00b0F<\/p>\n<p><strong>custom\u00a0\u00a0\u00a0\u00a0 <\/strong>-1999 to 9999<\/p>\n<p>&nbsp;<\/p>\n<p><strong><em>TC &#8211; Thermocouple<\/em><\/strong><\/p>\n<h4>(3 digit + sign)<\/h4>\n<p><strong>J\u00a0\u00a0\u00a0\u00a0\u00a0\u00a0\u00a0\u00a0\u00a0\u00a0\u00a0\u00a0\u00a0\u00a0\u00a0\u00a0 <\/strong>0 to 999\u00b0C \/ 32 to 999\u00b0F<\/p>\n<p><strong>K\u00a0\u00a0\u00a0\u00a0\u00a0\u00a0\u00a0\u00a0\u00a0\u00a0\u00a0\u00a0\u00a0\u00a0\u00a0 <\/strong>0 to 999\u00b0C \/ 32 to 999\u00b0F<\/p>\n<p><strong>R\u00a0\u00a0\u00a0\u00a0\u00a0\u00a0\u00a0\u00a0\u00a0\u00a0\u00a0\u00a0\u00a0\u00a0\u00a0 <\/strong>0 to 999\u00b0C \/ 32 to 999\u00b0F<\/p>\n<p><strong>S\u00a0\u00a0\u00a0\u00a0\u00a0\u00a0\u00a0\u00a0\u00a0\u00a0\u00a0\u00a0\u00a0\u00a0\u00a0 <\/strong>0 to 999\u00b0C \/ 32 to 999\u00b0F<\/p>\n<p><strong>T\u00a0\u00a0\u00a0\u00a0\u00a0\u00a0\u00a0\u00a0\u00a0\u00a0\u00a0\u00a0\u00a0\u00a0\u00a0\u00a0 <\/strong>-200 to 400\u00b0C \/ -328 to 752\u00b0F<\/p>\n<p><strong>B\u00a0\u00a0\u00a0\u00a0\u00a0\u00a0\u00a0\u00a0\u00a0\u00a0\u00a0\u00a0\u00a0\u00a0\u00a0 <\/strong>not available<\/p>\n<p><strong>E\u00a0\u00a0\u00a0\u00a0\u00a0\u00a0\u00a0\u00a0\u00a0\u00a0\u00a0\u00a0\u00a0\u00a0\u00a0 <\/strong>-100 to 750\u00b0C \/ -148 to 999\u00b0F<\/p>\n<p><strong>N\u00a0\u00a0\u00a0\u00a0\u00a0\u00a0\u00a0\u00a0\u00a0\u00a0\u00a0\u00a0\u00a0\u00a0\u00a0 <\/strong>0 to 999\u00b0C \/ 32 to 999\u00b0F<\/p>\n<p><strong>L-GOST\u00a0 \u00a0<\/strong>0 to 600\u00b0C \/ 32 to 999\u00b0F<\/p>\n<p><strong>U\u00a0\u00a0\u00a0\u00a0\u00a0\u00a0\u00a0\u00a0\u00a0\u00a0\u00a0\u00a0\u00a0\u00a0\u00a0 <\/strong>-200 to 400\u00b0C \/ -328 to 752\u00b0F<\/p>\n<p><strong>G\u00a0\u00a0\u00a0\u00a0\u00a0\u00a0\u00a0\u00a0\u00a0\u00a0\u00a0\u00a0\u00a0\u00a0\u00a0 <\/strong>0 to 999\u00b0C \/ 32 to 999\u00b0F<\/p>\n<p><strong>D\u00a0\u00a0\u00a0\u00a0\u00a0\u00a0\u00a0\u00a0\u00a0\u00a0\u00a0\u00a0\u00a0\u00a0\u00a0 <\/strong>0 to 999\u00b0C \/ 32 to 999\u00b0F<\/p>\n<p><strong>C\u00a0\u00a0\u00a0\u00a0\u00a0\u00a0\u00a0\u00a0\u00a0\u00a0\u00a0\u00a0\u00a0\u00a0\u00a0 <\/strong>0 to 999\u00b0C \/ 32 to 999\u00b0F<\/p>\n<p><strong>custom\u00a0\u00a0\u00a0\u00a0 <\/strong>-999 to 999<\/p>\n<p>&nbsp;<\/p>\n<h4>(2 digit + sign)<\/h4>\n<p><strong>J\u00a0\u00a0\u00a0\u00a0\u00a0\u00a0\u00a0\u00a0\u00a0\u00a0\u00a0\u00a0\u00a0\u00a0\u00a0\u00a0 <\/strong>0 to 99\u00b0C \/ 32 to 99\u00b0F<\/p>\n<p><strong>K\u00a0\u00a0\u00a0\u00a0\u00a0\u00a0\u00a0\u00a0\u00a0\u00a0\u00a0\u00a0\u00a0\u00a0\u00a0 <\/strong>0 to 99\u00b0C \/ 32 to 99\u00b0F<\/p>\n<p><strong>R\u00a0\u00a0\u00a0\u00a0\u00a0\u00a0\u00a0\u00a0\u00a0\u00a0\u00a0\u00a0\u00a0\u00a0\u00a0 <\/strong>0 to 99\u00b0C \/ 32 to 99\u00b0F<\/p>\n<p><strong>S\u00a0\u00a0\u00a0\u00a0\u00a0\u00a0\u00a0\u00a0\u00a0\u00a0\u00a0\u00a0\u00a0\u00a0\u00a0 <\/strong>0 to 99\u00b0C \/ 32 to 99\u00b0F<\/p>\n<p><strong>T\u00a0\u00a0\u00a0\u00a0\u00a0\u00a0\u00a0\u00a0\u00a0\u00a0\u00a0\u00a0\u00a0\u00a0\u00a0\u00a0 <\/strong>-99 to 99\u00b0C \/ -99 to 99\u00b0F<\/p>\n<p><strong>B\u00a0\u00a0\u00a0\u00a0\u00a0\u00a0\u00a0\u00a0\u00a0\u00a0\u00a0\u00a0\u00a0\u00a0\u00a0 <\/strong>not available<\/p>\n<p><strong>E\u00a0\u00a0\u00a0\u00a0\u00a0\u00a0\u00a0\u00a0\u00a0\u00a0\u00a0\u00a0\u00a0\u00a0\u00a0 <\/strong>not available<\/p>\n<p><strong>N\u00a0\u00a0\u00a0\u00a0\u00a0\u00a0\u00a0\u00a0\u00a0\u00a0\u00a0\u00a0\u00a0\u00a0\u00a0 <\/strong>not available<\/p>\n<p><strong>L-GOST <\/strong>0 to 99\u00b0C \/ 32 to 99\u00b0F<\/p>\n<p><strong>U\u00a0\u00a0\u00a0\u00a0\u00a0\u00a0\u00a0\u00a0\u00a0\u00a0\u00a0\u00a0\u00a0\u00a0\u00a0 <\/strong>-99 to 99\u00b0C \/ -99 to 99\u00b0F<\/p>\n<p><strong>G\u00a0\u00a0\u00a0\u00a0\u00a0\u00a0\u00a0\u00a0\u00a0\u00a0\u00a0\u00a0\u00a0\u00a0\u00a0 <\/strong>not available<\/p>\n<p><strong>D\u00a0\u00a0\u00a0\u00a0\u00a0\u00a0\u00a0\u00a0\u00a0\u00a0\u00a0\u00a0\u00a0\u00a0\u00a0 <\/strong>not available<\/p>\n<p><strong>C\u00a0\u00a0\u00a0\u00a0\u00a0\u00a0\u00a0\u00a0\u00a0\u00a0\u00a0\u00a0\u00a0\u00a0\u00a0 <\/strong>not available<\/p>\n<p><strong>custom\u00a0\u00a0\u00a0\u00a0 <\/strong>-99 to 99<\/p>\n<p>&nbsp;<\/p>\n<p><strong><em>RTD (2 or 3 wire)<\/em><\/strong><\/p>\n<h4>(4 digit)<\/h4>\n<p>PT100 -200 to 600\u00b0C \/ -328 to 1112\u00b0F JPT100 -200 to 600\u00b0C \/ -328 to 1112\u00b0F<\/p>\n<p>&nbsp;<\/p>\n<h4>(3 digit + sign)<\/h4>\n<p>PT100 -200 to 600\u00b0C \/ -328 to 999\u00b0F JPT100 -200 to 600\u00b0C \/ -328 to 999\u00b0F<\/p>\n<p>&nbsp;<\/p>\n<h4>(2 digit + sign)<\/h4>\n<p>PT100 -99 to 99\u00b0C \/ -99 to 99\u00b0F JPT100 -99 to 99\u00b0C \/ -99 to 99\u00b0F<\/p>\n<p>&nbsp;<\/p>\n<h5>PTC<\/h5>\n<p>990W, 25\u00b0C<\/p>\n<h4>(4 digit and 3 digit + sign)<\/h4>\n<p>-55 to 120\u00b0C \/ -67 to 248\u00b0F<\/p>\n<p>&nbsp;<\/p>\n<h4>(2 digit + sign)<\/h4>\n<p>-55 to 99\u00b0C \/ -67 to 99\u00b0F<\/p>\n<p>&nbsp;<\/p>\n<h5>NTC<\/h5>\n<p>1KW, 25\u00b0C<\/p>\n<h4>(4 digit and 3 digit + sign)<\/h4>\n<p>-10 to 70\u00b0C \/ 14 to 158\u00b0F<\/p>\n<p>&nbsp;<\/p>\n<h4>(2 digit + sign)<\/h4>\n<p>-10 to 70\u00b0C \/ 14 to 99\u00b0F<\/p>\n<p>&nbsp;<\/p>\n<h5>DC &#8211; Linear<\/h5>\n<p>With scale configurable within the limits:<\/p>\n<p>-1999 to 9999 (4 digit),<\/p>\n<p>-999 to 999 (3 digit + sign)<\/p>\n<p>-99 to 99 (2 digit + sign) 0 to 60mV \/ 12 to 60mV 0 to 10V \/ 2 to 10V<\/p>\n<p>0 to 5V \/ 1 to 5V<\/p>\n<p>0 to 1V \/ 0,2 to 1V<\/p>\n<p>0 to 20mA \/ 4 to 20mA<\/p>\n<p>Input impedance for voltage signals<\/p>\n<p>Ri &gt; 500KW, for current signals Ri = 50W. 32-segment configurable linearisation can be used.<\/p>\n<p>&nbsp;<\/p>\n<h5>Potentiometer<\/h5>\n<p>Supply 1V &gt;100W<\/p>\n<h5>Digital input<\/h5>\n<p>Ri = 5,6KW (24V, 4mA) isolated to 1500V Function is configurable as alarm or memory reset, hold, flash zero, display of the peak value (max., min. or peak to peak).<\/p>\n<p>&nbsp;<\/p>\n<p><strong><em>O<\/em><\/strong><strong><em>UTPUTS<\/em><\/strong><\/p>\n<h5>Relay<\/h5>\n<p>with NO (NC) contacts rated at 5A, 250V at cosj = 1.<\/p>\n<p><strong><em>Logic <\/em><\/strong>(only for Out1 and Out2) Output, type D 11Vdc, Rout = 220W (6V\/20mA).<\/p>\n<p><strong><em>Triac <\/em><\/strong>(for Out1, disabled Out2) 24 to 240Vac \u00b110%, 2A max Snubberless, I2t = 128A2sec<\/p>\n<p>&nbsp;<\/p>\n<p>A maximum of three trip points can be set as absolute, deviation or symmetrical deviation alarms.<\/p>\n<p>The hysteresis of each alarm is configurable individually.<\/p>\n<p>Alarm masking with exclusion on power up, with memory, delay and minimum intervention time.<\/p>\n<p>The trip point may be set at any point on the scale.<\/p>\n<p>&nbsp;<\/p>\n<h5>Analogue retransmission<\/h5>\n<p>4 to 20mA on max. 60W<\/p>\n<p><strong><em>P<\/em><\/strong><strong><em>OWER <\/em><\/strong><strong><em>S<\/em><\/strong><strong><em>UPPLY<\/em><\/strong><\/p>\n<p>11&#8230;27Vdc, 18&#8230;27Vac \u00b1 10%<\/p>\n<p>50\/60Hz, max. 4,5VA<\/p>\n<p><strong><em>T<\/em><\/strong><strong><em>RANSMITTER <\/em><\/strong><strong><em>P<\/em><\/strong><strong><em>OWER <\/em><\/strong><strong><em>S<\/em><\/strong><strong><em>UPPLY<\/em><\/strong><\/p>\n<h3>2 wire, 18Vdc \u00b110%, max. 50mA 1,2Vdc for potentiometer &gt;100W (non isolated from sensor input)<\/h3>\n<p><strong><em>A<\/em><\/strong><strong><em>MBIENT CONDITIONS<\/em><\/strong><\/p>\n<p><strong>Working temperature range<\/strong>: 0 to 50\u00b0C <strong>Storage temperature range<\/strong>: -20 to 70\u00b0C <strong>Humidity<\/strong>: 20 to 85%Ur non-condensing<\/p>\n<p><strong><em>W<\/em><\/strong><strong><em>EIGHT<\/em><\/strong><\/p>\n<p>110g. in the complete version<\/p>","protected":false},"excerpt":{"rendered":"<p>&nbsp;<\/p>\n<p><strong>Indicator\/Alarm Unit<\/strong><\/p>\n<ul>\n<li>Faceplate configurable input<\/li>\n<li>Protected by a personal code<\/li>\n<li>Configurable by a serial link<\/li>\n<li>Transmitter power supply incorporated<\/li>\n<li>Custom thermocouple linearisation available<\/li>\n<li>Internal linearisation for engineering units<\/li>\n<li>Labels provided for the more common physical units<\/li>\n<li>Sampling time and trip intervention programmable between 15 and 120 msec with resolution between 2000 and 8000 steps<\/li>\n<li>Retransmission of the measured variable signal<\/li>\n<li>3 trip points, completely configurable from the faceplate<\/li>\n<\/ul>\n","protected":false},"featured_media":1740,"comment_status":"open","ping_status":"closed","template":"","meta":[],"product_cat":[121,129],"product_tag":[],"yoast_head":"<!-- This site is optimized with the Yoast SEO plugin v16.6.1 - https:\/\/yoast.com\/wordpress\/plugins\/seo\/ -->\n<title>40T72 - NEW SKY CO.,LTD<\/title>\n<meta name=\"robots\" content=\"index, follow, max-snippet:-1, max-image-preview:large, max-video-preview:-1\" \/>\n<link rel=\"canonical\" href=\"https:\/\/newskyvn.com\/product\/40t72\/\" \/>\n<meta property=\"og:locale\" content=\"en_US\" \/>\n<meta property=\"og:type\" content=\"article\" \/>\n<meta property=\"og:title\" content=\"40T72 - NEW SKY CO.,LTD\" \/>\n<meta property=\"og:description\" content=\"[:vi]&nbsp;  B\u1ed9 ch\u1ec9 b\u00e1o \/ b\u00e1o \u0111\u1ed9ng   \u0110\u1ea7u v\u00e0o c\u00f3 th\u1ec3 \u0111\u1ecbnh c\u1ea5u h\u00ecnh t\u1ea1i giao di\u1ec7n giao ti\u1ebfp  \u0110\u01b0\u1ee3c b\u1ea3o v\u1ec7 b\u1eb1ng m\u00e3 c\u00e1 nh\u00e2n  C\u00f3 th\u1ec3 c\u1ea5u h\u00ecnh b\u1eb1ng li\u00ean k\u1ebft n\u1ed1i ti\u1ebfp  B\u1ed9 ngu\u1ed3n m\u00e1y ph\u00e1t k\u1ebft h\u1ee3p  C\u00f3 s\u1eb5n d\u00f2ng s\u1ea3n ph\u1ea9m c\u1eb7p nhi\u1ec7t \u0111i\u1ec7n t\u00f9y ch\u1ec9nh  Qu\u1ea3n l\u00fd tuy\u1ebfn n\u1ed9i b\u1ed9 cho c\u00e1c \u0111\u01a1n v\u1ecb k\u1ef9 thu\u1eadt  C\u00e1c nh\u00e3n \u0111\u01b0\u1ee3c cung c\u1ea5p cho c\u00e1c \u0111\u01a1n v\u1ecb v\u1eadt l\u00fd ph\u1ed5 bi\u1ebfn h\u01a1n  Th\u1eddi gian l\u1ea5y m\u1eabu v\u00e0 can thi\u1ec7p chuy\u1ebfn \u0111i c\u00f3 th\u1ec3 l\u1eadp tr\u00ecnh t\u1eeb 15 \u0111\u1ebfn 120 mili gi\u00e2y v\u1edbi \u0111\u1ed9 ph\u00e2n gi\u1ea3i t\u1eeb 2000 \u0111\u1ebfn 8000 b\u01b0\u1edbc  Truy\u1ec1n l\u1ea1i t\u00edn hi\u1ec7u bi\u1ebfn \u0111o \u0111\u01b0\u1ee3c  3 \u0111i\u1ec3m chuy\u1ebfn \u0111i, ho\u00e0n to\u00e0n c\u00f3 th\u1ec3 \u0111\u1ecbnh c\u1ea5u h\u00ecnh t\u1eeb m\u1eb7t tr\u01b0\u1edbc [:en]&nbsp;  Indicator\/Alarm Unit   Faceplate configurable input  Protected by a personal code  Configurable by a serial link  Transmitter power supply incorporated  Custom thermocouple linearisation available  Internal linearisation for engineering units  Labels provided for the more common physical units  Sampling time and trip intervention programmable between 15 and 120 msec with resolution between 2000 and 8000 steps  Retransmission of the measured variable signal  3 trip points, completely configurable from the faceplate [:]\" \/>\n<meta property=\"og:url\" content=\"https:\/\/newskyvn.com\/product\/40t72\/\" \/>\n<meta property=\"og:site_name\" content=\"NEW SKY CO.,LTD\" \/>\n<meta property=\"article:modified_time\" content=\"2021-09-26T09:06:01+00:00\" \/>\n<meta property=\"og:image\" content=\"https:\/\/newskyvn.com\/wp-content\/uploads\/2021\/09\/show_40t72.jpg\" \/>\n\t<meta property=\"og:image:width\" content=\"800\" \/>\n\t<meta property=\"og:image:height\" content=\"800\" \/>\n<meta name=\"twitter:card\" content=\"summary_large_image\" \/>\n<meta name=\"twitter:label1\" content=\"Est. reading time\" \/>\n\t<meta name=\"twitter:data1\" content=\"5 minutes\" \/>\n<script type=\"application\/ld+json\" class=\"yoast-schema-graph\">{\"@context\":\"https:\/\/schema.org\",\"@graph\":[{\"@type\":\"WebSite\",\"@id\":\"https:\/\/newskyvn.com\/#website\",\"url\":\"https:\/\/newskyvn.com\/\",\"name\":\"NEW SKY CO.,LTD\",\"description\":\"C\\u00f4ng Ty TNHH S\\u1ea3n Xu\\u1ea5t Th\\u01b0\\u01a1ng M\\u1ea1i D\\u1ecbch V\\u1ee5 T\\u00e2n Thi\\u00ean\",\"potentialAction\":[{\"@type\":\"SearchAction\",\"target\":{\"@type\":\"EntryPoint\",\"urlTemplate\":\"https:\/\/newskyvn.com\/?s={search_term_string}\"},\"query-input\":\"required name=search_term_string\"}],\"inLanguage\":\"en-US\"},{\"@type\":\"ImageObject\",\"@id\":\"https:\/\/newskyvn.com\/product\/40t72\/#primaryimage\",\"inLanguage\":\"en-US\",\"url\":\"https:\/\/newskyvn.com\/wp-content\/uploads\/2021\/09\/show_40t72.jpg\",\"contentUrl\":\"https:\/\/newskyvn.com\/wp-content\/uploads\/2021\/09\/show_40t72.jpg\",\"width\":800,\"height\":800},{\"@type\":\"WebPage\",\"@id\":\"https:\/\/newskyvn.com\/product\/40t72\/#webpage\",\"url\":\"https:\/\/newskyvn.com\/product\/40t72\/\",\"name\":\"40T72 - NEW SKY CO.,LTD\",\"isPartOf\":{\"@id\":\"https:\/\/newskyvn.com\/#website\"},\"primaryImageOfPage\":{\"@id\":\"https:\/\/newskyvn.com\/product\/40t72\/#primaryimage\"},\"datePublished\":\"2021-09-26T08:59:47+00:00\",\"dateModified\":\"2021-09-26T09:06:01+00:00\",\"breadcrumb\":{\"@id\":\"https:\/\/newskyvn.com\/product\/40t72\/#breadcrumb\"},\"inLanguage\":\"en-US\",\"potentialAction\":[{\"@type\":\"ReadAction\",\"target\":[\"https:\/\/newskyvn.com\/product\/40t72\/\"]}]},{\"@type\":\"BreadcrumbList\",\"@id\":\"https:\/\/newskyvn.com\/product\/40t72\/#breadcrumb\",\"itemListElement\":[{\"@type\":\"ListItem\",\"position\":1,\"name\":\"Product\",\"item\":\"https:\/\/newskyvn.com\/en\/san-pham\/\"},{\"@type\":\"ListItem\",\"position\":2,\"name\":\"40T72\"}]}]}<\/script>\n<!-- \/ Yoast SEO plugin. -->","_links":{"self":[{"href":"https:\/\/newskyvn.com\/en\/wp-json\/wp\/v2\/product\/1738"}],"collection":[{"href":"https:\/\/newskyvn.com\/en\/wp-json\/wp\/v2\/product"}],"about":[{"href":"https:\/\/newskyvn.com\/en\/wp-json\/wp\/v2\/types\/product"}],"replies":[{"embeddable":true,"href":"https:\/\/newskyvn.com\/en\/wp-json\/wp\/v2\/comments?post=1738"}],"wp:featuredmedia":[{"embeddable":true,"href":"https:\/\/newskyvn.com\/en\/wp-json\/wp\/v2\/media\/1740"}],"wp:attachment":[{"href":"https:\/\/newskyvn.com\/en\/wp-json\/wp\/v2\/media?parent=1738"}],"wp:term":[{"taxonomy":"product_cat","embeddable":true,"href":"https:\/\/newskyvn.com\/en\/wp-json\/wp\/v2\/product_cat?post=1738"},{"taxonomy":"product_tag","embeddable":true,"href":"https:\/\/newskyvn.com\/en\/wp-json\/wp\/v2\/product_tag?post=1738"}],"curies":[{"name":"wp","href":"https:\/\/api.w.org\/{rel}","templated":true}]}}