{"id":1735,"date":"2021-09-26T08:39:42","date_gmt":"2021-09-26T08:39:42","guid":{"rendered":"https:\/\/newskyvn.com\/?post_type=product&#038;p=1735"},"modified":"2024-09-15T12:44:53","modified_gmt":"2024-09-15T12:44:53","slug":"1000-1001-1101","status":"publish","type":"product","link":"https:\/\/newskyvn.com\/en\/product\/1000-1001-1101\/","title":{"rendered":"1000-1001-1101"},"content":{"rendered":"<p><\/p>\n<h3><\/h3>\n<p><span style=\"color: #0000ff;\"><strong>Overview<\/strong><\/span><\/p>\n<div class=\"text\">\n<p>Microprocessor controller, 48&#215;96 (1\/8 DIN) format for model 1000 and 96&#215;96 (1\/4 DIN) format for models 1001 and 1101 manufactured using SMT.<br \/>\nThe 1000 family of controllers provide a complete operator interface, with a Lexan membrane faceplate to give IP54 frontal protection that has 3 keys, two green LED displays with 3 (1000) or 4 (1001 and 1101) digits, and red LED indicators for the 3 alarm relay outputs and a green LED for the main control output.<br \/>\nThe main input for the control variable is universal and provides the possibility of connecting different types of signal:<\/p>\n<ul>\n<li>Thermocouples of types J, K, N, S, R, T<\/li>\n<li>Resistance thermometer Pt100 (3-wire)<\/li>\n<li>Linear inputs: 0-50mV, 10-50mV keyboard definable 2-10V, 0-10V, 0-20mA, 4-20mA with an external shunt.<\/li>\n<\/ul>\n<p>An auxiliary analogue input is available for a current transformer input.<br \/>\nThe instrument has a double control output that is both relay (5A, 250Vac at cos\u03c6\u00a0=1) and static (24Vdc, max.20mA) and up to a maximum of 3 alarm relay outputs (3A, 250Vac).<br \/>\nAlternatively, the control output can be analogue (0-20mA, 4-20mA or 0-10V, 2-10V).<br \/>\nThe optional communications port can be current loop, or RS485 with GEFRAN (Cencal) protocol with a maximum speed of 9600 baud (RS485).<br \/>\nThe programming of the instrument is simplified by the grouping of the parameters into function blocks.<br \/>\nAccess to the configuration parameters is protected by a hardware jumper and different values of a protection code can be used to restrict the number of parameters that can be displayed and modified by the user.<\/p>\n<\/div>\n<div class=\"text\">\n<p>&nbsp;<\/p>\n<\/div>\n<p><span style=\"color: #0000ff;\"><strong>TECHNICAL DATA OF 1000-1001-1101<\/strong><\/span><\/p>\n<h2>GENERAL<\/h2>\n<p><em>Microprocessor controller, 48&#215;96 (1\/8 DIN) format for model 1000 and 96&#215;96 (1\/4 DIN) format for models 1001 and 1101 manufactured using SMT.<\/em><\/p>\n<p><em>The 1000 family of controllers provide a complete operator interface, with a Lexan membrane faceplate to give IP54 frontal protection that has 3 keys, two green LED displays with 3 (1000) or 4 (1001 and 1101) digits, and red LED indicators for the 3 alarm relay outputs and a green LED for the main control output.<\/em><\/p>\n<p><em>The main input for the control variable is universal and provides the possibility of connecting different types of signal:<\/em><\/p>\n<p><em>\u00ef Thermocouples of types J, K, N, S, R, T \u00ef Resistance thermometer Pt100 (3-wire) \u00ef Linear inputs:<\/em><\/p>\n<p><em>0-50mV, 10-50mV keyboard definable 2-10V, 0-10V, 0-20mA, 4-20mA with an<\/em><\/p>\n<p><em>external shunt.<\/em><\/p>\n<p><em>An auxiliary analogue input is available for a current transformer input.<\/em><\/p>\n<p><em>The instrument has a double control out- put that is both relay (5A a 250Vac<\/em><\/p>\n<p><em>\/30Vdc cos<\/em>j <em>= 1) and static (24Vdc \u00b1 10%, 12Vmin a 20mA) and up to a maxi- mum of 3 alarm relay outputs (5A, 250Vac\/30Vdc cos<\/em>j <em>= 1).<\/em><\/p>\n<p><em>Alternatively, the control output can be analogue (0-20mA, 4-20mA or 0-10V, 2-10V).<\/em><\/p>\n<p><em>The optional communications port can be Current Loop or RS485 with GEFRAN (Cencal) protocol with a maximum speed of 9600 baud (RS485).<\/em><\/p>\n<p><em>The programming of the instrument is simplified by the grouping of the parame- ters into function blocks.<\/em><\/p>\n<p><em>Access to the configuration parameters is protected by a hardware jumper and a protection code can be used to restrict the number of parameters that can be displayed and modified by the user.<\/em><\/p>\n<p><em>A PC programming kit is available for even simpler configuration, composed of a cable and a guided program for Windows environment (see data sheet code WINSTRUM).<\/em><\/p>\n<h2>TECHNICAL DATA<\/h2>\n<p><strong><em>\u00a0<\/em><\/strong><\/p>\n<p><strong><em>I<\/em><\/strong><strong><em>NPUTS<\/em><\/strong><\/p>\n<p>Accuracy 0,5% f.s. \u00b1 1 digit Sampling time 120msec<\/p>\n<h3>TC- Thermocouple<\/h3>\n<p>for <strong>1000 <\/strong>instrument<\/p>\n<p><strong>J <\/strong>(Fe-CuNi) 0&#8230;800\u00b0C \/ 32&#8230;999\u00b0F<\/p>\n<p><strong>K <\/strong>(NiCr-Ni) 0&#8230;999\u00b0C \/ 32&#8230;999\u00b0F<\/p>\n<p><strong>N <\/strong>(NiCr-Si-NiSi) 0&#8230;999\u00b0C \/ 32&#8230;999\u00b0F <strong>S <\/strong>(Pt10Rh-Pt) 0&#8230;999\u00b0C \/ 32&#8230;999\u00b0F <strong>R <\/strong>(Pt13Rh-Pt) 0&#8230;999\u00b0C \/ 32&#8230;999\u00b0F<\/p>\n<p><strong>T <\/strong>(Cu-CuNi) -100&#8230;400\u00b0C \/ -148&#8230;752\u00b0F<\/p>\n<p>for <strong>1001, 1101 <\/strong>instruments<\/p>\n<p><strong>J <\/strong>(Fe-CuNi) 0&#8230;800\u00b0C \/ 32&#8230;999\u00b0F<\/p>\n<p><strong>K <\/strong>(NiCr-Ni) 0&#8230;1300\u00b0C \/ 32&#8230;1999\u00b0F<\/p>\n<p><strong>N <\/strong>(NiCr-Si-NiSi) 0&#8230;1300\u00b0C \/ 32&#8230;1999\u00b0F <strong>S <\/strong>(Pt10Rh-Pt) 0&#8230;1600\u00b0C \/ 32&#8230;1999\u00b0F <strong>R <\/strong>(Pt13Rh-Pt) 0&#8230;1600\u00b0C \/ 32&#8230;1999\u00b0F <strong>T <\/strong>(Cu-CuNi) -100&#8230;400\u00b0C \/ -148&#8230;752\u00b0F<\/p>\n<p>&nbsp;<\/p>\n<p>Configured from the faceplate.<\/p>\n<p>The error on the ambient temperature compensation is 0,05\u00b0C for every 1\u00b0C variation. Over and under range, erro- neous connection and opencircuit probe messages.<\/p>\n<h3>RTD 2\/3-wires<\/h3>\n<p>for <strong>1000 <\/strong>instrument<\/p>\n<p>Pt100 -19,9&#8230;99,9\u00b0C \/ -19,9&#8230;99,9\u00b0F Pt100 -199&#8230;400\u00b0C \/ -199&#8230;752\u00b0F<\/p>\n<p>&nbsp;<\/p>\n<h3>RTD 2\/3-wires<\/h3>\n<p>for <strong>1001, 1101 <\/strong>instruments<\/p>\n<p>Pt100 -199,9&#8230;199,9\u00b0C \/ -199,9&#8230;199,9\u00b0F Pt100 -200&#8230;400\u00b0C \/ -328&#8230;752\u00b0F<\/p>\n<h3>DC &#8211; Linear<\/h3>\n<p>0&#8230;50mV, 10&#8230;50mV<\/p>\n<p>Ri &gt; 1MW<\/p>\n<p>To be used only with external shunt on the controller for 0&#8230;10V, 0&#8230;20mA, 4&#8230;20mA signals.<\/p>\n<p>&nbsp;<\/p>\n<p><strong><em>O<\/em><\/strong><strong><em>UTPUTS<\/em><\/strong><\/p>\n<p>Main output with direct action (heating) or inverse action (cooling).<\/p>\n<h3>Relay<\/h3>\n<p>With rating 5A at 250Vac\/30Vdc cosj =1 (3,5A at cosj = 0,4);<\/p>\n<p>Spark suppression on the NO contact. (Order code R0);<\/p>\n<h3>Logic<\/h3>\n<p>24V\u00b1 10%, Rout = 470W<\/p>\n<p>(12Vmin a 20mA).<\/p>\n<p>Protected against inverse polarity and shortcircuit.<\/p>\n<h3>Continuous<\/h3>\n<p>0&#8230;20mA or 4&#8230;20mA dc output on a max. resistance of 500W configurable as 0&#8230;10V with 500W load.<\/p>\n<p>Rload \u00b3 47KW. (order code V and I)<\/p>\n<p>&nbsp;<\/p>\n<p><strong><em>S<\/em><\/strong><strong><em>ERIAL <\/em><\/strong><strong><em>L<\/em><\/strong><strong><em>INE<\/em><\/strong><\/p>\n<p>Optoisolated 4-wires.<\/p>\n<p>Passive Current Loop (1200 baud) inter- face or RS485 4-wires (1200\/2400\/4800\/9600 baud).<\/p>\n<p>Protocol: GEFRAN CENCAL<\/p>\n<p>&nbsp;<\/p>\n<p><strong><em>P<\/em><\/strong><strong><em>OWER <\/em><\/strong><strong><em>S<\/em><\/strong><strong><em>UPPLY<\/em><\/strong><\/p>\n<p>Standard: 100&#8230;240Vac\/dc \u00b1 10% on request: 11&#8230;27Vac\/dc \u00b1 10%<\/p>\n<p>&nbsp;<\/p>\n<p>50\/60Hz; 9VA max.<\/p>\n<p>Protection by internal fuse not serviceable by the user.<\/p>\n<p>&nbsp;<\/p>\n<p><strong><em>A<\/em><\/strong><strong><em>MBIENT <\/em><\/strong><strong><em>C<\/em><\/strong><strong><em>ONDITIONS<\/em><\/strong><\/p>\n<p><strong>Working temperature<\/strong>: 0&#8230;50\u00b0C <strong>Storage temperature<\/strong>: -20&#8230;70\u00b0C <strong>Humidity<\/strong>: 20&#8230;85%Ur non condensing<\/p>\n<p>&nbsp;<\/p>\n<p><strong><em>C<\/em><\/strong><strong><em>ONTROL<\/em><\/strong><\/p>\n<p>On\/Off, P, PD, PID either for heating or cooling, with parameters configurable from the faceplate:<\/p>\n<ul>\n<li>Proportional band: 0,0&#8230;99,9% s.<\/li>\n<li>Integral time: 0,0&#8230;99,9 min<\/li>\n<li>Derivative time:<\/li>\n<\/ul>\n<p>0,0&#8230;9,99 min (0,0&#8230;19,99 min)<\/p>\n<ul>\n<li>Reset power (proportional band position): ..100%.<\/li>\n<li>Hysteresis (only for On\/Off control):<\/li>\n<\/ul>\n<p>-199&#8230;999 (-999&#8230;1999) digit.<\/p>\n<ul>\n<li>Cycle time: -2&#8230;200 sec (0 for On\/Off control).<\/li>\n<li>Soft-start (gradual increase of main out- put power over a predetermined time on switch on): ..99,9 min<\/li>\n<li>Manual reset (correction of the offset after setting):<\/li>\n<\/ul>\n<p>-199&#8230;999 (-999&#8230;1999) digit.<\/p>\n<ul>\n<li>Offset (setting a difference between the actual measurement of the input probe and the value read by the controller):<\/li>\n<\/ul>\n<p>-199&#8230;300 (-300&#8230;300) digit.<\/p>\n<ul>\n<li>Automatic\/Manual function with bum- pless transfer between manual and auto-<\/li>\n<li>Automatic power on and power off to disactivate the<\/li>\n<\/ul>\n<p><strong><em>A<\/em><\/strong><strong><em>LARMS<\/em><\/strong><\/p>\n<ul>\n<li>3 alarms, settable as absolute, deviation or symmetrical deviation alarm with respect to the control setpoint with confi- gurable mode (Hi or Lo).<\/li>\n<\/ul>\n<p>&nbsp;<\/p>\n<ul>\n<li>The alarm point may be set anywhere within the configured<\/li>\n<li>AL1 alarm with PD action with configu- rable<\/li>\n<li>Proportional band is set for the hystere- sis of AL1 in the range:<\/li>\n<\/ul>\n<p>-199&#8230;999 (-999&#8230;1999) digit.<\/p>\n<ul>\n<li>Derivative time:<\/li>\n<\/ul>\n<p>0,0&#8230;9,99 (0,0&#8230;19,99)min.<\/p>\n<ul>\n<li>Cycle time: ..200 sec (0 for On\/Off alarm).<\/li>\n<li>Alarm (AL3) may be used as opencircuit load alarm (HB) when used with input from a current transformer; configurable current scale: ..99,9 (0&#8230;199,9)<\/li>\n<li>LBA (Loop Break Alarm) function<\/li>\n<li>Intervention time and power output in the alarm condition are configurable from the<\/li>\n<li>Hysteresis for the alarm setpoint is confi- gurable from the faceplate in the range:<\/li>\n<\/ul>\n<p>-199&#8230;999 (-999&#8230;1999) digit.<\/p>\n<p>&nbsp;<\/p>\n<p><strong><em>W<\/em><\/strong><strong><em>EIGHT<\/em><\/strong><\/p>\n<p>320g (1000)<\/p>\n<p>400g (1001, 1101)<\/p>","protected":false},"excerpt":{"rendered":"<p><strong>PID Controllers<\/strong><\/p>\n<ul>\n<li>Inputs for thermocouples and resistance thermometers completely configurable from the faceplate<\/li>\n<li>Offset function on the input signal<\/li>\n<li>Relay, mA or logic main output<\/li>\n<li>Between 1 and 3 configurable alarms<\/li>\n<li>Auxiliary input for C.T.<\/li>\n<li>Alarm for opencircuit load or shortcircuit probe<\/li>\n<li>PD alarm output configurable for cooling<\/li>\n<li>Self-tuning\/Auto-tuning, Soft-start, bumpless Man\/Auto transfer<\/li>\n<li>Serial line: optoisolated 4-wires<\/li>\n<\/ul>\n","protected":false},"featured_media":1737,"comment_status":"open","ping_status":"closed","template":"","meta":[],"product_cat":[121,128],"product_tag":[],"yoast_head":"<!-- This site is optimized with the Yoast SEO plugin v16.6.1 - https:\/\/yoast.com\/wordpress\/plugins\/seo\/ -->\n<title>1000-1001-1101 - NEW SKY CO.,LTD<\/title>\n<meta name=\"robots\" content=\"index, follow, max-snippet:-1, max-image-preview:large, max-video-preview:-1\" \/>\n<link rel=\"canonical\" href=\"https:\/\/newskyvn.com\/product\/1000-1001-1101\/\" \/>\n<meta property=\"og:locale\" content=\"en_US\" \/>\n<meta property=\"og:type\" content=\"article\" \/>\n<meta property=\"og:title\" content=\"1000-1001-1101 - NEW SKY CO.,LTD\" \/>\n<meta property=\"og:description\" content=\"[:vi]B\u1ed9 \u0111i\u1ec1u khi\u1ec3n PID   \u0110\u1ea7u v\u00e0o cho c\u1eb7p nhi\u1ec7t \u0111i\u1ec7n v\u00e0 nhi\u1ec7t k\u1ebf \u0111i\u1ec7n tr\u1edf ho\u00e0n to\u00e0n c\u00f3 th\u1ec3 \u0111\u1ecbnh c\u1ea5u h\u00ecnh t\u1eeb m\u1eb7t k\u00ednh  Ch\u1ee9c n\u0103ng b\u00f9 tr\u1eeb tr\u00ean t\u00edn hi\u1ec7u \u0111\u1ea7u v\u00e0o  R\u01a1 le, mA ho\u1eb7c \u0111\u1ea7u ra ch\u00ednh logic  T\u1eeb 1 \u0111\u1ebfn 3 c\u1ea3nh b\u00e1o c\u00f3 th\u1ec3 \u0111\u1ecbnh c\u1ea5u h\u00ecnh  \u0110\u1ea7u v\u00e0o ph\u1ee5 tr\u1ee3 cho CT  B\u00e1o \u0111\u1ed9ng khi t\u1ea3i h\u1edf m\u1ea1ch ho\u1eb7c \u0111\u1ea7u d\u00f2 ng\u1eafn m\u1ea1ch  \u0110\u1ea7u ra c\u1ea3nh b\u00e1o PD c\u00f3 th\u1ec3 c\u1ea5u h\u00ecnh \u0111\u1ec3 l\u00e0m m\u00e1t  T\u1ef1 \u0111i\u1ec1u ch\u1ec9nh \/ T\u1ef1 \u0111\u1ed9ng \u0111i\u1ec1u ch\u1ec9nh, Kh\u1edfi \u0111\u1ed9ng m\u1ec1m, Ng\u01b0\u1eddi \u0111\u00e0n \u00f4ng kh\u00f4ng g\u1eadp gh\u1ec1nh \/ T\u1ef1 \u0111\u1ed9ng chuy\u1ec3n  D\u00f2ng n\u1ed1i ti\u1ebfp: 4 d\u00e2y optoisolated [:en]PID Controllers   Inputs for thermocouples and resistance thermometers completely configurable from the faceplate  Offset function on the input signal  Relay, mA or logic main output  Between 1 and 3 configurable alarms  Auxiliary input for C.T.  Alarm for opencircuit load or shortcircuit probe  PD alarm output configurable for cooling  Self-tuning\/Auto-tuning, Soft-start, bumpless Man\/Auto transfer  Serial line: optoisolated 4-wires [:]\" \/>\n<meta property=\"og:url\" content=\"https:\/\/newskyvn.com\/product\/1000-1001-1101\/\" \/>\n<meta property=\"og:site_name\" content=\"NEW SKY CO.,LTD\" \/>\n<meta property=\"article:modified_time\" content=\"2024-09-15T12:44:53+00:00\" \/>\n<meta property=\"og:image\" content=\"https:\/\/newskyvn.com\/wp-content\/uploads\/2021\/09\/show_1000.jpg\" \/>\n\t<meta property=\"og:image:width\" content=\"500\" \/>\n\t<meta property=\"og:image:height\" content=\"500\" \/>\n<meta name=\"twitter:card\" content=\"summary_large_image\" \/>\n<meta name=\"twitter:label1\" content=\"Est. reading time\" \/>\n\t<meta name=\"twitter:data1\" content=\"5 minutes\" \/>\n<script type=\"application\/ld+json\" class=\"yoast-schema-graph\">{\"@context\":\"https:\/\/schema.org\",\"@graph\":[{\"@type\":\"WebSite\",\"@id\":\"https:\/\/newskyvn.com\/#website\",\"url\":\"https:\/\/newskyvn.com\/\",\"name\":\"NEW SKY CO.,LTD\",\"description\":\"C\\u00f4ng Ty TNHH S\\u1ea3n Xu\\u1ea5t Th\\u01b0\\u01a1ng M\\u1ea1i D\\u1ecbch V\\u1ee5 T\\u00e2n Thi\\u00ean\",\"potentialAction\":[{\"@type\":\"SearchAction\",\"target\":{\"@type\":\"EntryPoint\",\"urlTemplate\":\"https:\/\/newskyvn.com\/?s={search_term_string}\"},\"query-input\":\"required name=search_term_string\"}],\"inLanguage\":\"en-US\"},{\"@type\":\"ImageObject\",\"@id\":\"https:\/\/newskyvn.com\/product\/1000-1001-1101\/#primaryimage\",\"inLanguage\":\"en-US\",\"url\":\"https:\/\/newskyvn.com\/wp-content\/uploads\/2021\/09\/show_1000.jpg\",\"contentUrl\":\"https:\/\/newskyvn.com\/wp-content\/uploads\/2021\/09\/show_1000.jpg\",\"width\":500,\"height\":500},{\"@type\":\"WebPage\",\"@id\":\"https:\/\/newskyvn.com\/product\/1000-1001-1101\/#webpage\",\"url\":\"https:\/\/newskyvn.com\/product\/1000-1001-1101\/\",\"name\":\"1000-1001-1101 - NEW SKY CO.,LTD\",\"isPartOf\":{\"@id\":\"https:\/\/newskyvn.com\/#website\"},\"primaryImageOfPage\":{\"@id\":\"https:\/\/newskyvn.com\/product\/1000-1001-1101\/#primaryimage\"},\"datePublished\":\"2021-09-26T08:39:42+00:00\",\"dateModified\":\"2024-09-15T12:44:53+00:00\",\"breadcrumb\":{\"@id\":\"https:\/\/newskyvn.com\/product\/1000-1001-1101\/#breadcrumb\"},\"inLanguage\":\"en-US\",\"potentialAction\":[{\"@type\":\"ReadAction\",\"target\":[\"https:\/\/newskyvn.com\/product\/1000-1001-1101\/\"]}]},{\"@type\":\"BreadcrumbList\",\"@id\":\"https:\/\/newskyvn.com\/product\/1000-1001-1101\/#breadcrumb\",\"itemListElement\":[{\"@type\":\"ListItem\",\"position\":1,\"name\":\"Product\",\"item\":\"https:\/\/newskyvn.com\/en\/san-pham\/\"},{\"@type\":\"ListItem\",\"position\":2,\"name\":\"1000-1001-1101\"}]}]}<\/script>\n<!-- \/ Yoast SEO plugin. -->","_links":{"self":[{"href":"https:\/\/newskyvn.com\/en\/wp-json\/wp\/v2\/product\/1735"}],"collection":[{"href":"https:\/\/newskyvn.com\/en\/wp-json\/wp\/v2\/product"}],"about":[{"href":"https:\/\/newskyvn.com\/en\/wp-json\/wp\/v2\/types\/product"}],"replies":[{"embeddable":true,"href":"https:\/\/newskyvn.com\/en\/wp-json\/wp\/v2\/comments?post=1735"}],"wp:featuredmedia":[{"embeddable":true,"href":"https:\/\/newskyvn.com\/en\/wp-json\/wp\/v2\/media\/1737"}],"wp:attachment":[{"href":"https:\/\/newskyvn.com\/en\/wp-json\/wp\/v2\/media?parent=1735"}],"wp:term":[{"taxonomy":"product_cat","embeddable":true,"href":"https:\/\/newskyvn.com\/en\/wp-json\/wp\/v2\/product_cat?post=1735"},{"taxonomy":"product_tag","embeddable":true,"href":"https:\/\/newskyvn.com\/en\/wp-json\/wp\/v2\/product_tag?post=1735"}],"curies":[{"name":"wp","href":"https:\/\/api.w.org\/{rel}","templated":true}]}}