{"id":1729,"date":"2021-09-26T05:08:19","date_gmt":"2021-09-26T05:08:19","guid":{"rendered":"https:\/\/newskyvn.com\/?post_type=product&#038;p=1729"},"modified":"2021-09-26T05:10:31","modified_gmt":"2021-09-26T05:10:31","slug":"1200","status":"publish","type":"product","link":"https:\/\/newskyvn.com\/en\/product\/1200\/","title":{"rendered":"1200"},"content":{"rendered":"<p><span style=\"color: #0000ff;\"><strong>Main applications<\/strong><\/span><\/p>\n<ul>\n<li><em>Extrusion lines<\/em><\/li>\n<li><em>Injection presses for plastics<\/em><\/li>\n<li><em>Heat punches<\/em><\/li>\n<li><em>Presses for rubber<\/em><\/li>\n<li><em>Packaging machines<\/em><\/li>\n<li><em>Packing machines<\/em><\/li>\n<li><em>Polymerization and synthetic fiber plants<\/em><\/li>\n<li><em>Food processing pants<\/em><\/li>\n<li><em>Die-casting plants<\/em><\/li>\n<li><em>Cooling plants<\/em><\/li>\n<li><em>Climatic cells and test benches<\/em><\/li>\n<li><em>Dryers for ceramics and construction parts<\/em><\/li>\n<li><em>Ovens<\/em><\/li>\n<li><em>Painting plants<\/em><\/li>\n<\/ul>\n<p>&nbsp;<\/p>\n<p><span style=\"color: #0000ff;\"><strong>TECHNICAL DATA OF 1200\u00a0<\/strong><\/span><\/p>\n<p><em>Microprocessor controllers, 48&#215;96 (1\/8DIN) format for 1200 and 96&#215;96 (1\/4DIN) format for 1300, built with SMT technology. Complete operator interface, protected by Lexan membrane to guarantee an IP65 faceplate protection level. Composed of 4 keys, double 4-digit green LED display, 4 red signal LEDs for the 4 relay\/logic outputs and 3 additional LEDs with programmable function to signal the instrument\u2019s various function states.<\/em><\/p>\n<p><em>The main input for the variable to be controlled is universal, and allows connection of a wide variety of signals: thermocouples, resistance thermometers, thermistors, normalized linear inputs, all with possibility of custom linearization set from the faceplate.<\/em><\/p>\n<p><em>Input type is selected entirely from the faceplate and requires no external adapter shunts\/dividers.<\/em><\/p>\n<p><em>A second auxiliary analog input from current transformer is available. You can select one of the two presettable setpoints, select Manual-Automatic mode, reset the alarm memory, or enable the hold function by means of the digital input.<\/em><\/p>\n<p><em>The instrument provides up to 4 outputs: relay (5A, 250VAC\/30VDC cos<\/em>j <em>= 1) or logic (24V \u00b1 10% (10Vmin a 20mA).<\/em><\/p>\n<p><em>An analog output in voltage or in current is also available.<\/em><\/p>\n<p><em>The functions of each output are freely configurable from the faceplate.<\/em><\/p>\n<p><em>In addition to the control and alarm outputs, you can also have outputs that repeat the state of the digital or retransmission input by process variable, setpoint, deviation, alarm trip points and values acquired via serial line. An additional output (24VDC, 30mA max.) is available to power outside transmitters. The serial communication option can be in Current Loop or RS485, with MODBUS RTU protocol and maximum speed of 19200 baud (485).<\/em><\/p>\n<p><em>The instrument\u2019s entire programming procedure is made easier by grouping the parameters in function blocks (CFG for control parameters, Inp for inputs, Out for outputs, etc.).<\/em><\/p>\n<p><em>The instrument can also select the parameters to be displayed based on its hardware configuration, which automatically hides irrelevant parameters. The instrument is supplied with an \u201cEASY\u201d configuration calling for just a few parameters (only those pertaining to the model ordered and essential to the controller\u2019s operation).<\/em><\/p>\n<p><em>In this way, you just have to set the setpoint and the alarm, then launch self- tuning with the specific button.<\/em><\/p>\n<p><em>For even simpler configuration, you can use a PC programming kit consisting of a cable and a guided program for Windows environment (see Technical Data code WINSTRUM).<\/em><\/p>\n<p><strong><em>TECHNICAL<\/em><\/strong> <strong><em>DATA<\/em><\/strong> <strong><em>I<\/em><\/strong><strong><em>NPUTS<\/em><\/strong><\/p>\n<p>Accuracy 0,2% f.s. \u00b11digit.<\/p>\n<p>Acquisition of the input signal 120msec.<\/p>\n<h3>TC &#8211; Thermocouples<\/h3>\n<p><strong>J\u00a0\u00a0\u00a0\u00a0\u00a0\u00a0\u00a0\u00a0\u00a0\u00a0\u00a0\u00a0\u00a0\u00a0\u00a0\u00a0 <\/strong>0&#8230;1000\u00b0C \/ 32&#8230;1832\u00b0F<\/p>\n<p><strong>K\u00a0\u00a0\u00a0\u00a0\u00a0\u00a0\u00a0\u00a0\u00a0\u00a0\u00a0\u00a0\u00a0\u00a0\u00a0 <\/strong>0&#8230;1300\u00b0C \/ 32&#8230;2372\u00b0F<\/p>\n<p><strong>R\u00a0\u00a0\u00a0\u00a0\u00a0\u00a0\u00a0\u00a0\u00a0\u00a0\u00a0\u00a0\u00a0\u00a0\u00a0 <\/strong>0&#8230;1750\u00b0C \/ 32&#8230;3182\u00b0F<\/p>\n<p><strong>S\u00a0\u00a0\u00a0\u00a0\u00a0\u00a0\u00a0\u00a0\u00a0\u00a0\u00a0\u00a0\u00a0\u00a0\u00a0 <\/strong>0&#8230;1750\u00b0C \/ 32&#8230;3182\u00b0F<\/p>\n<p><strong>T\u00a0\u00a0\u00a0\u00a0\u00a0\u00a0\u00a0\u00a0\u00a0\u00a0\u00a0\u00a0\u00a0\u00a0\u00a0\u00a0 <\/strong>-200&#8230;400\u00b0C \/ -328&#8230;752\u00b0F<\/p>\n<p><strong>B\u00a0\u00a0\u00a0\u00a0\u00a0\u00a0\u00a0\u00a0\u00a0\u00a0\u00a0\u00a0\u00a0\u00a0\u00a0 <\/strong>44&#8230;1800\u00b0C \/ 111&#8230;3272\u00b0F<\/p>\n<p><strong>E\u00a0\u00a0\u00a0\u00a0\u00a0\u00a0\u00a0\u00a0\u00a0\u00a0\u00a0\u00a0\u00a0\u00a0\u00a0 <\/strong>-100&#8230;750\u00b0C \/ -148&#8230;1382\u00b0F<\/p>\n<p><strong>N\u00a0\u00a0\u00a0\u00a0\u00a0\u00a0\u00a0\u00a0\u00a0\u00a0\u00a0\u00a0\u00a0\u00a0\u00a0 <\/strong>0&#8230;1300\u00b0C \/ 32&#8230;2372\u00b0F<\/p>\n<p><strong>custom\u00a0\u00a0\u00a0\u00a0 <\/strong>-1999&#8230;9999<\/p>\n<p>Using the custom solution, tables are available for the following thermocouples: <strong>L-GOST <\/strong>0&#8230;600\u00b0C \/ 32&#8230;1112\u00b0F<\/p>\n<p><strong>U\u00a0\u00a0\u00a0\u00a0\u00a0\u00a0\u00a0\u00a0\u00a0\u00a0\u00a0\u00a0\u00a0\u00a0\u00a0 <\/strong>-200&#8230;400\u00b0C \/ -328&#8230;752\u00b0F<\/p>\n<p><strong>G\u00a0\u00a0\u00a0\u00a0\u00a0\u00a0\u00a0\u00a0\u00a0\u00a0\u00a0\u00a0\u00a0\u00a0\u00a0 <\/strong>0&#8230;2300\u00b0C \/ 32&#8230;4172\u00b0F<\/p>\n<p><strong>D\u00a0\u00a0\u00a0\u00a0\u00a0\u00a0\u00a0\u00a0\u00a0\u00a0\u00a0\u00a0\u00a0\u00a0\u00a0 <\/strong>0&#8230;2300\u00b0C \/ 32&#8230;4172\u00b0F<\/p>\n<p><strong>C\u00a0\u00a0\u00a0\u00a0\u00a0\u00a0\u00a0\u00a0\u00a0\u00a0\u00a0\u00a0\u00a0\u00a0\u00a0 <\/strong>0&#8230;2300\u00b0C \/ 32&#8230;4172\u00b0F<\/p>\n<p><strong>(NI-Ni18Mo) <\/strong>0&#8230;1100\u00b0C \/ 32&#8230;2012\u00b0F<\/p>\n<h3>RTD 3-wires<\/h3>\n<p>PT100 -200&#8230;850\u00b0C \/ -328&#8230;1562\u00b0F JPT100 -200&#8230;600\u00b0C \/ -328&#8230;1112\u00b0F<\/p>\n<p>&nbsp;<\/p>\n<h3>PTC<\/h3>\n<p>990W, 25\u00b0C\u00a0\u00a0\u00a0 -55&#8230;120\u00b0C \/ -67&#8230;248\u00b0F<\/p>\n<h3>NTC<\/h3>\n<p>1KW, 25\u00b0C\u00a0\u00a0\u00a0\u00a0\u00a0 -10&#8230;70\u00b0C \/ 14&#8230;158\u00b0F<\/p>\n<p><strong><em>DC &#8211; Linear<\/em><\/strong><\/p>\n<p>With scale settable in limits:<\/p>\n<p>-1999&#8230;9999 0&#8230;60mV \/ 12&#8230;60mV<\/p>\n<p>0&#8230;10V \/ 2&#8230;10V<\/p>\n<p>0&#8230;5V \/ 1&#8230;5V<\/p>\n<p>0&#8230;1V \/ 0,2&#8230;1V<\/p>\n<p>0&#8230;20mA \/ 4&#8230;20mA<\/p>\n<p>Imput impedance:<\/p>\n<p>Ri &gt; 1MW per 60mV,1V Ri &gt; 10KW per 5V, 10V Ri = 50W per 20mA<\/p>\n<p>Custom linearisation with 32 segment.<\/p>\n<h3>Auxiliary input<\/h3>\n<p>(IN CT)<\/p>\n<p>For current transformer 50mAac, 50\/60Hz, Ri=10W<\/p>\n<h3>Digital input<\/h3>\n<p>(IN1\/IN2)<\/p>\n<p>PNP: Ri = 4,7KW (24V, 5mA) insulation 1500V<\/p>\n<p>NPN: voltage-free contact.<\/p>\n<p>Function configurable among man\/auto selection, local\/remote (setpoint from serial line, setpoint1\/setpoint2); Set\/reset outputs, start\/stop tuning functions, software off\/on, reset alarm memory, hold.<\/p>\n<p><strong><em>O<\/em><\/strong><strong><em>UTPUTS<\/em><\/strong><\/p>\n<p>4 configurable outputs:<\/p>\n<ul>\n<li>OUT1 relay (switching contact only with OUT2 relay)<\/li>\n<li>OUT2 available in relay, logic or triac<\/li>\n<li>OUT3 available in relay, logic, continuous or analog retransmission<\/li>\n<li>OUT4 relay or<\/li>\n<\/ul>\n<p>&nbsp;<\/p>\n<p>The outputs are freely assignable to control and alarm functions (in &#8220;OR&#8221; or &#8220;AND&#8221;).<\/p>\n<p>They can be slaved to a faceplate key or to the auxiliary digital input.<\/p>\n<h3>Relay<\/h3>\n<p>(order code R)<\/p>\n<p>With rating: 5A\/250Vac\/30Vdc, cosj=1<\/p>\n<h3>Logic<\/h3>\n<p>(order code D)<\/p>\n<p>24Vdc, Rout=100W (10V\/20mA)<\/p>\n<p><strong><em>Triac <\/em><\/strong>(order code T)<\/p>\n<p>24&#8230;240Vac \u00b1 10%, 50\/60Hz, 1A max.<\/p>\n<p>I2t = 128A2sec.<\/p>\n<p>Leakage current 1.5mA max a 200Vac.<\/p>\n<p><strong><em>Continuous <\/em><\/strong>(order code C) 0&#8230;10V, 0\/4&#8230;20mA, on 500W max<\/p>\n<p>only for heat\/cool control output.<\/p>\n<h3>Retransmission<\/h3>\n<p>(order code W)<\/p>\n<p>0&#8230;10V, 0\/4&#8230;20mA, on 500W resolution 12bit, useful for retransmission of the variable.<\/p>\n<h3>Serial line<\/h3>\n<p>Optoisolated 2\/4 wires, RS422\/485 (1200, 2400, 4800, 9600, 19200 baud) interface Prot.: MODBUS RTU<\/p>\n<p><strong><em>P<\/em><\/strong><strong><em>OWER <\/em><\/strong><strong><em>S<\/em><\/strong><strong><em>UPPLY<\/em><\/strong><\/p>\n<p>Standard:<\/p>\n<p>100&#8230;240Vac\/dc \u00b1 10% max 18VA On request:<\/p>\n<p>11&#8230;27Vac\/dc \u00b1 10% max 11VA 50\/60Hz. Protection by internal fuse not serviceable by the user<\/p>\n<p>&nbsp;<\/p>\n<p><strong><em>P<\/em><\/strong><strong><em>OWER <\/em><\/strong><strong><em>S<\/em><\/strong><strong><em>UPPLY<\/em><\/strong><strong><em>T<\/em><\/strong><strong><em>RANSMITTER<\/em><\/strong><\/p>\n<p>24V \u00b110% not stabilized, 30mA Short circuit protection<\/p>\n<p>&nbsp;<\/p>\n<p><strong><em>A<\/em><\/strong><strong><em>MBIENT <\/em><\/strong><strong><em>C<\/em><\/strong><strong><em>ONDITION<\/em><\/strong><\/p>\n<p><strong>Working temperature range<\/strong>: 0&#8230;50\u00b0C <strong>Storage temperature range<\/strong>: -20&#8230;70\u00b0C <strong>Humidity<\/strong>: 20&#8230;85%Ur non condensing<\/p>\n<p>&nbsp;<\/p>\n<p><strong><em>C<\/em><\/strong><strong><em>ONTROL<\/em><\/strong><\/p>\n<p>On\/Off, P, PD, PID in both heating and cooling, with parameters settable from keyboard..<\/p>\n<p>Cooling setpoint relative to heating setpoint.<\/p>\n<ul>\n<li>Manual reset -999&#8230;999 digits<\/li>\n<li>Reset power -100.0. 0%<\/li>\n<li>Cycle time 200sec<\/li>\n<li>Soft-start 0. 500.0 min<\/li>\n<\/ul>\n<p>For each action:<\/p>\n<ul>\n<li>Proportional band 0. 999.9% f.s.<\/li>\n<li>Integral time 0. 99.99 min<\/li>\n<li>Derivative time 0. 99.99 min<\/li>\n<li>Maximum power limit 0. 100.0%<\/li>\n<\/ul>\n<p>&nbsp;<\/p>\n<p><strong><em>A<\/em><\/strong><strong><em>LARMS<\/em><\/strong><\/p>\n<ul>\n<li>3 alarm limits settable in absolute, deviation, symmetrical deviation value compared to set-point with direct or reverse<\/li>\n<li>Alarm limit settable along entire selected<\/li>\n<li>Alarm masking with exclusion at power-up, with memory, with trip<\/li>\n<li>LBA alarm for adjustment control<\/li>\n<li>Trip hysteresis settable for each alarm<\/li>\n<li>Alarm assigned to ammeter input with different function<\/li>\n<\/ul>\n<p>&nbsp;<\/p>\n<p><strong><em>W<\/em><\/strong><strong><em>EIGHT<\/em><\/strong><\/p>\n<p>320g (1200)<\/p>\n<p>400g (1300)<\/p>","protected":false},"excerpt":{"rendered":"<p><strong>CONTROLLERS<\/strong><\/p>\n<ul>\n<li>Universal input configurable from faceplate<\/li>\n<li>Accuracy better than 0.2% f.s. under nominal conditions<\/li>\n<li>Control output: relay, logic, Triac or continuous<\/li>\n<li>Hot\/cold function with selection of cooling fluid<\/li>\n<li>3 alarms with completely configurable function<\/li>\n<li>Analog retransmission output<\/li>\n<li>Up to 2 isolated digital inputs with configurable function<\/li>\n<li>Isolated digital input with configurable function<\/li>\n<li>Auxiliary input for CT (TA) (50mAac)<\/li>\n<li>Heater break or probe short-circuit alarm<\/li>\n<li>Self-tuning, Auto-tuning, Soft-start, bumpless Man\/Auto function<\/li>\n<li>Double set, set ramp, timed output function<\/li>\n<li>Optically isolated RS485 serial line. Protocol: GEFRAN MODBUS RTU<\/li>\n<li>Self-diagnosis<\/li>\n<li>Rapid configuration from PC with Winstrum packet<\/li>\n<\/ul>\n","protected":false},"featured_media":1731,"comment_status":"open","ping_status":"closed","template":"","meta":[],"product_cat":[121,128],"product_tag":[],"yoast_head":"<!-- This site is optimized with the Yoast SEO plugin v16.6.1 - https:\/\/yoast.com\/wordpress\/plugins\/seo\/ -->\n<title>1200 - NEW SKY CO.,LTD<\/title>\n<meta name=\"robots\" content=\"index, follow, max-snippet:-1, max-image-preview:large, max-video-preview:-1\" \/>\n<link rel=\"canonical\" href=\"https:\/\/newskyvn.com\/product\/1200\/\" \/>\n<meta property=\"og:locale\" content=\"en_US\" \/>\n<meta property=\"og:type\" content=\"article\" \/>\n<meta property=\"og:title\" content=\"1200 - NEW SKY CO.,LTD\" \/>\n<meta property=\"og:description\" content=\"[:vi]B\u1ed8 \u0110I\u1ec0U KHI\u1ec2N  \u2022 \u0110\u1ea7u v\u00e0o ph\u1ed5 qu\u00e1t c\u00f3 th\u1ec3 \u0111\u1ecbnh c\u1ea5u h\u00ecnh t\u1eeb m\u1eb7t giao ti\u1ebfp \u2022 \u0110\u1ed9 ch\u00ednh x\u00e1c t\u1ed1t h\u01a1n 0,2% f.s. trong \u0111i\u1ec1u ki\u1ec7n danh ngh\u0129a \u2022 \u0110i\u1ec1u khi\u1ec3n \u0111\u1ea7u ra: r\u01a1 le, logic, Triac ho\u1eb7c li\u00ean t\u1ee5c \u2022 Ch\u1ee9c n\u0103ng n\u00f3ng \/ l\u1ea1nh v\u1edbi l\u1ef1a ch\u1ecdn ch\u1ea5t l\u1ecfng l\u00e0m m\u00e1t \u2022 3 b\u00e1o \u0111\u1ed9ng v\u1edbi ch\u1ee9c n\u0103ng ho\u00e0n to\u00e0n c\u00f3 th\u1ec3 c\u1ea5u h\u00ecnh \u2022 \u0110\u1ea7u ra truy\u1ec1n l\u1ea1i t\u01b0\u01a1ng t\u1ef1 \u2022 L\u00ean \u0111\u1ebfn 2 \u0111\u1ea7u v\u00e0o k\u1ef9 thu\u1eadt s\u1ed1 bi\u1ec7t l\u1eadp v\u1edbi ch\u1ee9c n\u0103ng c\u00f3 th\u1ec3 \u0111\u1ecbnh c\u1ea5u h\u00ecnh \u2022 \u0110\u1ea7u v\u00e0o k\u1ef9 thu\u1eadt s\u1ed1 bi\u1ec7t l\u1eadp v\u1edbi ch\u1ee9c n\u0103ng c\u00f3 th\u1ec3 \u0111\u1ecbnh c\u1ea5u h\u00ecnh \u2022 \u0110\u1ea7u v\u00e0o ph\u1ee5 tr\u1ee3 cho CT (TA) (50mAac) \u2022 M\u00e1y s\u01b0\u1edfi ng\u1eaft ho\u1eb7c b\u00e1o \u0111\u1ed9ng \u0111o\u1ea3n m\u1ea1ch th\u0103m d\u00f2 \u2022 T\u1ef1 \u0111i\u1ec1u ch\u1ec9nh, T\u1ef1 \u0111\u1ed9ng \u0111i\u1ec1u ch\u1ec9nh, Kh\u1edfi \u0111\u1ed9ng m\u1ec1m, Ch\u1ee9c n\u0103ng Man \/ Auto kh\u00f4ng x\u00f3c \u2022 B\u1ed9 \u0111\u00f4i, \u0111\u1eb7t \u0111o\u1ea1n \u0111\u01b0\u1eddng n\u1ed1i, ch\u1ee9c n\u0103ng \u0111\u1ea7u ra theo th\u1eddi gian \u2022 \u0110\u01b0\u1eddng n\u1ed1i ti\u1ebfp RS485 \u0111\u01b0\u1ee3c c\u00e1ch ly v\u1ec1 m\u1eb7t quang h\u1ecdc. Giao th\u1ee9c: GEFRAN MODBUS RTU \u2022 T\u1ef1 ch\u1ea9n \u0111o\u00e1n \u2022 C\u1ea5u h\u00ecnh nhanh ch\u00f3ng t\u1eeb PC v\u1edbi g\u00f3i Winstrum[:en]CONTROLLERS   Universal input configurable from faceplate  Accuracy better than 0.2% f.s. under nominal conditions  Control output: relay, logic, Triac or continuous  Hot\/cold function with selection of cooling fluid  3 alarms with completely configurable function  Analog retransmission output  Up to 2 isolated digital inputs with configurable function  Isolated digital input with configurable function  Auxiliary input for CT (TA) (50mAac)  Heater break or probe short-circuit alarm  Self-tuning, Auto-tuning, Soft-start, bumpless Man\/Auto function  Double set, set ramp, timed output function  Optically isolated RS485 serial line. Protocol: GEFRAN MODBUS RTU  Self-diagnosis  Rapid configuration from PC with Winstrum packet [:]\" \/>\n<meta property=\"og:url\" content=\"https:\/\/newskyvn.com\/product\/1200\/\" \/>\n<meta property=\"og:site_name\" content=\"NEW SKY CO.,LTD\" \/>\n<meta property=\"article:modified_time\" content=\"2021-09-26T05:10:31+00:00\" \/>\n<meta property=\"og:image\" content=\"https:\/\/newskyvn.com\/wp-content\/uploads\/2021\/09\/show_1200.jpg\" \/>\n\t<meta property=\"og:image:width\" content=\"500\" \/>\n\t<meta property=\"og:image:height\" content=\"483\" \/>\n<meta name=\"twitter:card\" content=\"summary_large_image\" \/>\n<meta name=\"twitter:label1\" content=\"Est. reading time\" \/>\n\t<meta name=\"twitter:data1\" content=\"6 minutes\" \/>\n<script type=\"application\/ld+json\" class=\"yoast-schema-graph\">{\"@context\":\"https:\/\/schema.org\",\"@graph\":[{\"@type\":\"WebSite\",\"@id\":\"https:\/\/newskyvn.com\/#website\",\"url\":\"https:\/\/newskyvn.com\/\",\"name\":\"NEW SKY CO.,LTD\",\"description\":\"C\\u00f4ng Ty TNHH S\\u1ea3n Xu\\u1ea5t Th\\u01b0\\u01a1ng M\\u1ea1i D\\u1ecbch V\\u1ee5 T\\u00e2n Thi\\u00ean\",\"potentialAction\":[{\"@type\":\"SearchAction\",\"target\":{\"@type\":\"EntryPoint\",\"urlTemplate\":\"https:\/\/newskyvn.com\/?s={search_term_string}\"},\"query-input\":\"required name=search_term_string\"}],\"inLanguage\":\"en-US\"},{\"@type\":\"ImageObject\",\"@id\":\"https:\/\/newskyvn.com\/product\/1200\/#primaryimage\",\"inLanguage\":\"en-US\",\"url\":\"https:\/\/newskyvn.com\/wp-content\/uploads\/2021\/09\/show_1200.jpg\",\"contentUrl\":\"https:\/\/newskyvn.com\/wp-content\/uploads\/2021\/09\/show_1200.jpg\",\"width\":500,\"height\":483},{\"@type\":\"WebPage\",\"@id\":\"https:\/\/newskyvn.com\/product\/1200\/#webpage\",\"url\":\"https:\/\/newskyvn.com\/product\/1200\/\",\"name\":\"1200 - NEW SKY CO.,LTD\",\"isPartOf\":{\"@id\":\"https:\/\/newskyvn.com\/#website\"},\"primaryImageOfPage\":{\"@id\":\"https:\/\/newskyvn.com\/product\/1200\/#primaryimage\"},\"datePublished\":\"2021-09-26T05:08:19+00:00\",\"dateModified\":\"2021-09-26T05:10:31+00:00\",\"breadcrumb\":{\"@id\":\"https:\/\/newskyvn.com\/product\/1200\/#breadcrumb\"},\"inLanguage\":\"en-US\",\"potentialAction\":[{\"@type\":\"ReadAction\",\"target\":[\"https:\/\/newskyvn.com\/product\/1200\/\"]}]},{\"@type\":\"BreadcrumbList\",\"@id\":\"https:\/\/newskyvn.com\/product\/1200\/#breadcrumb\",\"itemListElement\":[{\"@type\":\"ListItem\",\"position\":1,\"name\":\"Product\",\"item\":\"https:\/\/newskyvn.com\/en\/san-pham\/\"},{\"@type\":\"ListItem\",\"position\":2,\"name\":\"1200\"}]}]}<\/script>\n<!-- \/ Yoast SEO plugin. -->","_links":{"self":[{"href":"https:\/\/newskyvn.com\/en\/wp-json\/wp\/v2\/product\/1729"}],"collection":[{"href":"https:\/\/newskyvn.com\/en\/wp-json\/wp\/v2\/product"}],"about":[{"href":"https:\/\/newskyvn.com\/en\/wp-json\/wp\/v2\/types\/product"}],"replies":[{"embeddable":true,"href":"https:\/\/newskyvn.com\/en\/wp-json\/wp\/v2\/comments?post=1729"}],"wp:featuredmedia":[{"embeddable":true,"href":"https:\/\/newskyvn.com\/en\/wp-json\/wp\/v2\/media\/1731"}],"wp:attachment":[{"href":"https:\/\/newskyvn.com\/en\/wp-json\/wp\/v2\/media?parent=1729"}],"wp:term":[{"taxonomy":"product_cat","embeddable":true,"href":"https:\/\/newskyvn.com\/en\/wp-json\/wp\/v2\/product_cat?post=1729"},{"taxonomy":"product_tag","embeddable":true,"href":"https:\/\/newskyvn.com\/en\/wp-json\/wp\/v2\/product_tag?post=1729"}],"curies":[{"name":"wp","href":"https:\/\/api.w.org\/{rel}","templated":true}]}}