{"id":1717,"date":"2021-09-20T14:17:21","date_gmt":"2021-09-20T14:17:21","guid":{"rendered":"https:\/\/newskyvn.com\/?post_type=product&#038;p=1717"},"modified":"2021-09-30T09:24:12","modified_gmt":"2021-09-30T09:24:12","slug":"type-8051","status":"publish","type":"product","link":"https:\/\/newskyvn.com\/en\/product\/type-8051\/","title":{"rendered":"Type 8051"},"content":{"rendered":"","protected":false},"excerpt":{"rendered":"<p><strong>Type 8051 &#8211; Electro-magnetic flowmeter for low flow rates<\/strong><\/p>\n<p>The flowmeter Type 8051, which consists of a sensor Type S051 (compact or remote variant) connected to a transmitter Type SE56 (without a display in the compact variant or with a display in the compact or remote variant), is designed for liquids with a minimum conductivity of 5 \u03bcS\/cm. Combined with a dosing valve, the flowmeter Type 8051 can be used for high-precision filling and dosing procedures.<\/p>\n<div class=\"copy\">\n<ul>\n<li>Combination of sensor Type S051 and transmitter Type SE56<\/li>\n<li>Continuous measurement or dosing<\/li>\n<li>CIP capable<\/li>\n<li>Flow measurements for DN\u00a003\u2026DN\u00a020<\/li>\n<\/ul>\n<\/div>\n","protected":false},"featured_media":1718,"comment_status":"open","ping_status":"closed","template":"","meta":[],"product_cat":[90,138],"product_tag":[],"yoast_head":"<!-- This site is optimized with the Yoast SEO plugin v16.6.1 - https:\/\/yoast.com\/wordpress\/plugins\/seo\/ -->\n<title>Type 8051 - NEW SKY CO.,LTD<\/title>\n<meta name=\"robots\" content=\"index, follow, max-snippet:-1, max-image-preview:large, max-video-preview:-1\" \/>\n<link rel=\"canonical\" href=\"https:\/\/newskyvn.com\/product\/type-8051\/\" \/>\n<meta property=\"og:locale\" content=\"en_US\" \/>\n<meta property=\"og:type\" content=\"article\" \/>\n<meta property=\"og:title\" content=\"Type 8051 - NEW SKY CO.,LTD\" \/>\n<meta property=\"og:description\" content=\"[:vi]Lo\u1ea1i 8051 - L\u01b0u l\u01b0\u1ee3ng k\u1ebf \u0111i\u1ec7n t\u1eeb cho t\u1ed1c \u0111\u1ed9 d\u00f2ng ch\u1ea3y th\u1ea5p  L\u01b0u l\u01b0\u1ee3ng k\u1ebf Lo\u1ea1i 8051, bao g\u1ed3m c\u1ea3m bi\u1ebfn Lo\u1ea1i S051 (bi\u1ebfn th\u1ec3 nh\u1ecf g\u1ecdn ho\u1eb7c t\u1eeb xa) \u0111\u01b0\u1ee3c k\u1ebft n\u1ed1i v\u1edbi b\u1ed9 ph\u00e1t Lo\u1ea1i SE56 (kh\u00f4ng c\u00f3 m\u00e0n h\u00ecnh trong bi\u1ebfn th\u1ec3 nh\u1ecf g\u1ecdn ho\u1eb7c c\u00f3 m\u00e0n h\u00ecnh hi\u1ec3n th\u1ecb trong bi\u1ebfn th\u1ec3 nh\u1ecf g\u1ecdn ho\u1eb7c t\u1eeb xa), \u0111\u01b0\u1ee3c thi\u1ebft k\u1ebf cho ch\u1ea5t l\u1ecfng c\u00f3 \u0111\u1ed9 d\u1eabn \u0111i\u1ec7n t\u1ed1i thi\u1ec3u 5 \u03bcS \/ cm.\u00a0K\u1ebft h\u1ee3p v\u1edbi van \u0111\u1ecbnh l\u01b0\u1ee3ng, l\u01b0u l\u01b0\u1ee3ng k\u1ebf Lo\u1ea1i 8051 c\u00f3 th\u1ec3 \u0111\u01b0\u1ee3c s\u1eed d\u1ee5ng cho c\u00e1c quy tr\u00ecnh chi\u1ebft r\u00f3t v\u00e0 \u0111\u1ecbnh l\u01b0\u1ee3ng ch\u00ednh x\u00e1c cao.    S\u1ef1 k\u1ebft h\u1ee3p c\u1ee7a lo\u1ea1i c\u1ea3m bi\u1ebfn S051 v\u00e0 lo\u1ea1i m\u00e1y ph\u00e1t SE56  \u0110o l\u01b0\u1eddng ho\u1eb7c \u0111\u1ecbnh l\u01b0\u1ee3ng li\u00ean t\u1ee5c  CIP c\u00f3 kh\u1ea3 n\u0103ng  C\u00e1c ph\u00e9p \u0111o l\u01b0u l\u01b0\u1ee3ng cho DN 03\u2026 DN 20  [:en]Type 8051 - Electro-magnetic flowmeter for low flow rates  The flowmeter Type 8051, which consists of a sensor Type S051 (compact or remote variant) connected to a transmitter Type SE56 (without a display in the compact variant or with a display in the compact or remote variant), is designed for liquids with a minimum conductivity of 5 \u03bcS\/cm. Combined with a dosing valve, the flowmeter Type 8051 can be used for high-precision filling and dosing procedures.    Combination of sensor Type S051 and transmitter Type SE56  Continuous measurement or dosing  CIP capable  Flow measurements for DN\u00a003\u2026DN\u00a020  [:]\" \/>\n<meta property=\"og:url\" content=\"https:\/\/newskyvn.com\/product\/type-8051\/\" \/>\n<meta property=\"og:site_name\" content=\"NEW SKY CO.,LTD\" \/>\n<meta property=\"article:modified_time\" content=\"2021-09-30T09:24:12+00:00\" \/>\n<meta property=\"og:image\" content=\"https:\/\/newskyvn.com\/wp-content\/uploads\/2021\/09\/8051.jpg\" \/>\n\t<meta property=\"og:image:width\" content=\"500\" \/>\n\t<meta property=\"og:image:height\" content=\"500\" \/>\n<meta name=\"twitter:card\" content=\"summary_large_image\" \/>\n<script type=\"application\/ld+json\" class=\"yoast-schema-graph\">{\"@context\":\"https:\/\/schema.org\",\"@graph\":[{\"@type\":\"WebSite\",\"@id\":\"https:\/\/newskyvn.com\/#website\",\"url\":\"https:\/\/newskyvn.com\/\",\"name\":\"NEW SKY CO.,LTD\",\"description\":\"C\\u00f4ng Ty TNHH S\\u1ea3n Xu\\u1ea5t Th\\u01b0\\u01a1ng M\\u1ea1i D\\u1ecbch V\\u1ee5 T\\u00e2n Thi\\u00ean\",\"potentialAction\":[{\"@type\":\"SearchAction\",\"target\":{\"@type\":\"EntryPoint\",\"urlTemplate\":\"https:\/\/newskyvn.com\/?s={search_term_string}\"},\"query-input\":\"required name=search_term_string\"}],\"inLanguage\":\"en-US\"},{\"@type\":\"ImageObject\",\"@id\":\"https:\/\/newskyvn.com\/product\/type-8051\/#primaryimage\",\"inLanguage\":\"en-US\",\"url\":\"https:\/\/newskyvn.com\/wp-content\/uploads\/2021\/09\/8051.jpg\",\"contentUrl\":\"https:\/\/newskyvn.com\/wp-content\/uploads\/2021\/09\/8051.jpg\",\"width\":500,\"height\":500},{\"@type\":\"WebPage\",\"@id\":\"https:\/\/newskyvn.com\/product\/type-8051\/#webpage\",\"url\":\"https:\/\/newskyvn.com\/product\/type-8051\/\",\"name\":\"Type 8051 - NEW SKY CO.,LTD\",\"isPartOf\":{\"@id\":\"https:\/\/newskyvn.com\/#website\"},\"primaryImageOfPage\":{\"@id\":\"https:\/\/newskyvn.com\/product\/type-8051\/#primaryimage\"},\"datePublished\":\"2021-09-20T14:17:21+00:00\",\"dateModified\":\"2021-09-30T09:24:12+00:00\",\"breadcrumb\":{\"@id\":\"https:\/\/newskyvn.com\/product\/type-8051\/#breadcrumb\"},\"inLanguage\":\"en-US\",\"potentialAction\":[{\"@type\":\"ReadAction\",\"target\":[\"https:\/\/newskyvn.com\/product\/type-8051\/\"]}]},{\"@type\":\"BreadcrumbList\",\"@id\":\"https:\/\/newskyvn.com\/product\/type-8051\/#breadcrumb\",\"itemListElement\":[{\"@type\":\"ListItem\",\"position\":1,\"name\":\"Product\",\"item\":\"https:\/\/newskyvn.com\/en\/san-pham\/\"},{\"@type\":\"ListItem\",\"position\":2,\"name\":\"Type 8051\"}]}]}<\/script>\n<!-- \/ Yoast SEO plugin. -->","_links":{"self":[{"href":"https:\/\/newskyvn.com\/en\/wp-json\/wp\/v2\/product\/1717"}],"collection":[{"href":"https:\/\/newskyvn.com\/en\/wp-json\/wp\/v2\/product"}],"about":[{"href":"https:\/\/newskyvn.com\/en\/wp-json\/wp\/v2\/types\/product"}],"replies":[{"embeddable":true,"href":"https:\/\/newskyvn.com\/en\/wp-json\/wp\/v2\/comments?post=1717"}],"wp:featuredmedia":[{"embeddable":true,"href":"https:\/\/newskyvn.com\/en\/wp-json\/wp\/v2\/media\/1718"}],"wp:attachment":[{"href":"https:\/\/newskyvn.com\/en\/wp-json\/wp\/v2\/media?parent=1717"}],"wp:term":[{"taxonomy":"product_cat","embeddable":true,"href":"https:\/\/newskyvn.com\/en\/wp-json\/wp\/v2\/product_cat?post=1717"},{"taxonomy":"product_tag","embeddable":true,"href":"https:\/\/newskyvn.com\/en\/wp-json\/wp\/v2\/product_tag?post=1717"}],"curies":[{"name":"wp","href":"https:\/\/api.w.org\/{rel}","templated":true}]}}