{"id":1711,"date":"2021-09-20T14:06:05","date_gmt":"2021-09-20T14:06:05","guid":{"rendered":"https:\/\/newskyvn.com\/?post_type=product&#038;p=1711"},"modified":"2021-09-30T10:06:27","modified_gmt":"2021-09-30T10:06:27","slug":"type-8045","status":"publish","type":"product","link":"https:\/\/newskyvn.com\/en\/product\/type-8045\/","title":{"rendered":"Type 8045"},"content":{"rendered":"","protected":false},"excerpt":{"rendered":"<p><strong>Type 8045 &#8211; Insertion magnetic inductive flowmeter<\/strong><\/p>\n<p>The electromagnetic flowmeter 8045 is made up of an electronic module including a backlit display, operating keys and a sensor consisting of PVDF or stainless steel material. It has been designed to measure a flow rate of neutral and slightly aggressive fluids with a conductivity of more than 20\u00a0\u00b5S\/cm in DN\u00a006\u2026DN\u00a0400 pipes. It is equipped with a 4\u202620\u00a0mA output, a digital output (pulse output by default). Some versions are equipped with two relay outputs and one digital input. Two independent totalizers allow counting the flow rate. The available process connections are: &#8211; G2\u201d connection for the version with a PVDF sensor &#8211; G2\u201d or clamp connection for the version with a stainless steel sensor. The version with a stainless steel sensor can be used in applications with higher pressures (PN\u00a016) and higher temperatures (110\u2005\u00b0C). The version with Alloy C22 electrodes has been designed for applications with aggressive fluids (chemicals) and especially sea water applications.<\/p>\n<div class=\"copy\">\n<ul>\n<li>Sensor without moving parts<\/li>\n<li>Indicates both flow rate and volume<\/li>\n<li>Simulation of all output signals<\/li>\n<li>Clean in place (CIP), FDA-compliant materials<\/li>\n<li>Version with Alloy C22 electrodes<\/li>\n<\/ul>\n<\/div>\n","protected":false},"featured_media":1713,"comment_status":"open","ping_status":"closed","template":"","meta":[],"product_cat":[90,138],"product_tag":[],"yoast_head":"<!-- This site is optimized with the Yoast SEO plugin v16.6.1 - https:\/\/yoast.com\/wordpress\/plugins\/seo\/ -->\n<title>Type 8045 - NEW SKY CO.,LTD<\/title>\n<meta name=\"robots\" content=\"index, follow, max-snippet:-1, max-image-preview:large, max-video-preview:-1\" \/>\n<link rel=\"canonical\" href=\"https:\/\/newskyvn.com\/product\/type-8045\/\" \/>\n<meta property=\"og:locale\" content=\"en_US\" \/>\n<meta property=\"og:type\" content=\"article\" \/>\n<meta property=\"og:title\" content=\"Type 8045 - NEW SKY CO.,LTD\" \/>\n<meta property=\"og:description\" content=\"[:vi]Ki\u1ec3u 8045 - L\u01b0u l\u01b0\u1ee3ng k\u1ebf c\u1ea3m \u1ee9ng t\u1eeb t\u00ednh\u00a0  L\u01b0u l\u01b0\u1ee3ng k\u1ebf \u0111i\u1ec7n t\u1eeb 8045 \u0111\u01b0\u1ee3c t\u1ea1o th\u00e0nh t\u1eeb m\u1ed9t m\u00f4-\u0111un \u0111i\u1ec7n t\u1eed bao g\u1ed3m m\u00e0n h\u00ecnh c\u00f3 \u0111\u00e8n n\u1ec1n, c\u00e1c ph\u00edm v\u1eadn h\u00e0nh v\u00e0 c\u1ea3m bi\u1ebfn bao g\u1ed3m v\u1eadt li\u1ec7u PVDF ho\u1eb7c th\u00e9p kh\u00f4ng g\u1ec9.\u00a0N\u00f3 \u0111\u01b0\u1ee3c thi\u1ebft k\u1ebf \u0111\u1ec3 \u0111o t\u1ed1c \u0111\u1ed9 d\u00f2ng ch\u1ea3y c\u1ee7a ch\u1ea5t l\u1ecfng trung t\u00ednh v\u00e0 h\u01a1i m\u1ea1nh v\u1edbi \u0111\u1ed9 d\u1eabn \u0111i\u1ec7n h\u01a1n 20 \u00b5S \/ cm trong \u1ed1ng DN 06\u2026 DN 400.\u00a0N\u00f3 \u0111\u01b0\u1ee3c trang b\u1ecb \u0111\u1ea7u ra 4\u2026 20 mA, \u0111\u1ea7u ra k\u1ef9 thu\u1eadt s\u1ed1 (\u0111\u1ea7u ra xung theo m\u1eb7c \u0111\u1ecbnh).\u00a0M\u1ed9t s\u1ed1 phi\u00ean b\u1ea3n \u0111\u01b0\u1ee3c trang b\u1ecb hai \u0111\u1ea7u ra r\u01a1 le v\u00e0 m\u1ed9t \u0111\u1ea7u v\u00e0o k\u1ef9 thu\u1eadt s\u1ed1.\u00a0Hai b\u1ed9 t\u1ed5ng h\u00f3a \u0111\u1ed9c l\u1eadp cho ph\u00e9p \u0111\u1ebfm t\u1ed1c \u0111\u1ed9 d\u00f2ng ch\u1ea3y.\u00a0C\u00e1c k\u1ebft n\u1ed1i quy tr\u00ecnh kh\u1ea3 d\u1ee5ng l\u00e0: - K\u1ebft n\u1ed1i G2 \u201dcho phi\u00ean b\u1ea3n c\u00f3 c\u1ea3m bi\u1ebfn PVDF - G2\u201d ho\u1eb7c k\u1ebft n\u1ed1i k\u1eb9p cho phi\u00ean b\u1ea3n c\u00f3 c\u1ea3m bi\u1ebfn th\u00e9p kh\u00f4ng g\u1ec9.\u00a0Phi\u00ean b\u1ea3n c\u00f3 c\u1ea3m bi\u1ebfn b\u1eb1ng th\u00e9p kh\u00f4ng g\u1ec9 c\u00f3 th\u1ec3 \u0111\u01b0\u1ee3c s\u1eed d\u1ee5ng trong c\u00e1c \u1ee9ng d\u1ee5ng c\u00f3 \u00e1p su\u1ea5t cao h\u01a1n (PN 16) v\u00e0 nhi\u1ec7t \u0111\u1ed9 cao h\u01a1n (110 \u00b0 C).    C\u1ea3m bi\u1ebfn kh\u00f4ng c\u00f3 b\u1ed9 ph\u1eadn chuy\u1ec3n \u0111\u1ed9ng  Cho bi\u1ebft c\u1ea3 t\u1ed1c \u0111\u1ed9 d\u00f2ng ch\u1ea3y v\u00e0 kh\u1ed1i l\u01b0\u1ee3ng  M\u00f4 ph\u1ecfng t\u1ea5t c\u1ea3 c\u00e1c t\u00edn hi\u1ec7u \u0111\u1ea7u ra  L\u00e0m s\u1ea1ch t\u1ea1i ch\u1ed7 (CIP), v\u1eadt li\u1ec7u tu\u00e2n th\u1ee7 FDA  Phi\u00ean b\u1ea3n v\u1edbi \u0111i\u1ec7n c\u1ef1c h\u1ee3p kim C22  [:en]Type 8045 - Insertion magnetic inductive flowmeter  The electromagnetic flowmeter 8045 is made up of an electronic module including a backlit display, operating keys and a sensor consisting of PVDF or stainless steel material. It has been designed to measure a flow rate of neutral and slightly aggressive fluids with a conductivity of more than 20\u00a0\u00b5S\/cm in DN\u00a006\u2026DN\u00a0400 pipes. It is equipped with a 4\u202620\u00a0mA output, a digital output (pulse output by default). Some versions are equipped with two relay outputs and one digital input. Two independent totalizers allow counting the flow rate. The available process connections are: - G2\u201d connection for the version with a PVDF sensor - G2\u201d or clamp connection for the version with a stainless steel sensor. The version with a stainless steel sensor can be used in applications with higher pressures (PN\u00a016) and higher temperatures (110\u2005\u00b0C). The version with Alloy C22 electrodes has been designed for applications with aggressive fluids (chemicals) and especially sea water applications.    Sensor without moving parts  Indicates both flow rate and volume  Simulation of all output signals  Clean in place (CIP), FDA-compliant materials  Version with Alloy C22 electrodes  [:]\" \/>\n<meta property=\"og:url\" content=\"https:\/\/newskyvn.com\/product\/type-8045\/\" \/>\n<meta property=\"og:site_name\" content=\"NEW SKY CO.,LTD\" \/>\n<meta property=\"article:modified_time\" content=\"2021-09-30T10:06:27+00:00\" \/>\n<meta property=\"og:image\" content=\"https:\/\/newskyvn.com\/wp-content\/uploads\/2021\/09\/8045.jpg\" \/>\n\t<meta property=\"og:image:width\" content=\"500\" \/>\n\t<meta property=\"og:image:height\" content=\"500\" \/>\n<meta name=\"twitter:card\" content=\"summary_large_image\" \/>\n<script type=\"application\/ld+json\" class=\"yoast-schema-graph\">{\"@context\":\"https:\/\/schema.org\",\"@graph\":[{\"@type\":\"WebSite\",\"@id\":\"https:\/\/newskyvn.com\/#website\",\"url\":\"https:\/\/newskyvn.com\/\",\"name\":\"NEW SKY CO.,LTD\",\"description\":\"C\\u00f4ng Ty TNHH S\\u1ea3n Xu\\u1ea5t Th\\u01b0\\u01a1ng M\\u1ea1i D\\u1ecbch V\\u1ee5 T\\u00e2n Thi\\u00ean\",\"potentialAction\":[{\"@type\":\"SearchAction\",\"target\":{\"@type\":\"EntryPoint\",\"urlTemplate\":\"https:\/\/newskyvn.com\/?s={search_term_string}\"},\"query-input\":\"required name=search_term_string\"}],\"inLanguage\":\"en-US\"},{\"@type\":\"ImageObject\",\"@id\":\"https:\/\/newskyvn.com\/product\/type-8045\/#primaryimage\",\"inLanguage\":\"en-US\",\"url\":\"https:\/\/newskyvn.com\/wp-content\/uploads\/2021\/09\/8045.jpg\",\"contentUrl\":\"https:\/\/newskyvn.com\/wp-content\/uploads\/2021\/09\/8045.jpg\",\"width\":500,\"height\":500},{\"@type\":\"WebPage\",\"@id\":\"https:\/\/newskyvn.com\/product\/type-8045\/#webpage\",\"url\":\"https:\/\/newskyvn.com\/product\/type-8045\/\",\"name\":\"Type 8045 - NEW SKY CO.,LTD\",\"isPartOf\":{\"@id\":\"https:\/\/newskyvn.com\/#website\"},\"primaryImageOfPage\":{\"@id\":\"https:\/\/newskyvn.com\/product\/type-8045\/#primaryimage\"},\"datePublished\":\"2021-09-20T14:06:05+00:00\",\"dateModified\":\"2021-09-30T10:06:27+00:00\",\"breadcrumb\":{\"@id\":\"https:\/\/newskyvn.com\/product\/type-8045\/#breadcrumb\"},\"inLanguage\":\"en-US\",\"potentialAction\":[{\"@type\":\"ReadAction\",\"target\":[\"https:\/\/newskyvn.com\/product\/type-8045\/\"]}]},{\"@type\":\"BreadcrumbList\",\"@id\":\"https:\/\/newskyvn.com\/product\/type-8045\/#breadcrumb\",\"itemListElement\":[{\"@type\":\"ListItem\",\"position\":1,\"name\":\"Product\",\"item\":\"https:\/\/newskyvn.com\/en\/san-pham\/\"},{\"@type\":\"ListItem\",\"position\":2,\"name\":\"Type 8045\"}]}]}<\/script>\n<!-- \/ Yoast SEO plugin. -->","_links":{"self":[{"href":"https:\/\/newskyvn.com\/en\/wp-json\/wp\/v2\/product\/1711"}],"collection":[{"href":"https:\/\/newskyvn.com\/en\/wp-json\/wp\/v2\/product"}],"about":[{"href":"https:\/\/newskyvn.com\/en\/wp-json\/wp\/v2\/types\/product"}],"replies":[{"embeddable":true,"href":"https:\/\/newskyvn.com\/en\/wp-json\/wp\/v2\/comments?post=1711"}],"wp:featuredmedia":[{"embeddable":true,"href":"https:\/\/newskyvn.com\/en\/wp-json\/wp\/v2\/media\/1713"}],"wp:attachment":[{"href":"https:\/\/newskyvn.com\/en\/wp-json\/wp\/v2\/media?parent=1711"}],"wp:term":[{"taxonomy":"product_cat","embeddable":true,"href":"https:\/\/newskyvn.com\/en\/wp-json\/wp\/v2\/product_cat?post=1711"},{"taxonomy":"product_tag","embeddable":true,"href":"https:\/\/newskyvn.com\/en\/wp-json\/wp\/v2\/product_tag?post=1711"}],"curies":[{"name":"wp","href":"https:\/\/api.w.org\/{rel}","templated":true}]}}