{"id":1707,"date":"2021-09-20T14:00:52","date_gmt":"2021-09-20T14:00:52","guid":{"rendered":"https:\/\/newskyvn.com\/?post_type=product&#038;p=1707"},"modified":"2021-09-30T09:27:24","modified_gmt":"2021-09-30T09:27:24","slug":"type-8041","status":"publish","type":"product","link":"https:\/\/newskyvn.com\/en\/product\/type-8041\/","title":{"rendered":"Type 8041"},"content":{"rendered":"","protected":false},"excerpt":{"rendered":"<p><strong>Type 8041 &#8211; Insertion magnetic inductive flowmeter<\/strong><\/p>\n<p>The electromagnetic flowmeter 8041 is made up of an electronic module and a sensor consisting of PVDF or stainless steel material. It has been designed to measure a flow rate of neutral and slightly aggressive fluids with a conductivity of more than 20\u00a0\u00b5S\/cm in DN\u00a006\u2026DN\u00a0400 pipes. It is fitted with a 4\u202620\u00a0mA output, a pulse output and a relay output. The different parameters can be set by means of 5 DIP switches, a push-button and a 10- field LED bargraph. It is available: &#8211; with G2\u201d connection for the version with a PVDF sensor &#8211; with G2\u201d or clamp connection for the version with a stainless steel sensor. The version with a stainless steel sensor can be used in applications with higher pressures (PN\u00a016) and higher temperatures (150\u2005\u00b0C).<\/p>\n<div class=\"copy\">\n<ul>\n<li>Sensor without moving parts<\/li>\n<li>Flowmeter with On\/Off control<\/li>\n<li>Application related calibration by Teach-In function<\/li>\n<li>Clean in place (CIP)<\/li>\n<li>FDA-compliant materials<\/li>\n<\/ul>\n<\/div>\n","protected":false},"featured_media":1709,"comment_status":"open","ping_status":"closed","template":"","meta":[],"product_cat":[90,138],"product_tag":[],"yoast_head":"<!-- This site is optimized with the Yoast SEO plugin v16.6.1 - https:\/\/yoast.com\/wordpress\/plugins\/seo\/ -->\n<title>Type 8041 - NEW SKY CO.,LTD<\/title>\n<meta name=\"robots\" content=\"index, follow, max-snippet:-1, max-image-preview:large, max-video-preview:-1\" \/>\n<link rel=\"canonical\" href=\"https:\/\/newskyvn.com\/product\/type-8041\/\" \/>\n<meta property=\"og:locale\" content=\"en_US\" \/>\n<meta property=\"og:type\" content=\"article\" \/>\n<meta property=\"og:title\" content=\"Type 8041 - NEW SKY CO.,LTD\" \/>\n<meta property=\"og:description\" content=\"[:vi]Ki\u1ec3u 8041 - L\u01b0u l\u01b0\u1ee3ng k\u1ebf c\u1ea3m \u1ee9ng t\u1eeb t\u00ednh  L\u01b0u l\u01b0\u1ee3ng k\u1ebf \u0111i\u1ec7n t\u1eeb 8041 \u0111\u01b0\u1ee3c t\u1ea1o th\u00e0nh t\u1eeb m\u1ed9t m\u00f4-\u0111un \u0111i\u1ec7n t\u1eed v\u00e0 m\u1ed9t c\u1ea3m bi\u1ebfn bao g\u1ed3m v\u1eadt li\u1ec7u PVDF ho\u1eb7c th\u00e9p kh\u00f4ng g\u1ec9.\u00a0N\u00f3 \u0111\u01b0\u1ee3c thi\u1ebft k\u1ebf \u0111\u1ec3 \u0111o t\u1ed1c \u0111\u1ed9 d\u00f2ng ch\u1ea3y c\u1ee7a ch\u1ea5t l\u1ecfng trung t\u00ednh v\u00e0 h\u01a1i m\u1ea1nh v\u1edbi \u0111\u1ed9 d\u1eabn \u0111i\u1ec7n h\u01a1n 20 \u00b5S \/ cm trong \u0111\u01b0\u1eddng \u1ed1ng DN 06\u2026 DN 400.\u00a0N\u00f3 \u0111\u01b0\u1ee3c trang b\u1ecb \u0111\u1ea7u ra 4\u2026 20 mA, \u0111\u1ea7u ra xung v\u00e0 \u0111\u1ea7u ra r\u01a1le.\u00a0C\u00e1c th\u00f4ng s\u1ed1 kh\u00e1c nhau c\u00f3 th\u1ec3 \u0111\u01b0\u1ee3c thi\u1ebft l\u1eadp b\u1eb1ng 5 c\u00f4ng t\u1eafc DIP, m\u1ed9t n\u00fat nh\u1ea5n v\u00e0 m\u1ed9t v\u1ea1ch hi\u1ec3n th\u1ecb LED 10 tr\u01b0\u1eddng.\u00a0N\u00f3 c\u00f3 s\u1eb5n: - v\u1edbi k\u1ebft n\u1ed1i G2 \u201dcho phi\u00ean b\u1ea3n c\u00f3 c\u1ea3m bi\u1ebfn PVDF - v\u1edbi G2\u201d ho\u1eb7c k\u1ebft n\u1ed1i k\u1eb9p cho phi\u00ean b\u1ea3n c\u00f3 c\u1ea3m bi\u1ebfn b\u1eb1ng th\u00e9p kh\u00f4ng g\u1ec9.\u00a0Phi\u00ean b\u1ea3n c\u00f3 c\u1ea3m bi\u1ebfn b\u1eb1ng th\u00e9p kh\u00f4ng g\u1ec9 c\u00f3 th\u1ec3 \u0111\u01b0\u1ee3c s\u1eed d\u1ee5ng trong c\u00e1c \u1ee9ng d\u1ee5ng c\u00f3 \u00e1p su\u1ea5t cao h\u01a1n (PN 16) v\u00e0 nhi\u1ec7t \u0111\u1ed9 cao h\u01a1n (150 \u00b0 C).    C\u1ea3m bi\u1ebfn kh\u00f4ng c\u00f3 b\u1ed9 ph\u1eadn chuy\u1ec3n \u0111\u1ed9ng  L\u01b0u l\u01b0\u1ee3ng k\u1ebf v\u1edbi \u0111i\u1ec1u khi\u1ec3n B\u1eadt \/ T\u1eaft  Hi\u1ec7u chu\u1ea9n li\u00ean quan \u0111\u1ebfn \u1ee9ng d\u1ee5ng b\u1eb1ng ch\u1ee9c n\u0103ng Teach-In  L\u00e0m s\u1ea1ch t\u1ea1i ch\u1ed7 (CIP)  V\u1eadt li\u1ec7u tu\u00e2n th\u1ee7 FDA  [:en]Type 8041 - Insertion magnetic inductive flowmeter  The electromagnetic flowmeter 8041 is made up of an electronic module and a sensor consisting of PVDF or stainless steel material. It has been designed to measure a flow rate of neutral and slightly aggressive fluids with a conductivity of more than 20\u00a0\u00b5S\/cm in DN\u00a006\u2026DN\u00a0400 pipes. It is fitted with a 4\u202620\u00a0mA output, a pulse output and a relay output. The different parameters can be set by means of 5 DIP switches, a push-button and a 10- field LED bargraph. It is available: - with G2\u201d connection for the version with a PVDF sensor - with G2\u201d or clamp connection for the version with a stainless steel sensor. The version with a stainless steel sensor can be used in applications with higher pressures (PN\u00a016) and higher temperatures (150\u2005\u00b0C).    Sensor without moving parts  Flowmeter with On\/Off control  Application related calibration by Teach-In function  Clean in place (CIP)  FDA-compliant materials  [:]\" \/>\n<meta property=\"og:url\" content=\"https:\/\/newskyvn.com\/product\/type-8041\/\" \/>\n<meta property=\"og:site_name\" content=\"NEW SKY CO.,LTD\" \/>\n<meta property=\"article:modified_time\" content=\"2021-09-30T09:27:24+00:00\" \/>\n<meta property=\"og:image\" content=\"https:\/\/newskyvn.com\/wp-content\/uploads\/2021\/09\/8041-1.jpg\" \/>\n\t<meta property=\"og:image:width\" content=\"500\" \/>\n\t<meta property=\"og:image:height\" content=\"500\" \/>\n<meta name=\"twitter:card\" content=\"summary_large_image\" \/>\n<script type=\"application\/ld+json\" class=\"yoast-schema-graph\">{\"@context\":\"https:\/\/schema.org\",\"@graph\":[{\"@type\":\"WebSite\",\"@id\":\"https:\/\/newskyvn.com\/#website\",\"url\":\"https:\/\/newskyvn.com\/\",\"name\":\"NEW SKY CO.,LTD\",\"description\":\"C\\u00f4ng Ty TNHH S\\u1ea3n Xu\\u1ea5t Th\\u01b0\\u01a1ng M\\u1ea1i D\\u1ecbch V\\u1ee5 T\\u00e2n Thi\\u00ean\",\"potentialAction\":[{\"@type\":\"SearchAction\",\"target\":{\"@type\":\"EntryPoint\",\"urlTemplate\":\"https:\/\/newskyvn.com\/?s={search_term_string}\"},\"query-input\":\"required name=search_term_string\"}],\"inLanguage\":\"en-US\"},{\"@type\":\"ImageObject\",\"@id\":\"https:\/\/newskyvn.com\/product\/type-8041\/#primaryimage\",\"inLanguage\":\"en-US\",\"url\":\"https:\/\/newskyvn.com\/wp-content\/uploads\/2021\/09\/8041-1.jpg\",\"contentUrl\":\"https:\/\/newskyvn.com\/wp-content\/uploads\/2021\/09\/8041-1.jpg\",\"width\":500,\"height\":500},{\"@type\":\"WebPage\",\"@id\":\"https:\/\/newskyvn.com\/product\/type-8041\/#webpage\",\"url\":\"https:\/\/newskyvn.com\/product\/type-8041\/\",\"name\":\"Type 8041 - NEW SKY CO.,LTD\",\"isPartOf\":{\"@id\":\"https:\/\/newskyvn.com\/#website\"},\"primaryImageOfPage\":{\"@id\":\"https:\/\/newskyvn.com\/product\/type-8041\/#primaryimage\"},\"datePublished\":\"2021-09-20T14:00:52+00:00\",\"dateModified\":\"2021-09-30T09:27:24+00:00\",\"breadcrumb\":{\"@id\":\"https:\/\/newskyvn.com\/product\/type-8041\/#breadcrumb\"},\"inLanguage\":\"en-US\",\"potentialAction\":[{\"@type\":\"ReadAction\",\"target\":[\"https:\/\/newskyvn.com\/product\/type-8041\/\"]}]},{\"@type\":\"BreadcrumbList\",\"@id\":\"https:\/\/newskyvn.com\/product\/type-8041\/#breadcrumb\",\"itemListElement\":[{\"@type\":\"ListItem\",\"position\":1,\"name\":\"Product\",\"item\":\"https:\/\/newskyvn.com\/en\/san-pham\/\"},{\"@type\":\"ListItem\",\"position\":2,\"name\":\"Type 8041\"}]}]}<\/script>\n<!-- \/ Yoast SEO plugin. -->","_links":{"self":[{"href":"https:\/\/newskyvn.com\/en\/wp-json\/wp\/v2\/product\/1707"}],"collection":[{"href":"https:\/\/newskyvn.com\/en\/wp-json\/wp\/v2\/product"}],"about":[{"href":"https:\/\/newskyvn.com\/en\/wp-json\/wp\/v2\/types\/product"}],"replies":[{"embeddable":true,"href":"https:\/\/newskyvn.com\/en\/wp-json\/wp\/v2\/comments?post=1707"}],"wp:featuredmedia":[{"embeddable":true,"href":"https:\/\/newskyvn.com\/en\/wp-json\/wp\/v2\/media\/1709"}],"wp:attachment":[{"href":"https:\/\/newskyvn.com\/en\/wp-json\/wp\/v2\/media?parent=1707"}],"wp:term":[{"taxonomy":"product_cat","embeddable":true,"href":"https:\/\/newskyvn.com\/en\/wp-json\/wp\/v2\/product_cat?post=1707"},{"taxonomy":"product_tag","embeddable":true,"href":"https:\/\/newskyvn.com\/en\/wp-json\/wp\/v2\/product_tag?post=1707"}],"curies":[{"name":"wp","href":"https:\/\/api.w.org\/{rel}","templated":true}]}}