{"id":1701,"date":"2021-09-20T13:40:53","date_gmt":"2021-09-20T13:40:53","guid":{"rendered":"https:\/\/newskyvn.com\/?post_type=product&#038;p=1701"},"modified":"2021-10-03T10:28:38","modified_gmt":"2021-10-03T10:28:38","slug":"type-2034","status":"publish","type":"product","link":"https:\/\/newskyvn.com\/en\/product\/type-2034\/","title":{"rendered":"Type 2034"},"content":{"rendered":"","protected":false},"excerpt":{"rendered":"<p><strong>Type 2034 &#8211; Multifunction block and weld solution<\/strong><\/p>\n<ul>\n<li>Minimum deadleg<\/li>\n<li>Hermetical separation of fluids from the operating mechanism by diaphragm<\/li>\n<li>Easy integration of automation units with ELEMENT<\/li>\n<li>Variable block and weld bodies<\/li>\n<li>Quality certifications FDA\/3A<\/li>\n<\/ul>\n<div class=\"m-share-button-wrapper margin-20-0-10-0\" data-js-module=\"m-share-button\" data-js-module-initialized=\"true\">\n<p class=\"m-share-button\">\n<\/div>\n","protected":false},"featured_media":1703,"comment_status":"open","ping_status":"closed","template":"","meta":[],"product_cat":[107,108,111],"product_tag":[],"yoast_head":"<!-- This site is optimized with the Yoast SEO plugin v16.6.1 - https:\/\/yoast.com\/wordpress\/plugins\/seo\/ -->\n<title>Type 2034 - NEW SKY CO.,LTD<\/title>\n<meta name=\"robots\" content=\"index, follow, max-snippet:-1, max-image-preview:large, max-video-preview:-1\" \/>\n<link rel=\"canonical\" href=\"https:\/\/newskyvn.com\/product\/type-2034\/\" \/>\n<meta property=\"og:locale\" content=\"en_US\" \/>\n<meta property=\"og:type\" content=\"article\" \/>\n<meta property=\"og:title\" content=\"Type 2034 - NEW SKY CO.,LTD\" \/>\n<meta property=\"og:description\" content=\"[:vi]Ki\u1ec3u 2034 - Kh\u1ed1i \u0111a ch\u1ee9c n\u0103ng v\u00e0 gi\u1ea3i ph\u00e1p h\u00e0n   H\u1ea1n ch\u1ebf t\u1ed1i thi\u1ec3u  T\u00e1ch ch\u1ea5t l\u1ecfng ra kh\u1ecfi c\u01a1 ch\u1ebf v\u1eadn h\u00e0nh b\u1eb1ng m\u00e0ng ng\u0103n c\u00e1ch ly  T\u00edch h\u1ee3p d\u1ec5 d\u00e0ng c\u00e1c \u0111\u01a1n v\u1ecb t\u1ef1 \u0111\u1ed9ng h\u00f3a v\u1edbi ELEMENT  Kh\u1ed1i bi\u1ebfn \u0111\u1ed5i v\u00e0 c\u01a1 th\u1ec3 h\u00e0n  Ch\u1ee9ng nh\u1eadn ch\u1ea5t l\u01b0\u1ee3ng FDA \/ 3A [:en]Type 2034 - Multifunction block and weld solution   Minimum deadleg  Hermetical separation of fluids from the operating mechanism by diaphragm  Easy integration of automation units with ELEMENT  Variable block and weld bodies  Quality certifications FDA\/3A     [:]\" \/>\n<meta property=\"og:url\" content=\"https:\/\/newskyvn.com\/product\/type-2034\/\" \/>\n<meta property=\"og:site_name\" content=\"NEW SKY CO.,LTD\" \/>\n<meta property=\"article:modified_time\" content=\"2021-10-03T10:28:38+00:00\" \/>\n<meta property=\"og:image\" content=\"https:\/\/newskyvn.com\/wp-content\/uploads\/2021\/09\/2034.jpg\" \/>\n\t<meta property=\"og:image:width\" content=\"500\" \/>\n\t<meta property=\"og:image:height\" content=\"500\" \/>\n<meta name=\"twitter:card\" content=\"summary_large_image\" \/>\n<script type=\"application\/ld+json\" class=\"yoast-schema-graph\">{\"@context\":\"https:\/\/schema.org\",\"@graph\":[{\"@type\":\"WebSite\",\"@id\":\"https:\/\/newskyvn.com\/#website\",\"url\":\"https:\/\/newskyvn.com\/\",\"name\":\"NEW SKY CO.,LTD\",\"description\":\"C\\u00f4ng Ty TNHH S\\u1ea3n Xu\\u1ea5t Th\\u01b0\\u01a1ng M\\u1ea1i D\\u1ecbch V\\u1ee5 T\\u00e2n Thi\\u00ean\",\"potentialAction\":[{\"@type\":\"SearchAction\",\"target\":{\"@type\":\"EntryPoint\",\"urlTemplate\":\"https:\/\/newskyvn.com\/?s={search_term_string}\"},\"query-input\":\"required name=search_term_string\"}],\"inLanguage\":\"en-US\"},{\"@type\":\"ImageObject\",\"@id\":\"https:\/\/newskyvn.com\/product\/type-2034\/#primaryimage\",\"inLanguage\":\"en-US\",\"url\":\"https:\/\/newskyvn.com\/wp-content\/uploads\/2021\/09\/2034.jpg\",\"contentUrl\":\"https:\/\/newskyvn.com\/wp-content\/uploads\/2021\/09\/2034.jpg\",\"width\":500,\"height\":500},{\"@type\":\"WebPage\",\"@id\":\"https:\/\/newskyvn.com\/product\/type-2034\/#webpage\",\"url\":\"https:\/\/newskyvn.com\/product\/type-2034\/\",\"name\":\"Type 2034 - NEW SKY CO.,LTD\",\"isPartOf\":{\"@id\":\"https:\/\/newskyvn.com\/#website\"},\"primaryImageOfPage\":{\"@id\":\"https:\/\/newskyvn.com\/product\/type-2034\/#primaryimage\"},\"datePublished\":\"2021-09-20T13:40:53+00:00\",\"dateModified\":\"2021-10-03T10:28:38+00:00\",\"breadcrumb\":{\"@id\":\"https:\/\/newskyvn.com\/product\/type-2034\/#breadcrumb\"},\"inLanguage\":\"en-US\",\"potentialAction\":[{\"@type\":\"ReadAction\",\"target\":[\"https:\/\/newskyvn.com\/product\/type-2034\/\"]}]},{\"@type\":\"BreadcrumbList\",\"@id\":\"https:\/\/newskyvn.com\/product\/type-2034\/#breadcrumb\",\"itemListElement\":[{\"@type\":\"ListItem\",\"position\":1,\"name\":\"Product\",\"item\":\"https:\/\/newskyvn.com\/en\/san-pham\/\"},{\"@type\":\"ListItem\",\"position\":2,\"name\":\"Type 2034\"}]}]}<\/script>\n<!-- \/ Yoast SEO plugin. -->","_links":{"self":[{"href":"https:\/\/newskyvn.com\/en\/wp-json\/wp\/v2\/product\/1701"}],"collection":[{"href":"https:\/\/newskyvn.com\/en\/wp-json\/wp\/v2\/product"}],"about":[{"href":"https:\/\/newskyvn.com\/en\/wp-json\/wp\/v2\/types\/product"}],"replies":[{"embeddable":true,"href":"https:\/\/newskyvn.com\/en\/wp-json\/wp\/v2\/comments?post=1701"}],"wp:featuredmedia":[{"embeddable":true,"href":"https:\/\/newskyvn.com\/en\/wp-json\/wp\/v2\/media\/1703"}],"wp:attachment":[{"href":"https:\/\/newskyvn.com\/en\/wp-json\/wp\/v2\/media?parent=1701"}],"wp:term":[{"taxonomy":"product_cat","embeddable":true,"href":"https:\/\/newskyvn.com\/en\/wp-json\/wp\/v2\/product_cat?post=1701"},{"taxonomy":"product_tag","embeddable":true,"href":"https:\/\/newskyvn.com\/en\/wp-json\/wp\/v2\/product_tag?post=1701"}],"curies":[{"name":"wp","href":"https:\/\/api.w.org\/{rel}","templated":true}]}}