{"id":1695,"date":"2021-09-20T10:39:15","date_gmt":"2021-09-20T10:39:15","guid":{"rendered":"https:\/\/newskyvn.com\/?post_type=product&#038;p=1695"},"modified":"2021-10-03T10:27:39","modified_gmt":"2021-10-03T10:27:39","slug":"type-2104","status":"publish","type":"product","link":"https:\/\/newskyvn.com\/en\/product\/type-2104\/","title":{"rendered":"Type 2104"},"content":{"rendered":"","protected":false},"excerpt":{"rendered":"<p><strong>Type 2104 &#8211; T-diaphragm valve with pneumatic actuator in stainless steel (Type ELEMENT) for decentralised automation<\/strong><\/p>\n<p>The externally controlled diaphragm valve Type 2104 consists of a pneumatically operated piston actuator, a diaphragm and a T-valve body. The proven and robust actuator with stainless steel housing ensures use in hygienic or aggressive ambient conditions. The flow-efficient valve bodies with little dead space enable high flow rates and a wide range of possible uses. The valve body and the diaphragm are available in all common materials and variants. The actuator has a compact, autoclavable design with a large stainless steel housing and gap-free seals. The integration of automation units Type ELEMENT is possible in all configuration levels (can be retrofitted); a fieldbus interface can also be integrated. An explosion-proof ATEX \/ IECEx device variant is available. It is a compact, smooth-surfaced and highly integrated system consisting of a valve and an automation unit with integrated pilot air ducts (no intake of ambient air). The add-on body is optionally available in plastic or stainless steel (can be rotated 360\u00b0). The valve offers the degrees of protection IP65\/67 and NEMA Type 4X and displays high chemical resistance.<\/p>\n<div class=\"copy\">\n<ul>\n<li>Valve body and diaphragm are available in various materials and variants<\/li>\n<li>Product wetted surfaces in Ra \u2264 0.38 \u00b5m&#8230;1.6 \u00b5m (optionally electropolished)<\/li>\n<li>Available in all common connection sizes and variants<\/li>\n<\/ul>\n<\/div>\n","protected":false},"featured_media":1697,"comment_status":"open","ping_status":"closed","template":"","meta":[],"product_cat":[107,108,111],"product_tag":[],"yoast_head":"<!-- This site is optimized with the Yoast SEO plugin v16.6.1 - https:\/\/yoast.com\/wordpress\/plugins\/seo\/ -->\n<title>Type 2104 - NEW SKY CO.,LTD<\/title>\n<meta name=\"robots\" content=\"index, follow, max-snippet:-1, max-image-preview:large, max-video-preview:-1\" \/>\n<link rel=\"canonical\" href=\"https:\/\/newskyvn.com\/product\/type-2104\/\" \/>\n<meta property=\"og:locale\" content=\"en_US\" \/>\n<meta property=\"og:type\" content=\"article\" \/>\n<meta property=\"og:title\" content=\"Type 2104 - NEW SKY CO.,LTD\" \/>\n<meta property=\"og:description\" content=\"[:vi]Lo\u1ea1i 2104 - Van m\u00e0ng ch\u1eef T v\u1edbi b\u1ed9 truy\u1ec1n \u0111\u1ed9ng kh\u00ed n\u00e9n b\u1eb1ng th\u00e9p kh\u00f4ng g\u1ec9 (Lo\u1ea1i C\u01a0 B\u1ea2N) \u0111\u1ec3 t\u1ef1 \u0111\u1ed9ng h\u00f3a phi t\u1eadp trung  Van m\u00e0ng \u0111i\u1ec1u khi\u1ec3n b\u00ean ngo\u00e0i Ki\u1ec3u 2104 bao g\u1ed3m m\u1ed9t b\u1ed9 truy\u1ec1n \u0111\u1ed9ng piston ho\u1ea1t \u0111\u1ed9ng b\u1eb1ng kh\u00ed n\u00e9n, m\u1ed9t m\u00e0ng ng\u0103n v\u00e0 m\u1ed9t th\u00e2n van ch\u1eef T.\u00a0Thi\u1ebft b\u1ecb truy\u1ec1n \u0111\u1ed9ng m\u1ea1nh m\u1ebd v\u00e0 \u0111\u00e3 \u0111\u01b0\u1ee3c ki\u1ec3m ch\u1ee9ng v\u1edbi v\u1ecf th\u00e9p kh\u00f4ng g\u1ec9 \u0111\u1ea3m b\u1ea3o s\u1eed d\u1ee5ng trong c\u00e1c \u0111i\u1ec1u ki\u1ec7n m\u00f4i tr\u01b0\u1eddng xung quanh h\u1ee3p v\u1ec7 sinh ho\u1eb7c kh\u1eafc nghi\u1ec7t.\u00a0C\u00e1c th\u00e2n van ti\u1ebft ki\u1ec7m d\u00f2ng ch\u1ea3y v\u1edbi \u00edt kh\u00f4ng gian ch\u1ebft cho ph\u00e9p t\u1ed1c \u0111\u1ed9 d\u00f2ng ch\u1ea3y cao v\u00e0 nhi\u1ec1u m\u1ee5c \u0111\u00edch s\u1eed d\u1ee5ng c\u00f3 th\u1ec3.\u00a0Th\u00e2n van v\u00e0 m\u00e0ng ng\u0103n c\u00f3 s\u1eb5n trong t\u1ea5t c\u1ea3 c\u00e1c v\u1eadt li\u1ec7u v\u00e0 bi\u1ebfn th\u1ec3 th\u00f4ng th\u01b0\u1eddng.\u00a0Thi\u1ebft b\u1ecb truy\u1ec1n \u0111\u1ed9ng c\u00f3 thi\u1ebft k\u1ebf nh\u1ecf g\u1ecdn, c\u00f3 th\u1ec3 kh\u1eed tr\u00f9ng v\u1edbi v\u1ecf th\u00e9p kh\u00f4ng g\u1ec9 l\u1edbn v\u00e0 c\u00e1c con d\u1ea5u kh\u00f4ng c\u00f3 khe h\u1edf.\u00a0C\u00f3 th\u1ec3 t\u00edch h\u1ee3p c\u00e1c \u0111\u01a1n v\u1ecb t\u1ef1 \u0111\u1ed9ng h\u00f3a Lo\u1ea1i ELEMENT \u1edf t\u1ea5t c\u1ea3 c\u00e1c m\u1ee9c c\u1ea5u h\u00ecnh (c\u00f3 th\u1ec3 \u0111\u01b0\u1ee3c trang b\u1ecb th\u00eam);\u00a0m\u1ed9t giao di\u1ec7n fieldbus c\u0169ng c\u00f3 th\u1ec3 \u0111\u01b0\u1ee3c t\u00edch h\u1ee3p.\u00a0C\u00f3 s\u1eb5n bi\u1ebfn th\u1ec3 thi\u1ebft b\u1ecb ATEX \/ IECEx ch\u1ed1ng ch\u00e1y n\u1ed5.\u00a0N\u00f3 l\u00e0 m\u1ed9t nh\u1ecf g\u1ecdn,\u00a0b\u1ec1 m\u1eb7t nh\u1eb5n v\u00e0 h\u1ec7 th\u1ed1ng t\u00edch h\u1ee3p cao bao g\u1ed3m m\u1ed9t van v\u00e0 m\u1ed9t b\u1ed9 ph\u1eadn t\u1ef1 \u0111\u1ed9ng h\u00f3a v\u1edbi c\u00e1c \u1ed1ng d\u1eabn kh\u00ed th\u00ed \u0111i\u1ec3m t\u00edch h\u1ee3p (kh\u00f4ng h\u00fat kh\u00f4ng kh\u00ed xung quanh).\u00a0Ph\u1ea7n th\u00e2n ph\u1ee5 ki\u1ec7n c\u00f3 th\u1ec3 t\u00f9y ch\u1ecdn b\u1eb1ng nh\u1ef1a ho\u1eb7c th\u00e9p kh\u00f4ng g\u1ec9 (c\u00f3 th\u1ec3 xoay 360 \u00b0).\u00a0Van cung c\u1ea5p c\u1ea5p \u0111\u1ed9 b\u1ea3o v\u1ec7 IP65 \/ 67 v\u00e0 NEMA Lo\u1ea1i 4X v\u00e0 hi\u1ec3n th\u1ecb kh\u1ea3 n\u0103ng ch\u1ed1ng h\u00f3a ch\u1ea5t cao.    Th\u00e2n van v\u00e0 m\u00e0ng ng\u0103n c\u00f3 nhi\u1ec1u lo\u1ea1i v\u1eadt li\u1ec7u v\u00e0 bi\u1ebfn th\u1ec3 kh\u00e1c nhau  S\u1ea3n ph\u1ea9m \u0111\u01b0\u1ee3c l\u00e0m \u01b0\u1edbt b\u1ec1 m\u1eb7t trong Ra \u2264 0,38 \u00b5m ... 1,6 \u00b5m (t\u00f9y ch\u1ecdn \u0111\u01b0\u1ee3c s\u01a1n \u0111i\u1ec7n)  C\u00f3 s\u1eb5n \u1edf t\u1ea5t c\u1ea3 c\u00e1c k\u00edch th\u01b0\u1edbc v\u00e0 bi\u1ebfn th\u1ec3 k\u1ebft n\u1ed1i ph\u1ed5 bi\u1ebfn  [:en]Type 2104 - T-diaphragm valve with pneumatic actuator in stainless steel (Type ELEMENT) for decentralised automation  The externally controlled diaphragm valve Type 2104 consists of a pneumatically operated piston actuator, a diaphragm and a T-valve body. The proven and robust actuator with stainless steel housing ensures use in hygienic or aggressive ambient conditions. The flow-efficient valve bodies with little dead space enable high flow rates and a wide range of possible uses. The valve body and the diaphragm are available in all common materials and variants. The actuator has a compact, autoclavable design with a large stainless steel housing and gap-free seals. The integration of automation units Type ELEMENT is possible in all configuration levels (can be retrofitted); a fieldbus interface can also be integrated. An explosion-proof ATEX \/ IECEx device variant is available. It is a compact, smooth-surfaced and highly integrated system consisting of a valve and an automation unit with integrated pilot air ducts (no intake of ambient air). The add-on body is optionally available in plastic or stainless steel (can be rotated 360\u00b0). The valve offers the degrees of protection IP65\/67 and NEMA Type 4X and displays high chemical resistance.    Valve body and diaphragm are available in various materials and variants  Product wetted surfaces in Ra \u2264 0.38 \u00b5m...1.6 \u00b5m (optionally electropolished)  Available in all common connection sizes and variants  [:]\" \/>\n<meta property=\"og:url\" content=\"https:\/\/newskyvn.com\/product\/type-2104\/\" \/>\n<meta property=\"og:site_name\" content=\"NEW SKY CO.,LTD\" \/>\n<meta property=\"article:modified_time\" content=\"2021-10-03T10:27:39+00:00\" \/>\n<meta property=\"og:image\" content=\"https:\/\/newskyvn.com\/wp-content\/uploads\/2021\/09\/2104.jpg\" \/>\n\t<meta property=\"og:image:width\" content=\"500\" \/>\n\t<meta property=\"og:image:height\" content=\"500\" \/>\n<meta name=\"twitter:card\" content=\"summary_large_image\" \/>\n<script type=\"application\/ld+json\" class=\"yoast-schema-graph\">{\"@context\":\"https:\/\/schema.org\",\"@graph\":[{\"@type\":\"WebSite\",\"@id\":\"https:\/\/newskyvn.com\/#website\",\"url\":\"https:\/\/newskyvn.com\/\",\"name\":\"NEW SKY CO.,LTD\",\"description\":\"C\\u00f4ng Ty TNHH S\\u1ea3n Xu\\u1ea5t Th\\u01b0\\u01a1ng M\\u1ea1i D\\u1ecbch V\\u1ee5 T\\u00e2n Thi\\u00ean\",\"potentialAction\":[{\"@type\":\"SearchAction\",\"target\":{\"@type\":\"EntryPoint\",\"urlTemplate\":\"https:\/\/newskyvn.com\/?s={search_term_string}\"},\"query-input\":\"required name=search_term_string\"}],\"inLanguage\":\"en-US\"},{\"@type\":\"ImageObject\",\"@id\":\"https:\/\/newskyvn.com\/product\/type-2104\/#primaryimage\",\"inLanguage\":\"en-US\",\"url\":\"https:\/\/newskyvn.com\/wp-content\/uploads\/2021\/09\/2104.jpg\",\"contentUrl\":\"https:\/\/newskyvn.com\/wp-content\/uploads\/2021\/09\/2104.jpg\",\"width\":500,\"height\":500},{\"@type\":\"WebPage\",\"@id\":\"https:\/\/newskyvn.com\/product\/type-2104\/#webpage\",\"url\":\"https:\/\/newskyvn.com\/product\/type-2104\/\",\"name\":\"Type 2104 - NEW SKY CO.,LTD\",\"isPartOf\":{\"@id\":\"https:\/\/newskyvn.com\/#website\"},\"primaryImageOfPage\":{\"@id\":\"https:\/\/newskyvn.com\/product\/type-2104\/#primaryimage\"},\"datePublished\":\"2021-09-20T10:39:15+00:00\",\"dateModified\":\"2021-10-03T10:27:39+00:00\",\"breadcrumb\":{\"@id\":\"https:\/\/newskyvn.com\/product\/type-2104\/#breadcrumb\"},\"inLanguage\":\"en-US\",\"potentialAction\":[{\"@type\":\"ReadAction\",\"target\":[\"https:\/\/newskyvn.com\/product\/type-2104\/\"]}]},{\"@type\":\"BreadcrumbList\",\"@id\":\"https:\/\/newskyvn.com\/product\/type-2104\/#breadcrumb\",\"itemListElement\":[{\"@type\":\"ListItem\",\"position\":1,\"name\":\"Product\",\"item\":\"https:\/\/newskyvn.com\/en\/san-pham\/\"},{\"@type\":\"ListItem\",\"position\":2,\"name\":\"Type 2104\"}]}]}<\/script>\n<!-- \/ Yoast SEO plugin. -->","_links":{"self":[{"href":"https:\/\/newskyvn.com\/en\/wp-json\/wp\/v2\/product\/1695"}],"collection":[{"href":"https:\/\/newskyvn.com\/en\/wp-json\/wp\/v2\/product"}],"about":[{"href":"https:\/\/newskyvn.com\/en\/wp-json\/wp\/v2\/types\/product"}],"replies":[{"embeddable":true,"href":"https:\/\/newskyvn.com\/en\/wp-json\/wp\/v2\/comments?post=1695"}],"wp:featuredmedia":[{"embeddable":true,"href":"https:\/\/newskyvn.com\/en\/wp-json\/wp\/v2\/media\/1697"}],"wp:attachment":[{"href":"https:\/\/newskyvn.com\/en\/wp-json\/wp\/v2\/media?parent=1695"}],"wp:term":[{"taxonomy":"product_cat","embeddable":true,"href":"https:\/\/newskyvn.com\/en\/wp-json\/wp\/v2\/product_cat?post=1695"},{"taxonomy":"product_tag","embeddable":true,"href":"https:\/\/newskyvn.com\/en\/wp-json\/wp\/v2\/product_tag?post=1695"}],"curies":[{"name":"wp","href":"https:\/\/api.w.org\/{rel}","templated":true}]}}