{"id":1689,"date":"2021-09-20T10:25:24","date_gmt":"2021-09-20T10:25:24","guid":{"rendered":"https:\/\/newskyvn.com\/?post_type=product&#038;p=1689"},"modified":"2021-09-20T10:25:24","modified_gmt":"2021-09-20T10:25:24","slug":"type-2063","status":"publish","type":"product","link":"https:\/\/newskyvn.com\/en\/product\/type-2063\/","title":{"rendered":"Type 2063"},"content":{"rendered":"","protected":false},"excerpt":{"rendered":"<p><strong>Type 2063 &#8211; 2\/2 way diaphragm valve with pneumatic actuator in stainless steel (Type INOX)<\/strong><\/p>\n<p>The externally controlled diaphragm valve, Type 2063, consists of a pneumatically operated stainless steel piston actuator, a diaphragm and a 2 way valve housing. The proven and robust actuator with stainless steel housing ensures use under hygienic or aggressive environmental conditions. The flow-efficient valve housing with little dead space enables high flow rates and a wide range of possible uses. The valve housing and the diaphragm are available in all common materials and designs. The actuator has a compact, autoclavable design with a large stainless steel housing, high temperature resistance and gap-free seals. The integration of automation units 8697 is possible in all expansion stages (can be retrofitted). The actuator is provided with an integrated, optical position indicator as standard.<\/p>\n<div class=\"copy\">\n<ul>\n<li>Valve housing and diaphragm available in various materials and designs<\/li>\n<li>Surfaces in contact with the product from Ra \u2264 0.38 \u00b5m&#8230;1.6 \u00b5m (optionally electropolished)<\/li>\n<li>Available in all common connection sizes and variants<\/li>\n<\/ul>\n<\/div>\n<div class=\"m-share-button-wrapper margin-20-0-10-0\" data-js-module=\"m-share-button\" data-js-module-initialized=\"true\">\n<div class=\"m-share-button\"><\/div>\n<\/div>\n","protected":false},"featured_media":1691,"comment_status":"open","ping_status":"closed","template":"","meta":[],"product_cat":[107,108],"product_tag":[],"yoast_head":"<!-- This site is optimized with the Yoast SEO plugin v16.6.1 - https:\/\/yoast.com\/wordpress\/plugins\/seo\/ -->\n<title>Type 2063 - NEW SKY CO.,LTD<\/title>\n<meta name=\"robots\" content=\"index, follow, max-snippet:-1, max-image-preview:large, max-video-preview:-1\" \/>\n<link rel=\"canonical\" href=\"https:\/\/newskyvn.com\/product\/type-2063\/\" \/>\n<meta property=\"og:locale\" content=\"en_US\" \/>\n<meta property=\"og:type\" content=\"article\" \/>\n<meta property=\"og:title\" content=\"Type 2063 - NEW SKY CO.,LTD\" \/>\n<meta property=\"og:description\" content=\"[:vi]Ki\u1ec3u 2063 - Van m\u00e0ng 2\/2 ng\u00f5 v\u1edbi b\u1ed9 truy\u1ec1n \u0111\u1ed9ng kh\u00ed n\u00e9n b\u1eb1ng th\u00e9p kh\u00f4ng g\u1ec9 (Lo\u1ea1i INOX)  Van m\u00e0ng \u0111\u01b0\u1ee3c \u0111i\u1ec1u khi\u1ec3n b\u00ean ngo\u00e0i, Ki\u1ec3u 2063, bao g\u1ed3m b\u1ed9 truy\u1ec1n \u0111\u1ed9ng piston b\u1eb1ng th\u00e9p kh\u00f4ng g\u1ec9 ho\u1ea1t \u0111\u1ed9ng b\u1eb1ng kh\u00ed n\u00e9n, m\u00e0ng ng\u0103n v\u00e0 v\u1ecf van 2 chi\u1ec1u.\u00a0Thi\u1ebft b\u1ecb truy\u1ec1n \u0111\u1ed9ng m\u1ea1nh m\u1ebd v\u00e0 \u0111\u00e3 \u0111\u01b0\u1ee3c ki\u1ec3m ch\u1ee9ng v\u1edbi v\u1ecf th\u00e9p kh\u00f4ng g\u1ec9 \u0111\u1ea3m b\u1ea3o s\u1eed d\u1ee5ng trong c\u00e1c \u0111i\u1ec1u ki\u1ec7n m\u00f4i tr\u01b0\u1eddng h\u1ee3p v\u1ec7 sinh ho\u1eb7c kh\u1eafc nghi\u1ec7t.\u00a0V\u1ecf van ti\u1ebft ki\u1ec7m d\u00f2ng ch\u1ea3y v\u1edbi \u00edt kh\u00f4ng gian ch\u1ebft cho ph\u00e9p t\u1ed1c \u0111\u1ed9 d\u00f2ng ch\u1ea3y cao v\u00e0 nhi\u1ec1u m\u1ee5c \u0111\u00edch s\u1eed d\u1ee5ng c\u00f3 th\u1ec3.\u00a0V\u1ecf van v\u00e0 m\u00e0ng ng\u0103n c\u00f3 s\u1eb5n trong t\u1ea5t c\u1ea3 c\u00e1c v\u1eadt li\u1ec7u v\u00e0 thi\u1ebft k\u1ebf th\u00f4ng th\u01b0\u1eddng.\u00a0Thi\u1ebft b\u1ecb truy\u1ec1n \u0111\u1ed9ng c\u00f3 thi\u1ebft k\u1ebf nh\u1ecf g\u1ecdn, c\u00f3 th\u1ec3 ti\u1ec7t tr\u00f9ng v\u1edbi v\u1ecf th\u00e9p kh\u00f4ng g\u1ec9 l\u1edbn, ch\u1ecbu \u0111\u01b0\u1ee3c nhi\u1ec7t \u0111\u1ed9 cao v\u00e0 c\u00e1c con d\u1ea5u kh\u00f4ng c\u00f3 khe h\u1edf.\u00a0Vi\u1ec7c t\u00edch h\u1ee3p c\u00e1c \u0111\u01a1n v\u1ecb t\u1ef1 \u0111\u1ed9ng h\u00f3a 8697 c\u00f3 th\u1ec3 th\u1ef1c hi\u1ec7n \u0111\u01b0\u1ee3c trong t\u1ea5t c\u1ea3 c\u00e1c giai \u0111o\u1ea1n m\u1edf r\u1ed9ng (c\u00f3 th\u1ec3 \u0111\u01b0\u1ee3c trang b\u1ecb th\u00eam).\u00a0B\u1ed9 truy\u1ec1n \u0111\u1ed9ng \u0111\u01b0\u1ee3c cung c\u1ea5p m\u1ed9t ch\u1ec9 b\u00e1o v\u1ecb tr\u00ed quang h\u1ecdc t\u00edch h\u1ee3p theo ti\u00eau chu\u1ea9n.    V\u1ecf van v\u00e0 m\u00e0ng ng\u0103n c\u00f3 s\u1eb5n trong nhi\u1ec1u v\u1eadt li\u1ec7u v\u00e0 thi\u1ebft k\u1ebf kh\u00e1c nhau  B\u1ec1 m\u1eb7t ti\u1ebfp x\u00fac v\u1edbi s\u1ea3n ph\u1ea9m t\u1eeb Ra \u2264 0,38 \u00b5m ... 1,6 \u00b5m (t\u00f9y ch\u1ecdn \u0111\u01b0\u1ee3c s\u01a1n \u0111i\u1ec7n)  C\u00f3 s\u1eb5n \u1edf t\u1ea5t c\u1ea3 c\u00e1c k\u00edch th\u01b0\u1edbc v\u00e0 bi\u1ebfn th\u1ec3 k\u1ebft n\u1ed1i ph\u1ed5 bi\u1ebfn  [:en]Type 2063 - 2\/2 way diaphragm valve with pneumatic actuator in stainless steel (Type INOX)  The externally controlled diaphragm valve, Type 2063, consists of a pneumatically operated stainless steel piston actuator, a diaphragm and a 2 way valve housing. The proven and robust actuator with stainless steel housing ensures use under hygienic or aggressive environmental conditions. The flow-efficient valve housing with little dead space enables high flow rates and a wide range of possible uses. The valve housing and the diaphragm are available in all common materials and designs. The actuator has a compact, autoclavable design with a large stainless steel housing, high temperature resistance and gap-free seals. The integration of automation units 8697 is possible in all expansion stages (can be retrofitted). The actuator is provided with an integrated, optical position indicator as standard.    Valve housing and diaphragm available in various materials and designs  Surfaces in contact with the product from Ra \u2264 0.38 \u00b5m...1.6 \u00b5m (optionally electropolished)  Available in all common connection sizes and variants     [:]\" \/>\n<meta property=\"og:url\" content=\"https:\/\/newskyvn.com\/product\/type-2063\/\" \/>\n<meta property=\"og:site_name\" content=\"NEW SKY CO.,LTD\" \/>\n<meta property=\"og:image\" content=\"https:\/\/newskyvn.com\/wp-content\/uploads\/2021\/09\/2063.jpg\" \/>\n\t<meta property=\"og:image:width\" content=\"500\" \/>\n\t<meta property=\"og:image:height\" content=\"500\" \/>\n<meta name=\"twitter:card\" content=\"summary_large_image\" \/>\n<script type=\"application\/ld+json\" class=\"yoast-schema-graph\">{\"@context\":\"https:\/\/schema.org\",\"@graph\":[{\"@type\":\"WebSite\",\"@id\":\"https:\/\/newskyvn.com\/#website\",\"url\":\"https:\/\/newskyvn.com\/\",\"name\":\"NEW SKY CO.,LTD\",\"description\":\"C\\u00f4ng Ty TNHH S\\u1ea3n Xu\\u1ea5t Th\\u01b0\\u01a1ng M\\u1ea1i D\\u1ecbch V\\u1ee5 T\\u00e2n Thi\\u00ean\",\"potentialAction\":[{\"@type\":\"SearchAction\",\"target\":{\"@type\":\"EntryPoint\",\"urlTemplate\":\"https:\/\/newskyvn.com\/?s={search_term_string}\"},\"query-input\":\"required name=search_term_string\"}],\"inLanguage\":\"en-US\"},{\"@type\":\"ImageObject\",\"@id\":\"https:\/\/newskyvn.com\/product\/type-2063\/#primaryimage\",\"inLanguage\":\"en-US\",\"url\":\"https:\/\/newskyvn.com\/wp-content\/uploads\/2021\/09\/2063.jpg\",\"contentUrl\":\"https:\/\/newskyvn.com\/wp-content\/uploads\/2021\/09\/2063.jpg\",\"width\":500,\"height\":500},{\"@type\":\"WebPage\",\"@id\":\"https:\/\/newskyvn.com\/product\/type-2063\/#webpage\",\"url\":\"https:\/\/newskyvn.com\/product\/type-2063\/\",\"name\":\"Type 2063 - NEW SKY CO.,LTD\",\"isPartOf\":{\"@id\":\"https:\/\/newskyvn.com\/#website\"},\"primaryImageOfPage\":{\"@id\":\"https:\/\/newskyvn.com\/product\/type-2063\/#primaryimage\"},\"datePublished\":\"2021-09-20T10:25:24+00:00\",\"dateModified\":\"2021-09-20T10:25:24+00:00\",\"breadcrumb\":{\"@id\":\"https:\/\/newskyvn.com\/product\/type-2063\/#breadcrumb\"},\"inLanguage\":\"en-US\",\"potentialAction\":[{\"@type\":\"ReadAction\",\"target\":[\"https:\/\/newskyvn.com\/product\/type-2063\/\"]}]},{\"@type\":\"BreadcrumbList\",\"@id\":\"https:\/\/newskyvn.com\/product\/type-2063\/#breadcrumb\",\"itemListElement\":[{\"@type\":\"ListItem\",\"position\":1,\"name\":\"Product\",\"item\":\"https:\/\/newskyvn.com\/en\/san-pham\/\"},{\"@type\":\"ListItem\",\"position\":2,\"name\":\"Type 2063\"}]}]}<\/script>\n<!-- \/ Yoast SEO plugin. -->","_links":{"self":[{"href":"https:\/\/newskyvn.com\/en\/wp-json\/wp\/v2\/product\/1689"}],"collection":[{"href":"https:\/\/newskyvn.com\/en\/wp-json\/wp\/v2\/product"}],"about":[{"href":"https:\/\/newskyvn.com\/en\/wp-json\/wp\/v2\/types\/product"}],"replies":[{"embeddable":true,"href":"https:\/\/newskyvn.com\/en\/wp-json\/wp\/v2\/comments?post=1689"}],"wp:featuredmedia":[{"embeddable":true,"href":"https:\/\/newskyvn.com\/en\/wp-json\/wp\/v2\/media\/1691"}],"wp:attachment":[{"href":"https:\/\/newskyvn.com\/en\/wp-json\/wp\/v2\/media?parent=1689"}],"wp:term":[{"taxonomy":"product_cat","embeddable":true,"href":"https:\/\/newskyvn.com\/en\/wp-json\/wp\/v2\/product_cat?post=1689"},{"taxonomy":"product_tag","embeddable":true,"href":"https:\/\/newskyvn.com\/en\/wp-json\/wp\/v2\/product_tag?post=1689"}],"curies":[{"name":"wp","href":"https:\/\/api.w.org\/{rel}","templated":true}]}}