{"id":1683,"date":"2021-09-20T10:12:20","date_gmt":"2021-09-20T10:12:20","guid":{"rendered":"https:\/\/newskyvn.com\/?post_type=product&#038;p=1683"},"modified":"2021-09-20T10:12:21","modified_gmt":"2021-09-20T10:12:21","slug":"type-2000","status":"publish","type":"product","link":"https:\/\/newskyvn.com\/en\/product\/type-2000\/","title":{"rendered":"Type 2000"},"content":{"rendered":"","protected":false},"excerpt":{"rendered":"<p><strong>Type 2000 &#8211; Pneumatically operated 2\/2 way angle seat valve CLASSIC<\/strong><\/p>\n<p>The externally piloted angle seat valve is operated with a single or double\u2013acting piston actuator. The actuator is available in two different materials, depending on the ambient temperature. High flow rates are attained with the virtually straight flow path. The reliable self\u2013adjusting packing gland provides high sealing integrity. These maintenance-free and robust valves can be retrofitted with a comprehensive range of accessories for position indication, stroke limitation or manual override.<\/p>\n<div class=\"copy\">\n<ul>\n<li>Stainless steel or gunmetal housing with threaded, clamped or welded connection<\/li>\n<li>Long service life<\/li>\n<li>High flow rate<\/li>\n<li>Robust actuators with modular accessory program<\/li>\n<\/ul>\n<\/div>\n","protected":false},"featured_media":1685,"comment_status":"open","ping_status":"closed","template":"","meta":[],"product_cat":[107,108],"product_tag":[],"yoast_head":"<!-- This site is optimized with the Yoast SEO plugin v16.6.1 - https:\/\/yoast.com\/wordpress\/plugins\/seo\/ -->\n<title>Type 2000 - NEW SKY CO.,LTD<\/title>\n<meta name=\"robots\" content=\"index, follow, max-snippet:-1, max-image-preview:large, max-video-preview:-1\" \/>\n<link rel=\"canonical\" href=\"https:\/\/newskyvn.com\/product\/type-2000\/\" \/>\n<meta property=\"og:locale\" content=\"en_US\" \/>\n<meta property=\"og:type\" content=\"article\" \/>\n<meta property=\"og:title\" content=\"Type 2000 - NEW SKY CO.,LTD\" \/>\n<meta property=\"og:description\" content=\"[:vi]Ki\u1ec3u 2000 - Van an to\u00e0n g\u00f3c 2\/2 ng\u00f5 ho\u1ea1t \u0111\u1ed9ng b\u1eb1ng kh\u00ed n\u00e9n ki\u1ec3u C\u1ed4 \u0110I\u1ec2N  Van g\u00f3c ng\u1ed3i d\u1eabn \u0111\u1ed9ng b\u00ean ngo\u00e0i \u0111\u01b0\u1ee3c v\u1eadn h\u00e0nh v\u1edbi b\u1ed9 truy\u1ec1n \u0111\u1ed9ng piston t\u00e1c \u0111\u1ed9ng \u0111\u01a1n ho\u1eb7c k\u00e9p.\u00a0B\u1ed9 truy\u1ec1n \u0111\u1ed9ng c\u00f3 s\u1eb5n b\u1eb1ng hai v\u1eadt li\u1ec7u kh\u00e1c nhau, t\u00f9y thu\u1ed9c v\u00e0o nhi\u1ec7t \u0111\u1ed9 m\u00f4i tr\u01b0\u1eddng.\u00a0T\u1ed1c \u0111\u1ed9 d\u00f2ng ch\u1ea3y cao \u0111\u1ea1t \u0111\u01b0\u1ee3c v\u1edbi \u0111\u01b0\u1eddng d\u1eabn d\u00f2ng ch\u1ea3y g\u1ea7n nh\u01b0 th\u1eb3ng.\u00a0C\u00e1c tuy\u1ebfn \u0111\u00f3ng g\u00f3i t\u1ef1 \u0111i\u1ec1u ch\u1ec9nh \u0111\u00e1ng tin c\u1eady cung c\u1ea5p t\u00ednh to\u00e0n v\u1eb9n c\u1ee7a ni\u00eam phong cao.\u00a0C\u00e1c van m\u1ea1nh m\u1ebd v\u00e0 kh\u00f4ng c\u1ea7n b\u1ea3o tr\u00ec n\u00e0y c\u00f3 th\u1ec3 \u0111\u01b0\u1ee3c trang b\u1ecb th\u00eam v\u1edbi m\u1ed9t lo\u1ea1t c\u00e1c ph\u1ee5 ki\u1ec7n \u0111\u1ec3 ch\u1ec9 b\u00e1o v\u1ecb tr\u00ed, gi\u1edbi h\u1ea1n h\u00e0nh tr\u00ecnh ho\u1eb7c ghi \u0111\u00e8 b\u1eb1ng tay.    V\u1ecf b\u1eb1ng th\u00e9p kh\u00f4ng g\u1ec9 ho\u1eb7c b\u1eb1ng kim lo\u1ea1i v\u1edbi k\u1ebft n\u1ed1i ren, k\u1eb9p ho\u1eb7c h\u00e0n  Tu\u1ed5i th\u1ecd d\u00e0i  T\u1ed1c \u0111\u1ed9 d\u00f2ng ch\u1ea3y cao  B\u1ed9 truy\u1ec1n \u0111\u1ed9ng m\u1ea1nh m\u1ebd v\u1edbi ch\u01b0\u01a1ng tr\u00ecnh ph\u1ee5 ki\u1ec7n m\u00f4-\u0111un  [:en]Type 2000 - Pneumatically operated 2\/2 way angle seat valve CLASSIC  The externally piloted angle seat valve is operated with a single or double\u2013acting piston actuator. The actuator is available in two different materials, depending on the ambient temperature. High flow rates are attained with the virtually straight flow path. The reliable self\u2013adjusting packing gland provides high sealing integrity. These maintenance-free and robust valves can be retrofitted with a comprehensive range of accessories for position indication, stroke limitation or manual override.    Stainless steel or gunmetal housing with threaded, clamped or welded connection  Long service life  High flow rate  Robust actuators with modular accessory program  [:]\" \/>\n<meta property=\"og:url\" content=\"https:\/\/newskyvn.com\/product\/type-2000\/\" \/>\n<meta property=\"og:site_name\" content=\"NEW SKY CO.,LTD\" \/>\n<meta property=\"article:modified_time\" content=\"2021-09-20T10:12:21+00:00\" \/>\n<meta property=\"og:image\" content=\"https:\/\/newskyvn.com\/wp-content\/uploads\/2021\/09\/2000.jpg\" \/>\n\t<meta property=\"og:image:width\" content=\"500\" \/>\n\t<meta property=\"og:image:height\" content=\"500\" \/>\n<meta name=\"twitter:card\" content=\"summary_large_image\" \/>\n<script type=\"application\/ld+json\" class=\"yoast-schema-graph\">{\"@context\":\"https:\/\/schema.org\",\"@graph\":[{\"@type\":\"WebSite\",\"@id\":\"https:\/\/newskyvn.com\/#website\",\"url\":\"https:\/\/newskyvn.com\/\",\"name\":\"NEW SKY CO.,LTD\",\"description\":\"C\\u00f4ng Ty TNHH S\\u1ea3n Xu\\u1ea5t Th\\u01b0\\u01a1ng M\\u1ea1i D\\u1ecbch V\\u1ee5 T\\u00e2n Thi\\u00ean\",\"potentialAction\":[{\"@type\":\"SearchAction\",\"target\":{\"@type\":\"EntryPoint\",\"urlTemplate\":\"https:\/\/newskyvn.com\/?s={search_term_string}\"},\"query-input\":\"required name=search_term_string\"}],\"inLanguage\":\"en-US\"},{\"@type\":\"ImageObject\",\"@id\":\"https:\/\/newskyvn.com\/product\/type-2000\/#primaryimage\",\"inLanguage\":\"en-US\",\"url\":\"https:\/\/newskyvn.com\/wp-content\/uploads\/2021\/09\/2000.jpg\",\"contentUrl\":\"https:\/\/newskyvn.com\/wp-content\/uploads\/2021\/09\/2000.jpg\",\"width\":500,\"height\":500},{\"@type\":\"WebPage\",\"@id\":\"https:\/\/newskyvn.com\/product\/type-2000\/#webpage\",\"url\":\"https:\/\/newskyvn.com\/product\/type-2000\/\",\"name\":\"Type 2000 - NEW SKY CO.,LTD\",\"isPartOf\":{\"@id\":\"https:\/\/newskyvn.com\/#website\"},\"primaryImageOfPage\":{\"@id\":\"https:\/\/newskyvn.com\/product\/type-2000\/#primaryimage\"},\"datePublished\":\"2021-09-20T10:12:20+00:00\",\"dateModified\":\"2021-09-20T10:12:21+00:00\",\"breadcrumb\":{\"@id\":\"https:\/\/newskyvn.com\/product\/type-2000\/#breadcrumb\"},\"inLanguage\":\"en-US\",\"potentialAction\":[{\"@type\":\"ReadAction\",\"target\":[\"https:\/\/newskyvn.com\/product\/type-2000\/\"]}]},{\"@type\":\"BreadcrumbList\",\"@id\":\"https:\/\/newskyvn.com\/product\/type-2000\/#breadcrumb\",\"itemListElement\":[{\"@type\":\"ListItem\",\"position\":1,\"name\":\"Product\",\"item\":\"https:\/\/newskyvn.com\/en\/san-pham\/\"},{\"@type\":\"ListItem\",\"position\":2,\"name\":\"Type 2000\"}]}]}<\/script>\n<!-- \/ Yoast SEO plugin. -->","_links":{"self":[{"href":"https:\/\/newskyvn.com\/en\/wp-json\/wp\/v2\/product\/1683"}],"collection":[{"href":"https:\/\/newskyvn.com\/en\/wp-json\/wp\/v2\/product"}],"about":[{"href":"https:\/\/newskyvn.com\/en\/wp-json\/wp\/v2\/types\/product"}],"replies":[{"embeddable":true,"href":"https:\/\/newskyvn.com\/en\/wp-json\/wp\/v2\/comments?post=1683"}],"wp:featuredmedia":[{"embeddable":true,"href":"https:\/\/newskyvn.com\/en\/wp-json\/wp\/v2\/media\/1685"}],"wp:attachment":[{"href":"https:\/\/newskyvn.com\/en\/wp-json\/wp\/v2\/media?parent=1683"}],"wp:term":[{"taxonomy":"product_cat","embeddable":true,"href":"https:\/\/newskyvn.com\/en\/wp-json\/wp\/v2\/product_cat?post=1683"},{"taxonomy":"product_tag","embeddable":true,"href":"https:\/\/newskyvn.com\/en\/wp-json\/wp\/v2\/product_tag?post=1683"}],"curies":[{"name":"wp","href":"https:\/\/api.w.org\/{rel}","templated":true}]}}