{"id":1680,"date":"2021-09-20T10:07:32","date_gmt":"2021-09-20T10:07:32","guid":{"rendered":"https:\/\/newskyvn.com\/?post_type=product&#038;p=1680"},"modified":"2021-10-03T10:29:41","modified_gmt":"2021-10-03T10:29:41","slug":"type-8801","status":"publish","type":"product","link":"https:\/\/newskyvn.com\/en\/product\/type-8801\/","title":{"rendered":"Type 8801"},"content":{"rendered":"","protected":false},"excerpt":{"rendered":"<p><strong>Type 8801 &#8211; ELEMENT On\/Off Valve Systems with decentralized automation &#8211; overview<\/strong><\/p>\n<p>The design of the System Type 8801 On\/Off ELEMENT enables the easy integration of automation modules whether they are electrical\/optical position feedback, pneumatic control units, an optional integrated \ufb01eldbus interface or even an explosion proof control head. The fully integrated system with valve and automation system has a compact and smooth design, integrated pneumatic lines, IP65\/67\/NEMA4X protection class and superior chemical resistance.<\/p>\n","protected":false},"featured_media":1682,"comment_status":"open","ping_status":"closed","template":"","meta":[],"product_cat":[107,108,111],"product_tag":[],"yoast_head":"<!-- This site is optimized with the Yoast SEO plugin v16.6.1 - https:\/\/yoast.com\/wordpress\/plugins\/seo\/ -->\n<title>Type 8801 - NEW SKY CO.,LTD<\/title>\n<meta name=\"robots\" content=\"index, follow, max-snippet:-1, max-image-preview:large, max-video-preview:-1\" \/>\n<link rel=\"canonical\" href=\"https:\/\/newskyvn.com\/product\/type-8801\/\" \/>\n<meta property=\"og:locale\" content=\"en_US\" \/>\n<meta property=\"og:type\" content=\"article\" \/>\n<meta property=\"og:title\" content=\"Type 8801 - NEW SKY CO.,LTD\" \/>\n<meta property=\"og:description\" content=\"[:vi]Lo\u1ea1i 8801 - H\u1ec7 th\u1ed1ng van \u0110\u00f3ng\/ M\u1edf C\u01a0 B\u1ea2N v\u1edbi t\u1ef1 \u0111\u1ed9ng h\u00f3a phi t\u1eadp trung - t\u1ed5ng quan  Thi\u1ebft k\u1ebf c\u1ee7a lo\u1ea1i h\u1ec7 th\u1ed1ng 8801 On \/ Off ELEMENT cho ph\u00e9p t\u00edch h\u1ee3p d\u1ec5 d\u00e0ng c\u00e1c m\u00f4-\u0111un t\u1ef1 \u0111\u1ed9ng h\u00f3a cho d\u00f9 ch\u00fang l\u00e0 ph\u1ea3n h\u1ed3i v\u1ecb tr\u00ed \u0111i\u1ec7n \/ quang h\u1ecdc, b\u1ed9 \u0111i\u1ec1u khi\u1ec3n kh\u00ed n\u00e9n, giao di\u1ec7n tr\u01b0\u1eddng bus t\u00edch h\u1ee3p t\u00f9y ch\u1ecdn ho\u1eb7c th\u1eadm ch\u00ed l\u00e0 \u0111\u1ea7u \u0111i\u1ec1u khi\u1ec3n ch\u1ed1ng ch\u00e1y n\u1ed5.\u00a0H\u1ec7 th\u1ed1ng t\u00edch h\u1ee3p ho\u00e0n to\u00e0n v\u1edbi van v\u00e0 h\u1ec7 th\u1ed1ng t\u1ef1 \u0111\u1ed9ng h\u00f3a c\u00f3 thi\u1ebft k\u1ebf nh\u1ecf g\u1ecdn v\u00e0 \u00eam \u00e1i, \u0111\u01b0\u1eddng kh\u00ed n\u00e9n t\u00edch h\u1ee3p, c\u1ea5p b\u1ea3o v\u1ec7 IP65 \/ 67 \/ NEMA4X v\u00e0 kh\u1ea3 n\u0103ng ch\u1ed1ng h\u00f3a ch\u1ea5t v\u01b0\u1ee3t tr\u1ed9i.[:en]Type 8801 - ELEMENT On\/Off Valve Systems with decentralized automation - overview  The design of the System Type 8801 On\/Off ELEMENT enables the easy integration of automation modules whether they are electrical\/optical position feedback, pneumatic control units, an optional integrated \ufb01eldbus interface or even an explosion proof control head. The fully integrated system with valve and automation system has a compact and smooth design, integrated pneumatic lines, IP65\/67\/NEMA4X protection class and superior chemical resistance.[:]\" \/>\n<meta property=\"og:url\" content=\"https:\/\/newskyvn.com\/product\/type-8801\/\" \/>\n<meta property=\"og:site_name\" content=\"NEW SKY CO.,LTD\" \/>\n<meta property=\"article:modified_time\" content=\"2021-10-03T10:29:41+00:00\" \/>\n<meta property=\"og:image\" content=\"https:\/\/newskyvn.com\/wp-content\/uploads\/2021\/09\/8801.jpg\" \/>\n\t<meta property=\"og:image:width\" content=\"500\" \/>\n\t<meta property=\"og:image:height\" content=\"500\" \/>\n<meta name=\"twitter:card\" content=\"summary_large_image\" \/>\n<script type=\"application\/ld+json\" class=\"yoast-schema-graph\">{\"@context\":\"https:\/\/schema.org\",\"@graph\":[{\"@type\":\"WebSite\",\"@id\":\"https:\/\/newskyvn.com\/#website\",\"url\":\"https:\/\/newskyvn.com\/\",\"name\":\"NEW SKY CO.,LTD\",\"description\":\"C\\u00f4ng Ty TNHH S\\u1ea3n Xu\\u1ea5t Th\\u01b0\\u01a1ng M\\u1ea1i D\\u1ecbch V\\u1ee5 T\\u00e2n Thi\\u00ean\",\"potentialAction\":[{\"@type\":\"SearchAction\",\"target\":{\"@type\":\"EntryPoint\",\"urlTemplate\":\"https:\/\/newskyvn.com\/?s={search_term_string}\"},\"query-input\":\"required name=search_term_string\"}],\"inLanguage\":\"en-US\"},{\"@type\":\"ImageObject\",\"@id\":\"https:\/\/newskyvn.com\/product\/type-8801\/#primaryimage\",\"inLanguage\":\"en-US\",\"url\":\"https:\/\/newskyvn.com\/wp-content\/uploads\/2021\/09\/8801.jpg\",\"contentUrl\":\"https:\/\/newskyvn.com\/wp-content\/uploads\/2021\/09\/8801.jpg\",\"width\":500,\"height\":500},{\"@type\":\"WebPage\",\"@id\":\"https:\/\/newskyvn.com\/product\/type-8801\/#webpage\",\"url\":\"https:\/\/newskyvn.com\/product\/type-8801\/\",\"name\":\"Type 8801 - NEW SKY CO.,LTD\",\"isPartOf\":{\"@id\":\"https:\/\/newskyvn.com\/#website\"},\"primaryImageOfPage\":{\"@id\":\"https:\/\/newskyvn.com\/product\/type-8801\/#primaryimage\"},\"datePublished\":\"2021-09-20T10:07:32+00:00\",\"dateModified\":\"2021-10-03T10:29:41+00:00\",\"breadcrumb\":{\"@id\":\"https:\/\/newskyvn.com\/product\/type-8801\/#breadcrumb\"},\"inLanguage\":\"en-US\",\"potentialAction\":[{\"@type\":\"ReadAction\",\"target\":[\"https:\/\/newskyvn.com\/product\/type-8801\/\"]}]},{\"@type\":\"BreadcrumbList\",\"@id\":\"https:\/\/newskyvn.com\/product\/type-8801\/#breadcrumb\",\"itemListElement\":[{\"@type\":\"ListItem\",\"position\":1,\"name\":\"Product\",\"item\":\"https:\/\/newskyvn.com\/en\/san-pham\/\"},{\"@type\":\"ListItem\",\"position\":2,\"name\":\"Type 8801\"}]}]}<\/script>\n<!-- \/ Yoast SEO plugin. -->","_links":{"self":[{"href":"https:\/\/newskyvn.com\/en\/wp-json\/wp\/v2\/product\/1680"}],"collection":[{"href":"https:\/\/newskyvn.com\/en\/wp-json\/wp\/v2\/product"}],"about":[{"href":"https:\/\/newskyvn.com\/en\/wp-json\/wp\/v2\/types\/product"}],"replies":[{"embeddable":true,"href":"https:\/\/newskyvn.com\/en\/wp-json\/wp\/v2\/comments?post=1680"}],"wp:featuredmedia":[{"embeddable":true,"href":"https:\/\/newskyvn.com\/en\/wp-json\/wp\/v2\/media\/1682"}],"wp:attachment":[{"href":"https:\/\/newskyvn.com\/en\/wp-json\/wp\/v2\/media?parent=1680"}],"wp:term":[{"taxonomy":"product_cat","embeddable":true,"href":"https:\/\/newskyvn.com\/en\/wp-json\/wp\/v2\/product_cat?post=1680"},{"taxonomy":"product_tag","embeddable":true,"href":"https:\/\/newskyvn.com\/en\/wp-json\/wp\/v2\/product_tag?post=1680"}],"curies":[{"name":"wp","href":"https:\/\/api.w.org\/{rel}","templated":true}]}}