{"id":1677,"date":"2021-09-20T10:01:02","date_gmt":"2021-09-20T10:01:02","guid":{"rendered":"https:\/\/newskyvn.com\/?post_type=product&#038;p=1677"},"modified":"2021-09-20T10:01:03","modified_gmt":"2021-09-20T10:01:03","slug":"type-2100","status":"publish","type":"product","link":"https:\/\/newskyvn.com\/en\/product\/type-2100\/","title":{"rendered":"Type 2100"},"content":{"rendered":"","protected":false},"excerpt":{"rendered":"<p><strong>Type 2100 &#8211; Pneumatically operated 2\/2-way angle seat valve ELEMENT for decentralized automation<\/strong><\/p>\n<p>The Type 2100 angle seat valve is specially optimised for decentralized process automation and fulfils the tough criteria in process environments. Its unique design allows easy the integration of automation units in all expansion stages, from electrical\/optical position feedback to pneumatic control and integrated fieldbus interface. Maximum service life and tightness are achieved by the proven self-adjusting v-seal packing gland. The highly integrated system of valve and automation unit is characterised by its compact and smooth design, integrated pilot air ducts, protection classes IP65\/67, NEMA Type 4X and high resistance to chemicals.<\/p>\n<div class=\"copy\">\n<ul>\n<li>High flow rates<\/li>\n<li>Long service life<\/li>\n<li>Easy integration of automation units with ELEMENT<\/li>\n<li>Flow-optimised stainless steel valve body with sleeve, clamp or weld connection<\/li>\n<li>Suitable for steam<\/li>\n<\/ul>\n<\/div>\n","protected":false},"featured_media":1679,"comment_status":"open","ping_status":"closed","template":"","meta":[],"product_cat":[107,108],"product_tag":[],"yoast_head":"<!-- This site is optimized with the Yoast SEO plugin v16.6.1 - https:\/\/yoast.com\/wordpress\/plugins\/seo\/ -->\n<title>Type 2100 - NEW SKY CO.,LTD<\/title>\n<meta name=\"robots\" content=\"index, follow, max-snippet:-1, max-image-preview:large, max-video-preview:-1\" \/>\n<link rel=\"canonical\" href=\"https:\/\/newskyvn.com\/product\/type-2100\/\" \/>\n<meta property=\"og:locale\" content=\"en_US\" \/>\n<meta property=\"og:type\" content=\"article\" \/>\n<meta property=\"og:title\" content=\"Type 2100 - NEW SKY CO.,LTD\" \/>\n<meta property=\"og:description\" content=\"[:vi]Ki\u1ec3u 2100 - Van an to\u00e0n g\u00f3c 2\/2 chi\u1ec1u ho\u1ea1t \u0111\u1ed9ng b\u1eb1ng kh\u00ed n\u00e9n Th\u00f4ng Th\u01b0\u1eddng \u0111\u1ec3 t\u1ef1 \u0111\u1ed9ng h\u00f3a phi t\u1eadp trung  Van g\u00f3c lo\u1ea1i 2100 \u0111\u01b0\u1ee3c t\u1ed1i \u01b0u h\u00f3a \u0111\u1eb7c bi\u1ec7t \u0111\u1ec3 t\u1ef1 \u0111\u1ed9ng h\u00f3a quy tr\u00ecnh phi t\u1eadp trung v\u00e0 \u0111\u00e1p \u1ee9ng c\u00e1c ti\u00eau ch\u00ed kh\u1eafc nghi\u1ec7t trong m\u00f4i tr\u01b0\u1eddng quy tr\u00ecnh.\u00a0Thi\u1ebft k\u1ebf \u0111\u1ed9c \u0111\u00e1o c\u1ee7a n\u00f3 cho ph\u00e9p d\u1ec5 d\u00e0ng t\u00edch h\u1ee3p c\u00e1c \u0111\u01a1n v\u1ecb t\u1ef1 \u0111\u1ed9ng h\u00f3a trong t\u1ea5t c\u1ea3 c\u00e1c giai \u0111o\u1ea1n m\u1edf r\u1ed9ng, t\u1eeb ph\u1ea3n h\u1ed3i v\u1ecb tr\u00ed \u0111i\u1ec7n \/ quang h\u1ecdc \u0111\u1ebfn \u0111i\u1ec1u khi\u1ec3n kh\u00ed n\u00e9n v\u00e0 giao di\u1ec7n fieldbus t\u00edch h\u1ee3p.\u00a0Tu\u1ed5i th\u1ecd v\u00e0 \u0111\u1ed9 k\u00edn t\u1ed1i \u0111a \u0111\u1ea1t \u0111\u01b0\u1ee3c nh\u1edd tuy\u1ebfn \u0111\u00f3ng g\u00f3i v-seal t\u1ef1 \u0111i\u1ec1u ch\u1ec9nh \u0111\u00e3 \u0111\u01b0\u1ee3c ch\u1ee9ng minh.\u00a0H\u1ec7 th\u1ed1ng t\u00edch h\u1ee3p cao c\u1ee7a van v\u00e0 b\u1ed9 ph\u1eadn t\u1ef1 \u0111\u1ed9ng h\u00f3a \u0111\u01b0\u1ee3c \u0111\u1eb7c tr\u01b0ng b\u1edfi thi\u1ebft k\u1ebf nh\u1ecf g\u1ecdn v\u00e0 \u00eam \u00e1i, \u1ed1ng d\u1eabn kh\u00ed th\u00ed \u0111i\u1ec3m t\u00edch h\u1ee3p, c\u1ea5p b\u1ea3o v\u1ec7 IP65 \/ 67, NEMA Type 4X v\u00e0 kh\u1ea3 n\u0103ng ch\u1ed1ng h\u00f3a ch\u1ea5t cao.    T\u1ed1c \u0111\u1ed9 d\u00f2ng ch\u1ea3y cao  Tu\u1ed5i th\u1ecd d\u00e0i  T\u00edch h\u1ee3p d\u1ec5 d\u00e0ng c\u00e1c \u0111\u01a1n v\u1ecb t\u1ef1 \u0111\u1ed9ng h\u00f3a v\u1edbi ELEMENT  Th\u00e2n van b\u1eb1ng th\u00e9p kh\u00f4ng g\u1ec9 \u0111\u01b0\u1ee3c t\u1ed1i \u01b0u h\u00f3a d\u00f2ng ch\u1ea3y v\u1edbi tay \u00e1o, k\u1eb9p ho\u1eb7c k\u1ebft n\u1ed1i m\u1ed1i h\u00e0n  Th\u00edch h\u1ee3p cho h\u01a1i n\u01b0\u1edbc  [:en]Type 2100 - Pneumatically operated 2\/2-way angle seat valve ELEMENT for decentralized automation  The Type 2100 angle seat valve is specially optimised for decentralized process automation and fulfils the tough criteria in process environments. Its unique design allows easy the integration of automation units in all expansion stages, from electrical\/optical position feedback to pneumatic control and integrated fieldbus interface. Maximum service life and tightness are achieved by the proven self-adjusting v-seal packing gland. The highly integrated system of valve and automation unit is characterised by its compact and smooth design, integrated pilot air ducts, protection classes IP65\/67, NEMA Type 4X and high resistance to chemicals.    High flow rates  Long service life  Easy integration of automation units with ELEMENT  Flow-optimised stainless steel valve body with sleeve, clamp or weld connection  Suitable for steam  [:]\" \/>\n<meta property=\"og:url\" content=\"https:\/\/newskyvn.com\/product\/type-2100\/\" \/>\n<meta property=\"og:site_name\" content=\"NEW SKY CO.,LTD\" \/>\n<meta property=\"article:modified_time\" content=\"2021-09-20T10:01:03+00:00\" \/>\n<meta property=\"og:image\" content=\"https:\/\/newskyvn.com\/wp-content\/uploads\/2021\/09\/2100.jpg\" \/>\n\t<meta property=\"og:image:width\" content=\"500\" \/>\n\t<meta property=\"og:image:height\" content=\"500\" \/>\n<meta name=\"twitter:card\" content=\"summary_large_image\" \/>\n<script type=\"application\/ld+json\" class=\"yoast-schema-graph\">{\"@context\":\"https:\/\/schema.org\",\"@graph\":[{\"@type\":\"WebSite\",\"@id\":\"https:\/\/newskyvn.com\/#website\",\"url\":\"https:\/\/newskyvn.com\/\",\"name\":\"NEW SKY CO.,LTD\",\"description\":\"C\\u00f4ng Ty TNHH S\\u1ea3n Xu\\u1ea5t Th\\u01b0\\u01a1ng M\\u1ea1i D\\u1ecbch V\\u1ee5 T\\u00e2n Thi\\u00ean\",\"potentialAction\":[{\"@type\":\"SearchAction\",\"target\":{\"@type\":\"EntryPoint\",\"urlTemplate\":\"https:\/\/newskyvn.com\/?s={search_term_string}\"},\"query-input\":\"required name=search_term_string\"}],\"inLanguage\":\"en-US\"},{\"@type\":\"ImageObject\",\"@id\":\"https:\/\/newskyvn.com\/product\/type-2100\/#primaryimage\",\"inLanguage\":\"en-US\",\"url\":\"https:\/\/newskyvn.com\/wp-content\/uploads\/2021\/09\/2100.jpg\",\"contentUrl\":\"https:\/\/newskyvn.com\/wp-content\/uploads\/2021\/09\/2100.jpg\",\"width\":500,\"height\":500},{\"@type\":\"WebPage\",\"@id\":\"https:\/\/newskyvn.com\/product\/type-2100\/#webpage\",\"url\":\"https:\/\/newskyvn.com\/product\/type-2100\/\",\"name\":\"Type 2100 - NEW SKY CO.,LTD\",\"isPartOf\":{\"@id\":\"https:\/\/newskyvn.com\/#website\"},\"primaryImageOfPage\":{\"@id\":\"https:\/\/newskyvn.com\/product\/type-2100\/#primaryimage\"},\"datePublished\":\"2021-09-20T10:01:02+00:00\",\"dateModified\":\"2021-09-20T10:01:03+00:00\",\"breadcrumb\":{\"@id\":\"https:\/\/newskyvn.com\/product\/type-2100\/#breadcrumb\"},\"inLanguage\":\"en-US\",\"potentialAction\":[{\"@type\":\"ReadAction\",\"target\":[\"https:\/\/newskyvn.com\/product\/type-2100\/\"]}]},{\"@type\":\"BreadcrumbList\",\"@id\":\"https:\/\/newskyvn.com\/product\/type-2100\/#breadcrumb\",\"itemListElement\":[{\"@type\":\"ListItem\",\"position\":1,\"name\":\"Product\",\"item\":\"https:\/\/newskyvn.com\/en\/san-pham\/\"},{\"@type\":\"ListItem\",\"position\":2,\"name\":\"Type 2100\"}]}]}<\/script>\n<!-- \/ Yoast SEO plugin. -->","_links":{"self":[{"href":"https:\/\/newskyvn.com\/en\/wp-json\/wp\/v2\/product\/1677"}],"collection":[{"href":"https:\/\/newskyvn.com\/en\/wp-json\/wp\/v2\/product"}],"about":[{"href":"https:\/\/newskyvn.com\/en\/wp-json\/wp\/v2\/types\/product"}],"replies":[{"embeddable":true,"href":"https:\/\/newskyvn.com\/en\/wp-json\/wp\/v2\/comments?post=1677"}],"wp:featuredmedia":[{"embeddable":true,"href":"https:\/\/newskyvn.com\/en\/wp-json\/wp\/v2\/media\/1679"}],"wp:attachment":[{"href":"https:\/\/newskyvn.com\/en\/wp-json\/wp\/v2\/media?parent=1677"}],"wp:term":[{"taxonomy":"product_cat","embeddable":true,"href":"https:\/\/newskyvn.com\/en\/wp-json\/wp\/v2\/product_cat?post=1677"},{"taxonomy":"product_tag","embeddable":true,"href":"https:\/\/newskyvn.com\/en\/wp-json\/wp\/v2\/product_tag?post=1677"}],"curies":[{"name":"wp","href":"https:\/\/api.w.org\/{rel}","templated":true}]}}