{"id":1673,"date":"2021-09-20T09:33:30","date_gmt":"2021-09-20T09:33:30","guid":{"rendered":"https:\/\/newskyvn.com\/?post_type=product&#038;p=1673"},"modified":"2021-09-20T09:33:31","modified_gmt":"2021-09-20T09:33:31","slug":"type-2060","status":"publish","type":"product","link":"https:\/\/newskyvn.com\/en\/product\/type-2060\/","title":{"rendered":"Type 2060"},"content":{"rendered":"","protected":false},"excerpt":{"rendered":"<p><strong>Type 2060 &#8211; Pneumatically operated 2\/2-way angle seat valve with stainless steel actuator<\/strong><\/p>\n<p>The pneumatically operated angle seat valve with stainless steel actuators fulfils the demands of tough process environments. Unrivalled life time and sealing integrity is guaranteed by the trusted self-adjusting spindle sealing. The stainless steel actuator has been designed for tough applications. Laser welding ensures it is both cleanable and robust. With a ducted exhaust air port, the actuator can be operated isolated from the environment to guarantee an optimum life time and hygiene. High flow rates are attained with the optimised stainless steel angle seat body. As part of the B\u00fcrkert process valve range a large accessory program is available. All wetted parts comply with the EC Directive 1935\/2004, variants with FDA conformity are available on request, also explosion proof variants are available.<\/p>\n<div class=\"copy\">\n<ul>\n<li>Flow optimised stainless steel body with various line connections<\/li>\n<li>Trusted components for the longest life time<\/li>\n<li>Stainless steel actuator suitable for demanding environments<\/li>\n<li>Modular accessory program with stroke limitation and position feedback available<\/li>\n<\/ul>\n<\/div>\n","protected":false},"featured_media":1675,"comment_status":"open","ping_status":"closed","template":"","meta":[],"product_cat":[107,108],"product_tag":[],"yoast_head":"<!-- This site is optimized with the Yoast SEO plugin v16.6.1 - https:\/\/yoast.com\/wordpress\/plugins\/seo\/ -->\n<title>Type 2060 - NEW SKY CO.,LTD<\/title>\n<meta name=\"robots\" content=\"index, follow, max-snippet:-1, max-image-preview:large, max-video-preview:-1\" \/>\n<link rel=\"canonical\" href=\"https:\/\/newskyvn.com\/product\/type-2060\/\" \/>\n<meta property=\"og:locale\" content=\"en_US\" \/>\n<meta property=\"og:type\" content=\"article\" \/>\n<meta property=\"og:title\" content=\"Type 2060 - NEW SKY CO.,LTD\" \/>\n<meta property=\"og:description\" content=\"[:vi]Ki\u1ec3u 2060 - Van g\u00f3c 2\/2 ng\u00f5 ho\u1ea1t \u0111\u1ed9ng b\u1eb1ng kh\u00ed n\u00e9n v\u1edbi b\u1ed9 truy\u1ec1n \u0111\u1ed9ng b\u1eb1ng th\u00e9p kh\u00f4ng g\u1ec9  Van g\u00f3c ng\u1ed3i ho\u1ea1t \u0111\u1ed9ng b\u1eb1ng kh\u00ed n\u00e9n v\u1edbi b\u1ed9 truy\u1ec1n \u0111\u1ed9ng b\u1eb1ng th\u00e9p kh\u00f4ng g\u1ec9 \u0111\u00e1p \u1ee9ng nhu c\u1ea7u c\u1ee7a c\u00e1c m\u00f4i tr\u01b0\u1eddng quy tr\u00ecnh kh\u1eafc nghi\u1ec7t.\u00a0Tu\u1ed5i th\u1ecd v\u00f4 song v\u00e0 t\u00ednh to\u00e0n v\u1eb9n c\u1ee7a ni\u00eam phong \u0111\u01b0\u1ee3c \u0111\u1ea3m b\u1ea3o b\u1edfi ni\u00eam phong tr\u1ee5c ch\u00ednh t\u1ef1 \u0111i\u1ec1u ch\u1ec9nh \u0111\u00e1ng tin c\u1eady.\u00a0B\u1ed9 truy\u1ec1n \u0111\u1ed9ng b\u1eb1ng th\u00e9p kh\u00f4ng g\u1ec9 \u0111\u00e3 \u0111\u01b0\u1ee3c thi\u1ebft k\u1ebf cho c\u00e1c \u1ee9ng d\u1ee5ng kh\u00f3 kh\u0103n.\u00a0H\u00e0n laser \u0111\u1ea3m b\u1ea3o n\u00f3 v\u1eeba c\u00f3 th\u1ec3 l\u00e0m s\u1ea1ch v\u1eeba b\u1ec1n.\u00a0V\u1edbi m\u1ed9t c\u1ed5ng tho\u00e1t kh\u00ed \u0111\u01b0\u1ee3c l\u1eafp \u1ed1ng d\u1eabn, thi\u1ebft b\u1ecb truy\u1ec1n \u0111\u1ed9ng c\u00f3 th\u1ec3 \u0111\u01b0\u1ee3c v\u1eadn h\u00e0nh c\u00e1ch ly v\u1edbi m\u00f4i tr\u01b0\u1eddng \u0111\u1ec3 \u0111\u1ea3m b\u1ea3o th\u1eddi gian s\u1eed d\u1ee5ng v\u00e0 v\u1ec7 sinh t\u1ed1i \u01b0u.\u00a0T\u1ed1c \u0111\u1ed9 d\u00f2ng ch\u1ea3y cao \u0111\u1ea1t \u0111\u01b0\u1ee3c v\u1edbi th\u00e2n gh\u1ebf g\u00f3c b\u1eb1ng th\u00e9p kh\u00f4ng g\u1ec9 \u0111\u01b0\u1ee3c t\u1ed1i \u01b0u h\u00f3a.\u00a0L\u00e0 m\u1ed9t ph\u1ea7n c\u1ee7a d\u00f2ng van quy tr\u00ecnh B\u00fcrkert, c\u00f3 s\u1eb5n m\u1ed9t ch\u01b0\u01a1ng tr\u00ecnh ph\u1ee5 ki\u1ec7n l\u1edbn.\u00a0T\u1ea5t c\u1ea3 c\u00e1c b\u1ed9 ph\u1eadn \u0111\u01b0\u1ee3c l\u00e0m \u01b0\u1edbt \u0111\u1ec1u tu\u00e2n theo Ch\u1ec9 th\u1ecb EC 1935\/2004, c\u00e1c bi\u1ebfn th\u1ec3 ph\u00f9 h\u1ee3p v\u1edbi FDA \u0111\u01b0\u1ee3c cung c\u1ea5p theo y\u00eau c\u1ea7u, c\u0169ng c\u00f3 s\u1eb5n c\u00e1c bi\u1ebfn th\u1ec3 ch\u1ed1ng ch\u00e1y n\u1ed5.    Th\u00e2n b\u1eb1ng th\u00e9p kh\u00f4ng g\u1ec9 \u0111\u01b0\u1ee3c t\u1ed1i \u01b0u h\u00f3a d\u00f2ng ch\u1ea3y v\u1edbi nhi\u1ec1u k\u1ebft n\u1ed1i \u0111\u01b0\u1eddng d\u00e2y kh\u00e1c nhau  C\u00e1c th\u00e0nh ph\u1ea7n \u0111\u00e1ng tin c\u1eady cho th\u1eddi gian s\u1eed d\u1ee5ng l\u00e2u nh\u1ea5t  Thi\u1ebft b\u1ecb truy\u1ec1n \u0111\u1ed9ng b\u1eb1ng th\u00e9p kh\u00f4ng g\u1ec9 ph\u00f9 h\u1ee3p v\u1edbi c\u00e1c m\u00f4i tr\u01b0\u1eddng kh\u1eaft khe  Ch\u01b0\u01a1ng tr\u00ecnh ph\u1ee5 ki\u1ec7n m\u00f4-\u0111un c\u00f3 s\u1eb5n gi\u1edbi h\u1ea1n h\u00e0nh tr\u00ecnh v\u00e0 ph\u1ea3n h\u1ed3i v\u1ecb tr\u00ed  [:en]Type 2060 - Pneumatically operated 2\/2-way angle seat valve with stainless steel actuator  The pneumatically operated angle seat valve with stainless steel actuators fulfils the demands of tough process environments. Unrivalled life time and sealing integrity is guaranteed by the trusted self-adjusting spindle sealing. The stainless steel actuator has been designed for tough applications. Laser welding ensures it is both cleanable and robust. With a ducted exhaust air port, the actuator can be operated isolated from the environment to guarantee an optimum life time and hygiene. High flow rates are attained with the optimised stainless steel angle seat body. As part of the B\u00fcrkert process valve range a large accessory program is available. All wetted parts comply with the EC Directive 1935\/2004, variants with FDA conformity are available on request, also explosion proof variants are available.    Flow optimised stainless steel body with various line connections  Trusted components for the longest life time  Stainless steel actuator suitable for demanding environments  Modular accessory program with stroke limitation and position feedback available  [:]\" \/>\n<meta property=\"og:url\" content=\"https:\/\/newskyvn.com\/product\/type-2060\/\" \/>\n<meta property=\"og:site_name\" content=\"NEW SKY CO.,LTD\" \/>\n<meta property=\"article:modified_time\" content=\"2021-09-20T09:33:31+00:00\" \/>\n<meta property=\"og:image\" content=\"https:\/\/newskyvn.com\/wp-content\/uploads\/2021\/09\/2060.jpg\" \/>\n\t<meta property=\"og:image:width\" content=\"500\" \/>\n\t<meta property=\"og:image:height\" content=\"500\" \/>\n<meta name=\"twitter:card\" content=\"summary_large_image\" \/>\n<script type=\"application\/ld+json\" class=\"yoast-schema-graph\">{\"@context\":\"https:\/\/schema.org\",\"@graph\":[{\"@type\":\"WebSite\",\"@id\":\"https:\/\/newskyvn.com\/#website\",\"url\":\"https:\/\/newskyvn.com\/\",\"name\":\"NEW SKY CO.,LTD\",\"description\":\"C\\u00f4ng Ty TNHH S\\u1ea3n Xu\\u1ea5t Th\\u01b0\\u01a1ng M\\u1ea1i D\\u1ecbch V\\u1ee5 T\\u00e2n Thi\\u00ean\",\"potentialAction\":[{\"@type\":\"SearchAction\",\"target\":{\"@type\":\"EntryPoint\",\"urlTemplate\":\"https:\/\/newskyvn.com\/?s={search_term_string}\"},\"query-input\":\"required name=search_term_string\"}],\"inLanguage\":\"en-US\"},{\"@type\":\"ImageObject\",\"@id\":\"https:\/\/newskyvn.com\/product\/type-2060\/#primaryimage\",\"inLanguage\":\"en-US\",\"url\":\"https:\/\/newskyvn.com\/wp-content\/uploads\/2021\/09\/2060.jpg\",\"contentUrl\":\"https:\/\/newskyvn.com\/wp-content\/uploads\/2021\/09\/2060.jpg\",\"width\":500,\"height\":500},{\"@type\":\"WebPage\",\"@id\":\"https:\/\/newskyvn.com\/product\/type-2060\/#webpage\",\"url\":\"https:\/\/newskyvn.com\/product\/type-2060\/\",\"name\":\"Type 2060 - NEW SKY CO.,LTD\",\"isPartOf\":{\"@id\":\"https:\/\/newskyvn.com\/#website\"},\"primaryImageOfPage\":{\"@id\":\"https:\/\/newskyvn.com\/product\/type-2060\/#primaryimage\"},\"datePublished\":\"2021-09-20T09:33:30+00:00\",\"dateModified\":\"2021-09-20T09:33:31+00:00\",\"breadcrumb\":{\"@id\":\"https:\/\/newskyvn.com\/product\/type-2060\/#breadcrumb\"},\"inLanguage\":\"en-US\",\"potentialAction\":[{\"@type\":\"ReadAction\",\"target\":[\"https:\/\/newskyvn.com\/product\/type-2060\/\"]}]},{\"@type\":\"BreadcrumbList\",\"@id\":\"https:\/\/newskyvn.com\/product\/type-2060\/#breadcrumb\",\"itemListElement\":[{\"@type\":\"ListItem\",\"position\":1,\"name\":\"Product\",\"item\":\"https:\/\/newskyvn.com\/en\/san-pham\/\"},{\"@type\":\"ListItem\",\"position\":2,\"name\":\"Type 2060\"}]}]}<\/script>\n<!-- \/ Yoast SEO plugin. -->","_links":{"self":[{"href":"https:\/\/newskyvn.com\/en\/wp-json\/wp\/v2\/product\/1673"}],"collection":[{"href":"https:\/\/newskyvn.com\/en\/wp-json\/wp\/v2\/product"}],"about":[{"href":"https:\/\/newskyvn.com\/en\/wp-json\/wp\/v2\/types\/product"}],"replies":[{"embeddable":true,"href":"https:\/\/newskyvn.com\/en\/wp-json\/wp\/v2\/comments?post=1673"}],"wp:featuredmedia":[{"embeddable":true,"href":"https:\/\/newskyvn.com\/en\/wp-json\/wp\/v2\/media\/1675"}],"wp:attachment":[{"href":"https:\/\/newskyvn.com\/en\/wp-json\/wp\/v2\/media?parent=1673"}],"wp:term":[{"taxonomy":"product_cat","embeddable":true,"href":"https:\/\/newskyvn.com\/en\/wp-json\/wp\/v2\/product_cat?post=1673"},{"taxonomy":"product_tag","embeddable":true,"href":"https:\/\/newskyvn.com\/en\/wp-json\/wp\/v2\/product_tag?post=1673"}],"curies":[{"name":"wp","href":"https:\/\/api.w.org\/{rel}","templated":true}]}}