{"id":1670,"date":"2021-09-20T09:26:31","date_gmt":"2021-09-20T09:26:31","guid":{"rendered":"https:\/\/newskyvn.com\/?post_type=product&#038;p=1670"},"modified":"2021-09-20T09:26:31","modified_gmt":"2021-09-20T09:26:31","slug":"type-8840","status":"publish","type":"product","link":"https:\/\/newskyvn.com\/en\/product\/type-8840\/","title":{"rendered":"Type 8840"},"content":{"rendered":"","protected":false},"excerpt":{"rendered":"<p><strong>Type 8840 &#8211; Modular process valve cluster &#8211; distribution and collecting<\/strong><\/p>\n<p>Type 8840 comes with ready to install modules of tried and tested B\u00fcrkert process valves. The valve cluster, based on a modular valve body, allows different configurations. The individual parts are joined hermetically tight and in a very compact way. No installation effort for pipework, fittings or sealings is needed. For the sizes DN20 (\u00be&#8221;) and DN25 (1&#8243;) orbital welding is used. The smaller variants in DN10 are threaded together using trusted graphite seals. To avoid dangerous water hammer, all valves have the flow direction below the seat. This is made possible by the two variants for the fluidic main function distribution and collecting, mixing or feed. Depending on the requirement and preferred type of automation, it is possible to choose from different actuator variants. The robust CLASSIC actuators (in stainless steel or plastic) are controlled by a central valve island or by a pilot valve. The proven ELEMENT actuators allow a simple decentralized automation by using intelligent control heads Furthermore it is possible to expand the system by using continuous control valves, sensors, customer specific pipework or further accessories.<\/p>\n<div class=\"copy\">\n<ul>\n<li>Valve cluster ready for installation<\/li>\n<li>Compact design without any potential leakage<\/li>\n<li>No assembly effort<\/li>\n<li>No piping between the valves needed<\/li>\n<li>Trusted actuators for simple automation<\/li>\n<\/ul>\n<\/div>\n","protected":false},"featured_media":1672,"comment_status":"open","ping_status":"closed","template":"","meta":[],"product_cat":[107,108],"product_tag":[],"yoast_head":"<!-- This site is optimized with the Yoast SEO plugin v16.6.1 - https:\/\/yoast.com\/wordpress\/plugins\/seo\/ -->\n<title>Type 8840 - NEW SKY CO.,LTD<\/title>\n<meta name=\"robots\" content=\"index, follow, max-snippet:-1, max-image-preview:large, max-video-preview:-1\" \/>\n<link rel=\"canonical\" href=\"https:\/\/newskyvn.com\/product\/type-8840\/\" \/>\n<meta property=\"og:locale\" content=\"en_US\" \/>\n<meta property=\"og:type\" content=\"article\" \/>\n<meta property=\"og:title\" content=\"Type 8840 - NEW SKY CO.,LTD\" \/>\n<meta property=\"og:description\" content=\"[:vi]Ki\u1ec3u 8840 - C\u1ee5m van x\u1eed l\u00fd qu\u00e1 tr\u00ecnh d\u1ea1ng m\u00f4-\u0111un - ph\u00e2n ph\u1ed1i \u0111i v\u00e0 thu v\u1ec1  Ki\u1ec3u 8840 \u0111i k\u00e8m v\u1edbi s\u1eb5n s\u00e0ng l\u1eafp \u0111\u1eb7t c\u00e1c m\u00f4-\u0111un c\u1ee7a van quy tr\u00ecnh B\u00fcrkert \u0111\u00e3 \u0111\u01b0\u1ee3c th\u1eed nghi\u1ec7m v\u00e0 th\u1eed nghi\u1ec7m.\u00a0C\u1ee5m van, d\u1ef1a tr\u00ean m\u1ed9t th\u00e2n van m\u00f4-\u0111un, cho ph\u00e9p c\u00e1c c\u1ea5u h\u00ecnh kh\u00e1c nhau.\u00a0C\u00e1c b\u1ed9 ph\u1eadn ri\u00eang l\u1ebb \u0111\u01b0\u1ee3c k\u1ebft h\u1ee3p ch\u1eb7t ch\u1ebd v\u1edbi nhau v\u00e0 theo m\u1ed9t c\u00e1ch r\u1ea5t nh\u1ecf g\u1ecdn.\u00a0Kh\u00f4ng c\u1ea7n n\u1ed7 l\u1ef1c l\u1eafp \u0111\u1eb7t \u0111\u01b0\u1eddng \u1ed1ng, ph\u1ee5 ki\u1ec7n ho\u1eb7c v\u1eadt li\u1ec7u b\u1ecbt k\u00edn.\u00a0\u0110\u1ed1i v\u1edbi c\u00e1c k\u00edch th\u01b0\u1edbc DN20 (\u00be &quot;) v\u00e0 DN25 (1&quot;) h\u00e0n qu\u1ef9 \u0111\u1ea1o \u0111\u01b0\u1ee3c s\u1eed d\u1ee5ng.\u00a0C\u00e1c bi\u1ebfn th\u1ec3 nh\u1ecf h\u01a1n trong DN10 \u0111\u01b0\u1ee3c k\u1ebft n\u1ed1i v\u1edbi nhau b\u1eb1ng c\u00e1ch s\u1eed d\u1ee5ng con d\u1ea5u than ch\u00ec \u0111\u00e1ng tin c\u1eady.\u00a0\u0110\u1ec3 tr\u00e1nh b\u00faa n\u01b0\u1edbc nguy hi\u1ec3m, t\u1ea5t c\u1ea3 c\u00e1c van \u0111\u1ec1u c\u00f3 h\u01b0\u1edbng d\u00f2ng ch\u1ea3y b\u00ean d\u01b0\u1edbi y\u00ean xe.\u00a0\u0110i\u1ec1u n\u00e0y c\u00f3 th\u1ec3 th\u1ef1c hi\u1ec7n \u0111\u01b0\u1ee3c nh\u1edd hai bi\u1ebfn th\u1ec3 cho ph\u00e2n ph\u1ed1i ch\u1ee9c n\u0103ng ch\u00ednh l\u01b0u \u0111\u1ed9ng v\u00e0 thu th\u1eadp, tr\u1ed9n ho\u1eb7c c\u1ea5p li\u1ec7u.\u00a0T\u00f9y thu\u1ed9c v\u00e0o y\u00eau c\u1ea7u v\u00e0 ki\u1ec3u t\u1ef1 \u0111\u1ed9ng h\u00f3a \u01b0a th\u00edch, c\u00f3 th\u1ec3 l\u1ef1a ch\u1ecdn c\u00e1c bi\u1ebfn th\u1ec3 thi\u1ebft b\u1ecb truy\u1ec1n \u0111\u1ed9ng kh\u00e1c nhau.\u00a0C\u00e1c thi\u1ebft b\u1ecb truy\u1ec1n \u0111\u1ed9ng C\u1ed4 \u0110I\u1ec2N m\u1ea1nh m\u1ebd (b\u1eb1ng th\u00e9p kh\u00f4ng g\u1ec9 ho\u1eb7c nh\u1ef1a) \u0111\u01b0\u1ee3c \u0111i\u1ec1u khi\u1ec3n b\u1edfi m\u1ed9t \u0111\u1ea3o van trung t\u00e2m ho\u1eb7c b\u1eb1ng van th\u00ed \u0111i\u1ec3m.\u00a0C\u00e1c thi\u1ebft b\u1ecb truy\u1ec1n \u0111\u1ed9ng ELEMENT \u0111\u00e3 \u0111\u01b0\u1ee3c ch\u1ee9ng minh cho ph\u00e9p t\u1ef1 \u0111\u1ed9ng h\u00f3a phi t\u1eadp trung \u0111\u01a1n gi\u1ea3n b\u1eb1ng c\u00e1ch s\u1eed d\u1ee5ng c\u00e1c \u0111\u1ea7u \u0111i\u1ec1u khi\u1ec3n th\u00f4ng minh H\u01a1n n\u1eefa, c\u00f3 th\u1ec3 m\u1edf r\u1ed9ng h\u1ec7 th\u1ed1ng b\u1eb1ng c\u00e1ch s\u1eed d\u1ee5ng van \u0111i\u1ec1u khi\u1ec3n li\u00ean t\u1ee5c, c\u1ea3m bi\u1ebfn, \u0111\u01b0\u1eddng \u1ed1ng c\u1ee5 th\u1ec3 c\u1ee7a kh\u00e1ch h\u00e0ng ho\u1eb7c c\u00e1c ph\u1ee5 ki\u1ec7n kh\u00e1c.    C\u1ee5m van \u0111\u00e3 s\u1eb5n s\u00e0ng \u0111\u1ec3 l\u1eafp \u0111\u1eb7t  Thi\u1ebft k\u1ebf nh\u1ecf g\u1ecdn kh\u00f4ng c\u00f3 kh\u1ea3 n\u0103ng r\u00f2 r\u1ec9  Kh\u00f4ng c\u00f3 n\u1ed7 l\u1ef1c l\u1eafp r\u00e1p  Kh\u00f4ng c\u1ea7n \u0111\u01b0\u1eddng \u1ed1ng gi\u1eefa c\u00e1c van  B\u1ed9 truy\u1ec1n \u0111\u1ed9ng \u0111\u00e1ng tin c\u1eady \u0111\u1ec3 t\u1ef1 \u0111\u1ed9ng h\u00f3a \u0111\u01a1n gi\u1ea3n  [:en]Type 8840 - Modular process valve cluster - distribution and collecting  Type 8840 comes with ready to install modules of tried and tested B\u00fcrkert process valves. The valve cluster, based on a modular valve body, allows different configurations. The individual parts are joined hermetically tight and in a very compact way. No installation effort for pipework, fittings or sealings is needed. For the sizes DN20 (\u00be&quot;) and DN25 (1&quot;) orbital welding is used. The smaller variants in DN10 are threaded together using trusted graphite seals. To avoid dangerous water hammer, all valves have the flow direction below the seat. This is made possible by the two variants for the fluidic main function distribution and collecting, mixing or feed. Depending on the requirement and preferred type of automation, it is possible to choose from different actuator variants. The robust CLASSIC actuators (in stainless steel or plastic) are controlled by a central valve island or by a pilot valve. The proven ELEMENT actuators allow a simple decentralized automation by using intelligent control heads Furthermore it is possible to expand the system by using continuous control valves, sensors, customer specific pipework or further accessories.    Valve cluster ready for installation  Compact design without any potential leakage  No assembly effort  No piping between the valves needed  Trusted actuators for simple automation  [:]\" \/>\n<meta property=\"og:url\" content=\"https:\/\/newskyvn.com\/product\/type-8840\/\" \/>\n<meta property=\"og:site_name\" content=\"NEW SKY CO.,LTD\" \/>\n<meta property=\"og:image\" content=\"https:\/\/newskyvn.com\/wp-content\/uploads\/2021\/09\/8840.jpg\" \/>\n\t<meta property=\"og:image:width\" content=\"500\" \/>\n\t<meta property=\"og:image:height\" content=\"500\" \/>\n<meta name=\"twitter:card\" content=\"summary_large_image\" \/>\n<script type=\"application\/ld+json\" class=\"yoast-schema-graph\">{\"@context\":\"https:\/\/schema.org\",\"@graph\":[{\"@type\":\"WebSite\",\"@id\":\"https:\/\/newskyvn.com\/#website\",\"url\":\"https:\/\/newskyvn.com\/\",\"name\":\"NEW SKY CO.,LTD\",\"description\":\"C\\u00f4ng Ty TNHH S\\u1ea3n Xu\\u1ea5t Th\\u01b0\\u01a1ng M\\u1ea1i D\\u1ecbch V\\u1ee5 T\\u00e2n Thi\\u00ean\",\"potentialAction\":[{\"@type\":\"SearchAction\",\"target\":{\"@type\":\"EntryPoint\",\"urlTemplate\":\"https:\/\/newskyvn.com\/?s={search_term_string}\"},\"query-input\":\"required name=search_term_string\"}],\"inLanguage\":\"en-US\"},{\"@type\":\"ImageObject\",\"@id\":\"https:\/\/newskyvn.com\/product\/type-8840\/#primaryimage\",\"inLanguage\":\"en-US\",\"url\":\"https:\/\/newskyvn.com\/wp-content\/uploads\/2021\/09\/8840.jpg\",\"contentUrl\":\"https:\/\/newskyvn.com\/wp-content\/uploads\/2021\/09\/8840.jpg\",\"width\":500,\"height\":500},{\"@type\":\"WebPage\",\"@id\":\"https:\/\/newskyvn.com\/product\/type-8840\/#webpage\",\"url\":\"https:\/\/newskyvn.com\/product\/type-8840\/\",\"name\":\"Type 8840 - NEW SKY CO.,LTD\",\"isPartOf\":{\"@id\":\"https:\/\/newskyvn.com\/#website\"},\"primaryImageOfPage\":{\"@id\":\"https:\/\/newskyvn.com\/product\/type-8840\/#primaryimage\"},\"datePublished\":\"2021-09-20T09:26:31+00:00\",\"dateModified\":\"2021-09-20T09:26:31+00:00\",\"breadcrumb\":{\"@id\":\"https:\/\/newskyvn.com\/product\/type-8840\/#breadcrumb\"},\"inLanguage\":\"en-US\",\"potentialAction\":[{\"@type\":\"ReadAction\",\"target\":[\"https:\/\/newskyvn.com\/product\/type-8840\/\"]}]},{\"@type\":\"BreadcrumbList\",\"@id\":\"https:\/\/newskyvn.com\/product\/type-8840\/#breadcrumb\",\"itemListElement\":[{\"@type\":\"ListItem\",\"position\":1,\"name\":\"Product\",\"item\":\"https:\/\/newskyvn.com\/en\/san-pham\/\"},{\"@type\":\"ListItem\",\"position\":2,\"name\":\"Type 8840\"}]}]}<\/script>\n<!-- \/ Yoast SEO plugin. -->","_links":{"self":[{"href":"https:\/\/newskyvn.com\/en\/wp-json\/wp\/v2\/product\/1670"}],"collection":[{"href":"https:\/\/newskyvn.com\/en\/wp-json\/wp\/v2\/product"}],"about":[{"href":"https:\/\/newskyvn.com\/en\/wp-json\/wp\/v2\/types\/product"}],"replies":[{"embeddable":true,"href":"https:\/\/newskyvn.com\/en\/wp-json\/wp\/v2\/comments?post=1670"}],"wp:featuredmedia":[{"embeddable":true,"href":"https:\/\/newskyvn.com\/en\/wp-json\/wp\/v2\/media\/1672"}],"wp:attachment":[{"href":"https:\/\/newskyvn.com\/en\/wp-json\/wp\/v2\/media?parent=1670"}],"wp:term":[{"taxonomy":"product_cat","embeddable":true,"href":"https:\/\/newskyvn.com\/en\/wp-json\/wp\/v2\/product_cat?post=1670"},{"taxonomy":"product_tag","embeddable":true,"href":"https:\/\/newskyvn.com\/en\/wp-json\/wp\/v2\/product_tag?post=1670"}],"curies":[{"name":"wp","href":"https:\/\/api.w.org\/{rel}","templated":true}]}}