{"id":1667,"date":"2021-09-20T08:44:40","date_gmt":"2021-09-20T08:44:40","guid":{"rendered":"https:\/\/newskyvn.com\/?post_type=product&#038;p=1667"},"modified":"2021-09-20T08:44:41","modified_gmt":"2021-09-20T08:44:41","slug":"type-0300","status":"publish","type":"product","link":"https:\/\/newskyvn.com\/en\/product\/type-0300\/","title":{"rendered":"Type 0300"},"content":{"rendered":"","protected":false},"excerpt":{"rendered":"<p><strong>Type 0300 &#8211; Direct-acting 3\/2 way plunger valve<\/strong><\/p>\n<p>Type 300 is a direct-actingplunger-type solenoid valve available in a variety of different circuit functions, to suit there spective application. When energized, the solenoid armature is drawn against a spring. The solenoid epoxy encapsulation efficiently dissipates the heat generated by the coil. The valve is available in brass (stainless steel on request). Electrical connections are DIN-plug ore leads. Specific testing and cleaning and low power versions are available on request.<\/p>\n<div class=\"copy\">\n<ul>\n<li>Vibration-resistant block-screwed coil design<\/li>\n<li>Compact design<\/li>\n<li>Housing made of brass and stainless steel with threaded connection<\/li>\n<\/ul>\n<\/div>\n","protected":false},"featured_media":1669,"comment_status":"open","ping_status":"closed","template":"","meta":[],"product_cat":[103,127],"product_tag":[],"yoast_head":"<!-- This site is optimized with the Yoast SEO plugin v16.6.1 - https:\/\/yoast.com\/wordpress\/plugins\/seo\/ -->\n<title>Type 0300 - NEW SKY CO.,LTD<\/title>\n<meta name=\"robots\" content=\"index, follow, max-snippet:-1, max-image-preview:large, max-video-preview:-1\" \/>\n<link rel=\"canonical\" href=\"https:\/\/newskyvn.com\/product\/type-0300\/\" \/>\n<meta property=\"og:locale\" content=\"en_US\" \/>\n<meta property=\"og:type\" content=\"article\" \/>\n<meta property=\"og:title\" content=\"Type 0300 - NEW SKY CO.,LTD\" \/>\n<meta property=\"og:description\" content=\"[:vi]Ki\u1ec3u 0300 - Van p\u00edt t\u00f4ng 3 ng\u00f5 t\u00e1c \u0111\u1ed9ng tr\u1ef1c ti\u1ebfp  Lo\u1ea1i 300 l\u00e0 lo\u1ea1i van \u0111i\u1ec7n t\u1eeb lo\u1ea1i t\u00e1c \u0111\u1ed9ng tr\u1ef1c ti\u1ebfp c\u00f3 s\u1eb5n trong nhi\u1ec1u ch\u1ee9c n\u0103ng m\u1ea1ch kh\u00e1c nhau, \u0111\u1ec3 ph\u00f9 h\u1ee3p v\u1edbi \u1ee9ng d\u1ee5ng c\u1ee5 th\u1ec3.\u00a0Khi \u0111\u01b0\u1ee3c cung c\u1ea5p n\u0103ng l\u01b0\u1ee3ng, ph\u1ea7n \u1ee9ng \u0111i\u1ec7n t\u1eeb \u0111\u01b0\u1ee3c h\u00fat v\u00e0o m\u1ed9t l\u00f2 xo.\u00a0L\u1edbp bao b\u1ecdc epoxy \u0111i\u1ec7n t\u1eeb gi\u00fap t\u1ea3n nhi\u1ec7t m\u1ed9t c\u00e1ch hi\u1ec7u qu\u1ea3 b\u1edfi cu\u1ed9n d\u00e2y.\u00a0Van c\u00f3 s\u1eb5n b\u1eb1ng \u0111\u1ed3ng thau (th\u00e9p kh\u00f4ng g\u1ec9 theo y\u00eau c\u1ea7u).\u00a0K\u1ebft n\u1ed1i \u0111i\u1ec7n l\u00e0 d\u00e2y d\u1eabn qu\u1eb7ng c\u1eafm DIN.\u00a0C\u00e1c phi\u00ean b\u1ea3n th\u1eed nghi\u1ec7m v\u00e0 l\u00e0m s\u1ea1ch c\u1ee5 th\u1ec3 v\u00e0 c\u00f4ng su\u1ea5t th\u1ea5p c\u00f3 s\u1eb5n theo y\u00eau c\u1ea7u.    Thi\u1ebft k\u1ebf cu\u1ed9n xo\u1eafn d\u1ea1ng kh\u1ed1i ch\u1ed1ng rung  Thi\u1ebft k\u1ebf nh\u1ecf g\u1ecdn  V\u1ecf b\u1eb1ng \u0111\u1ed3ng thau v\u00e0 th\u00e9p kh\u00f4ng g\u1ec9 v\u1edbi k\u1ebft n\u1ed1i ren  [:en]Type 0300 - Direct-acting 3\/2 way plunger valve  Type 300 is a direct-actingplunger-type solenoid valve available in a variety of different circuit functions, to suit there spective application. When energized, the solenoid armature is drawn against a spring. The solenoid epoxy encapsulation efficiently dissipates the heat generated by the coil. The valve is available in brass (stainless steel on request). Electrical connections are DIN-plug ore leads. Specific testing and cleaning and low power versions are available on request.    Vibration-resistant block-screwed coil design  Compact design  Housing made of brass and stainless steel with threaded connection  [:]\" \/>\n<meta property=\"og:url\" content=\"https:\/\/newskyvn.com\/product\/type-0300\/\" \/>\n<meta property=\"og:site_name\" content=\"NEW SKY CO.,LTD\" \/>\n<meta property=\"article:modified_time\" content=\"2021-09-20T08:44:41+00:00\" \/>\n<meta property=\"og:image\" content=\"https:\/\/newskyvn.com\/wp-content\/uploads\/2021\/09\/0300.jpg\" \/>\n\t<meta property=\"og:image:width\" content=\"500\" \/>\n\t<meta property=\"og:image:height\" content=\"500\" \/>\n<meta name=\"twitter:card\" content=\"summary_large_image\" \/>\n<script type=\"application\/ld+json\" class=\"yoast-schema-graph\">{\"@context\":\"https:\/\/schema.org\",\"@graph\":[{\"@type\":\"WebSite\",\"@id\":\"https:\/\/newskyvn.com\/#website\",\"url\":\"https:\/\/newskyvn.com\/\",\"name\":\"NEW SKY CO.,LTD\",\"description\":\"C\\u00f4ng Ty TNHH S\\u1ea3n Xu\\u1ea5t Th\\u01b0\\u01a1ng M\\u1ea1i D\\u1ecbch V\\u1ee5 T\\u00e2n Thi\\u00ean\",\"potentialAction\":[{\"@type\":\"SearchAction\",\"target\":{\"@type\":\"EntryPoint\",\"urlTemplate\":\"https:\/\/newskyvn.com\/?s={search_term_string}\"},\"query-input\":\"required name=search_term_string\"}],\"inLanguage\":\"en-US\"},{\"@type\":\"ImageObject\",\"@id\":\"https:\/\/newskyvn.com\/product\/type-0300\/#primaryimage\",\"inLanguage\":\"en-US\",\"url\":\"https:\/\/newskyvn.com\/wp-content\/uploads\/2021\/09\/0300.jpg\",\"contentUrl\":\"https:\/\/newskyvn.com\/wp-content\/uploads\/2021\/09\/0300.jpg\",\"width\":500,\"height\":500},{\"@type\":\"WebPage\",\"@id\":\"https:\/\/newskyvn.com\/product\/type-0300\/#webpage\",\"url\":\"https:\/\/newskyvn.com\/product\/type-0300\/\",\"name\":\"Type 0300 - NEW SKY CO.,LTD\",\"isPartOf\":{\"@id\":\"https:\/\/newskyvn.com\/#website\"},\"primaryImageOfPage\":{\"@id\":\"https:\/\/newskyvn.com\/product\/type-0300\/#primaryimage\"},\"datePublished\":\"2021-09-20T08:44:40+00:00\",\"dateModified\":\"2021-09-20T08:44:41+00:00\",\"breadcrumb\":{\"@id\":\"https:\/\/newskyvn.com\/product\/type-0300\/#breadcrumb\"},\"inLanguage\":\"en-US\",\"potentialAction\":[{\"@type\":\"ReadAction\",\"target\":[\"https:\/\/newskyvn.com\/product\/type-0300\/\"]}]},{\"@type\":\"BreadcrumbList\",\"@id\":\"https:\/\/newskyvn.com\/product\/type-0300\/#breadcrumb\",\"itemListElement\":[{\"@type\":\"ListItem\",\"position\":1,\"name\":\"Product\",\"item\":\"https:\/\/newskyvn.com\/en\/san-pham\/\"},{\"@type\":\"ListItem\",\"position\":2,\"name\":\"Type 0300\"}]}]}<\/script>\n<!-- \/ Yoast SEO plugin. -->","_links":{"self":[{"href":"https:\/\/newskyvn.com\/en\/wp-json\/wp\/v2\/product\/1667"}],"collection":[{"href":"https:\/\/newskyvn.com\/en\/wp-json\/wp\/v2\/product"}],"about":[{"href":"https:\/\/newskyvn.com\/en\/wp-json\/wp\/v2\/types\/product"}],"replies":[{"embeddable":true,"href":"https:\/\/newskyvn.com\/en\/wp-json\/wp\/v2\/comments?post=1667"}],"wp:featuredmedia":[{"embeddable":true,"href":"https:\/\/newskyvn.com\/en\/wp-json\/wp\/v2\/media\/1669"}],"wp:attachment":[{"href":"https:\/\/newskyvn.com\/en\/wp-json\/wp\/v2\/media?parent=1667"}],"wp:term":[{"taxonomy":"product_cat","embeddable":true,"href":"https:\/\/newskyvn.com\/en\/wp-json\/wp\/v2\/product_cat?post=1667"},{"taxonomy":"product_tag","embeddable":true,"href":"https:\/\/newskyvn.com\/en\/wp-json\/wp\/v2\/product_tag?post=1667"}],"curies":[{"name":"wp","href":"https:\/\/api.w.org\/{rel}","templated":true}]}}