{"id":1658,"date":"2021-09-20T08:27:03","date_gmt":"2021-09-20T08:27:03","guid":{"rendered":"https:\/\/newskyvn.com\/?post_type=product&#038;p=1658"},"modified":"2021-10-02T08:13:49","modified_gmt":"2021-10-02T08:13:49","slug":"type-6430","status":"publish","type":"product","link":"https:\/\/newskyvn.com\/en\/product\/type-6430\/","title":{"rendered":"Type 6430"},"content":{"rendered":"","protected":false},"excerpt":{"rendered":"<p><strong>Type 6430 &#8211; Piston valve, 3\/2-way, servo-assisted<\/strong><\/p>\n<p>The valve 6430 is a servo-assisted 3\/2-way piston valve. If the valve is not supplied with auxiliary pilot air, a minimum differential pressure is required for the function. Variants: For neutral liquids and gases in the pressure range 1-16 bar in the function NC and NO. &#8211; For technical vacuums up to 3 bar in the function NC and NO. &#8211; With auxiliary pilot air for vacuums up to 8 bar in the function NC and NO. All variants are available as an impulse version to secure the switching position even in the event of power interruptions. The Type 6430 is equipped with a manual override for start-up or manual operation (exception: impulse version). To reduce electrical power consumption during operation, coils with integrated \u201cKick and Drop\u201d (KD) electronics featuring double coil technology are available. A maintenance-free, media-separated 3\/2-way pivoted armature valve Type 0331 is used as a pilot valve. In combination with a plug to DIN EN 175301 \u2013 803 Form A, the valves satisfy degree of protection IP65.<\/p>\n<div class=\"copy\">\n<ul>\n<li>Servo-assisted piston valve from DN8 to DN40<\/li>\n<li>Increased operational safety with pivoted armature technology<\/li>\n<li>Service-friendly manual override<\/li>\n<li>Energy-saving \u201cKick and Drop\u201d or pulse coils<\/li>\n<li>Explosion-proof variants available on request<\/li>\n<\/ul>\n<\/div>\n","protected":false},"featured_media":1660,"comment_status":"open","ping_status":"closed","template":"","meta":[],"product_cat":[103,127,142],"product_tag":[],"yoast_head":"<!-- This site is optimized with the Yoast SEO plugin v16.6.1 - https:\/\/yoast.com\/wordpress\/plugins\/seo\/ -->\n<title>Type 6430 - NEW SKY CO.,LTD<\/title>\n<meta name=\"robots\" content=\"index, follow, max-snippet:-1, max-image-preview:large, max-video-preview:-1\" \/>\n<link rel=\"canonical\" href=\"https:\/\/newskyvn.com\/product\/type-6430\/\" \/>\n<meta property=\"og:locale\" content=\"en_US\" \/>\n<meta property=\"og:type\" content=\"article\" \/>\n<meta property=\"og:title\" content=\"Type 6430 - NEW SKY CO.,LTD\" \/>\n<meta property=\"og:description\" content=\"[:vi]Ki\u1ec3u 6430 - Van piston, 3\/2 ng\u00f5, h\u1ed7 tr\u1ee3 servo  Van 6430 l\u00e0 van piston 3\/2 chi\u1ec1u c\u00f3 tr\u1ee3 l\u1ef1c servo.\u00a0N\u1ebfu van kh\u00f4ng \u0111\u01b0\u1ee3c cung c\u1ea5p kh\u00ed d\u1eabn ph\u1ee5, th\u00ec c\u1ea7n ph\u1ea3i c\u00f3 ch\u00eanh l\u1ec7ch \u00e1p su\u1ea5t t\u1ed1i thi\u1ec3u cho ch\u1ee9c n\u0103ng n\u00e0y.\u00a0C\u00e1c bi\u1ebfn th\u1ec3: \u0110\u1ed1i v\u1edbi ch\u1ea5t l\u1ecfng v\u00e0 kh\u00ed trung t\u00ednh trong ph\u1ea1m vi \u00e1p su\u1ea5t 1-16 bar trong h\u00e0m NC v\u00e0 NO.\u00a0- \u0110\u1ed1i v\u1edbi m\u00e1y h\u00fat k\u1ef9 thu\u1eadt l\u00ean \u0111\u1ebfn 3 bar \u1edf ch\u1ee9c n\u0103ng NC v\u00e0 NO.\u00a0- V\u1edbi kh\u00f4ng kh\u00ed ph\u1ee5 tr\u1ee3 cho m\u00e1y h\u00fat b\u1ee5i l\u00ean \u0111\u1ebfn 8 bar \u1edf ch\u1ee9c n\u0103ng NC v\u00e0 NO.\u00a0T\u1ea5t c\u1ea3 c\u00e1c bi\u1ebfn th\u1ec3 \u0111\u1ec1u c\u00f3 s\u1eb5n d\u01b0\u1edbi d\u1ea1ng phi\u00ean b\u1ea3n xung \u0111\u1ec3 \u0111\u1ea3m b\u1ea3o v\u1ecb tr\u00ed chuy\u1ec3n m\u1ea1ch ngay c\u1ea3 trong tr\u01b0\u1eddng h\u1ee3p ngu\u1ed3n \u0111i\u1ec7n b\u1ecb gi\u00e1n \u0111o\u1ea1n.\u00a0Ki\u1ec3u 6430 \u0111\u01b0\u1ee3c trang b\u1ecb ghi \u0111\u00e8 th\u1ee7 c\u00f4ng \u0111\u1ec3 kh\u1edfi \u0111\u1ed9ng ho\u1eb7c v\u1eadn h\u00e0nh b\u1eb1ng tay (ngo\u1ea1i l\u1ec7: phi\u00ean b\u1ea3n xung l\u1ef1c).\u00a0\u0110\u1ec3 gi\u1ea3m ti\u00eau th\u1ee5 \u0111i\u1ec7n n\u0103ng trong qu\u00e1 tr\u00ecnh v\u1eadn h\u00e0nh, c\u00e1c cu\u1ed9n d\u00e2y c\u00f3 t\u00edch h\u1ee3p thi\u1ebft b\u1ecb \u0111i\u1ec7n t\u1eed \u201cKick and Drop\u201d (KD) c\u00f3 c\u00f4ng ngh\u1ec7 cu\u1ed9n d\u00e2y k\u00e9p.\u00a0Kh\u00f4ng c\u1ea7n b\u1ea3o tr\u00ec,\u00a0Van ph\u1ea7n \u1ee9ng 3\/2 chi\u1ec1u \u0111\u01b0\u1ee3c ph\u00e2n c\u00e1ch b\u1eb1ng ph\u01b0\u01a1ng ti\u1ec7n truy\u1ec1n th\u00f4ng Ki\u1ec3u 0331 \u0111\u01b0\u1ee3c s\u1eed d\u1ee5ng nh\u01b0 m\u1ed9t van hoa ti\u00eau.\u00a0K\u1ebft h\u1ee3p v\u1edbi ph\u00edch c\u1eafm DIN EN 175301 - 803 D\u1ea1ng A, c\u00e1c van \u0111\u00e1p \u1ee9ng m\u1ee9c \u0111\u1ed9 b\u1ea3o v\u1ec7 IP65.    Van piston h\u1ed7 tr\u1ee3 Servo t\u1eeb DN8 \u0111\u1ebfn DN40  T\u0103ng c\u01b0\u1eddng an to\u00e0n v\u1eadn h\u00e0nh v\u1edbi c\u00f4ng ngh\u1ec7 ph\u1ea7n \u1ee9ng xoay  Ghi \u0111\u00e8 th\u1ee7 c\u00f4ng th\u00e2n thi\u1ec7n v\u1edbi d\u1ecbch v\u1ee5  Ti\u1ebft ki\u1ec7m n\u0103ng l\u01b0\u1ee3ng &quot;Kick and Drop&quot; ho\u1eb7c cu\u1ed9n d\u00e2y xung  C\u00e1c bi\u1ebfn th\u1ec3 ch\u1ed1ng ch\u00e1y n\u1ed5 c\u00f3 s\u1eb5n theo y\u00eau c\u1ea7u  [:en]Type 6430 - Piston valve, 3\/2-way, servo-assisted  The valve 6430 is a servo-assisted 3\/2-way piston valve. If the valve is not supplied with auxiliary pilot air, a minimum differential pressure is required for the function. Variants: For neutral liquids and gases in the pressure range 1-16 bar in the function NC and NO. - For technical vacuums up to 3 bar in the function NC and NO. - With auxiliary pilot air for vacuums up to 8 bar in the function NC and NO. All variants are available as an impulse version to secure the switching position even in the event of power interruptions. The Type 6430 is equipped with a manual override for start-up or manual operation (exception: impulse version). To reduce electrical power consumption during operation, coils with integrated \u201cKick and Drop\u201d (KD) electronics featuring double coil technology are available. A maintenance-free, media-separated 3\/2-way pivoted armature valve Type 0331 is used as a pilot valve. In combination with a plug to DIN EN 175301 \u2013 803 Form A, the valves satisfy degree of protection IP65.    Servo-assisted piston valve from DN8 to DN40  Increased operational safety with pivoted armature technology  Service-friendly manual override  Energy-saving \u201cKick and Drop\u201d or pulse coils  Explosion-proof variants available on request  [:]\" \/>\n<meta property=\"og:url\" content=\"https:\/\/newskyvn.com\/product\/type-6430\/\" \/>\n<meta property=\"og:site_name\" content=\"NEW SKY CO.,LTD\" \/>\n<meta property=\"article:modified_time\" content=\"2021-10-02T08:13:49+00:00\" \/>\n<meta property=\"og:image\" content=\"https:\/\/newskyvn.com\/wp-content\/uploads\/2021\/09\/6430.jpg\" \/>\n\t<meta property=\"og:image:width\" content=\"500\" \/>\n\t<meta property=\"og:image:height\" content=\"500\" \/>\n<meta name=\"twitter:card\" content=\"summary_large_image\" \/>\n<script type=\"application\/ld+json\" class=\"yoast-schema-graph\">{\"@context\":\"https:\/\/schema.org\",\"@graph\":[{\"@type\":\"WebSite\",\"@id\":\"https:\/\/newskyvn.com\/#website\",\"url\":\"https:\/\/newskyvn.com\/\",\"name\":\"NEW SKY CO.,LTD\",\"description\":\"C\\u00f4ng Ty TNHH S\\u1ea3n Xu\\u1ea5t Th\\u01b0\\u01a1ng M\\u1ea1i D\\u1ecbch V\\u1ee5 T\\u00e2n Thi\\u00ean\",\"potentialAction\":[{\"@type\":\"SearchAction\",\"target\":{\"@type\":\"EntryPoint\",\"urlTemplate\":\"https:\/\/newskyvn.com\/?s={search_term_string}\"},\"query-input\":\"required name=search_term_string\"}],\"inLanguage\":\"en-US\"},{\"@type\":\"ImageObject\",\"@id\":\"https:\/\/newskyvn.com\/product\/type-6430\/#primaryimage\",\"inLanguage\":\"en-US\",\"url\":\"https:\/\/newskyvn.com\/wp-content\/uploads\/2021\/09\/6430.jpg\",\"contentUrl\":\"https:\/\/newskyvn.com\/wp-content\/uploads\/2021\/09\/6430.jpg\",\"width\":500,\"height\":500},{\"@type\":\"WebPage\",\"@id\":\"https:\/\/newskyvn.com\/product\/type-6430\/#webpage\",\"url\":\"https:\/\/newskyvn.com\/product\/type-6430\/\",\"name\":\"Type 6430 - NEW SKY CO.,LTD\",\"isPartOf\":{\"@id\":\"https:\/\/newskyvn.com\/#website\"},\"primaryImageOfPage\":{\"@id\":\"https:\/\/newskyvn.com\/product\/type-6430\/#primaryimage\"},\"datePublished\":\"2021-09-20T08:27:03+00:00\",\"dateModified\":\"2021-10-02T08:13:49+00:00\",\"breadcrumb\":{\"@id\":\"https:\/\/newskyvn.com\/product\/type-6430\/#breadcrumb\"},\"inLanguage\":\"en-US\",\"potentialAction\":[{\"@type\":\"ReadAction\",\"target\":[\"https:\/\/newskyvn.com\/product\/type-6430\/\"]}]},{\"@type\":\"BreadcrumbList\",\"@id\":\"https:\/\/newskyvn.com\/product\/type-6430\/#breadcrumb\",\"itemListElement\":[{\"@type\":\"ListItem\",\"position\":1,\"name\":\"Product\",\"item\":\"https:\/\/newskyvn.com\/en\/san-pham\/\"},{\"@type\":\"ListItem\",\"position\":2,\"name\":\"Type 6430\"}]}]}<\/script>\n<!-- \/ Yoast SEO plugin. -->","_links":{"self":[{"href":"https:\/\/newskyvn.com\/en\/wp-json\/wp\/v2\/product\/1658"}],"collection":[{"href":"https:\/\/newskyvn.com\/en\/wp-json\/wp\/v2\/product"}],"about":[{"href":"https:\/\/newskyvn.com\/en\/wp-json\/wp\/v2\/types\/product"}],"replies":[{"embeddable":true,"href":"https:\/\/newskyvn.com\/en\/wp-json\/wp\/v2\/comments?post=1658"}],"wp:featuredmedia":[{"embeddable":true,"href":"https:\/\/newskyvn.com\/en\/wp-json\/wp\/v2\/media\/1660"}],"wp:attachment":[{"href":"https:\/\/newskyvn.com\/en\/wp-json\/wp\/v2\/media?parent=1658"}],"wp:term":[{"taxonomy":"product_cat","embeddable":true,"href":"https:\/\/newskyvn.com\/en\/wp-json\/wp\/v2\/product_cat?post=1658"},{"taxonomy":"product_tag","embeddable":true,"href":"https:\/\/newskyvn.com\/en\/wp-json\/wp\/v2\/product_tag?post=1658"}],"curies":[{"name":"wp","href":"https:\/\/api.w.org\/{rel}","templated":true}]}}