{"id":1653,"date":"2021-09-20T08:19:40","date_gmt":"2021-09-20T08:19:40","guid":{"rendered":"https:\/\/newskyvn.com\/?post_type=product&#038;p=1653"},"modified":"2021-09-20T08:19:41","modified_gmt":"2021-09-20T08:19:41","slug":"type-7012","status":"publish","type":"product","link":"https:\/\/newskyvn.com\/en\/product\/type-7012\/","title":{"rendered":"Type 7012"},"content":{"rendered":"","protected":false},"excerpt":{"rendered":"<p><strong>Type 7012 &#8211; Direct-acting 3\/2-way plunger valve<\/strong><\/p>\n<p>The 7012 valve is a direct-acting plunger valve. The stopper and the core guide tube are welded together to enhance pressure resistance and leak-tightness. Various body and seal material combinations are available depending on the actual application. A B\u00fcrkert-specific flange variant (SFB) enables the space-saving arrangement of valves on a multiple manifold. The range is supplemented by explosion-proof versions. Push-in fittings can be selected for a flexible hose connection. A banjo connection with banjo bolt is the ideal solution for easy direct mounting on a pneumatic actuator. Optional manual override enables quick start-up and optimal maintenance. In combination with a plug to industry standard Form B or DIN EN 17301-803 Form C, the valves satisfy degree of protection IP65.<\/p>\n<div class=\"copy\">\n<ul>\n<li>Direct-acting and compact small valve up to DN 1.6<\/li>\n<li>Slipped over coil system<\/li>\n<li>Banjo fitting for direct mounting on pneumatic valves<\/li>\n<li>Simple and fast push-in, flange or manifold mounting<\/li>\n<li>Explosion-proof versions<\/li>\n<\/ul>\n<\/div>\n","protected":false},"featured_media":1655,"comment_status":"open","ping_status":"closed","template":"","meta":[],"product_cat":[103,127],"product_tag":[],"yoast_head":"<!-- This site is optimized with the Yoast SEO plugin v16.6.1 - https:\/\/yoast.com\/wordpress\/plugins\/seo\/ -->\n<title>Type 7012 - NEW SKY CO.,LTD<\/title>\n<meta name=\"robots\" content=\"index, follow, max-snippet:-1, max-image-preview:large, max-video-preview:-1\" \/>\n<link rel=\"canonical\" href=\"https:\/\/newskyvn.com\/product\/type-7012\/\" \/>\n<meta property=\"og:locale\" content=\"en_US\" \/>\n<meta property=\"og:type\" content=\"article\" \/>\n<meta property=\"og:title\" content=\"Type 7012 - NEW SKY CO.,LTD\" \/>\n<meta property=\"og:description\" content=\"[:vi]Ki\u1ec3u 7012 - Van pit t\u00f4ng 3\/2 ng\u00f5 t\u00e1c \u0111\u1ed9ng tr\u1ef1c ti\u1ebfp  Van 7012 l\u00e0 van pit t\u00f4ng t\u00e1c \u0111\u1ed9ng tr\u1ef1c ti\u1ebfp.\u00a0N\u00fat v\u00e0 \u1ed1ng d\u1eabn h\u01b0\u1edbng l\u00f5i \u0111\u01b0\u1ee3c h\u00e0n v\u1edbi nhau \u0111\u1ec3 t\u0103ng c\u01b0\u1eddng kh\u1ea3 n\u0103ng ch\u1ecbu \u00e1p l\u1ef1c v\u00e0 ch\u1ed1ng r\u00f2 r\u1ec9.\u00a0C\u00f3 nhi\u1ec1u c\u00e1ch k\u1ebft h\u1ee3p v\u1eadt li\u1ec7u th\u00e2n v\u00e0 ph\u1edbt kh\u00e1c nhau t\u00f9y thu\u1ed9c v\u00e0o \u1ee9ng d\u1ee5ng th\u1ef1c t\u1ebf.\u00a0M\u1ed9t bi\u1ebfn th\u1ec3 m\u1eb7t b\u00edch c\u1ee5 th\u1ec3 c\u1ee7a B\u00fcrkert (SFB) cho ph\u00e9p b\u1ed1 tr\u00ed c\u00e1c van ti\u1ebft ki\u1ec7m kh\u00f4ng gian tr\u00ean nhi\u1ec1u \u1ed1ng g\u00f3p.\u00a0Ph\u1ea1m vi \u0111\u01b0\u1ee3c b\u1ed5 sung b\u1eb1ng c\u00e1c phi\u00ean b\u1ea3n ch\u1ed1ng ch\u00e1y n\u1ed5.\u00a0C\u00f3 th\u1ec3 ch\u1ecdn ph\u1ee5 ki\u1ec7n \u0111\u1ea9y v\u00e0o cho k\u1ebft n\u1ed1i \u1ed1ng m\u1ec1m.\u00a0K\u1ebft n\u1ed1i banjo v\u1edbi bu l\u00f4ng banjo l\u00e0 gi\u1ea3i ph\u00e1p l\u00fd t\u01b0\u1edfng \u0111\u1ec3 d\u1ec5 d\u00e0ng l\u1eafp tr\u1ef1c ti\u1ebfp v\u00e0o thi\u1ebft b\u1ecb truy\u1ec1n \u0111\u1ed9ng kh\u00ed n\u00e9n.\u00a0Ghi \u0111\u00e8 th\u1ee7 c\u00f4ng t\u00f9y ch\u1ecdn cho ph\u00e9p kh\u1edfi \u0111\u1ed9ng nhanh v\u00e0 b\u1ea3o tr\u00ec t\u1ed1i \u01b0u.\u00a0K\u1ebft h\u1ee3p v\u1edbi ph\u00edch c\u1eafm theo ti\u00eau chu\u1ea9n c\u00f4ng nghi\u1ec7p M\u1eabu B ho\u1eb7c DIN EN 17301-803 M\u1eabu C, c\u00e1c van \u0111\u00e1p \u1ee9ng m\u1ee9c \u0111\u1ed9 b\u1ea3o v\u1ec7 IP65.    Van nh\u1ecf g\u1ecdn v\u00e0 t\u00e1c \u0111\u1ed9ng tr\u1ef1c ti\u1ebfp l\u00ean \u0111\u1ebfn DN 1.6  Tr\u01b0\u1ee3t qua h\u1ec7 th\u1ed1ng cu\u1ed9n d\u00e2y  Banjo l\u1eafp tr\u1ef1c ti\u1ebfp tr\u00ean van kh\u00ed n\u00e9n  G\u1eafn v\u00e0o, l\u1eafp m\u1eb7t b\u00edch ho\u1eb7c \u1ed1ng g\u00f3p \u0111\u01a1n gi\u1ea3n v\u00e0 nhanh ch\u00f3ng  Phi\u00ean b\u1ea3n ch\u1ed1ng ch\u00e1y n\u1ed5  [:en]Type 7012 - Direct-acting 3\/2-way plunger valve  The 7012 valve is a direct-acting plunger valve. The stopper and the core guide tube are welded together to enhance pressure resistance and leak-tightness. Various body and seal material combinations are available depending on the actual application. A B\u00fcrkert-specific flange variant (SFB) enables the space-saving arrangement of valves on a multiple manifold. The range is supplemented by explosion-proof versions. Push-in fittings can be selected for a flexible hose connection. A banjo connection with banjo bolt is the ideal solution for easy direct mounting on a pneumatic actuator. Optional manual override enables quick start-up and optimal maintenance. In combination with a plug to industry standard Form B or DIN EN 17301-803 Form C, the valves satisfy degree of protection IP65.    Direct-acting and compact small valve up to DN 1.6  Slipped over coil system  Banjo fitting for direct mounting on pneumatic valves  Simple and fast push-in, flange or manifold mounting  Explosion-proof versions  [:]\" \/>\n<meta property=\"og:url\" content=\"https:\/\/newskyvn.com\/product\/type-7012\/\" \/>\n<meta property=\"og:site_name\" content=\"NEW SKY CO.,LTD\" \/>\n<meta property=\"article:modified_time\" content=\"2021-09-20T08:19:41+00:00\" \/>\n<meta property=\"og:image\" content=\"https:\/\/newskyvn.com\/wp-content\/uploads\/2021\/09\/7012.jpg\" \/>\n\t<meta property=\"og:image:width\" content=\"500\" \/>\n\t<meta property=\"og:image:height\" content=\"500\" \/>\n<meta name=\"twitter:card\" content=\"summary_large_image\" \/>\n<script type=\"application\/ld+json\" class=\"yoast-schema-graph\">{\"@context\":\"https:\/\/schema.org\",\"@graph\":[{\"@type\":\"WebSite\",\"@id\":\"https:\/\/newskyvn.com\/#website\",\"url\":\"https:\/\/newskyvn.com\/\",\"name\":\"NEW SKY CO.,LTD\",\"description\":\"C\\u00f4ng Ty TNHH S\\u1ea3n Xu\\u1ea5t Th\\u01b0\\u01a1ng M\\u1ea1i D\\u1ecbch V\\u1ee5 T\\u00e2n Thi\\u00ean\",\"potentialAction\":[{\"@type\":\"SearchAction\",\"target\":{\"@type\":\"EntryPoint\",\"urlTemplate\":\"https:\/\/newskyvn.com\/?s={search_term_string}\"},\"query-input\":\"required name=search_term_string\"}],\"inLanguage\":\"en-US\"},{\"@type\":\"ImageObject\",\"@id\":\"https:\/\/newskyvn.com\/product\/type-7012\/#primaryimage\",\"inLanguage\":\"en-US\",\"url\":\"https:\/\/newskyvn.com\/wp-content\/uploads\/2021\/09\/7012.jpg\",\"contentUrl\":\"https:\/\/newskyvn.com\/wp-content\/uploads\/2021\/09\/7012.jpg\",\"width\":500,\"height\":500},{\"@type\":\"WebPage\",\"@id\":\"https:\/\/newskyvn.com\/product\/type-7012\/#webpage\",\"url\":\"https:\/\/newskyvn.com\/product\/type-7012\/\",\"name\":\"Type 7012 - NEW SKY CO.,LTD\",\"isPartOf\":{\"@id\":\"https:\/\/newskyvn.com\/#website\"},\"primaryImageOfPage\":{\"@id\":\"https:\/\/newskyvn.com\/product\/type-7012\/#primaryimage\"},\"datePublished\":\"2021-09-20T08:19:40+00:00\",\"dateModified\":\"2021-09-20T08:19:41+00:00\",\"breadcrumb\":{\"@id\":\"https:\/\/newskyvn.com\/product\/type-7012\/#breadcrumb\"},\"inLanguage\":\"en-US\",\"potentialAction\":[{\"@type\":\"ReadAction\",\"target\":[\"https:\/\/newskyvn.com\/product\/type-7012\/\"]}]},{\"@type\":\"BreadcrumbList\",\"@id\":\"https:\/\/newskyvn.com\/product\/type-7012\/#breadcrumb\",\"itemListElement\":[{\"@type\":\"ListItem\",\"position\":1,\"name\":\"Product\",\"item\":\"https:\/\/newskyvn.com\/en\/san-pham\/\"},{\"@type\":\"ListItem\",\"position\":2,\"name\":\"Type 7012\"}]}]}<\/script>\n<!-- \/ Yoast SEO plugin. -->","_links":{"self":[{"href":"https:\/\/newskyvn.com\/en\/wp-json\/wp\/v2\/product\/1653"}],"collection":[{"href":"https:\/\/newskyvn.com\/en\/wp-json\/wp\/v2\/product"}],"about":[{"href":"https:\/\/newskyvn.com\/en\/wp-json\/wp\/v2\/types\/product"}],"replies":[{"embeddable":true,"href":"https:\/\/newskyvn.com\/en\/wp-json\/wp\/v2\/comments?post=1653"}],"wp:featuredmedia":[{"embeddable":true,"href":"https:\/\/newskyvn.com\/en\/wp-json\/wp\/v2\/media\/1655"}],"wp:attachment":[{"href":"https:\/\/newskyvn.com\/en\/wp-json\/wp\/v2\/media?parent=1653"}],"wp:term":[{"taxonomy":"product_cat","embeddable":true,"href":"https:\/\/newskyvn.com\/en\/wp-json\/wp\/v2\/product_cat?post=1653"},{"taxonomy":"product_tag","embeddable":true,"href":"https:\/\/newskyvn.com\/en\/wp-json\/wp\/v2\/product_tag?post=1653"}],"curies":[{"name":"wp","href":"https:\/\/api.w.org\/{rel}","templated":true}]}}