{"id":1644,"date":"2021-09-20T07:44:26","date_gmt":"2021-09-20T07:44:26","guid":{"rendered":"https:\/\/newskyvn.com\/?post_type=product&#038;p=1644"},"modified":"2021-09-20T07:44:26","modified_gmt":"2021-09-20T07:44:26","slug":"type-0201","status":"publish","type":"product","link":"https:\/\/newskyvn.com\/en\/product\/type-0201\/","title":{"rendered":"Type 0201"},"content":{"rendered":"","protected":false},"excerpt":{"rendered":"<p><strong>Type 0201 &#8211; Direct-acting 2\/2 way plunger valve<\/strong><\/p>\n<p>Type 201 is a normally-closed direct-acting plunger-type solenoid valve. Direct-acting, Sub-base When energized, the solenoid armatureis drawn in against a spring to open the valve. The solenoid epoxy encapsulation efficiently dissipates the heat generated by the coil.<\/p>\n<div class=\"copy\">\n<ul>\n<li>Vibration-resistant block-screwed coil design<\/li>\n<li>Compact design, up to DN 1,6<\/li>\n<li>Housing made of brass and stainless steel with B\u00fcrkert flange SFB<\/li>\n<\/ul>\n<\/div>\n","protected":false},"featured_media":1646,"comment_status":"open","ping_status":"closed","template":"","meta":[],"product_cat":[103,104],"product_tag":[],"yoast_head":"<!-- This site is optimized with the Yoast SEO plugin v16.6.1 - https:\/\/yoast.com\/wordpress\/plugins\/seo\/ -->\n<title>Type 0201 - NEW SKY CO.,LTD<\/title>\n<meta name=\"robots\" content=\"index, follow, max-snippet:-1, max-image-preview:large, max-video-preview:-1\" \/>\n<link rel=\"canonical\" href=\"https:\/\/newskyvn.com\/product\/type-0201\/\" \/>\n<meta property=\"og:locale\" content=\"en_US\" \/>\n<meta property=\"og:type\" content=\"article\" \/>\n<meta property=\"og:title\" content=\"Type 0201 - NEW SKY CO.,LTD\" \/>\n<meta property=\"og:description\" content=\"[:vi]Ki\u1ec3u 0201 - Van p\u00edt t\u00f4ng 2\/2 ng\u00f5 t\u00e1c \u0111\u1ed9ng tr\u1ef1c ti\u1ebfp  Ki\u1ec3u 201 l\u00e0 van \u0111i\u1ec7n t\u1eeb ki\u1ec3u pit t\u00f4ng t\u00e1c \u0111\u1ed9ng tr\u1ef1c ti\u1ebfp th\u01b0\u1eddng \u0111\u00f3ng. T\u00e1c \u0111\u1ed9ng tr\u1ef1c ti\u1ebfp, \u0110\u1ebf ph\u1ee5 Khi \u0111\u01b0\u1ee3c c\u1ea5p \u0111i\u1ec7n, ph\u1ea7n \u1ee9ng \u0111i\u1ec7n t\u1eeb h\u00fat v\u00e0o l\u00f2 xo \u0111\u1ec3 m\u1edf van.\u00a0L\u1edbp bao b\u1ecdc epoxy \u0111i\u1ec7n t\u1eeb gi\u00fap t\u1ea3n nhi\u1ec7t m\u1ed9t c\u00e1ch hi\u1ec7u qu\u1ea3 b\u1edfi cu\u1ed9n d\u00e2y.    Thi\u1ebft k\u1ebf cu\u1ed9n xo\u1eafn d\u1ea1ng kh\u1ed1i ch\u1ed1ng rung  Thi\u1ebft k\u1ebf nh\u1ecf g\u1ecdn, l\u00ean \u0111\u1ebfn DN 1,6  V\u1ecf l\u00e0m b\u1eb1ng \u0111\u1ed3ng thau v\u00e0 th\u00e9p kh\u00f4ng g\u1ec9 v\u1edbi m\u1eb7t b\u00edch B\u00fcrkert SFB  [:en]Type 0201 - Direct-acting 2\/2 way plunger valve  Type 201 is a normally-closed direct-acting plunger-type solenoid valve. Direct-acting, Sub-base When energized, the solenoid armatureis drawn in against a spring to open the valve. The solenoid epoxy encapsulation efficiently dissipates the heat generated by the coil.    Vibration-resistant block-screwed coil design  Compact design, up to DN 1,6  Housing made of brass and stainless steel with B\u00fcrkert flange SFB  [:]\" \/>\n<meta property=\"og:url\" content=\"https:\/\/newskyvn.com\/product\/type-0201\/\" \/>\n<meta property=\"og:site_name\" content=\"NEW SKY CO.,LTD\" \/>\n<meta property=\"og:image\" content=\"https:\/\/newskyvn.com\/wp-content\/uploads\/2021\/09\/0201.jpg\" \/>\n\t<meta property=\"og:image:width\" content=\"500\" \/>\n\t<meta property=\"og:image:height\" content=\"500\" \/>\n<meta name=\"twitter:card\" content=\"summary_large_image\" \/>\n<script type=\"application\/ld+json\" class=\"yoast-schema-graph\">{\"@context\":\"https:\/\/schema.org\",\"@graph\":[{\"@type\":\"WebSite\",\"@id\":\"https:\/\/newskyvn.com\/#website\",\"url\":\"https:\/\/newskyvn.com\/\",\"name\":\"NEW SKY CO.,LTD\",\"description\":\"C\\u00f4ng Ty TNHH S\\u1ea3n Xu\\u1ea5t Th\\u01b0\\u01a1ng M\\u1ea1i D\\u1ecbch V\\u1ee5 T\\u00e2n Thi\\u00ean\",\"potentialAction\":[{\"@type\":\"SearchAction\",\"target\":{\"@type\":\"EntryPoint\",\"urlTemplate\":\"https:\/\/newskyvn.com\/?s={search_term_string}\"},\"query-input\":\"required name=search_term_string\"}],\"inLanguage\":\"en-US\"},{\"@type\":\"ImageObject\",\"@id\":\"https:\/\/newskyvn.com\/product\/type-0201\/#primaryimage\",\"inLanguage\":\"en-US\",\"url\":\"https:\/\/newskyvn.com\/wp-content\/uploads\/2021\/09\/0201.jpg\",\"contentUrl\":\"https:\/\/newskyvn.com\/wp-content\/uploads\/2021\/09\/0201.jpg\",\"width\":500,\"height\":500},{\"@type\":\"WebPage\",\"@id\":\"https:\/\/newskyvn.com\/product\/type-0201\/#webpage\",\"url\":\"https:\/\/newskyvn.com\/product\/type-0201\/\",\"name\":\"Type 0201 - NEW SKY CO.,LTD\",\"isPartOf\":{\"@id\":\"https:\/\/newskyvn.com\/#website\"},\"primaryImageOfPage\":{\"@id\":\"https:\/\/newskyvn.com\/product\/type-0201\/#primaryimage\"},\"datePublished\":\"2021-09-20T07:44:26+00:00\",\"dateModified\":\"2021-09-20T07:44:26+00:00\",\"breadcrumb\":{\"@id\":\"https:\/\/newskyvn.com\/product\/type-0201\/#breadcrumb\"},\"inLanguage\":\"en-US\",\"potentialAction\":[{\"@type\":\"ReadAction\",\"target\":[\"https:\/\/newskyvn.com\/product\/type-0201\/\"]}]},{\"@type\":\"BreadcrumbList\",\"@id\":\"https:\/\/newskyvn.com\/product\/type-0201\/#breadcrumb\",\"itemListElement\":[{\"@type\":\"ListItem\",\"position\":1,\"name\":\"Product\",\"item\":\"https:\/\/newskyvn.com\/en\/san-pham\/\"},{\"@type\":\"ListItem\",\"position\":2,\"name\":\"Type 0201\"}]}]}<\/script>\n<!-- \/ Yoast SEO plugin. -->","_links":{"self":[{"href":"https:\/\/newskyvn.com\/en\/wp-json\/wp\/v2\/product\/1644"}],"collection":[{"href":"https:\/\/newskyvn.com\/en\/wp-json\/wp\/v2\/product"}],"about":[{"href":"https:\/\/newskyvn.com\/en\/wp-json\/wp\/v2\/types\/product"}],"replies":[{"embeddable":true,"href":"https:\/\/newskyvn.com\/en\/wp-json\/wp\/v2\/comments?post=1644"}],"wp:featuredmedia":[{"embeddable":true,"href":"https:\/\/newskyvn.com\/en\/wp-json\/wp\/v2\/media\/1646"}],"wp:attachment":[{"href":"https:\/\/newskyvn.com\/en\/wp-json\/wp\/v2\/media?parent=1644"}],"wp:term":[{"taxonomy":"product_cat","embeddable":true,"href":"https:\/\/newskyvn.com\/en\/wp-json\/wp\/v2\/product_cat?post=1644"},{"taxonomy":"product_tag","embeddable":true,"href":"https:\/\/newskyvn.com\/en\/wp-json\/wp\/v2\/product_tag?post=1644"}],"curies":[{"name":"wp","href":"https:\/\/api.w.org\/{rel}","templated":true}]}}