{"id":1634,"date":"2021-09-20T07:10:34","date_gmt":"2021-09-20T07:10:34","guid":{"rendered":"https:\/\/newskyvn.com\/?post_type=product&#038;p=1634"},"modified":"2021-10-02T09:39:43","modified_gmt":"2021-10-02T09:39:43","slug":"type-0142","status":"publish","type":"product","link":"https:\/\/newskyvn.com\/en\/product\/type-0142\/","title":{"rendered":"Type 0142"},"content":{"rendered":"","protected":false},"excerpt":{"rendered":"<p><strong>Type 0142 &#8211; Diaphragm valve 2\/2 way servo-assisted<\/strong><\/p>\n<p>The 0142 valve is a servo-assisted diaphragm valve. A minimum differential pressure of 0.5 bar is required to open and close the valve. Various diaphragm material combinations and methods of operation are available depending on the application. The 3\/2 way pilot valve can be easily converted from NC to NO functioning principle by rotating it on the main seat. The pilot valve position feedback can take place with a switching or NAMUR signal. The solenoid coils are moulded with a chemically resistant epoxy. The 0142 is equipped with manual override for commissioning and testing. To reduce power consumption in operation, coils with &#8220;Kick and Drop&#8221; (KD) electronics (double coil technology) are available. In combination with a cable plug in accordance with DIN EN 175301 &#8211; 803 Form A, the valves satisfy protection class IP65 and NEMA 4X.<\/p>\n<div class=\"copy\">\n<ul>\n<li>Servo-assisted diaphragm with diameter of up to DN50<\/li>\n<li>Plastic valve for aggressive and contaminated media<\/li>\n<li>Media separated, metal-free version<\/li>\n<li>Service-friendly manual override<\/li>\n<li>Switching reliability with feedback function (available as an option)<\/li>\n<\/ul>\n<\/div>\n","protected":false},"featured_media":1636,"comment_status":"open","ping_status":"closed","template":"","meta":[],"product_cat":[103,104,142,106],"product_tag":[],"yoast_head":"<!-- This site is optimized with the Yoast SEO plugin v16.6.1 - https:\/\/yoast.com\/wordpress\/plugins\/seo\/ -->\n<title>Type 0142 - NEW SKY CO.,LTD<\/title>\n<meta name=\"robots\" content=\"index, follow, max-snippet:-1, max-image-preview:large, max-video-preview:-1\" \/>\n<link rel=\"canonical\" href=\"https:\/\/newskyvn.com\/product\/type-0142\/\" \/>\n<meta property=\"og:locale\" content=\"en_US\" \/>\n<meta property=\"og:type\" content=\"article\" \/>\n<meta property=\"og:title\" content=\"Type 0142 - NEW SKY CO.,LTD\" \/>\n<meta property=\"og:description\" content=\"[:vi]Ki\u1ec3u 0142 - Van m\u00e0ng 2\/2 ng\u00f5 h\u1ed7 tr\u1ee3 servo  Van 0142 l\u00e0 van m\u00e0ng c\u00f3 tr\u1ee3 l\u1ef1c servo.\u00a0\u00c1p su\u1ea5t ch\u00eanh l\u1ec7ch t\u1ed1i thi\u1ec3u l\u00e0 0,5 bar l\u00e0 c\u1ea7n thi\u1ebft \u0111\u1ec3 m\u1edf v\u00e0 \u0111\u00f3ng van.\u00a0C\u00e1c k\u1ebft h\u1ee3p v\u1eadt li\u1ec7u m\u00e0ng ng\u0103n kh\u00e1c nhau v\u00e0 c\u00e1c ph\u01b0\u01a1ng ph\u00e1p ho\u1ea1t \u0111\u1ed9ng c\u00f3 s\u1eb5n t\u00f9y thu\u1ed9c v\u00e0o \u1ee9ng d\u1ee5ng.\u00a0Van \u0111i\u1ec1u khi\u1ec3n 3 chi\u1ec1u c\u00f3 th\u1ec3 d\u1ec5 d\u00e0ng chuy\u1ec3n \u0111\u1ed5i t\u1eeb nguy\u00ean t\u1eafc ho\u1ea1t \u0111\u1ed9ng NC sang NO b\u1eb1ng c\u00e1ch xoay n\u00f3 tr\u00ean gh\u1ebf ch\u00ednh.\u00a0Ph\u1ea3n h\u1ed3i v\u1ecb tr\u00ed van hoa ti\u00eau c\u00f3 th\u1ec3 di\u1ec5n ra v\u1edbi t\u00edn hi\u1ec7u chuy\u1ec3n m\u1ea1ch ho\u1eb7c NAMUR.\u00a0C\u00e1c cu\u1ed9n d\u00e2y \u0111i\u1ec7n t\u1eeb \u0111\u01b0\u1ee3c \u0111\u00fac b\u1eb1ng epoxy kh\u00e1ng h\u00f3a ch\u1ea5t.\u00a00142 \u0111\u01b0\u1ee3c trang b\u1ecb t\u00ednh n\u0103ng ghi \u0111\u00e8 th\u1ee7 c\u00f4ng \u0111\u1ec3 v\u1eadn h\u00e0nh v\u00e0 th\u1eed nghi\u1ec7m.\u00a0\u0110\u1ec3 gi\u1ea3m ti\u00eau th\u1ee5 \u0111i\u1ec7n n\u0103ng khi v\u1eadn h\u00e0nh, c\u00f3 s\u1eb5n c\u00e1c cu\u1ed9n d\u00e2y v\u1edbi thi\u1ebft b\u1ecb \u0111i\u1ec7n t\u1eed &quot;Kick and Drop&quot; (KD) (c\u00f4ng ngh\u1ec7 cu\u1ed9n \u0111\u00f4i).\u00a0K\u1ebft h\u1ee3p v\u1edbi ph\u00edch c\u1eafm c\u00e1p ph\u00f9 h\u1ee3p v\u1edbi DIN EN 175301 - 803 D\u1ea1ng A, van \u0111\u00e1p \u1ee9ng c\u1ea5p b\u1ea3o v\u1ec7 IP65 v\u00e0 NEMA 4X.    C\u01a1 ho\u00e0nh h\u1ed7 tr\u1ee3 Servo v\u1edbi \u0111\u01b0\u1eddng k\u00ednh l\u00ean \u0111\u1ebfn DN50  Van nh\u1ef1a cho m\u00f4i tr\u01b0\u1eddng x\u00e2m th\u1ef1c v\u00e0 \u00f4 nhi\u1ec5m  Phi\u00ean b\u1ea3n kh\u00f4ng c\u00f3 kim lo\u1ea1i, t\u00e1ch ph\u01b0\u01a1ng ti\u1ec7n  Ghi \u0111\u00e8 th\u1ee7 c\u00f4ng th\u00e2n thi\u1ec7n v\u1edbi d\u1ecbch v\u1ee5  Chuy\u1ec3n \u0111\u1ed5i \u0111\u1ed9 tin c\u1eady v\u1edbi ch\u1ee9c n\u0103ng ph\u1ea3n h\u1ed3i (c\u00f3 s\u1eb5n d\u01b0\u1edbi d\u1ea1ng t\u00f9y ch\u1ecdn)  [:en]Type 0142 - Diaphragm valve 2\/2 way servo-assisted  The 0142 valve is a servo-assisted diaphragm valve. A minimum differential pressure of 0.5 bar is required to open and close the valve. Various diaphragm material combinations and methods of operation are available depending on the application. The 3\/2 way pilot valve can be easily converted from NC to NO functioning principle by rotating it on the main seat. The pilot valve position feedback can take place with a switching or NAMUR signal. The solenoid coils are moulded with a chemically resistant epoxy. The 0142 is equipped with manual override for commissioning and testing. To reduce power consumption in operation, coils with &quot;Kick and Drop&quot; (KD) electronics (double coil technology) are available. In combination with a cable plug in accordance with DIN EN 175301 - 803 Form A, the valves satisfy protection class IP65 and NEMA 4X.    Servo-assisted diaphragm with diameter of up to DN50  Plastic valve for aggressive and contaminated media  Media separated, metal-free version  Service-friendly manual override  Switching reliability with feedback function (available as an option)  [:]\" \/>\n<meta property=\"og:url\" content=\"https:\/\/newskyvn.com\/product\/type-0142\/\" \/>\n<meta property=\"og:site_name\" content=\"NEW SKY CO.,LTD\" \/>\n<meta property=\"article:modified_time\" content=\"2021-10-02T09:39:43+00:00\" \/>\n<meta property=\"og:image\" content=\"https:\/\/newskyvn.com\/wp-content\/uploads\/2021\/09\/0142.jpg\" \/>\n\t<meta property=\"og:image:width\" content=\"500\" \/>\n\t<meta property=\"og:image:height\" content=\"500\" \/>\n<meta name=\"twitter:card\" content=\"summary_large_image\" \/>\n<script type=\"application\/ld+json\" class=\"yoast-schema-graph\">{\"@context\":\"https:\/\/schema.org\",\"@graph\":[{\"@type\":\"WebSite\",\"@id\":\"https:\/\/newskyvn.com\/#website\",\"url\":\"https:\/\/newskyvn.com\/\",\"name\":\"NEW SKY CO.,LTD\",\"description\":\"C\\u00f4ng Ty TNHH S\\u1ea3n Xu\\u1ea5t Th\\u01b0\\u01a1ng M\\u1ea1i D\\u1ecbch V\\u1ee5 T\\u00e2n Thi\\u00ean\",\"potentialAction\":[{\"@type\":\"SearchAction\",\"target\":{\"@type\":\"EntryPoint\",\"urlTemplate\":\"https:\/\/newskyvn.com\/?s={search_term_string}\"},\"query-input\":\"required name=search_term_string\"}],\"inLanguage\":\"en-US\"},{\"@type\":\"ImageObject\",\"@id\":\"https:\/\/newskyvn.com\/product\/type-0142\/#primaryimage\",\"inLanguage\":\"en-US\",\"url\":\"https:\/\/newskyvn.com\/wp-content\/uploads\/2021\/09\/0142.jpg\",\"contentUrl\":\"https:\/\/newskyvn.com\/wp-content\/uploads\/2021\/09\/0142.jpg\",\"width\":500,\"height\":500},{\"@type\":\"WebPage\",\"@id\":\"https:\/\/newskyvn.com\/product\/type-0142\/#webpage\",\"url\":\"https:\/\/newskyvn.com\/product\/type-0142\/\",\"name\":\"Type 0142 - NEW SKY CO.,LTD\",\"isPartOf\":{\"@id\":\"https:\/\/newskyvn.com\/#website\"},\"primaryImageOfPage\":{\"@id\":\"https:\/\/newskyvn.com\/product\/type-0142\/#primaryimage\"},\"datePublished\":\"2021-09-20T07:10:34+00:00\",\"dateModified\":\"2021-10-02T09:39:43+00:00\",\"breadcrumb\":{\"@id\":\"https:\/\/newskyvn.com\/product\/type-0142\/#breadcrumb\"},\"inLanguage\":\"en-US\",\"potentialAction\":[{\"@type\":\"ReadAction\",\"target\":[\"https:\/\/newskyvn.com\/product\/type-0142\/\"]}]},{\"@type\":\"BreadcrumbList\",\"@id\":\"https:\/\/newskyvn.com\/product\/type-0142\/#breadcrumb\",\"itemListElement\":[{\"@type\":\"ListItem\",\"position\":1,\"name\":\"Product\",\"item\":\"https:\/\/newskyvn.com\/en\/san-pham\/\"},{\"@type\":\"ListItem\",\"position\":2,\"name\":\"Type 0142\"}]}]}<\/script>\n<!-- \/ Yoast SEO plugin. -->","_links":{"self":[{"href":"https:\/\/newskyvn.com\/en\/wp-json\/wp\/v2\/product\/1634"}],"collection":[{"href":"https:\/\/newskyvn.com\/en\/wp-json\/wp\/v2\/product"}],"about":[{"href":"https:\/\/newskyvn.com\/en\/wp-json\/wp\/v2\/types\/product"}],"replies":[{"embeddable":true,"href":"https:\/\/newskyvn.com\/en\/wp-json\/wp\/v2\/comments?post=1634"}],"wp:featuredmedia":[{"embeddable":true,"href":"https:\/\/newskyvn.com\/en\/wp-json\/wp\/v2\/media\/1636"}],"wp:attachment":[{"href":"https:\/\/newskyvn.com\/en\/wp-json\/wp\/v2\/media?parent=1634"}],"wp:term":[{"taxonomy":"product_cat","embeddable":true,"href":"https:\/\/newskyvn.com\/en\/wp-json\/wp\/v2\/product_cat?post=1634"},{"taxonomy":"product_tag","embeddable":true,"href":"https:\/\/newskyvn.com\/en\/wp-json\/wp\/v2\/product_tag?post=1634"}],"curies":[{"name":"wp","href":"https:\/\/api.w.org\/{rel}","templated":true}]}}