{"id":1631,"date":"2021-09-20T07:03:45","date_gmt":"2021-09-20T07:03:45","guid":{"rendered":"https:\/\/newskyvn.com\/?post_type=product&#038;p=1631"},"modified":"2021-10-02T09:44:07","modified_gmt":"2021-10-02T09:44:07","slug":"type-0331","status":"publish","type":"product","link":"https:\/\/newskyvn.com\/en\/product\/type-0331\/","title":{"rendered":"Type 0331"},"content":{"rendered":"","protected":false},"excerpt":{"rendered":"<p><strong>Type 0331 &#8211; Direct-acting 2\/2 or 3\/2-way pivoted armature valve<\/strong><\/p>\n<p>The 0331 valve is a direct-acting, media-separated pivoted armature valve. It is available as a 2\/2 and 3\/2-way variant. As a 3\/2-way variant, it can be used as a distributor or mixing valve. Various diaphragm materials and circuit functions are available depending on the actual application. The standard brass body meets all European drinking water requirements. Stainless steel (316L), PVDF, and polypropylene bodies complete the offering. The solenoid coils are moulded with a chemically resistant epoxy. Since the coil system is separated from the medium by a diaphragm, the valve is especially suitable for critical media such as aggressive acids and lyes. The 0331 is equipped with manual override for start-up and testing. To reduce energy demands, all the coils can be delivered with electronic power reduction or as an impulse variant. The switching status can be indicated via position feedback as a binary or NAMUR signal. In combination with a plug to DIN EN 175301-803 Form A, the valves satisfy degree of protection IP65\/67 \u2013 and NEMA 4X when combined with a stainless steel or plastic valve body.<\/p>\n<div class=\"copy\">\n<ul>\n<li>Direct-acting, media-separated valve up to DN 4<\/li>\n<li>Pilot valve with B\u00fcrkert-specific flange variant (SFB)<\/li>\n<li>Maintenance-free pivoted armature technology<\/li>\n<li>Service-friendly, robust manual override<\/li>\n<li>Explosion-proof variants<\/li>\n<\/ul>\n<\/div>\n","protected":false},"featured_media":1632,"comment_status":"open","ping_status":"closed","template":"","meta":[],"product_cat":[103,104,127,106],"product_tag":[],"yoast_head":"<!-- This site is optimized with the Yoast SEO plugin v16.6.1 - https:\/\/yoast.com\/wordpress\/plugins\/seo\/ -->\n<title>Type 0331 - NEW SKY CO.,LTD<\/title>\n<meta name=\"robots\" content=\"index, follow, max-snippet:-1, max-image-preview:large, max-video-preview:-1\" \/>\n<link rel=\"canonical\" href=\"https:\/\/newskyvn.com\/product\/type-0331\/\" \/>\n<meta property=\"og:locale\" content=\"en_US\" \/>\n<meta property=\"og:type\" content=\"article\" \/>\n<meta property=\"og:title\" content=\"Type 0331 - NEW SKY CO.,LTD\" \/>\n<meta property=\"og:description\" content=\"[:vi]Ki\u1ec3u 0331 - Van ph\u1ea7n \u1ee9ng xoay 2\/2 ho\u1eb7c 3\/2 ng\u00f5, t\u00e1c \u0111\u1ed9ng tr\u1ef1c ti\u1ebfp  Van 0331 l\u00e0 lo\u1ea1i van ph\u1ea7n \u1ee9ng c\u00f3 tr\u1ee5c xoay, t\u00e1c \u0111\u1ed9ng tr\u1ef1c ti\u1ebfp \u0111\u01b0\u1ee3c ph\u00e2n t\u00e1ch b\u1eb1ng ph\u01b0\u01a1ng ti\u1ec7n truy\u1ec1n th\u00f4ng.\u00a0N\u00f3 c\u00f3 s\u1eb5n d\u01b0\u1edbi d\u1ea1ng bi\u1ebfn th\u1ec3 2\/2 v\u00e0 3\/2 chi\u1ec1u.\u00a0L\u00e0 m\u1ed9t bi\u1ebfn th\u1ec3 3\/2 chi\u1ec1u, n\u00f3 c\u00f3 th\u1ec3 \u0111\u01b0\u1ee3c s\u1eed d\u1ee5ng nh\u01b0 m\u1ed9t b\u1ed9 ph\u00e2n ph\u1ed1i ho\u1eb7c van tr\u1ed9n.\u00a0Nhi\u1ec1u v\u1eadt li\u1ec7u m\u00e0ng ng\u0103n v\u00e0 c\u00e1c ch\u1ee9c n\u0103ng m\u1ea1ch c\u00f3 s\u1eb5n t\u00f9y thu\u1ed9c v\u00e0o \u1ee9ng d\u1ee5ng th\u1ef1c t\u1ebf.\u00a0Th\u00e2n b\u00ecnh ti\u00eau chu\u1ea9n \u0111\u00e1p \u1ee9ng t\u1ea5t c\u1ea3 c\u00e1c y\u00eau c\u1ea7u v\u1ec1 n\u01b0\u1edbc u\u1ed1ng c\u1ee7a Ch\u00e2u \u00c2u.\u00a0Th\u00e2n b\u1eb1ng th\u00e9p kh\u00f4ng g\u1ec9 (316L), PVDF v\u00e0 polypropylene ho\u00e0n thi\u1ec7n vi\u1ec7c cung c\u1ea5p.\u00a0C\u00e1c cu\u1ed9n d\u00e2y \u0111i\u1ec7n t\u1eeb \u0111\u01b0\u1ee3c \u0111\u00fac b\u1eb1ng epoxy kh\u00e1ng h\u00f3a ch\u1ea5t.\u00a0V\u00ec h\u1ec7 th\u1ed1ng cu\u1ed9n d\u00e2y \u0111\u01b0\u1ee3c ng\u0103n c\u00e1ch v\u1edbi m\u00f4i ch\u1ea5t b\u1eb1ng m\u00e0ng ng\u0103n, van \u0111\u1eb7c bi\u1ec7t th\u00edch h\u1ee3p cho c\u00e1c m\u00f4i ch\u1ea5t quan tr\u1ecdng nh\u01b0 axit m\u1ea1nh v\u00e0 dung d\u1ecbch ki\u1ec1m.\u00a00331 \u0111\u01b0\u1ee3c trang b\u1ecb t\u00ednh n\u0103ng ghi \u0111\u00e8 th\u1ee7 c\u00f4ng \u0111\u1ec3 kh\u1edfi \u0111\u1ed9ng v\u00e0 th\u1eed nghi\u1ec7m.\u00a0\u0110\u1ec3 gi\u1ea3m nhu c\u1ea7u n\u0103ng l\u01b0\u1ee3ng, t\u1ea5t c\u1ea3 c\u00e1c cu\u1ed9n d\u00e2y c\u00f3 th\u1ec3 \u0111\u01b0\u1ee3c cung c\u1ea5p b\u1eb1ng c\u00e1ch gi\u1ea3m c\u00f4ng su\u1ea5t \u0111i\u1ec7n t\u1eed ho\u1eb7c d\u01b0\u1edbi d\u1ea1ng m\u1ed9t bi\u1ebfn th\u1ec3 xung.\u00a0Tr\u1ea1ng th\u00e1i chuy\u1ec3n m\u1ea1ch c\u00f3 th\u1ec3 \u0111\u01b0\u1ee3c ch\u1ec9 ra th\u00f4ng qua ph\u1ea3n h\u1ed3i v\u1ecb tr\u00ed d\u01b0\u1edbi d\u1ea1ng t\u00edn hi\u1ec7u nh\u1ecb ph\u00e2n ho\u1eb7c NAMUR.\u00a0K\u1ebft h\u1ee3p v\u1edbi ph\u00edch c\u1eafm DIN EN 175301-803 D\u1ea1ng A, van \u0111\u00e1p \u1ee9ng m\u1ee9c \u0111\u1ed9 b\u1ea3o v\u1ec7 IP65 \/ 67 - v\u00e0 NEMA 4X khi k\u1ebft h\u1ee3p v\u1edbi th\u00e2n van b\u1eb1ng th\u00e9p kh\u00f4ng g\u1ec9 ho\u1eb7c nh\u1ef1a.    Van ng\u0103n c\u00e1ch m\u00f4i tr\u01b0\u1eddng t\u00e1c \u0111\u1ed9ng tr\u1ef1c ti\u1ebfp l\u00ean \u0111\u1ebfn DN 4  Van th\u00ed \u0111i\u1ec3m v\u1edbi bi\u1ebfn th\u1ec3 m\u1eb7t b\u00edch c\u1ee5 th\u1ec3 c\u1ee7a B\u00fcrkert (SFB)  C\u00f4ng ngh\u1ec7 ph\u1ea7n \u1ee9ng tr\u1ee5c quay kh\u00f4ng c\u1ea7n b\u1ea3o d\u01b0\u1ee1ng  Ghi \u0111\u00e8 th\u1ee7 c\u00f4ng m\u1ea1nh m\u1ebd, th\u00e2n thi\u1ec7n v\u1edbi d\u1ecbch v\u1ee5  C\u00e1c bi\u1ebfn th\u1ec3 ch\u1ed1ng ch\u00e1y n\u1ed5   ph\u1ea7n \u1ee9ng xoay 2\/2 ho\u1eb7c 3\/2 chi\u1ec1u t\u00e1c \u0111\u1ed9ng tr\u1ef1c ti\u1ebfp  &nbsp;[:en]Type 0331 - Direct-acting 2\/2 or 3\/2-way pivoted armature valve  The 0331 valve is a direct-acting, media-separated pivoted armature valve. It is available as a 2\/2 and 3\/2-way variant. As a 3\/2-way variant, it can be used as a distributor or mixing valve. Various diaphragm materials and circuit functions are available depending on the actual application. The standard brass body meets all European drinking water requirements. Stainless steel (316L), PVDF, and polypropylene bodies complete the offering. The solenoid coils are moulded with a chemically resistant epoxy. Since the coil system is separated from the medium by a diaphragm, the valve is especially suitable for critical media such as aggressive acids and lyes. The 0331 is equipped with manual override for start-up and testing. To reduce energy demands, all the coils can be delivered with electronic power reduction or as an impulse variant. The switching status can be indicated via position feedback as a binary or NAMUR signal. In combination with a plug to DIN EN 175301-803 Form A, the valves satisfy degree of protection IP65\/67 \u2013 and NEMA 4X when combined with a stainless steel or plastic valve body.    Direct-acting, media-separated valve up to DN 4  Pilot valve with B\u00fcrkert-specific flange variant (SFB)  Maintenance-free pivoted armature technology  Service-friendly, robust manual override  Explosion-proof variants  [:]\" \/>\n<meta property=\"og:url\" content=\"https:\/\/newskyvn.com\/product\/type-0331\/\" \/>\n<meta property=\"og:site_name\" content=\"NEW SKY CO.,LTD\" \/>\n<meta property=\"article:modified_time\" content=\"2021-10-02T09:44:07+00:00\" \/>\n<meta property=\"og:image\" content=\"https:\/\/newskyvn.com\/wp-content\/uploads\/2021\/09\/0331.jpg\" \/>\n\t<meta property=\"og:image:width\" content=\"500\" \/>\n\t<meta property=\"og:image:height\" content=\"500\" \/>\n<meta name=\"twitter:card\" content=\"summary_large_image\" \/>\n<script type=\"application\/ld+json\" class=\"yoast-schema-graph\">{\"@context\":\"https:\/\/schema.org\",\"@graph\":[{\"@type\":\"WebSite\",\"@id\":\"https:\/\/newskyvn.com\/#website\",\"url\":\"https:\/\/newskyvn.com\/\",\"name\":\"NEW SKY CO.,LTD\",\"description\":\"C\\u00f4ng Ty TNHH S\\u1ea3n Xu\\u1ea5t Th\\u01b0\\u01a1ng M\\u1ea1i D\\u1ecbch V\\u1ee5 T\\u00e2n Thi\\u00ean\",\"potentialAction\":[{\"@type\":\"SearchAction\",\"target\":{\"@type\":\"EntryPoint\",\"urlTemplate\":\"https:\/\/newskyvn.com\/?s={search_term_string}\"},\"query-input\":\"required name=search_term_string\"}],\"inLanguage\":\"en-US\"},{\"@type\":\"ImageObject\",\"@id\":\"https:\/\/newskyvn.com\/product\/type-0331\/#primaryimage\",\"inLanguage\":\"en-US\",\"url\":\"https:\/\/newskyvn.com\/wp-content\/uploads\/2021\/09\/0331.jpg\",\"contentUrl\":\"https:\/\/newskyvn.com\/wp-content\/uploads\/2021\/09\/0331.jpg\",\"width\":500,\"height\":500},{\"@type\":\"WebPage\",\"@id\":\"https:\/\/newskyvn.com\/product\/type-0331\/#webpage\",\"url\":\"https:\/\/newskyvn.com\/product\/type-0331\/\",\"name\":\"Type 0331 - NEW SKY CO.,LTD\",\"isPartOf\":{\"@id\":\"https:\/\/newskyvn.com\/#website\"},\"primaryImageOfPage\":{\"@id\":\"https:\/\/newskyvn.com\/product\/type-0331\/#primaryimage\"},\"datePublished\":\"2021-09-20T07:03:45+00:00\",\"dateModified\":\"2021-10-02T09:44:07+00:00\",\"breadcrumb\":{\"@id\":\"https:\/\/newskyvn.com\/product\/type-0331\/#breadcrumb\"},\"inLanguage\":\"en-US\",\"potentialAction\":[{\"@type\":\"ReadAction\",\"target\":[\"https:\/\/newskyvn.com\/product\/type-0331\/\"]}]},{\"@type\":\"BreadcrumbList\",\"@id\":\"https:\/\/newskyvn.com\/product\/type-0331\/#breadcrumb\",\"itemListElement\":[{\"@type\":\"ListItem\",\"position\":1,\"name\":\"Product\",\"item\":\"https:\/\/newskyvn.com\/en\/san-pham\/\"},{\"@type\":\"ListItem\",\"position\":2,\"name\":\"Type 0331\"}]}]}<\/script>\n<!-- \/ Yoast SEO plugin. -->","_links":{"self":[{"href":"https:\/\/newskyvn.com\/en\/wp-json\/wp\/v2\/product\/1631"}],"collection":[{"href":"https:\/\/newskyvn.com\/en\/wp-json\/wp\/v2\/product"}],"about":[{"href":"https:\/\/newskyvn.com\/en\/wp-json\/wp\/v2\/types\/product"}],"replies":[{"embeddable":true,"href":"https:\/\/newskyvn.com\/en\/wp-json\/wp\/v2\/comments?post=1631"}],"wp:featuredmedia":[{"embeddable":true,"href":"https:\/\/newskyvn.com\/en\/wp-json\/wp\/v2\/media\/1632"}],"wp:attachment":[{"href":"https:\/\/newskyvn.com\/en\/wp-json\/wp\/v2\/media?parent=1631"}],"wp:term":[{"taxonomy":"product_cat","embeddable":true,"href":"https:\/\/newskyvn.com\/en\/wp-json\/wp\/v2\/product_cat?post=1631"},{"taxonomy":"product_tag","embeddable":true,"href":"https:\/\/newskyvn.com\/en\/wp-json\/wp\/v2\/product_tag?post=1631"}],"curies":[{"name":"wp","href":"https:\/\/api.w.org\/{rel}","templated":true}]}}