{"id":1628,"date":"2021-09-20T04:23:58","date_gmt":"2021-09-20T04:23:58","guid":{"rendered":"https:\/\/newskyvn.com\/?post_type=product&#038;p=1628"},"modified":"2021-09-20T07:12:00","modified_gmt":"2021-09-20T07:12:00","slug":"type-0256","status":"publish","type":"product","link":"https:\/\/newskyvn.com\/en\/product\/type-0256\/","title":{"rendered":"Type 0256"},"content":{"rendered":"","protected":false},"excerpt":{"rendered":"<p><strong>Type 0256 &#8211; Direct-acting 2\/2 way solenoid valve<\/strong><\/p>\n<p>This direct-acting plunger solenoid valve Type 0256 can be used in many ways. It is delivered with brass or stainless steel bodies for a wide range of orifices and connections.<\/p>\n<div class=\"copy\">\n<ul>\n<li>Block screwed coil system<\/li>\n<li>Up to DN 12<\/li>\n<li>Brass or stainless steel valve body<\/li>\n<li>Wide range of applications<\/li>\n<\/ul>\n<\/div>\n<div class=\"m-share-button-wrapper margin-20-0-10-0\" data-js-module=\"m-share-button\" data-js-module-initialized=\"true\">\n<div class=\"m-share-button\"><\/div>\n<\/div>\n","protected":false},"featured_media":1630,"comment_status":"open","ping_status":"closed","template":"","meta":[],"product_cat":[103,104],"product_tag":[],"yoast_head":"<!-- This site is optimized with the Yoast SEO plugin v16.6.1 - https:\/\/yoast.com\/wordpress\/plugins\/seo\/ -->\n<title>Type 0256 - NEW SKY CO.,LTD<\/title>\n<meta name=\"robots\" content=\"index, follow, max-snippet:-1, max-image-preview:large, max-video-preview:-1\" \/>\n<link rel=\"canonical\" href=\"https:\/\/newskyvn.com\/product\/type-0256\/\" \/>\n<meta property=\"og:locale\" content=\"en_US\" \/>\n<meta property=\"og:type\" content=\"article\" \/>\n<meta property=\"og:title\" content=\"Type 0256 - NEW SKY CO.,LTD\" \/>\n<meta property=\"og:description\" content=\"[:vi]Lo\u1ea1i 0256 - Van \u0111i\u1ec7n t\u1eeb 2\/2 ng\u00f5 t\u00e1c \u0111\u1ed9ng tr\u1ef1c ti\u1ebfp  Van \u0111i\u1ec7n t\u1eeb pit t\u00f4ng t\u00e1c \u0111\u1ed9ng tr\u1ef1c ti\u1ebfp Lo\u1ea1i 0256 n\u00e0y c\u00f3 th\u1ec3 \u0111\u01b0\u1ee3c s\u1eed d\u1ee5ng theo nhi\u1ec1u c\u00e1ch.\u00a0N\u00f3 \u0111\u01b0\u1ee3c cung c\u1ea5p v\u1edbi th\u00e2n \u0111\u1ed3ng thau ho\u1eb7c th\u00e9p kh\u00f4ng g\u1ec9 cho nhi\u1ec1u lo\u1ea1i l\u1ed7 v\u00e0 k\u1ebft n\u1ed1i.    H\u1ec7 th\u1ed1ng cu\u1ed9n tr\u1ee5c v\u00edt kh\u1ed1i  L\u00ean \u0111\u1ebfn DN 12  Th\u00e2n van b\u1eb1ng \u0111\u1ed3ng ho\u1eb7c th\u00e9p kh\u00f4ng g\u1ec9  \u1ee8ng d\u1ee5ng r\u1ed9ng r\u00e3i  [:en]Type 0256 - Direct-acting 2\/2 way solenoid valve  This direct-acting plunger solenoid valve Type 0256 can be used in many ways. It is delivered with brass or stainless steel bodies for a wide range of orifices and connections.    Block screwed coil system  Up to DN 12  Brass or stainless steel valve body  Wide range of applications     [:]\" \/>\n<meta property=\"og:url\" content=\"https:\/\/newskyvn.com\/product\/type-0256\/\" \/>\n<meta property=\"og:site_name\" content=\"NEW SKY CO.,LTD\" \/>\n<meta property=\"article:modified_time\" content=\"2021-09-20T07:12:00+00:00\" \/>\n<meta property=\"og:image\" content=\"https:\/\/newskyvn.com\/wp-content\/uploads\/2021\/09\/0256.jpg\" \/>\n\t<meta property=\"og:image:width\" content=\"500\" \/>\n\t<meta property=\"og:image:height\" content=\"500\" \/>\n<meta name=\"twitter:card\" content=\"summary_large_image\" \/>\n<script type=\"application\/ld+json\" class=\"yoast-schema-graph\">{\"@context\":\"https:\/\/schema.org\",\"@graph\":[{\"@type\":\"WebSite\",\"@id\":\"https:\/\/newskyvn.com\/#website\",\"url\":\"https:\/\/newskyvn.com\/\",\"name\":\"NEW SKY CO.,LTD\",\"description\":\"C\\u00f4ng Ty TNHH S\\u1ea3n Xu\\u1ea5t Th\\u01b0\\u01a1ng M\\u1ea1i D\\u1ecbch V\\u1ee5 T\\u00e2n Thi\\u00ean\",\"potentialAction\":[{\"@type\":\"SearchAction\",\"target\":{\"@type\":\"EntryPoint\",\"urlTemplate\":\"https:\/\/newskyvn.com\/?s={search_term_string}\"},\"query-input\":\"required name=search_term_string\"}],\"inLanguage\":\"en-US\"},{\"@type\":\"ImageObject\",\"@id\":\"https:\/\/newskyvn.com\/product\/type-0256\/#primaryimage\",\"inLanguage\":\"en-US\",\"url\":\"https:\/\/newskyvn.com\/wp-content\/uploads\/2021\/09\/0256.jpg\",\"contentUrl\":\"https:\/\/newskyvn.com\/wp-content\/uploads\/2021\/09\/0256.jpg\",\"width\":500,\"height\":500},{\"@type\":\"WebPage\",\"@id\":\"https:\/\/newskyvn.com\/product\/type-0256\/#webpage\",\"url\":\"https:\/\/newskyvn.com\/product\/type-0256\/\",\"name\":\"Type 0256 - NEW SKY CO.,LTD\",\"isPartOf\":{\"@id\":\"https:\/\/newskyvn.com\/#website\"},\"primaryImageOfPage\":{\"@id\":\"https:\/\/newskyvn.com\/product\/type-0256\/#primaryimage\"},\"datePublished\":\"2021-09-20T04:23:58+00:00\",\"dateModified\":\"2021-09-20T07:12:00+00:00\",\"breadcrumb\":{\"@id\":\"https:\/\/newskyvn.com\/product\/type-0256\/#breadcrumb\"},\"inLanguage\":\"en-US\",\"potentialAction\":[{\"@type\":\"ReadAction\",\"target\":[\"https:\/\/newskyvn.com\/product\/type-0256\/\"]}]},{\"@type\":\"BreadcrumbList\",\"@id\":\"https:\/\/newskyvn.com\/product\/type-0256\/#breadcrumb\",\"itemListElement\":[{\"@type\":\"ListItem\",\"position\":1,\"name\":\"Product\",\"item\":\"https:\/\/newskyvn.com\/en\/san-pham\/\"},{\"@type\":\"ListItem\",\"position\":2,\"name\":\"Type 0256\"}]}]}<\/script>\n<!-- \/ Yoast SEO plugin. -->","_links":{"self":[{"href":"https:\/\/newskyvn.com\/en\/wp-json\/wp\/v2\/product\/1628"}],"collection":[{"href":"https:\/\/newskyvn.com\/en\/wp-json\/wp\/v2\/product"}],"about":[{"href":"https:\/\/newskyvn.com\/en\/wp-json\/wp\/v2\/types\/product"}],"replies":[{"embeddable":true,"href":"https:\/\/newskyvn.com\/en\/wp-json\/wp\/v2\/comments?post=1628"}],"wp:featuredmedia":[{"embeddable":true,"href":"https:\/\/newskyvn.com\/en\/wp-json\/wp\/v2\/media\/1630"}],"wp:attachment":[{"href":"https:\/\/newskyvn.com\/en\/wp-json\/wp\/v2\/media?parent=1628"}],"wp:term":[{"taxonomy":"product_cat","embeddable":true,"href":"https:\/\/newskyvn.com\/en\/wp-json\/wp\/v2\/product_cat?post=1628"},{"taxonomy":"product_tag","embeddable":true,"href":"https:\/\/newskyvn.com\/en\/wp-json\/wp\/v2\/product_tag?post=1628"}],"curies":[{"name":"wp","href":"https:\/\/api.w.org\/{rel}","templated":true}]}}