{"id":1625,"date":"2021-09-20T04:17:55","date_gmt":"2021-09-20T04:17:55","guid":{"rendered":"https:\/\/newskyvn.com\/?post_type=product&#038;p=1625"},"modified":"2024-09-15T12:48:35","modified_gmt":"2024-09-15T12:48:35","slug":"type-0131","status":"publish","type":"product","link":"https:\/\/newskyvn.com\/en\/product\/type-0131\/","title":{"rendered":"Type 0131"},"content":{"rendered":"","protected":false},"excerpt":{"rendered":"<p><strong>Type 0131 &#8211; Direct-acting 2\/2-way or 3\/2-way toggle valve<\/strong><\/p>\n<p>The 0131 valve is a direct-acting toggle valve. A variety of seal material combinations are available depending on the application. Thanks to the diaphragm separation between actuator and fluid housing, aggressive media such as acids and alkaline solutions can also be safely controlled. The assortment is rounded out with plastic housings made of PVC or PVDF. The solenoids are moulded with a highly resistant chemical epoxy. \u201cKick and drop\u201d electronics are moulded into all DC solenoid variants for reduced electrical power consumption. An optional electrical position feedback sensor reliably detects the switching position. Conformity with KTW and W270 are available for drinking water applications. Furthermore, versions of type 0131 are available that conform with DIN EN 45545:2016 (standard parts 2 and 5) \u2013 fire protection in railway vehicles. In combination with a plug according to DIN EN 175301-803 Form A, the valves fulfil protection class IP65.<\/p>\n<div class=\"copy\">\n<ul>\n<li>Direct-acting media-separated valve up to DN 20<\/li>\n<li>Vibration-proof, block screwed solenoid system<\/li>\n<li>Energy-saving power reduction for all DC variants<\/li>\n<li>Increased safety due to electrical position feedback (optional)<\/li>\n<li>Robust, service-friendly manual override<\/li>\n<\/ul>\n<\/div>\n","protected":false},"featured_media":1627,"comment_status":"open","ping_status":"closed","template":"","meta":[],"product_cat":[103,104,127,106],"product_tag":[],"yoast_head":"<!-- This site is optimized with the Yoast SEO plugin v16.6.1 - https:\/\/yoast.com\/wordpress\/plugins\/seo\/ -->\n<title>Type 0131 - NEW SKY CO.,LTD<\/title>\n<meta name=\"robots\" content=\"index, follow, max-snippet:-1, max-image-preview:large, max-video-preview:-1\" \/>\n<link rel=\"canonical\" href=\"https:\/\/newskyvn.com\/product\/type-0131\/\" \/>\n<meta property=\"og:locale\" content=\"en_US\" \/>\n<meta property=\"og:type\" content=\"article\" \/>\n<meta property=\"og:title\" content=\"Type 0131 - NEW SKY CO.,LTD\" \/>\n<meta property=\"og:description\" content=\"[:vi]Ki\u1ec3u 0131 - Van chuy\u1ec3n \u0111\u1ed5i 2\/2 ng\u00f5 ho\u1eb7c 3\/2 ng\u1ecf t\u00e1c \u0111\u1ed9ng tr\u1ef1c ti\u1ebfp  Van 0131 l\u00e0 van b\u1eadt t\u1eaft t\u00e1c \u0111\u1ed9ng tr\u1ef1c ti\u1ebfp.\u00a0Nhi\u1ec1u lo\u1ea1i k\u1ebft h\u1ee3p v\u1eadt li\u1ec7u con d\u1ea5u c\u00f3 s\u1eb5n t\u00f9y thu\u1ed9c v\u00e0o \u1ee9ng d\u1ee5ng.\u00a0Nh\u1edd s\u1ef1 ng\u0103n c\u00e1ch m\u00e0ng ng\u0103n gi\u1eefa thi\u1ebft b\u1ecb truy\u1ec1n \u0111\u1ed9ng v\u00e0 v\u1ecf ch\u1ea5t l\u1ecfng, c\u00e1c ph\u01b0\u01a1ng ti\u1ec7n x\u00e2m th\u1ef1c nh\u01b0 axit v\u00e0 dung d\u1ecbch ki\u1ec1m c\u0169ng c\u00f3 th\u1ec3 \u0111\u01b0\u1ee3c ki\u1ec3m so\u00e1t m\u1ed9t c\u00e1ch an to\u00e0n.\u00a0C\u00e1c lo\u1ea1i \u0111\u01b0\u1ee3c l\u00e0m tr\u00f2n v\u1edbi v\u1ecf nh\u1ef1a l\u00e0m t\u1eeb PVC ho\u1eb7c PVDF.\u00a0C\u00e1c solenoids \u0111\u01b0\u1ee3c \u0111\u00fac b\u1eb1ng m\u1ed9t lo\u1ea1i epoxy c\u00f3 kh\u1ea3 n\u0103ng ch\u1ed1ng h\u00f3a ch\u1ea5t cao.\u00a0Thi\u1ebft b\u1ecb \u0111i\u1ec7n t\u1eed \u201cKick and drop\u201d \u0111\u01b0\u1ee3c \u0111\u00fac th\u00e0nh t\u1ea5t c\u1ea3 c\u00e1c bi\u1ebfn th\u1ec3 \u0111i\u1ec7n t\u1eeb DC \u0111\u1ec3 gi\u1ea3m ti\u00eau th\u1ee5 \u0111i\u1ec7n n\u0103ng.\u00a0C\u1ea3m bi\u1ebfn ph\u1ea3n h\u1ed3i v\u1ecb tr\u00ed \u0111i\u1ec7n t\u00f9y ch\u1ecdn ph\u00e1t hi\u1ec7n v\u1ecb tr\u00ed chuy\u1ec3n m\u1ea1ch m\u1ed9t c\u00e1ch \u0111\u00e1ng tin c\u1eady.\u00a0Ph\u00f9 h\u1ee3p v\u1edbi KTW v\u00e0 W270 c\u00f3 s\u1eb5n cho c\u00e1c \u1ee9ng d\u1ee5ng n\u01b0\u1edbc u\u1ed1ng.\u00a0H\u01a1n n\u1eefa, c\u00e1c phi\u00ean b\u1ea3n c\u1ee7a ki\u1ec3u 0131 c\u00f3 s\u1eb5n ph\u00f9 h\u1ee3p v\u1edbi ti\u00eau chu\u1ea9n DIN EN 45545: 2016 (ti\u00eau chu\u1ea9n ph\u1ea7n 2 v\u00e0 5) - ph\u00f2ng ch\u00e1y ch\u1eefa ch\u00e1y trong c\u00e1c ph\u01b0\u01a1ng ti\u1ec7n giao th\u00f4ng \u0111\u01b0\u1eddng s\u1eaft.    Van t\u00e1ch m\u00f4i ch\u1ea5t t\u00e1c \u0111\u1ed9ng tr\u1ef1c ti\u1ebfp l\u00ean \u0111\u1ebfn DN 20  H\u1ec7 th\u1ed1ng \u0111i\u1ec7n t\u1eeb v\u1eb7n kh\u1ed1i, ch\u1ed1ng rung  Gi\u1ea3m n\u0103ng l\u01b0\u1ee3ng ti\u1ebft ki\u1ec7m n\u0103ng l\u01b0\u1ee3ng cho t\u1ea5t c\u1ea3 c\u00e1c bi\u1ebfn th\u1ec3 DC  T\u0103ng \u0111\u1ed9 an to\u00e0n do ph\u1ea3n h\u1ed3i v\u1ecb tr\u00ed \u0111i\u1ec7n (t\u00f9y ch\u1ecdn)  M\u1ea1nh m\u1ebd, d\u1ec5 b\u1ea3o tr\u00ec  [:en]Type 0131 - Direct-acting 2\/2-way or 3\/2-way toggle valve  The 0131 valve is a direct-acting toggle valve. A variety of seal material combinations are available depending on the application. Thanks to the diaphragm separation between actuator and fluid housing, aggressive media such as acids and alkaline solutions can also be safely controlled. The assortment is rounded out with plastic housings made of PVC or PVDF. The solenoids are moulded with a highly resistant chemical epoxy. \u201cKick and drop\u201d electronics are moulded into all DC solenoid variants for reduced electrical power consumption. An optional electrical position feedback sensor reliably detects the switching position. Conformity with KTW and W270 are available for drinking water applications. Furthermore, versions of type 0131 are available that conform with DIN EN 45545:2016 (standard parts 2 and 5) \u2013 fire protection in railway vehicles. In combination with a plug according to DIN EN 175301-803 Form A, the valves fulfil protection class IP65.    Direct-acting media-separated valve up to DN 20  Vibration-proof, block screwed solenoid system  Energy-saving power reduction for all DC variants  Increased safety due to electrical position feedback (optional)  Robust, service-friendly manual override  [:]\" \/>\n<meta property=\"og:url\" content=\"https:\/\/newskyvn.com\/product\/type-0131\/\" \/>\n<meta property=\"og:site_name\" content=\"NEW SKY CO.,LTD\" \/>\n<meta property=\"article:modified_time\" content=\"2024-09-15T12:48:35+00:00\" \/>\n<meta property=\"og:image\" content=\"https:\/\/newskyvn.com\/wp-content\/uploads\/2021\/09\/0131.jpg\" \/>\n\t<meta property=\"og:image:width\" content=\"500\" \/>\n\t<meta property=\"og:image:height\" content=\"500\" \/>\n<meta name=\"twitter:card\" content=\"summary_large_image\" \/>\n<script type=\"application\/ld+json\" class=\"yoast-schema-graph\">{\"@context\":\"https:\/\/schema.org\",\"@graph\":[{\"@type\":\"WebSite\",\"@id\":\"https:\/\/newskyvn.com\/#website\",\"url\":\"https:\/\/newskyvn.com\/\",\"name\":\"NEW SKY CO.,LTD\",\"description\":\"C\\u00f4ng Ty TNHH S\\u1ea3n Xu\\u1ea5t Th\\u01b0\\u01a1ng M\\u1ea1i D\\u1ecbch V\\u1ee5 T\\u00e2n Thi\\u00ean\",\"potentialAction\":[{\"@type\":\"SearchAction\",\"target\":{\"@type\":\"EntryPoint\",\"urlTemplate\":\"https:\/\/newskyvn.com\/?s={search_term_string}\"},\"query-input\":\"required name=search_term_string\"}],\"inLanguage\":\"en-US\"},{\"@type\":\"ImageObject\",\"@id\":\"https:\/\/newskyvn.com\/product\/type-0131\/#primaryimage\",\"inLanguage\":\"en-US\",\"url\":\"https:\/\/newskyvn.com\/wp-content\/uploads\/2021\/09\/0131.jpg\",\"contentUrl\":\"https:\/\/newskyvn.com\/wp-content\/uploads\/2021\/09\/0131.jpg\",\"width\":500,\"height\":500},{\"@type\":\"WebPage\",\"@id\":\"https:\/\/newskyvn.com\/product\/type-0131\/#webpage\",\"url\":\"https:\/\/newskyvn.com\/product\/type-0131\/\",\"name\":\"Type 0131 - NEW SKY CO.,LTD\",\"isPartOf\":{\"@id\":\"https:\/\/newskyvn.com\/#website\"},\"primaryImageOfPage\":{\"@id\":\"https:\/\/newskyvn.com\/product\/type-0131\/#primaryimage\"},\"datePublished\":\"2021-09-20T04:17:55+00:00\",\"dateModified\":\"2024-09-15T12:48:35+00:00\",\"breadcrumb\":{\"@id\":\"https:\/\/newskyvn.com\/product\/type-0131\/#breadcrumb\"},\"inLanguage\":\"en-US\",\"potentialAction\":[{\"@type\":\"ReadAction\",\"target\":[\"https:\/\/newskyvn.com\/product\/type-0131\/\"]}]},{\"@type\":\"BreadcrumbList\",\"@id\":\"https:\/\/newskyvn.com\/product\/type-0131\/#breadcrumb\",\"itemListElement\":[{\"@type\":\"ListItem\",\"position\":1,\"name\":\"Product\",\"item\":\"https:\/\/newskyvn.com\/en\/san-pham\/\"},{\"@type\":\"ListItem\",\"position\":2,\"name\":\"Type 0131\"}]}]}<\/script>\n<!-- \/ Yoast SEO plugin. -->","_links":{"self":[{"href":"https:\/\/newskyvn.com\/en\/wp-json\/wp\/v2\/product\/1625"}],"collection":[{"href":"https:\/\/newskyvn.com\/en\/wp-json\/wp\/v2\/product"}],"about":[{"href":"https:\/\/newskyvn.com\/en\/wp-json\/wp\/v2\/types\/product"}],"replies":[{"embeddable":true,"href":"https:\/\/newskyvn.com\/en\/wp-json\/wp\/v2\/comments?post=1625"}],"wp:featuredmedia":[{"embeddable":true,"href":"https:\/\/newskyvn.com\/en\/wp-json\/wp\/v2\/media\/1627"}],"wp:attachment":[{"href":"https:\/\/newskyvn.com\/en\/wp-json\/wp\/v2\/media?parent=1625"}],"wp:term":[{"taxonomy":"product_cat","embeddable":true,"href":"https:\/\/newskyvn.com\/en\/wp-json\/wp\/v2\/product_cat?post=1625"},{"taxonomy":"product_tag","embeddable":true,"href":"https:\/\/newskyvn.com\/en\/wp-json\/wp\/v2\/product_tag?post=1625"}],"curies":[{"name":"wp","href":"https:\/\/api.w.org\/{rel}","templated":true}]}}