{"id":1622,"date":"2021-09-20T04:12:39","date_gmt":"2021-09-20T04:12:39","guid":{"rendered":"https:\/\/newskyvn.com\/?post_type=product&#038;p=1622"},"modified":"2021-10-02T09:29:32","modified_gmt":"2021-10-02T09:29:32","slug":"type-6013","status":"publish","type":"product","link":"https:\/\/newskyvn.com\/en\/product\/type-6013\/","title":{"rendered":"Type 6013"},"content":{"rendered":"","protected":false},"excerpt":{"rendered":"<p><strong>Type 6013 &#8211; Plunger valve 2\/2 way direct-acting<\/strong><\/p>\n<p>Valve 6013 is a direct-acting plunger valve. The stopper and plunger guide tube are welded together to enhance pressure resistance and leak-tightness. Various seal material combinations are available depending on the application. A B\u00fcrkert-specific flange design (SFB) enables space-saving arrangement of valves on a manifold. The coils are moulded with polyamide or with chemically resistant epoxy. Pulse coils and &#8216;Kick and Drop&#8217; electronics are available for overexcitation (plug 2511) for the reduction of electrical power consumption during operation. Optional manual actuation enables quick commissioning and easy maintenance. In combination with a plug in accordance with DIN EN 175301-803 Form A, the valves satisfy protection class IP65. Stainless steel valves satisfy NEMA 4X.<\/p>\n<div class=\"copy\">\n<ul>\n<li>Direct-acting and compact valve up to diameter of DN 6.0<\/li>\n<li>Vibration-proof, bolted coil system<\/li>\n<li>Increased leak-tightness with welded plunger guide tube<\/li>\n<li>Explosion proof versions<\/li>\n<li>Energy-saving impulse versions<\/li>\n<\/ul>\n<\/div>\n","protected":false},"featured_media":1624,"comment_status":"open","ping_status":"closed","template":"","meta":[],"product_cat":[103,104,144],"product_tag":[],"yoast_head":"<!-- This site is optimized with the Yoast SEO plugin v16.6.1 - https:\/\/yoast.com\/wordpress\/plugins\/seo\/ -->\n<title>Type 6013 - NEW SKY CO.,LTD<\/title>\n<meta name=\"robots\" content=\"index, follow, max-snippet:-1, max-image-preview:large, max-video-preview:-1\" \/>\n<link rel=\"canonical\" href=\"https:\/\/newskyvn.com\/product\/type-6013\/\" \/>\n<meta property=\"og:locale\" content=\"en_US\" \/>\n<meta property=\"og:type\" content=\"article\" \/>\n<meta property=\"og:title\" content=\"Type 6013 - NEW SKY CO.,LTD\" \/>\n<meta property=\"og:description\" content=\"[:vi]Ki\u1ec3u 6013 - Van pit t\u00f4ng t\u00e1c \u0111\u1ed9ng tr\u1ef1c ti\u1ebfp 2\/2 ng\u00f5  Van 6013 l\u00e0 lo\u1ea1i van pit t\u00f4ng t\u00e1c \u0111\u1ed9ng tr\u1ef1c ti\u1ebfp.\u00a0N\u00fat ch\u1eb7n v\u00e0 \u1ed1ng d\u1eabn h\u01b0\u1edbng p\u00edt t\u00f4ng \u0111\u01b0\u1ee3c h\u00e0n v\u1edbi nhau \u0111\u1ec3 t\u0103ng c\u01b0\u1eddng kh\u1ea3 n\u0103ng ch\u1ecbu \u00e1p l\u1ef1c v\u00e0 ch\u1ed1ng r\u00f2 r\u1ec9.\u00a0C\u00f3 nhi\u1ec1u c\u00e1ch k\u1ebft h\u1ee3p v\u1eadt li\u1ec7u con d\u1ea5u kh\u00e1c nhau t\u00f9y thu\u1ed9c v\u00e0o \u1ee9ng d\u1ee5ng.\u00a0Thi\u1ebft k\u1ebf m\u1eb7t b\u00edch d\u00e0nh ri\u00eang cho B\u00fcrkert (SFB) cho ph\u00e9p ti\u1ebft ki\u1ec7m kh\u00f4ng gian b\u1ed1 tr\u00ed c\u00e1c van tr\u00ean m\u1ed9t \u1ed1ng g\u00f3p.\u00a0C\u00e1c cu\u1ed9n d\u00e2y \u0111\u01b0\u1ee3c \u0111\u00fac b\u1eb1ng polyamide ho\u1eb7c b\u1eb1ng epoxy kh\u00e1ng h\u00f3a ch\u1ea5t.\u00a0Cu\u1ed9n d\u00e2y xung v\u00e0 thi\u1ebft b\u1ecb \u0111i\u1ec7n t\u1eed &#039;Kick and Drop&#039; c\u00f3 s\u1eb5n khi b\u1ecb k\u00edch th\u00edch qu\u00e1 m\u1ee9c (ph\u00edch c\u1eafm 2511) \u0111\u1ec3 gi\u1ea3m ti\u00eau th\u1ee5 \u0111i\u1ec7n n\u0103ng trong qu\u00e1 tr\u00ecnh ho\u1ea1t \u0111\u1ed9ng.\u00a0Kh\u1edfi \u0111\u1ed9ng th\u1ee7 c\u00f4ng t\u00f9y ch\u1ecdn cho ph\u00e9p v\u1eadn h\u00e0nh nhanh ch\u00f3ng v\u00e0 b\u1ea3o tr\u00ec d\u1ec5 d\u00e0ng.\u00a0K\u1ebft h\u1ee3p v\u1edbi ph\u00edch c\u1eafm ph\u00f9 h\u1ee3p v\u1edbi DIN EN 175301-803 D\u1ea1ng A, c\u00e1c van \u0111\u00e1p \u1ee9ng c\u1ea5p b\u1ea3o v\u1ec7 IP65.\u00a0Van th\u00e9p kh\u00f4ng g\u1ec9 \u0111\u00e1p \u1ee9ng NEMA 4X.    Van ho\u1ea1t \u0111\u1ed9ng tr\u1ef1c ti\u1ebfp v\u00e0 nh\u1ecf g\u1ecdn c\u00f3 \u0111\u01b0\u1eddng k\u00ednh l\u00ean \u0111\u1ebfn DN 6.0  H\u1ec7 th\u1ed1ng cu\u1ed9n d\u00e2y b\u1eaft v\u00edt, ch\u1ed1ng rung  T\u0103ng \u0111\u1ed9 k\u00edn kh\u00edt v\u1edbi \u1ed1ng d\u1eabn h\u01b0\u1edbng p\u00edt t\u00f4ng h\u00e0n  Phi\u00ean b\u1ea3n ch\u1ed1ng ch\u00e1y n\u1ed5  C\u00e1c phi\u00ean b\u1ea3n xung ti\u1ebft ki\u1ec7m n\u0103ng l\u01b0\u1ee3ng  [:en]Type 6013 - Plunger valve 2\/2 way direct-acting  Valve 6013 is a direct-acting plunger valve. The stopper and plunger guide tube are welded together to enhance pressure resistance and leak-tightness. Various seal material combinations are available depending on the application. A B\u00fcrkert-specific flange design (SFB) enables space-saving arrangement of valves on a manifold. The coils are moulded with polyamide or with chemically resistant epoxy. Pulse coils and &#039;Kick and Drop&#039; electronics are available for overexcitation (plug 2511) for the reduction of electrical power consumption during operation. Optional manual actuation enables quick commissioning and easy maintenance. In combination with a plug in accordance with DIN EN 175301-803 Form A, the valves satisfy protection class IP65. Stainless steel valves satisfy NEMA 4X.    Direct-acting and compact valve up to diameter of DN 6.0  Vibration-proof, bolted coil system  Increased leak-tightness with welded plunger guide tube  Explosion proof versions  Energy-saving impulse versions  [:]\" \/>\n<meta property=\"og:url\" content=\"https:\/\/newskyvn.com\/product\/type-6013\/\" \/>\n<meta property=\"og:site_name\" content=\"NEW SKY CO.,LTD\" \/>\n<meta property=\"article:modified_time\" content=\"2021-10-02T09:29:32+00:00\" \/>\n<meta property=\"og:image\" content=\"https:\/\/newskyvn.com\/wp-content\/uploads\/2021\/09\/6013.jpg\" \/>\n\t<meta property=\"og:image:width\" content=\"500\" \/>\n\t<meta property=\"og:image:height\" content=\"500\" \/>\n<meta name=\"twitter:card\" content=\"summary_large_image\" \/>\n<script type=\"application\/ld+json\" class=\"yoast-schema-graph\">{\"@context\":\"https:\/\/schema.org\",\"@graph\":[{\"@type\":\"WebSite\",\"@id\":\"https:\/\/newskyvn.com\/#website\",\"url\":\"https:\/\/newskyvn.com\/\",\"name\":\"NEW SKY CO.,LTD\",\"description\":\"C\\u00f4ng Ty TNHH S\\u1ea3n Xu\\u1ea5t Th\\u01b0\\u01a1ng M\\u1ea1i D\\u1ecbch V\\u1ee5 T\\u00e2n Thi\\u00ean\",\"potentialAction\":[{\"@type\":\"SearchAction\",\"target\":{\"@type\":\"EntryPoint\",\"urlTemplate\":\"https:\/\/newskyvn.com\/?s={search_term_string}\"},\"query-input\":\"required name=search_term_string\"}],\"inLanguage\":\"en-US\"},{\"@type\":\"ImageObject\",\"@id\":\"https:\/\/newskyvn.com\/product\/type-6013\/#primaryimage\",\"inLanguage\":\"en-US\",\"url\":\"https:\/\/newskyvn.com\/wp-content\/uploads\/2021\/09\/6013.jpg\",\"contentUrl\":\"https:\/\/newskyvn.com\/wp-content\/uploads\/2021\/09\/6013.jpg\",\"width\":500,\"height\":500},{\"@type\":\"WebPage\",\"@id\":\"https:\/\/newskyvn.com\/product\/type-6013\/#webpage\",\"url\":\"https:\/\/newskyvn.com\/product\/type-6013\/\",\"name\":\"Type 6013 - NEW SKY CO.,LTD\",\"isPartOf\":{\"@id\":\"https:\/\/newskyvn.com\/#website\"},\"primaryImageOfPage\":{\"@id\":\"https:\/\/newskyvn.com\/product\/type-6013\/#primaryimage\"},\"datePublished\":\"2021-09-20T04:12:39+00:00\",\"dateModified\":\"2021-10-02T09:29:32+00:00\",\"breadcrumb\":{\"@id\":\"https:\/\/newskyvn.com\/product\/type-6013\/#breadcrumb\"},\"inLanguage\":\"en-US\",\"potentialAction\":[{\"@type\":\"ReadAction\",\"target\":[\"https:\/\/newskyvn.com\/product\/type-6013\/\"]}]},{\"@type\":\"BreadcrumbList\",\"@id\":\"https:\/\/newskyvn.com\/product\/type-6013\/#breadcrumb\",\"itemListElement\":[{\"@type\":\"ListItem\",\"position\":1,\"name\":\"Product\",\"item\":\"https:\/\/newskyvn.com\/en\/san-pham\/\"},{\"@type\":\"ListItem\",\"position\":2,\"name\":\"Type 6013\"}]}]}<\/script>\n<!-- \/ Yoast SEO plugin. -->","_links":{"self":[{"href":"https:\/\/newskyvn.com\/en\/wp-json\/wp\/v2\/product\/1622"}],"collection":[{"href":"https:\/\/newskyvn.com\/en\/wp-json\/wp\/v2\/product"}],"about":[{"href":"https:\/\/newskyvn.com\/en\/wp-json\/wp\/v2\/types\/product"}],"replies":[{"embeddable":true,"href":"https:\/\/newskyvn.com\/en\/wp-json\/wp\/v2\/comments?post=1622"}],"wp:featuredmedia":[{"embeddable":true,"href":"https:\/\/newskyvn.com\/en\/wp-json\/wp\/v2\/media\/1624"}],"wp:attachment":[{"href":"https:\/\/newskyvn.com\/en\/wp-json\/wp\/v2\/media?parent=1622"}],"wp:term":[{"taxonomy":"product_cat","embeddable":true,"href":"https:\/\/newskyvn.com\/en\/wp-json\/wp\/v2\/product_cat?post=1622"},{"taxonomy":"product_tag","embeddable":true,"href":"https:\/\/newskyvn.com\/en\/wp-json\/wp\/v2\/product_tag?post=1622"}],"curies":[{"name":"wp","href":"https:\/\/api.w.org\/{rel}","templated":true}]}}