{"id":1619,"date":"2021-09-20T04:05:58","date_gmt":"2021-09-20T04:05:58","guid":{"rendered":"https:\/\/newskyvn.com\/?post_type=product&#038;p=1619"},"modified":"2021-09-20T04:05:59","modified_gmt":"2021-09-20T04:05:59","slug":"type-6227","status":"publish","type":"product","link":"https:\/\/newskyvn.com\/en\/product\/type-6227\/","title":{"rendered":"Type 6227"},"content":{"rendered":"","protected":false},"excerpt":{"rendered":"<p><strong>Type 6227 &#8211; Servo assisted 2\/2 way Modular Water Valve System<\/strong><\/p>\n<p>The servo-assisted solenoid valve with servo diaphragm is normally closed (NC). In this condition, pressure builds up above the diaphragm &#8211; the valve holds tight. When energized, the space above the servo diaphragm is pressure relieved and lifted up by the medium &#8211; the valve opens. The modular extendable valve system can be built up in all possible combinations with up to 12 valves each as distributor or collector in two sizes with different port connection modules. The valve can be put together in collecting function or distributing function by easily twisting the valve insert. Any combination of functions in one block is possible. Additional functions such as temperature indication or flow measurement can be added by integrating a corresponding sensor directly into the valve block. In order to be as flexible as possible, a variety of port connections are available as standard. The inner thread port connections are at the bottom, pointing down while the outer thread port connections and the plug-on connection for hoses are pointing to the side. The block material is Polyamide glassfiber reinforced. The advantages are: Low weight and a certain chemical resistance.<\/p>\n<div class=\"copy\">\n<ul>\n<li>Push-over solenoid system AC10<\/li>\n<li>Modular valve 2\/3\/4-fold, hose connection<\/li>\n<li>Body in brass DN1 \u2026DN13<\/li>\n<\/ul>\n<\/div>\n","protected":false},"featured_media":1621,"comment_status":"open","ping_status":"closed","template":"","meta":[],"product_cat":[103,104],"product_tag":[],"yoast_head":"<!-- This site is optimized with the Yoast SEO plugin v16.6.1 - https:\/\/yoast.com\/wordpress\/plugins\/seo\/ -->\n<title>Type 6227 - NEW SKY CO.,LTD<\/title>\n<meta name=\"robots\" content=\"index, follow, max-snippet:-1, max-image-preview:large, max-video-preview:-1\" \/>\n<link rel=\"canonical\" href=\"https:\/\/newskyvn.com\/product\/type-6227\/\" \/>\n<meta property=\"og:locale\" content=\"en_US\" \/>\n<meta property=\"og:type\" content=\"article\" \/>\n<meta property=\"og:title\" content=\"Type 6227 - NEW SKY CO.,LTD\" \/>\n<meta property=\"og:description\" content=\"[:vi]Ki\u1ec3u 6227 - H\u1ec7 th\u1ed1ng van n\u01b0\u1edbc m\u00f4-\u0111un 2\/2 ng\u1ecf \u0111\u01b0\u1ee3c h\u1ed7 tr\u1ee3 Servo  Van \u0111i\u1ec7n t\u1eeb h\u1ed7 tr\u1ee3 servo v\u1edbi m\u00e0ng ng\u0103n servo th\u01b0\u1eddng \u0111\u00f3ng (NC).\u00a0Trong \u0111i\u1ec1u ki\u1ec7n n\u00e0y, \u00e1p su\u1ea5t t\u00edch t\u1ee5 b\u00ean tr\u00ean m\u00e0ng ng\u0103n - van gi\u1eef ch\u1eb7t.\u00a0Khi \u0111\u01b0\u1ee3c cung c\u1ea5p n\u0103ng l\u01b0\u1ee3ng, kh\u00f4ng gian ph\u00eda tr\u00ean m\u00e0ng servo \u0111\u01b0\u1ee3c gi\u1ea3m \u00e1p su\u1ea5t v\u00e0 n\u00e2ng l\u00ean b\u1edfi m\u00f4i ch\u1ea5t - van s\u1ebd m\u1edf ra.\u00a0H\u1ec7 th\u1ed1ng van c\u00f3 th\u1ec3 m\u1edf r\u1ed9ng m\u00f4-\u0111un c\u00f3 th\u1ec3 \u0111\u01b0\u1ee3c x\u00e2y d\u1ef1ng theo t\u1ea5t c\u1ea3 c\u00e1c k\u1ebft h\u1ee3p c\u00f3 th\u1ec3 c\u00f3 v\u1edbi t\u1ed1i \u0111a 12 van, m\u1ed7i van l\u00e0 b\u1ed9 ph\u00e2n ph\u1ed1i ho\u1eb7c b\u1ed9 thu \u1edf hai k\u00edch c\u1ee1 v\u1edbi c\u00e1c m\u00f4-\u0111un k\u1ebft n\u1ed1i c\u1ed5ng kh\u00e1c nhau.\u00a0Van c\u00f3 th\u1ec3 \u0111\u01b0\u1ee3c k\u1ebft h\u1ee3p v\u1edbi nhau trong ch\u1ee9c n\u0103ng thu th\u1eadp ho\u1eb7c ch\u1ee9c n\u0103ng ph\u00e2n ph\u1ed1i b\u1eb1ng c\u00e1ch d\u1ec5 d\u00e0ng v\u1eb7n ch\u00e8n van.\u00a0B\u1ea5t k\u1ef3 s\u1ef1 k\u1ebft h\u1ee3p n\u00e0o c\u1ee7a c\u00e1c ch\u1ee9c n\u0103ng trong m\u1ed9t kh\u1ed1i \u0111\u1ec1u c\u00f3 th\u1ec3 th\u1ef1c hi\u1ec7n \u0111\u01b0\u1ee3c.\u00a0C\u00e1c ch\u1ee9c n\u0103ng b\u1ed5 sung nh\u01b0 ch\u1ec9 th\u1ecb nhi\u1ec7t \u0111\u1ed9 ho\u1eb7c \u0111o l\u01b0u l\u01b0\u1ee3ng c\u00f3 th\u1ec3 \u0111\u01b0\u1ee3c th\u00eam v\u00e0o b\u1eb1ng c\u00e1ch t\u00edch h\u1ee3p m\u1ed9t c\u1ea3m bi\u1ebfn t\u01b0\u01a1ng \u1ee9ng tr\u1ef1c ti\u1ebfp v\u00e0o kh\u1ed1i van.\u00a0\u0110\u1ec3 linh ho\u1ea1t nh\u1ea5t c\u00f3 th\u1ec3,\u00a0nhi\u1ec1u lo\u1ea1i k\u1ebft n\u1ed1i c\u1ed5ng c\u00f3 s\u1eb5n theo ti\u00eau chu\u1ea9n.\u00a0C\u00e1c k\u1ebft n\u1ed1i c\u1ed5ng ren trong n\u1eb1m \u1edf ph\u00eda d\u01b0\u1edbi, h\u01b0\u1edbng xu\u1ed1ng trong khi c\u00e1c k\u1ebft n\u1ed1i c\u1ed5ng ren ngo\u00e0i v\u00e0 k\u1ebft n\u1ed1i plug-on cho \u1ed1ng h\u01b0\u1edbng sang m\u1ed9t b\u00ean.\u00a0V\u1eadt li\u1ec7u kh\u1ed1i l\u00e0 s\u1ee3i th\u1ee7y tinh Polyamide \u0111\u01b0\u1ee3c gia c\u1ed1.\u00a0\u01afu \u0111i\u1ec3m l\u00e0: Tr\u1ecdng l\u01b0\u1ee3ng th\u1ea5p v\u00e0 kh\u1ea3 n\u0103ng ch\u1ed1ng h\u00f3a ch\u1ea5t nh\u1ea5t \u0111\u1ecbnh.    H\u1ec7 th\u1ed1ng \u0111i\u1ec7n t\u1eeb \u0111\u1ea9y qua AC10  Van m\u00f4-\u0111un 2\/3 \/ 4 l\u1ea7n, k\u1ebft n\u1ed1i \u1ed1ng  Th\u00e2n b\u1eb1ng \u0111\u1ed3ng thau DN1\u2026 DN13  [:en]Type 6227 - Servo assisted 2\/2 way Modular Water Valve System  The servo-assisted solenoid valve with servo diaphragm is normally closed (NC). In this condition, pressure builds up above the diaphragm - the valve holds tight. When energized, the space above the servo diaphragm is pressure relieved and lifted up by the medium - the valve opens. The modular extendable valve system can be built up in all possible combinations with up to 12 valves each as distributor or collector in two sizes with different port connection modules. The valve can be put together in collecting function or distributing function by easily twisting the valve insert. Any combination of functions in one block is possible. Additional functions such as temperature indication or flow measurement can be added by integrating a corresponding sensor directly into the valve block. In order to be as flexible as possible, a variety of port connections are available as standard. The inner thread port connections are at the bottom, pointing down while the outer thread port connections and the plug-on connection for hoses are pointing to the side. The block material is Polyamide glassfiber reinforced. The advantages are: Low weight and a certain chemical resistance.    Push-over solenoid system AC10  Modular valve 2\/3\/4-fold, hose connection  Body in brass DN1 \u2026DN13  [:]\" \/>\n<meta property=\"og:url\" content=\"https:\/\/newskyvn.com\/product\/type-6227\/\" \/>\n<meta property=\"og:site_name\" content=\"NEW SKY CO.,LTD\" \/>\n<meta property=\"article:modified_time\" content=\"2021-09-20T04:05:59+00:00\" \/>\n<meta property=\"og:image\" content=\"https:\/\/newskyvn.com\/wp-content\/uploads\/2021\/09\/6227.jpg\" \/>\n\t<meta property=\"og:image:width\" content=\"500\" \/>\n\t<meta property=\"og:image:height\" content=\"500\" \/>\n<meta name=\"twitter:card\" content=\"summary_large_image\" \/>\n<script type=\"application\/ld+json\" class=\"yoast-schema-graph\">{\"@context\":\"https:\/\/schema.org\",\"@graph\":[{\"@type\":\"WebSite\",\"@id\":\"https:\/\/newskyvn.com\/#website\",\"url\":\"https:\/\/newskyvn.com\/\",\"name\":\"NEW SKY CO.,LTD\",\"description\":\"C\\u00f4ng Ty TNHH S\\u1ea3n Xu\\u1ea5t Th\\u01b0\\u01a1ng M\\u1ea1i D\\u1ecbch V\\u1ee5 T\\u00e2n Thi\\u00ean\",\"potentialAction\":[{\"@type\":\"SearchAction\",\"target\":{\"@type\":\"EntryPoint\",\"urlTemplate\":\"https:\/\/newskyvn.com\/?s={search_term_string}\"},\"query-input\":\"required name=search_term_string\"}],\"inLanguage\":\"en-US\"},{\"@type\":\"ImageObject\",\"@id\":\"https:\/\/newskyvn.com\/product\/type-6227\/#primaryimage\",\"inLanguage\":\"en-US\",\"url\":\"https:\/\/newskyvn.com\/wp-content\/uploads\/2021\/09\/6227.jpg\",\"contentUrl\":\"https:\/\/newskyvn.com\/wp-content\/uploads\/2021\/09\/6227.jpg\",\"width\":500,\"height\":500},{\"@type\":\"WebPage\",\"@id\":\"https:\/\/newskyvn.com\/product\/type-6227\/#webpage\",\"url\":\"https:\/\/newskyvn.com\/product\/type-6227\/\",\"name\":\"Type 6227 - NEW SKY CO.,LTD\",\"isPartOf\":{\"@id\":\"https:\/\/newskyvn.com\/#website\"},\"primaryImageOfPage\":{\"@id\":\"https:\/\/newskyvn.com\/product\/type-6227\/#primaryimage\"},\"datePublished\":\"2021-09-20T04:05:58+00:00\",\"dateModified\":\"2021-09-20T04:05:59+00:00\",\"breadcrumb\":{\"@id\":\"https:\/\/newskyvn.com\/product\/type-6227\/#breadcrumb\"},\"inLanguage\":\"en-US\",\"potentialAction\":[{\"@type\":\"ReadAction\",\"target\":[\"https:\/\/newskyvn.com\/product\/type-6227\/\"]}]},{\"@type\":\"BreadcrumbList\",\"@id\":\"https:\/\/newskyvn.com\/product\/type-6227\/#breadcrumb\",\"itemListElement\":[{\"@type\":\"ListItem\",\"position\":1,\"name\":\"Product\",\"item\":\"https:\/\/newskyvn.com\/en\/san-pham\/\"},{\"@type\":\"ListItem\",\"position\":2,\"name\":\"Type 6227\"}]}]}<\/script>\n<!-- \/ Yoast SEO plugin. -->","_links":{"self":[{"href":"https:\/\/newskyvn.com\/en\/wp-json\/wp\/v2\/product\/1619"}],"collection":[{"href":"https:\/\/newskyvn.com\/en\/wp-json\/wp\/v2\/product"}],"about":[{"href":"https:\/\/newskyvn.com\/en\/wp-json\/wp\/v2\/types\/product"}],"replies":[{"embeddable":true,"href":"https:\/\/newskyvn.com\/en\/wp-json\/wp\/v2\/comments?post=1619"}],"wp:featuredmedia":[{"embeddable":true,"href":"https:\/\/newskyvn.com\/en\/wp-json\/wp\/v2\/media\/1621"}],"wp:attachment":[{"href":"https:\/\/newskyvn.com\/en\/wp-json\/wp\/v2\/media?parent=1619"}],"wp:term":[{"taxonomy":"product_cat","embeddable":true,"href":"https:\/\/newskyvn.com\/en\/wp-json\/wp\/v2\/product_cat?post=1619"},{"taxonomy":"product_tag","embeddable":true,"href":"https:\/\/newskyvn.com\/en\/wp-json\/wp\/v2\/product_tag?post=1619"}],"curies":[{"name":"wp","href":"https:\/\/api.w.org\/{rel}","templated":true}]}}