{"id":1616,"date":"2021-09-20T03:59:43","date_gmt":"2021-09-20T03:59:43","guid":{"rendered":"https:\/\/newskyvn.com\/?post_type=product&#038;p=1616"},"modified":"2021-10-02T09:47:52","modified_gmt":"2021-10-02T09:47:52","slug":"type-6213","status":"publish","type":"product","link":"https:\/\/newskyvn.com\/en\/product\/type-6213\/","title":{"rendered":"Type 6213"},"content":{"rendered":"","protected":false},"excerpt":{"rendered":"<p><strong>Type 6213 &#8211; Servo-assisted 2\/2 way diaphragm valve<\/strong><\/p>\n<p>The 6213 EV valve is a servo-assisted solenoid valve of the S.EV series. The spring coupling of the diaphragm supports the opening process of the valve. In its standard version, the valve is suitable for use in liquids. A minimum differential pressure is required for complete opening. A special version (HP00) which opens the valve without differential pressure is available for gas and vacuum applications. Various diaphragm material combinations are available depending on the application. The standard brass housing satisfies all European drinking water requirements. Dezincification-resistant brass is available for other markets. The housing offering is rounded off with a stainless steel version. To reduce power consumption in operation, coils with &#8220;Kick and Drop&#8221; (KD) electronics (double coil technology) are available. In combination with a plug in accordance with DIN EN 175301-803 Form A, the valves satisfy protection class IP65 \u2013 in combination with a stainless steel housing NEMA 4X.<\/p>\n<div class=\"copy\">\n<ul>\n<li>Servo-assisted diaphragm with diameter of up to DN40<\/li>\n<li>Spring coupled diaphragm opens without differential pressure<\/li>\n<li>Damped design for quiet closing<\/li>\n<li>Compact construction with high flow rate<\/li>\n<li>Energy-saving double coil technology with kick and drop design<\/li>\n<\/ul>\n<\/div>\n","protected":false},"featured_media":1618,"comment_status":"open","ping_status":"closed","template":"","meta":[],"product_cat":[103,104,141],"product_tag":[],"yoast_head":"<!-- This site is optimized with the Yoast SEO plugin v16.6.1 - https:\/\/yoast.com\/wordpress\/plugins\/seo\/ -->\n<title>Type 6213 - NEW SKY CO.,LTD<\/title>\n<meta name=\"robots\" content=\"index, follow, max-snippet:-1, max-image-preview:large, max-video-preview:-1\" \/>\n<link rel=\"canonical\" href=\"https:\/\/newskyvn.com\/product\/type-6213\/\" \/>\n<meta property=\"og:locale\" content=\"en_US\" \/>\n<meta property=\"og:type\" content=\"article\" \/>\n<meta property=\"og:title\" content=\"Type 6213 - NEW SKY CO.,LTD\" \/>\n<meta property=\"og:description\" content=\"[:vi]Van EV 6213 l\u00e0 van \u0111i\u1ec7n t\u1eeb h\u1ed7 tr\u1ee3 servo c\u1ee7a d\u00f2ng S.EV.\u00a0Kh\u1edbp n\u1ed1i l\u00f2 xo c\u1ee7a m\u00e0ng ng\u0103n h\u1ed7 tr\u1ee3 qu\u00e1 tr\u00ecnh \u0111\u00f3ng m\u1edf c\u1ee7a van.\u00a0Trong phi\u00ean b\u1ea3n ti\u00eau chu\u1ea9n c\u1ee7a n\u00f3, van ph\u00f9 h\u1ee3p \u0111\u1ec3 s\u1eed d\u1ee5ng cho ch\u1ea5t l\u1ecfng.\u00a0\u00c1p su\u1ea5t ch\u00eanh l\u1ec7ch t\u1ed1i thi\u1ec3u l\u00e0 c\u1ea7n thi\u1ebft \u0111\u1ec3 m\u1edf ho\u00e0n to\u00e0n.\u00a0Phi\u00ean b\u1ea3n \u0111\u1eb7c bi\u1ec7t (HP00) m\u1edf van m\u00e0 kh\u00f4ng c\u00f3 ch\u00eanh l\u1ec7ch \u00e1p su\u1ea5t c\u00f3 s\u1eb5n cho c\u00e1c \u1ee9ng d\u1ee5ng kh\u00ed v\u00e0 ch\u00e2n kh\u00f4ng.\u00a0C\u00e1c k\u1ebft h\u1ee3p v\u1eadt li\u1ec7u m\u00e0ng ng\u0103n kh\u00e1c nhau c\u00f3 s\u1eb5n t\u00f9y thu\u1ed9c v\u00e0o \u1ee9ng d\u1ee5ng.\u00a0V\u1ecf b\u1eb1ng \u0111\u1ed3ng ti\u00eau chu\u1ea9n \u0111\u00e1p \u1ee9ng t\u1ea5t c\u1ea3 c\u00e1c y\u00eau c\u1ea7u v\u1ec1 n\u01b0\u1edbc u\u1ed1ng c\u1ee7a Ch\u00e2u \u00c2u.\u00a0\u0110\u1ed3ng thau ch\u1ed1ng kh\u1eed v\u00f4i h\u00f3a c\u00f3 s\u1eb5n cho c\u00e1c th\u1ecb tr\u01b0\u1eddng kh\u00e1c.\u00a0Cung c\u1ea5p nh\u00e0 \u1edf \u0111\u01b0\u1ee3c l\u00e0m tr\u00f2n v\u1edbi m\u1ed9t phi\u00ean b\u1ea3n th\u00e9p kh\u00f4ng g\u1ec9.\u00a0\u0110\u1ec3 gi\u1ea3m ti\u00eau th\u1ee5 \u0111i\u1ec7n n\u0103ng khi v\u1eadn h\u00e0nh, c\u00f3 s\u1eb5n c\u00e1c cu\u1ed9n d\u00e2y v\u1edbi thi\u1ebft b\u1ecb \u0111i\u1ec7n t\u1eed &quot;Kick and Drop&quot; (KD) (c\u00f4ng ngh\u1ec7 cu\u1ed9n \u0111\u00f4i).   Ki\u1ec3u 6213 - Van m\u00e0ng 2\/2 ng\u1ecf, \u0111\u01b0\u1ee3c h\u1ed7 tr\u1ee3 Servo   M\u00e0ng loa h\u1ed7 tr\u1ee3 Servo v\u1edbi \u0111\u01b0\u1eddng k\u00ednh l\u00ean \u0111\u1ebfn DN40  M\u00e0ng ng\u0103n k\u1ebft h\u1ee3p l\u00f2 xo m\u1edf ra m\u00e0 kh\u00f4ng c\u00f3 \u00e1p su\u1ea5t ch\u00eanh l\u1ec7ch  Thi\u1ebft k\u1ebf gi\u1ea3m ch\u1ea5n \u0111\u1ec3 \u0111\u00f3ng c\u1eeda \u00eam \u00e1i  K\u1ebft c\u1ea5u nh\u1ecf g\u1ecdn v\u1edbi t\u1ed1c \u0111\u1ed9 d\u00f2ng ch\u1ea3y cao  C\u00f4ng ngh\u1ec7 cu\u1ed9n d\u00e2y k\u00e9p ti\u1ebft ki\u1ec7m n\u0103ng l\u01b0\u1ee3ng v\u1edbi thi\u1ebft k\u1ebf theo d\u1ea1ng T\u00e1c \u0111\u1ed9ng v\u00e0 M\u1edf,  [:en]Type 6213 - Servo-assisted 2\/2 way diaphragm valve  The 6213 EV valve is a servo-assisted solenoid valve of the S.EV series. The spring coupling of the diaphragm supports the opening process of the valve. In its standard version, the valve is suitable for use in liquids. A minimum differential pressure is required for complete opening. A special version (HP00) which opens the valve without differential pressure is available for gas and vacuum applications. Various diaphragm material combinations are available depending on the application. The standard brass housing satisfies all European drinking water requirements. Dezincification-resistant brass is available for other markets. The housing offering is rounded off with a stainless steel version. To reduce power consumption in operation, coils with &quot;Kick and Drop&quot; (KD) electronics (double coil technology) are available. In combination with a plug in accordance with DIN EN 175301-803 Form A, the valves satisfy protection class IP65 \u2013 in combination with a stainless steel housing NEMA 4X.    Servo-assisted diaphragm with diameter of up to DN40  Spring coupled diaphragm opens without differential pressure  Damped design for quiet closing  Compact construction with high flow rate  Energy-saving double coil technology with kick and drop design  [:]\" \/>\n<meta property=\"og:url\" content=\"https:\/\/newskyvn.com\/product\/type-6213\/\" \/>\n<meta property=\"og:site_name\" content=\"NEW SKY CO.,LTD\" \/>\n<meta property=\"article:modified_time\" content=\"2021-10-02T09:47:52+00:00\" \/>\n<meta property=\"og:image\" content=\"https:\/\/newskyvn.com\/wp-content\/uploads\/2021\/09\/6213.jpg\" \/>\n\t<meta property=\"og:image:width\" content=\"500\" \/>\n\t<meta property=\"og:image:height\" content=\"500\" \/>\n<meta name=\"twitter:card\" content=\"summary_large_image\" \/>\n<script type=\"application\/ld+json\" class=\"yoast-schema-graph\">{\"@context\":\"https:\/\/schema.org\",\"@graph\":[{\"@type\":\"WebSite\",\"@id\":\"https:\/\/newskyvn.com\/#website\",\"url\":\"https:\/\/newskyvn.com\/\",\"name\":\"NEW SKY CO.,LTD\",\"description\":\"C\\u00f4ng Ty TNHH S\\u1ea3n Xu\\u1ea5t Th\\u01b0\\u01a1ng M\\u1ea1i D\\u1ecbch V\\u1ee5 T\\u00e2n Thi\\u00ean\",\"potentialAction\":[{\"@type\":\"SearchAction\",\"target\":{\"@type\":\"EntryPoint\",\"urlTemplate\":\"https:\/\/newskyvn.com\/?s={search_term_string}\"},\"query-input\":\"required name=search_term_string\"}],\"inLanguage\":\"en-US\"},{\"@type\":\"ImageObject\",\"@id\":\"https:\/\/newskyvn.com\/product\/type-6213\/#primaryimage\",\"inLanguage\":\"en-US\",\"url\":\"https:\/\/newskyvn.com\/wp-content\/uploads\/2021\/09\/6213.jpg\",\"contentUrl\":\"https:\/\/newskyvn.com\/wp-content\/uploads\/2021\/09\/6213.jpg\",\"width\":500,\"height\":500},{\"@type\":\"WebPage\",\"@id\":\"https:\/\/newskyvn.com\/product\/type-6213\/#webpage\",\"url\":\"https:\/\/newskyvn.com\/product\/type-6213\/\",\"name\":\"Type 6213 - NEW SKY CO.,LTD\",\"isPartOf\":{\"@id\":\"https:\/\/newskyvn.com\/#website\"},\"primaryImageOfPage\":{\"@id\":\"https:\/\/newskyvn.com\/product\/type-6213\/#primaryimage\"},\"datePublished\":\"2021-09-20T03:59:43+00:00\",\"dateModified\":\"2021-10-02T09:47:52+00:00\",\"breadcrumb\":{\"@id\":\"https:\/\/newskyvn.com\/product\/type-6213\/#breadcrumb\"},\"inLanguage\":\"en-US\",\"potentialAction\":[{\"@type\":\"ReadAction\",\"target\":[\"https:\/\/newskyvn.com\/product\/type-6213\/\"]}]},{\"@type\":\"BreadcrumbList\",\"@id\":\"https:\/\/newskyvn.com\/product\/type-6213\/#breadcrumb\",\"itemListElement\":[{\"@type\":\"ListItem\",\"position\":1,\"name\":\"Product\",\"item\":\"https:\/\/newskyvn.com\/en\/san-pham\/\"},{\"@type\":\"ListItem\",\"position\":2,\"name\":\"Type 6213\"}]}]}<\/script>\n<!-- \/ Yoast SEO plugin. -->","_links":{"self":[{"href":"https:\/\/newskyvn.com\/en\/wp-json\/wp\/v2\/product\/1616"}],"collection":[{"href":"https:\/\/newskyvn.com\/en\/wp-json\/wp\/v2\/product"}],"about":[{"href":"https:\/\/newskyvn.com\/en\/wp-json\/wp\/v2\/types\/product"}],"replies":[{"embeddable":true,"href":"https:\/\/newskyvn.com\/en\/wp-json\/wp\/v2\/comments?post=1616"}],"wp:featuredmedia":[{"embeddable":true,"href":"https:\/\/newskyvn.com\/en\/wp-json\/wp\/v2\/media\/1618"}],"wp:attachment":[{"href":"https:\/\/newskyvn.com\/en\/wp-json\/wp\/v2\/media?parent=1616"}],"wp:term":[{"taxonomy":"product_cat","embeddable":true,"href":"https:\/\/newskyvn.com\/en\/wp-json\/wp\/v2\/product_cat?post=1616"},{"taxonomy":"product_tag","embeddable":true,"href":"https:\/\/newskyvn.com\/en\/wp-json\/wp\/v2\/product_tag?post=1616"}],"curies":[{"name":"wp","href":"https:\/\/api.w.org\/{rel}","templated":true}]}}