{"id":1613,"date":"2021-09-20T03:52:17","date_gmt":"2021-09-20T03:52:17","guid":{"rendered":"https:\/\/newskyvn.com\/?post_type=product&#038;p=1613"},"modified":"2021-09-20T03:52:18","modified_gmt":"2021-09-20T03:52:18","slug":"type-6011","status":"publish","type":"product","link":"https:\/\/newskyvn.com\/en\/product\/type-6011\/","title":{"rendered":"Type 6011"},"content":{"rendered":"","protected":false},"excerpt":{"rendered":"<p><strong>Type 6011 &#8211; Plunger valve 2\/2 way direct-acting<\/strong><\/p>\n<p>Valve 6011 is a direct-acting plunger valve. The stopper and plunger guide tube are welded together to enhance pressure resistance and leak-tightness. Various seal material combinations are available depending on the application. A B\u00fcrkert-specific flange design (SFB) enables space-saving arrangement of valves on a manifold. Push-in fittings can be selected for flexible hose connection. In combination with a cable plug in accordance with industry standard Form B or DIN EN 175301-803 Form C, the valves satisfy protection class IP65.<\/p>\n<div class=\"copy\">\n<ul>\n<li>Direct-acting and compact small-format valve with diameter of up to DN 2.4<\/li>\n<li>Screwed coil system<\/li>\n<li>Simple and quick flange or manifold installation<\/li>\n<li>Quick coupling (push-in fitting) for plug-in hose connections<\/li>\n<\/ul>\n<\/div>\n","protected":false},"featured_media":1615,"comment_status":"open","ping_status":"closed","template":"","meta":[],"product_cat":[103,104],"product_tag":[],"yoast_head":"<!-- This site is optimized with the Yoast SEO plugin v16.6.1 - https:\/\/yoast.com\/wordpress\/plugins\/seo\/ -->\n<title>Type 6011 - NEW SKY CO.,LTD<\/title>\n<meta name=\"robots\" content=\"index, follow, max-snippet:-1, max-image-preview:large, max-video-preview:-1\" \/>\n<link rel=\"canonical\" href=\"https:\/\/newskyvn.com\/product\/type-6011\/\" \/>\n<meta property=\"og:locale\" content=\"en_US\" \/>\n<meta property=\"og:type\" content=\"article\" \/>\n<meta property=\"og:title\" content=\"Type 6011 - NEW SKY CO.,LTD\" \/>\n<meta property=\"og:description\" content=\"[:vi]Ki\u1ec3u 6011 - Van pit t\u00f4ng t\u00e1c \u0111\u1ed9ng tr\u1ef1c ti\u1ebfp 2\/2 ng\u1ecf  Van 6011 l\u00e0 lo\u1ea1i van pit t\u00f4ng t\u00e1c \u0111\u1ed9ng tr\u1ef1c ti\u1ebfp.\u00a0N\u00fat ch\u1eb7n v\u00e0 \u1ed1ng d\u1eabn h\u01b0\u1edbng p\u00edt t\u00f4ng \u0111\u01b0\u1ee3c h\u00e0n v\u1edbi nhau \u0111\u1ec3 t\u0103ng c\u01b0\u1eddng kh\u1ea3 n\u0103ng ch\u1ecbu \u00e1p l\u1ef1c v\u00e0 ch\u1ed1ng r\u00f2 r\u1ec9.\u00a0C\u00f3 nhi\u1ec1u c\u00e1ch k\u1ebft h\u1ee3p v\u1eadt li\u1ec7u con d\u1ea5u kh\u00e1c nhau t\u00f9y thu\u1ed9c v\u00e0o \u1ee9ng d\u1ee5ng.\u00a0Thi\u1ebft k\u1ebf m\u1eb7t b\u00edch d\u00e0nh ri\u00eang cho B\u00fcrkert (SFB) cho ph\u00e9p ti\u1ebft ki\u1ec7m kh\u00f4ng gian b\u1ed1 tr\u00ed c\u00e1c van tr\u00ean m\u1ed9t \u1ed1ng g\u00f3p.\u00a0C\u00f3 th\u1ec3 ch\u1ecdn ph\u1ee5 ki\u1ec7n \u0111\u1ea9y v\u00e0o \u0111\u1ec3 k\u1ebft n\u1ed1i \u1ed1ng m\u1ec1m.\u00a0K\u1ebft h\u1ee3p v\u1edbi ph\u00edch c\u1eafm c\u00e1p ph\u00f9 h\u1ee3p v\u1edbi ti\u00eau chu\u1ea9n c\u00f4ng nghi\u1ec7p M\u1eabu B ho\u1eb7c DIN EN 175301-803 M\u1eabu C, c\u00e1c van \u0111\u00e1p \u1ee9ng c\u1ea5p b\u1ea3o v\u1ec7 IP65.    Van \u0111\u1ecbnh d\u1ea1ng nh\u1ecf ho\u1ea1t \u0111\u1ed9ng tr\u1ef1c ti\u1ebfp v\u00e0 nh\u1ecf g\u1ecdn v\u1edbi \u0111\u01b0\u1eddng k\u00ednh l\u00ean \u0111\u1ebfn DN 2,4  H\u1ec7 th\u1ed1ng cu\u1ed9n d\u00e2y v\u00edt  L\u1eafp \u0111\u1eb7t m\u1eb7t b\u00edch ho\u1eb7c \u1ed1ng g\u00f3p \u0111\u01a1n gi\u1ea3n v\u00e0 nhanh ch\u00f3ng  Kh\u1edbp n\u1ed1i nhanh (kh\u1edbp n\u1ed1i \u0111\u1ea9y v\u00e0o) cho c\u00e1c k\u1ebft n\u1ed1i \u1ed1ng c\u1eafm v\u00e0o  [:en]Type 6011 - Plunger valve 2\/2 way direct-acting  Valve 6011 is a direct-acting plunger valve. The stopper and plunger guide tube are welded together to enhance pressure resistance and leak-tightness. Various seal material combinations are available depending on the application. A B\u00fcrkert-specific flange design (SFB) enables space-saving arrangement of valves on a manifold. Push-in fittings can be selected for flexible hose connection. In combination with a cable plug in accordance with industry standard Form B or DIN EN 175301-803 Form C, the valves satisfy protection class IP65.    Direct-acting and compact small-format valve with diameter of up to DN 2.4  Screwed coil system  Simple and quick flange or manifold installation  Quick coupling (push-in fitting) for plug-in hose connections  [:]\" \/>\n<meta property=\"og:url\" content=\"https:\/\/newskyvn.com\/product\/type-6011\/\" \/>\n<meta property=\"og:site_name\" content=\"NEW SKY CO.,LTD\" \/>\n<meta property=\"article:modified_time\" content=\"2021-09-20T03:52:18+00:00\" \/>\n<meta property=\"og:image\" content=\"https:\/\/newskyvn.com\/wp-content\/uploads\/2021\/09\/6011.jpg\" \/>\n\t<meta property=\"og:image:width\" content=\"500\" \/>\n\t<meta property=\"og:image:height\" content=\"500\" \/>\n<meta name=\"twitter:card\" content=\"summary_large_image\" \/>\n<script type=\"application\/ld+json\" class=\"yoast-schema-graph\">{\"@context\":\"https:\/\/schema.org\",\"@graph\":[{\"@type\":\"WebSite\",\"@id\":\"https:\/\/newskyvn.com\/#website\",\"url\":\"https:\/\/newskyvn.com\/\",\"name\":\"NEW SKY CO.,LTD\",\"description\":\"C\\u00f4ng Ty TNHH S\\u1ea3n Xu\\u1ea5t Th\\u01b0\\u01a1ng M\\u1ea1i D\\u1ecbch V\\u1ee5 T\\u00e2n Thi\\u00ean\",\"potentialAction\":[{\"@type\":\"SearchAction\",\"target\":{\"@type\":\"EntryPoint\",\"urlTemplate\":\"https:\/\/newskyvn.com\/?s={search_term_string}\"},\"query-input\":\"required name=search_term_string\"}],\"inLanguage\":\"en-US\"},{\"@type\":\"ImageObject\",\"@id\":\"https:\/\/newskyvn.com\/product\/type-6011\/#primaryimage\",\"inLanguage\":\"en-US\",\"url\":\"https:\/\/newskyvn.com\/wp-content\/uploads\/2021\/09\/6011.jpg\",\"contentUrl\":\"https:\/\/newskyvn.com\/wp-content\/uploads\/2021\/09\/6011.jpg\",\"width\":500,\"height\":500},{\"@type\":\"WebPage\",\"@id\":\"https:\/\/newskyvn.com\/product\/type-6011\/#webpage\",\"url\":\"https:\/\/newskyvn.com\/product\/type-6011\/\",\"name\":\"Type 6011 - NEW SKY CO.,LTD\",\"isPartOf\":{\"@id\":\"https:\/\/newskyvn.com\/#website\"},\"primaryImageOfPage\":{\"@id\":\"https:\/\/newskyvn.com\/product\/type-6011\/#primaryimage\"},\"datePublished\":\"2021-09-20T03:52:17+00:00\",\"dateModified\":\"2021-09-20T03:52:18+00:00\",\"breadcrumb\":{\"@id\":\"https:\/\/newskyvn.com\/product\/type-6011\/#breadcrumb\"},\"inLanguage\":\"en-US\",\"potentialAction\":[{\"@type\":\"ReadAction\",\"target\":[\"https:\/\/newskyvn.com\/product\/type-6011\/\"]}]},{\"@type\":\"BreadcrumbList\",\"@id\":\"https:\/\/newskyvn.com\/product\/type-6011\/#breadcrumb\",\"itemListElement\":[{\"@type\":\"ListItem\",\"position\":1,\"name\":\"Product\",\"item\":\"https:\/\/newskyvn.com\/en\/san-pham\/\"},{\"@type\":\"ListItem\",\"position\":2,\"name\":\"Type 6011\"}]}]}<\/script>\n<!-- \/ Yoast SEO plugin. -->","_links":{"self":[{"href":"https:\/\/newskyvn.com\/en\/wp-json\/wp\/v2\/product\/1613"}],"collection":[{"href":"https:\/\/newskyvn.com\/en\/wp-json\/wp\/v2\/product"}],"about":[{"href":"https:\/\/newskyvn.com\/en\/wp-json\/wp\/v2\/types\/product"}],"replies":[{"embeddable":true,"href":"https:\/\/newskyvn.com\/en\/wp-json\/wp\/v2\/comments?post=1613"}],"wp:featuredmedia":[{"embeddable":true,"href":"https:\/\/newskyvn.com\/en\/wp-json\/wp\/v2\/media\/1615"}],"wp:attachment":[{"href":"https:\/\/newskyvn.com\/en\/wp-json\/wp\/v2\/media?parent=1613"}],"wp:term":[{"taxonomy":"product_cat","embeddable":true,"href":"https:\/\/newskyvn.com\/en\/wp-json\/wp\/v2\/product_cat?post=1613"},{"taxonomy":"product_tag","embeddable":true,"href":"https:\/\/newskyvn.com\/en\/wp-json\/wp\/v2\/product_tag?post=1613"}],"curies":[{"name":"wp","href":"https:\/\/api.w.org\/{rel}","templated":true}]}}