{"id":1610,"date":"2021-09-20T03:44:09","date_gmt":"2021-09-20T03:44:09","guid":{"rendered":"https:\/\/newskyvn.com\/?post_type=product&#038;p=1610"},"modified":"2021-10-02T09:37:51","modified_gmt":"2021-10-02T09:37:51","slug":"type-5282","status":"publish","type":"product","link":"https:\/\/newskyvn.com\/en\/product\/type-5282\/","title":{"rendered":"Type 5282"},"content":{"rendered":"","protected":false},"excerpt":{"rendered":"<p><strong>Type 5282 &#8211; Servo-assisted 2\/2-way diaphragm valve<\/strong><\/p>\n<p>he 5282 valve is a servo-assisted diaphragm valve. A minimum differential pressure is required for the valve to function. Various diaphragm material combinations and circuit functions are available depending on the application. The standard brass body satisfies all European drinking water requirements. The body offering is completed with stainless steel versions. The 3\/2-way pilot valve can be easily converted from NC to NO circuit function by rotating it on the armature. The solenoid coils are moulded with a chemically resistant epoxy. The 5282 is equipped with manual override for start-up and testing. In combination with a plug acc. to DIN EN 175301-803 Form A and stainless steel body, the valves satisfy the requirements of NEMA 4X.<\/p>\n<div class=\"copy\">\n<ul>\n<li>Servo-assisted diaphragm valve up to DN65 orifice<\/li>\n<li>Separating diaphragm for aggressive and contaminated media<\/li>\n<li>Closing and opening times can be adjusted individually<\/li>\n<li>Explosion-proof versions (Cat.2)<\/li>\n<li>Service-friendly manual override<\/li>\n<\/ul>\n<\/div>\n","protected":false},"featured_media":1612,"comment_status":"open","ping_status":"closed","template":"","meta":[],"product_cat":[103,104,141,142,106],"product_tag":[],"yoast_head":"<!-- This site is optimized with the Yoast SEO plugin v16.6.1 - https:\/\/yoast.com\/wordpress\/plugins\/seo\/ -->\n<title>Type 5282 - NEW SKY CO.,LTD<\/title>\n<meta name=\"robots\" content=\"index, follow, max-snippet:-1, max-image-preview:large, max-video-preview:-1\" \/>\n<link rel=\"canonical\" href=\"https:\/\/newskyvn.com\/product\/type-5282\/\" \/>\n<meta property=\"og:locale\" content=\"en_US\" \/>\n<meta property=\"og:type\" content=\"article\" \/>\n<meta property=\"og:title\" content=\"Type 5282 - NEW SKY CO.,LTD\" \/>\n<meta property=\"og:description\" content=\"[:vi]Ki\u1ec3u 5282 - Van m\u00e0ng 2\/2 ng\u1ecf, h\u1ed7 tr\u1ee3 Servo  Van 5282 l\u00e0 van m\u00e0ng c\u00f3 tr\u1ee3 l\u1ef1c servo.\u00a0\u00c1p su\u1ea5t ch\u00eanh l\u1ec7ch t\u1ed1i thi\u1ec3u l\u00e0 c\u1ea7n thi\u1ebft \u0111\u1ec3 van ho\u1ea1t \u0111\u1ed9ng.\u00a0C\u00e1c k\u1ebft h\u1ee3p v\u1eadt li\u1ec7u m\u00e0ng kh\u00e1c nhau v\u00e0 c\u00e1c ch\u1ee9c n\u0103ng m\u1ea1ch c\u00f3 s\u1eb5n t\u00f9y thu\u1ed9c v\u00e0o \u1ee9ng d\u1ee5ng.\u00a0Th\u00e2n b\u00ecnh b\u1eb1ng \u0111\u1ed3ng ti\u00eau chu\u1ea9n \u0111\u00e1p \u1ee9ng t\u1ea5t c\u1ea3 c\u00e1c y\u00eau c\u1ea7u v\u1ec1 n\u01b0\u1edbc u\u1ed1ng c\u1ee7a Ch\u00e2u \u00c2u.\u00a0Th\u00e2n xe \u0111\u01b0\u1ee3c ho\u00e0n thi\u1ec7n v\u1edbi c\u00e1c phi\u00ean b\u1ea3n th\u00e9p kh\u00f4ng g\u1ec9.\u00a0Van \u0111i\u1ec1u khi\u1ec3n 3\/2 chi\u1ec1u c\u00f3 th\u1ec3 d\u1ec5 d\u00e0ng chuy\u1ec3n \u0111\u1ed5i t\u1eeb ch\u1ee9c n\u0103ng m\u1ea1ch NC sang NO b\u1eb1ng c\u00e1ch xoay n\u00f3 tr\u00ean ph\u1ea7n \u1ee9ng.\u00a0C\u00e1c cu\u1ed9n d\u00e2y \u0111i\u1ec7n t\u1eeb \u0111\u01b0\u1ee3c \u0111\u00fac b\u1eb1ng epoxy kh\u00e1ng h\u00f3a ch\u1ea5t.\u00a05282 \u0111\u01b0\u1ee3c trang b\u1ecb t\u00ednh n\u0103ng ghi \u0111\u00e8 th\u1ee7 c\u00f4ng \u0111\u1ec3 kh\u1edfi \u0111\u1ed9ng v\u00e0 th\u1eed nghi\u1ec7m.\u00a0K\u1ebft h\u1ee3p v\u1edbi m\u1ed9t acc c\u1eafm.\u00a0theo ti\u00eau chu\u1ea9n DIN EN 175301-803 D\u1ea1ng A v\u00e0 th\u00e2n b\u1eb1ng th\u00e9p kh\u00f4ng g\u1ec9, van \u0111\u00e1p \u1ee9ng c\u00e1c y\u00eau c\u1ea7u c\u1ee7a NEMA 4X.    Van m\u00e0ng h\u1ed7 tr\u1ee3 Servo l\u00ean \u0111\u1ebfn l\u1ed7 DN65  M\u00e0ng ng\u0103n c\u00e1ch cho m\u00f4i tr\u01b0\u1eddng x\u00e2m th\u1ef1c v\u00e0 nhi\u1ec5m b\u1ea9n  Th\u1eddi gian \u0111\u00f3ng v\u00e0 m\u1edf c\u00f3 th\u1ec3 \u0111\u01b0\u1ee3c \u0111i\u1ec1u ch\u1ec9nh ri\u00eang  Phi\u00ean b\u1ea3n ch\u1ed1ng ch\u00e1y n\u1ed5 (Cat.2)  Ghi \u0111\u00e8 th\u1ee7 c\u00f4ng th\u00e2n thi\u1ec7n v\u1edbi d\u1ecbch v\u1ee5  [:en]Type 5282 - Servo-assisted 2\/2-way diaphragm valve  he 5282 valve is a servo-assisted diaphragm valve. A minimum differential pressure is required for the valve to function. Various diaphragm material combinations and circuit functions are available depending on the application. The standard brass body satisfies all European drinking water requirements. The body offering is completed with stainless steel versions. The 3\/2-way pilot valve can be easily converted from NC to NO circuit function by rotating it on the armature. The solenoid coils are moulded with a chemically resistant epoxy. The 5282 is equipped with manual override for start-up and testing. In combination with a plug acc. to DIN EN 175301-803 Form A and stainless steel body, the valves satisfy the requirements of NEMA 4X.    Servo-assisted diaphragm valve up to DN65 orifice  Separating diaphragm for aggressive and contaminated media  Closing and opening times can be adjusted individually  Explosion-proof versions (Cat.2)  Service-friendly manual override  [:]\" \/>\n<meta property=\"og:url\" content=\"https:\/\/newskyvn.com\/product\/type-5282\/\" \/>\n<meta property=\"og:site_name\" content=\"NEW SKY CO.,LTD\" \/>\n<meta property=\"article:modified_time\" content=\"2021-10-02T09:37:51+00:00\" \/>\n<meta property=\"og:image\" content=\"https:\/\/newskyvn.com\/wp-content\/uploads\/2021\/09\/5282.jpg\" \/>\n\t<meta property=\"og:image:width\" content=\"500\" \/>\n\t<meta property=\"og:image:height\" content=\"500\" \/>\n<meta name=\"twitter:card\" content=\"summary_large_image\" \/>\n<script type=\"application\/ld+json\" class=\"yoast-schema-graph\">{\"@context\":\"https:\/\/schema.org\",\"@graph\":[{\"@type\":\"WebSite\",\"@id\":\"https:\/\/newskyvn.com\/#website\",\"url\":\"https:\/\/newskyvn.com\/\",\"name\":\"NEW SKY CO.,LTD\",\"description\":\"C\\u00f4ng Ty TNHH S\\u1ea3n Xu\\u1ea5t Th\\u01b0\\u01a1ng M\\u1ea1i D\\u1ecbch V\\u1ee5 T\\u00e2n Thi\\u00ean\",\"potentialAction\":[{\"@type\":\"SearchAction\",\"target\":{\"@type\":\"EntryPoint\",\"urlTemplate\":\"https:\/\/newskyvn.com\/?s={search_term_string}\"},\"query-input\":\"required name=search_term_string\"}],\"inLanguage\":\"en-US\"},{\"@type\":\"ImageObject\",\"@id\":\"https:\/\/newskyvn.com\/product\/type-5282\/#primaryimage\",\"inLanguage\":\"en-US\",\"url\":\"https:\/\/newskyvn.com\/wp-content\/uploads\/2021\/09\/5282.jpg\",\"contentUrl\":\"https:\/\/newskyvn.com\/wp-content\/uploads\/2021\/09\/5282.jpg\",\"width\":500,\"height\":500},{\"@type\":\"WebPage\",\"@id\":\"https:\/\/newskyvn.com\/product\/type-5282\/#webpage\",\"url\":\"https:\/\/newskyvn.com\/product\/type-5282\/\",\"name\":\"Type 5282 - NEW SKY CO.,LTD\",\"isPartOf\":{\"@id\":\"https:\/\/newskyvn.com\/#website\"},\"primaryImageOfPage\":{\"@id\":\"https:\/\/newskyvn.com\/product\/type-5282\/#primaryimage\"},\"datePublished\":\"2021-09-20T03:44:09+00:00\",\"dateModified\":\"2021-10-02T09:37:51+00:00\",\"breadcrumb\":{\"@id\":\"https:\/\/newskyvn.com\/product\/type-5282\/#breadcrumb\"},\"inLanguage\":\"en-US\",\"potentialAction\":[{\"@type\":\"ReadAction\",\"target\":[\"https:\/\/newskyvn.com\/product\/type-5282\/\"]}]},{\"@type\":\"BreadcrumbList\",\"@id\":\"https:\/\/newskyvn.com\/product\/type-5282\/#breadcrumb\",\"itemListElement\":[{\"@type\":\"ListItem\",\"position\":1,\"name\":\"Product\",\"item\":\"https:\/\/newskyvn.com\/en\/san-pham\/\"},{\"@type\":\"ListItem\",\"position\":2,\"name\":\"Type 5282\"}]}]}<\/script>\n<!-- \/ Yoast SEO plugin. -->","_links":{"self":[{"href":"https:\/\/newskyvn.com\/en\/wp-json\/wp\/v2\/product\/1610"}],"collection":[{"href":"https:\/\/newskyvn.com\/en\/wp-json\/wp\/v2\/product"}],"about":[{"href":"https:\/\/newskyvn.com\/en\/wp-json\/wp\/v2\/types\/product"}],"replies":[{"embeddable":true,"href":"https:\/\/newskyvn.com\/en\/wp-json\/wp\/v2\/comments?post=1610"}],"wp:featuredmedia":[{"embeddable":true,"href":"https:\/\/newskyvn.com\/en\/wp-json\/wp\/v2\/media\/1612"}],"wp:attachment":[{"href":"https:\/\/newskyvn.com\/en\/wp-json\/wp\/v2\/media?parent=1610"}],"wp:term":[{"taxonomy":"product_cat","embeddable":true,"href":"https:\/\/newskyvn.com\/en\/wp-json\/wp\/v2\/product_cat?post=1610"},{"taxonomy":"product_tag","embeddable":true,"href":"https:\/\/newskyvn.com\/en\/wp-json\/wp\/v2\/product_tag?post=1610"}],"curies":[{"name":"wp","href":"https:\/\/api.w.org\/{rel}","templated":true}]}}