{"id":1607,"date":"2021-09-20T03:36:13","date_gmt":"2021-09-20T03:36:13","guid":{"rendered":"https:\/\/newskyvn.com\/?post_type=product&#038;p=1607"},"modified":"2021-09-20T03:36:13","modified_gmt":"2021-09-20T03:36:13","slug":"type-6211","status":"publish","type":"product","link":"https:\/\/newskyvn.com\/en\/product\/type-6211\/","title":{"rendered":"Type 6211"},"content":{"rendered":"","protected":false},"excerpt":{"rendered":"<p><strong>Type 6211 &#8211; Diaphragm valve 2\/2 way servo-assisted<\/strong><\/p>\n<p>The Type 6211 is a servo-assisted normally closed 2\/2-way solenoid valve with a servo diaphragm for use especially with neutral fluids and gaseous media. The valve has a low power consumption, low weight and a compact body. The valve is normally closed by spring force. Energized, the solenoid opens the pilot valve first. Then the medium pressure opens the main valve due to the pressure drop above the diaphragm. The valve opens.The special design and geometry of the inner parts of the valve result in a soft closing function and cause almost no water hammer.<\/p>\n<div class=\"copy\">\n<ul>\n<li>Push-over solenoid system AC07<\/li>\n<li>Energy-saving AC07 coil, max. DN 20<\/li>\n<li>Body in brass<\/li>\n<li>Pressure range 0.5 up to 10 bar<\/li>\n<\/ul>\n<\/div>\n","protected":false},"featured_media":1608,"comment_status":"open","ping_status":"closed","template":"","meta":[],"product_cat":[103,104],"product_tag":[],"yoast_head":"<!-- This site is optimized with the Yoast SEO plugin v16.6.1 - https:\/\/yoast.com\/wordpress\/plugins\/seo\/ -->\n<title>Type 6211 - NEW SKY CO.,LTD<\/title>\n<meta name=\"robots\" content=\"index, follow, max-snippet:-1, max-image-preview:large, max-video-preview:-1\" \/>\n<link rel=\"canonical\" href=\"https:\/\/newskyvn.com\/product\/type-6211\/\" \/>\n<meta property=\"og:locale\" content=\"en_US\" \/>\n<meta property=\"og:type\" content=\"article\" \/>\n<meta property=\"og:title\" content=\"Type 6211 - NEW SKY CO.,LTD\" \/>\n<meta property=\"og:description\" content=\"[:vi]Ki\u1ec3u 6211 - Van m\u00e0ng 2\/2 ng\u1ecf, h\u1ed7 tr\u1ee3 servo  Ki\u1ec3u 6211 l\u00e0 van \u0111i\u1ec7n t\u1eeb 2\/2 chi\u1ec1u th\u01b0\u1eddng \u0111\u00f3ng c\u00f3 h\u1ed7 tr\u1ee3 servo v\u1edbi m\u00e0ng ng\u0103n servo \u0111\u1ec3 s\u1eed d\u1ee5ng \u0111\u1eb7c bi\u1ec7t v\u1edbi ch\u1ea5t l\u1ecfng trung t\u00ednh v\u00e0 m\u00f4i tr\u01b0\u1eddng kh\u00ed.\u00a0Van c\u00f3 m\u1ee9c ti\u00eau th\u1ee5 \u0111i\u1ec7n n\u0103ng th\u1ea5p, tr\u1ecdng l\u01b0\u1ee3ng th\u1ea5p v\u00e0 th\u00e2n h\u00ecnh nh\u1ecf g\u1ecdn.\u00a0Van th\u01b0\u1eddng \u0111\u00f3ng b\u1eb1ng l\u1ef1c l\u00f2 xo.\u00a0\u0110\u01b0\u1ee3c cung c\u1ea5p n\u0103ng l\u01b0\u1ee3ng, b\u1ed9 \u0111i\u1ec7n t\u1eeb m\u1edf van th\u00ed \u0111i\u1ec3m tr\u01b0\u1edbc.\u00a0Khi \u0111\u00f3 \u00e1p su\u1ea5t trung b\u00ecnh s\u1ebd m\u1edf van ch\u00ednh do s\u1ef1 gi\u1ea3m \u00e1p su\u1ea5t ph\u00eda tr\u00ean m\u00e0ng ng\u0103n.\u00a0Van m\u1edf. Thi\u1ebft k\u1ebf v\u00e0 h\u00ecnh h\u1ecdc \u0111\u1eb7c bi\u1ec7t c\u1ee7a c\u00e1c b\u1ed9 ph\u1eadn b\u00ean trong van d\u1eabn \u0111\u1ebfn ch\u1ee9c n\u0103ng \u0111\u00f3ng m\u1ec1m v\u00e0 h\u1ea7u nh\u01b0 kh\u00f4ng g\u00e2y ra b\u00faa n\u01b0\u1edbc.    H\u1ec7 th\u1ed1ng \u0111i\u1ec7n t\u1eeb \u0111\u1ea9y qua AC07  Cu\u1ed9n d\u00e2y AC07 ti\u1ebft ki\u1ec7m n\u0103ng l\u01b0\u1ee3ng, t\u1ed1i \u0111a.\u00a0DN 20  Th\u00e2n b\u1eb1ng \u0111\u1ed3ng thau  Ph\u1ea1m vi \u00e1p su\u1ea5t 0,5 \u0111\u1ebfn 10 bar  [:en]Type 6211 - Diaphragm valve 2\/2 way servo-assisted  The Type 6211 is a servo-assisted normally closed 2\/2-way solenoid valve with a servo diaphragm for use especially with neutral fluids and gaseous media. The valve has a low power consumption, low weight and a compact body. The valve is normally closed by spring force. Energized, the solenoid opens the pilot valve first. Then the medium pressure opens the main valve due to the pressure drop above the diaphragm. The valve opens.The special design and geometry of the inner parts of the valve result in a soft closing function and cause almost no water hammer.    Push-over solenoid system AC07  Energy-saving AC07 coil, max. DN 20  Body in brass  Pressure range 0.5 up to 10 bar  [:]\" \/>\n<meta property=\"og:url\" content=\"https:\/\/newskyvn.com\/product\/type-6211\/\" \/>\n<meta property=\"og:site_name\" content=\"NEW SKY CO.,LTD\" \/>\n<meta property=\"og:image\" content=\"https:\/\/newskyvn.com\/wp-content\/uploads\/2021\/09\/6211.jpg\" \/>\n\t<meta property=\"og:image:width\" content=\"500\" \/>\n\t<meta property=\"og:image:height\" content=\"500\" \/>\n<meta name=\"twitter:card\" content=\"summary_large_image\" \/>\n<script type=\"application\/ld+json\" class=\"yoast-schema-graph\">{\"@context\":\"https:\/\/schema.org\",\"@graph\":[{\"@type\":\"WebSite\",\"@id\":\"https:\/\/newskyvn.com\/#website\",\"url\":\"https:\/\/newskyvn.com\/\",\"name\":\"NEW SKY CO.,LTD\",\"description\":\"C\\u00f4ng Ty TNHH S\\u1ea3n Xu\\u1ea5t Th\\u01b0\\u01a1ng M\\u1ea1i D\\u1ecbch V\\u1ee5 T\\u00e2n Thi\\u00ean\",\"potentialAction\":[{\"@type\":\"SearchAction\",\"target\":{\"@type\":\"EntryPoint\",\"urlTemplate\":\"https:\/\/newskyvn.com\/?s={search_term_string}\"},\"query-input\":\"required name=search_term_string\"}],\"inLanguage\":\"en-US\"},{\"@type\":\"ImageObject\",\"@id\":\"https:\/\/newskyvn.com\/product\/type-6211\/#primaryimage\",\"inLanguage\":\"en-US\",\"url\":\"https:\/\/newskyvn.com\/wp-content\/uploads\/2021\/09\/6211.jpg\",\"contentUrl\":\"https:\/\/newskyvn.com\/wp-content\/uploads\/2021\/09\/6211.jpg\",\"width\":500,\"height\":500},{\"@type\":\"WebPage\",\"@id\":\"https:\/\/newskyvn.com\/product\/type-6211\/#webpage\",\"url\":\"https:\/\/newskyvn.com\/product\/type-6211\/\",\"name\":\"Type 6211 - NEW SKY CO.,LTD\",\"isPartOf\":{\"@id\":\"https:\/\/newskyvn.com\/#website\"},\"primaryImageOfPage\":{\"@id\":\"https:\/\/newskyvn.com\/product\/type-6211\/#primaryimage\"},\"datePublished\":\"2021-09-20T03:36:13+00:00\",\"dateModified\":\"2021-09-20T03:36:13+00:00\",\"breadcrumb\":{\"@id\":\"https:\/\/newskyvn.com\/product\/type-6211\/#breadcrumb\"},\"inLanguage\":\"en-US\",\"potentialAction\":[{\"@type\":\"ReadAction\",\"target\":[\"https:\/\/newskyvn.com\/product\/type-6211\/\"]}]},{\"@type\":\"BreadcrumbList\",\"@id\":\"https:\/\/newskyvn.com\/product\/type-6211\/#breadcrumb\",\"itemListElement\":[{\"@type\":\"ListItem\",\"position\":1,\"name\":\"Product\",\"item\":\"https:\/\/newskyvn.com\/en\/san-pham\/\"},{\"@type\":\"ListItem\",\"position\":2,\"name\":\"Type 6211\"}]}]}<\/script>\n<!-- \/ Yoast SEO plugin. -->","_links":{"self":[{"href":"https:\/\/newskyvn.com\/en\/wp-json\/wp\/v2\/product\/1607"}],"collection":[{"href":"https:\/\/newskyvn.com\/en\/wp-json\/wp\/v2\/product"}],"about":[{"href":"https:\/\/newskyvn.com\/en\/wp-json\/wp\/v2\/types\/product"}],"replies":[{"embeddable":true,"href":"https:\/\/newskyvn.com\/en\/wp-json\/wp\/v2\/comments?post=1607"}],"wp:featuredmedia":[{"embeddable":true,"href":"https:\/\/newskyvn.com\/en\/wp-json\/wp\/v2\/media\/1608"}],"wp:attachment":[{"href":"https:\/\/newskyvn.com\/en\/wp-json\/wp\/v2\/media?parent=1607"}],"wp:term":[{"taxonomy":"product_cat","embeddable":true,"href":"https:\/\/newskyvn.com\/en\/wp-json\/wp\/v2\/product_cat?post=1607"},{"taxonomy":"product_tag","embeddable":true,"href":"https:\/\/newskyvn.com\/en\/wp-json\/wp\/v2\/product_tag?post=1607"}],"curies":[{"name":"wp","href":"https:\/\/api.w.org\/{rel}","templated":true}]}}