{"id":1604,"date":"2021-09-20T03:31:46","date_gmt":"2021-09-20T03:31:46","guid":{"rendered":"https:\/\/newskyvn.com\/?post_type=product&#038;p=1604"},"modified":"2025-03-16T19:09:41","modified_gmt":"2025-03-16T19:09:41","slug":"type-6228","status":"publish","type":"product","link":"https:\/\/newskyvn.com\/en\/product\/type-6228\/","title":{"rendered":"Type 6228"},"content":{"rendered":"","protected":false},"excerpt":{"rendered":"<p><strong>Type 6228 &#8211; Diaphragm valve 2\/2 way servo-assisted<\/strong><\/p>\n<p>The Type 6228 is a servo-assisted 2\/2-way solenoid valve with servo-diaphragm. It is particularly suited for neutral media. Without electrical power, this solenoid valve is closed. Pressure builds up through the servo diaphragm, which pushes the latter downwards and thereby keeps the valve closed. On switching, the space above the servo-diaphragm will be relieved via the pilot valve. As a result, the pressure of the medium lifts the servo-diaphragm, and the main valve opens. A minimum differential pressure of 0.5 bar is required for complete opening and closing. The special design and geometry of the internalparts of the valve produce a soft closing function with very low pressure peaks only. It is very simple to extend the valve radially.<\/p>\n<div class=\"copy\">\n<ul>\n<li>Push-over solenoid system<\/li>\n<li>Energy-saving AC07 coil, max. DN 13<\/li>\n<li>Body in plastic<\/li>\n<\/ul>\n<\/div>\n","protected":false},"featured_media":1606,"comment_status":"open","ping_status":"closed","template":"","meta":[],"product_cat":[103,104],"product_tag":[],"yoast_head":"<!-- This site is optimized with the Yoast SEO plugin v16.6.1 - https:\/\/yoast.com\/wordpress\/plugins\/seo\/ -->\n<title>Type 6228 - NEW SKY CO.,LTD<\/title>\n<meta name=\"robots\" content=\"index, follow, max-snippet:-1, max-image-preview:large, max-video-preview:-1\" \/>\n<link rel=\"canonical\" href=\"https:\/\/newskyvn.com\/product\/type-6228\/\" \/>\n<meta property=\"og:locale\" content=\"en_US\" \/>\n<meta property=\"og:type\" content=\"article\" \/>\n<meta property=\"og:title\" content=\"Type 6228 - NEW SKY CO.,LTD\" \/>\n<meta property=\"og:description\" content=\"[:vi]Lo\u1ea1i 6228 - Van m\u00e0ng 2\/2 ng\u1ecf, h\u1ed7 tr\u1ee3 servo  Lo\u1ea1i 6228 l\u00e0 van \u0111i\u1ec7n t\u1eeb 2\/2 chi\u1ec1u c\u00f3 h\u1ed7 tr\u1ee3 servo v\u1edbi m\u00e0ng ng\u0103n servo.\u00a0N\u00f3 \u0111\u1eb7c bi\u1ec7t th\u00edch h\u1ee3p cho c\u00e1c ph\u01b0\u01a1ng ti\u1ec7n trung t\u00ednh.\u00a0N\u1ebfu kh\u00f4ng c\u00f3 \u0111i\u1ec7n, van \u0111i\u1ec7n t\u1eeb n\u00e0y \u0111\u01b0\u1ee3c \u0111\u00f3ng l\u1ea1i.\u00a0\u00c1p su\u1ea5t t\u00edch t\u1ee5 qua m\u00e0ng servo, \u0111\u1ea9y m\u00e0ng n\u00e0y xu\u1ed1ng d\u01b0\u1edbi v\u00e0 do \u0111\u00f3 gi\u1eef van \u0111\u00f3ng.\u00a0Khi chuy\u1ec3n \u0111\u1ed5i, kh\u00f4ng gian ph\u00eda tr\u00ean m\u00e0ng loa servo s\u1ebd \u0111\u01b0\u1ee3c gi\u1ea3i ph\u00f3ng th\u00f4ng qua van th\u00ed \u0111i\u1ec3m.\u00a0K\u1ebft qu\u1ea3 l\u00e0, \u00e1p su\u1ea5t c\u1ee7a m\u00f4i ch\u1ea5t n\u00e2ng m\u00e0ng servo v\u00e0 van ch\u00ednh m\u1edf ra.\u00a0\u00c1p su\u1ea5t ch\u00eanh l\u1ec7ch t\u1ed1i thi\u1ec3u l\u00e0 0,5 bar l\u00e0 c\u1ea7n thi\u1ebft \u0111\u1ec3 \u0111\u00f3ng v\u00e0 m\u1edf ho\u00e0n to\u00e0n.\u00a0Thi\u1ebft k\u1ebf v\u00e0 h\u00ecnh h\u1ecdc \u0111\u1eb7c bi\u1ec7t c\u1ee7a c\u00e1c b\u1ed9 ph\u1eadn b\u00ean trong van t\u1ea1o ra ch\u1ee9c n\u0103ng \u0111\u00f3ng m\u1ec1m ch\u1ec9 v\u1edbi \u0111\u1ec9nh \u00e1p su\u1ea5t r\u1ea5t th\u1ea5p.\u00a0N\u00f3 r\u1ea5t \u0111\u01a1n gi\u1ea3n \u0111\u1ec3 m\u1edf r\u1ed9ng van m\u1ed9t c\u00e1ch xuy\u00ean t\u00e2m.    H\u1ec7 th\u1ed1ng \u0111i\u1ec7n t\u1eeb \u0111\u1ea9y qua  Cu\u1ed9n d\u00e2y AC07 ti\u1ebft ki\u1ec7m n\u0103ng l\u01b0\u1ee3ng, t\u1ed1i \u0111a.\u00a0DN 13  Th\u00e2n b\u1eb1ng nh\u1ef1a  [:en]Type 6228 - Diaphragm valve 2\/2 way servo-assisted  The Type 6228 is a servo-assisted 2\/2-way solenoid valve with servo-diaphragm. It is particularly suited for neutral media. Without electrical power, this solenoid valve is closed. Pressure builds up through the servo diaphragm, which pushes the latter downwards and thereby keeps the valve closed. On switching, the space above the servo-diaphragm will be relieved via the pilot valve. As a result, the pressure of the medium lifts the servo-diaphragm, and the main valve opens. A minimum differential pressure of 0.5 bar is required for complete opening and closing. The special design and geometry of the internalparts of the valve produce a soft closing function with very low pressure peaks only. It is very simple to extend the valve radially.    Push-over solenoid system  Energy-saving AC07 coil, max. DN 13  Body in plastic  [:]\" \/>\n<meta property=\"og:url\" content=\"https:\/\/newskyvn.com\/product\/type-6228\/\" \/>\n<meta property=\"og:site_name\" content=\"NEW SKY CO.,LTD\" \/>\n<meta property=\"article:modified_time\" content=\"2025-03-16T19:09:41+00:00\" \/>\n<meta property=\"og:image\" content=\"https:\/\/newskyvn.com\/wp-content\/uploads\/2021\/09\/6228.jpg\" \/>\n\t<meta property=\"og:image:width\" content=\"500\" \/>\n\t<meta property=\"og:image:height\" content=\"500\" \/>\n<meta name=\"twitter:card\" content=\"summary_large_image\" \/>\n<script type=\"application\/ld+json\" class=\"yoast-schema-graph\">{\"@context\":\"https:\/\/schema.org\",\"@graph\":[{\"@type\":\"WebSite\",\"@id\":\"https:\/\/newskyvn.com\/#website\",\"url\":\"https:\/\/newskyvn.com\/\",\"name\":\"NEW SKY CO.,LTD\",\"description\":\"C\\u00f4ng Ty TNHH S\\u1ea3n Xu\\u1ea5t Th\\u01b0\\u01a1ng M\\u1ea1i D\\u1ecbch V\\u1ee5 T\\u00e2n Thi\\u00ean\",\"potentialAction\":[{\"@type\":\"SearchAction\",\"target\":{\"@type\":\"EntryPoint\",\"urlTemplate\":\"https:\/\/newskyvn.com\/?s={search_term_string}\"},\"query-input\":\"required name=search_term_string\"}],\"inLanguage\":\"en-US\"},{\"@type\":\"ImageObject\",\"@id\":\"https:\/\/newskyvn.com\/product\/type-6228\/#primaryimage\",\"inLanguage\":\"en-US\",\"url\":\"https:\/\/newskyvn.com\/wp-content\/uploads\/2021\/09\/6228.jpg\",\"contentUrl\":\"https:\/\/newskyvn.com\/wp-content\/uploads\/2021\/09\/6228.jpg\",\"width\":500,\"height\":500},{\"@type\":\"WebPage\",\"@id\":\"https:\/\/newskyvn.com\/product\/type-6228\/#webpage\",\"url\":\"https:\/\/newskyvn.com\/product\/type-6228\/\",\"name\":\"Type 6228 - NEW SKY CO.,LTD\",\"isPartOf\":{\"@id\":\"https:\/\/newskyvn.com\/#website\"},\"primaryImageOfPage\":{\"@id\":\"https:\/\/newskyvn.com\/product\/type-6228\/#primaryimage\"},\"datePublished\":\"2021-09-20T03:31:46+00:00\",\"dateModified\":\"2025-03-16T19:09:41+00:00\",\"breadcrumb\":{\"@id\":\"https:\/\/newskyvn.com\/product\/type-6228\/#breadcrumb\"},\"inLanguage\":\"en-US\",\"potentialAction\":[{\"@type\":\"ReadAction\",\"target\":[\"https:\/\/newskyvn.com\/product\/type-6228\/\"]}]},{\"@type\":\"BreadcrumbList\",\"@id\":\"https:\/\/newskyvn.com\/product\/type-6228\/#breadcrumb\",\"itemListElement\":[{\"@type\":\"ListItem\",\"position\":1,\"name\":\"Product\",\"item\":\"https:\/\/newskyvn.com\/en\/san-pham\/\"},{\"@type\":\"ListItem\",\"position\":2,\"name\":\"Type 6228\"}]}]}<\/script>\n<!-- \/ Yoast SEO plugin. -->","_links":{"self":[{"href":"https:\/\/newskyvn.com\/en\/wp-json\/wp\/v2\/product\/1604"}],"collection":[{"href":"https:\/\/newskyvn.com\/en\/wp-json\/wp\/v2\/product"}],"about":[{"href":"https:\/\/newskyvn.com\/en\/wp-json\/wp\/v2\/types\/product"}],"replies":[{"embeddable":true,"href":"https:\/\/newskyvn.com\/en\/wp-json\/wp\/v2\/comments?post=1604"}],"wp:featuredmedia":[{"embeddable":true,"href":"https:\/\/newskyvn.com\/en\/wp-json\/wp\/v2\/media\/1606"}],"wp:attachment":[{"href":"https:\/\/newskyvn.com\/en\/wp-json\/wp\/v2\/media?parent=1604"}],"wp:term":[{"taxonomy":"product_cat","embeddable":true,"href":"https:\/\/newskyvn.com\/en\/wp-json\/wp\/v2\/product_cat?post=1604"},{"taxonomy":"product_tag","embeddable":true,"href":"https:\/\/newskyvn.com\/en\/wp-json\/wp\/v2\/product_tag?post=1604"}],"curies":[{"name":"wp","href":"https:\/\/api.w.org\/{rel}","templated":true}]}}