{"id":1601,"date":"2021-09-20T03:25:30","date_gmt":"2021-09-20T03:25:30","guid":{"rendered":"https:\/\/newskyvn.com\/?post_type=product&#038;p=1601"},"modified":"2024-09-15T12:48:34","modified_gmt":"2024-09-15T12:48:34","slug":"type-6027","status":"publish","type":"product","link":"https:\/\/newskyvn.com\/en\/product\/type-6027\/","title":{"rendered":"Type 6027"},"content":{"rendered":"","protected":false},"excerpt":{"rendered":"<p><strong>Type 6027 &#8211; Direct-acting 2\/2 way plunger valve<\/strong><\/p>\n<p>Valve 6027 is a direct-acting plunger valve. The stopper and plunger guide tube are welded together to enhance pressure resistance and leak-tightness. Various seal material combinations are available depending on the application. The coils are moulded with chemically resistant epoxy. An optional sliding ring bearing increases the service life with dry gases. Special seal technology is used for high-pressure applications. In combination with a plug in accordance with DIN EN 175301-803 Form A, the valves satisfy protection class IP65. Stainless steel valves satisfy NEMA 4X.<\/p>\n<div class=\"copy\">\n<ul>\n<li>Direct-acting, powerful valve with diameter of up to DN13<\/li>\n<li>Vibration-proof, bolted coil system<\/li>\n<li>Increased leak-tightness with welded plunger guide tube<\/li>\n<li>Explosion proof versions<\/li>\n<li>High pressure variants for gases and liquids<\/li>\n<\/ul>\n<\/div>\n","protected":false},"featured_media":1603,"comment_status":"open","ping_status":"closed","template":"","meta":[],"product_cat":[103,104,142,105,143],"product_tag":[],"yoast_head":"<!-- This site is optimized with the Yoast SEO plugin v16.6.1 - https:\/\/yoast.com\/wordpress\/plugins\/seo\/ -->\n<title>Type 6027 - NEW SKY CO.,LTD<\/title>\n<meta name=\"robots\" content=\"index, follow, max-snippet:-1, max-image-preview:large, max-video-preview:-1\" \/>\n<link rel=\"canonical\" href=\"https:\/\/newskyvn.com\/product\/type-6027\/\" \/>\n<meta property=\"og:locale\" content=\"en_US\" \/>\n<meta property=\"og:type\" content=\"article\" \/>\n<meta property=\"og:title\" content=\"Type 6027 - NEW SKY CO.,LTD\" \/>\n<meta property=\"og:description\" content=\"[:vi]Ki\u1ec3u 6027 - Van pit t\u00f4ng 2\/2 chi\u1ec1u t\u00e1c \u0111\u1ed9ng tr\u1ef1c ti\u1ebfp  Van 6027 l\u00e0 lo\u1ea1i van pit t\u00f4ng t\u00e1c \u0111\u1ed9ng tr\u1ef1c ti\u1ebfp.\u00a0N\u00fat ch\u1eb7n v\u00e0 \u1ed1ng d\u1eabn h\u01b0\u1edbng p\u00edt t\u00f4ng \u0111\u01b0\u1ee3c h\u00e0n v\u1edbi nhau \u0111\u1ec3 t\u0103ng c\u01b0\u1eddng kh\u1ea3 n\u0103ng ch\u1ecbu \u00e1p l\u1ef1c v\u00e0 ch\u1ed1ng r\u00f2 r\u1ec9.\u00a0C\u00f3 nhi\u1ec1u c\u00e1ch k\u1ebft h\u1ee3p v\u1eadt li\u1ec7u con d\u1ea5u kh\u00e1c nhau t\u00f9y thu\u1ed9c v\u00e0o \u1ee9ng d\u1ee5ng.\u00a0C\u00e1c cu\u1ed9n d\u00e2y \u0111\u01b0\u1ee3c \u0111\u00fac b\u1eb1ng epoxy kh\u00e1ng h\u00f3a ch\u1ea5t.\u00a0V\u00f2ng bi tr\u01b0\u1ee3t t\u00f9y ch\u1ecdn gi\u00fap t\u0103ng tu\u1ed5i th\u1ecd s\u1eed d\u1ee5ng v\u1edbi kh\u00ed kh\u00f4.\u00a0C\u00f4ng ngh\u1ec7 con d\u1ea5u \u0111\u1eb7c bi\u1ec7t \u0111\u01b0\u1ee3c s\u1eed d\u1ee5ng cho c\u00e1c \u1ee9ng d\u1ee5ng \u00e1p su\u1ea5t cao.\u00a0K\u1ebft h\u1ee3p v\u1edbi ph\u00edch c\u1eafm ph\u00f9 h\u1ee3p v\u1edbi DIN EN 175301-803 D\u1ea1ng A, c\u00e1c van \u0111\u00e1p \u1ee9ng c\u1ea5p b\u1ea3o v\u1ec7 IP65.\u00a0Van th\u00e9p kh\u00f4ng g\u1ec9 \u0111\u00e1p \u1ee9ng NEMA 4X.    Van ho\u1ea1t \u0111\u1ed9ng tr\u1ef1c ti\u1ebfp, m\u1ea1nh m\u1ebd v\u1edbi \u0111\u01b0\u1eddng k\u00ednh l\u00ean \u0111\u1ebfn DN13  H\u1ec7 th\u1ed1ng cu\u1ed9n d\u00e2y b\u1eaft v\u00edt, ch\u1ed1ng rung  T\u0103ng \u0111\u1ed9 k\u00edn kh\u00edt v\u1edbi \u1ed1ng d\u1eabn h\u01b0\u1edbng p\u00edt t\u00f4ng h\u00e0n  Phi\u00ean b\u1ea3n ch\u1ed1ng ch\u00e1y n\u1ed5  C\u00e1c bi\u1ebfn th\u1ec3 \u00e1p su\u1ea5t cao cho kh\u00ed v\u00e0 ch\u1ea5t l\u1ecfng  [:en]Type 6027 - Direct-acting 2\/2 way plunger valve  Valve 6027 is a direct-acting plunger valve. The stopper and plunger guide tube are welded together to enhance pressure resistance and leak-tightness. Various seal material combinations are available depending on the application. The coils are moulded with chemically resistant epoxy. An optional sliding ring bearing increases the service life with dry gases. Special seal technology is used for high-pressure applications. In combination with a plug in accordance with DIN EN 175301-803 Form A, the valves satisfy protection class IP65. Stainless steel valves satisfy NEMA 4X.    Direct-acting, powerful valve with diameter of up to DN13  Vibration-proof, bolted coil system  Increased leak-tightness with welded plunger guide tube  Explosion proof versions  High pressure variants for gases and liquids  [:]\" \/>\n<meta property=\"og:url\" content=\"https:\/\/newskyvn.com\/product\/type-6027\/\" \/>\n<meta property=\"og:site_name\" content=\"NEW SKY CO.,LTD\" \/>\n<meta property=\"article:modified_time\" content=\"2024-09-15T12:48:34+00:00\" \/>\n<meta property=\"og:image\" content=\"https:\/\/newskyvn.com\/wp-content\/uploads\/2021\/09\/6027.jpg\" \/>\n\t<meta property=\"og:image:width\" content=\"500\" \/>\n\t<meta property=\"og:image:height\" content=\"500\" \/>\n<meta name=\"twitter:card\" content=\"summary_large_image\" \/>\n<script type=\"application\/ld+json\" class=\"yoast-schema-graph\">{\"@context\":\"https:\/\/schema.org\",\"@graph\":[{\"@type\":\"WebSite\",\"@id\":\"https:\/\/newskyvn.com\/#website\",\"url\":\"https:\/\/newskyvn.com\/\",\"name\":\"NEW SKY CO.,LTD\",\"description\":\"C\\u00f4ng Ty TNHH S\\u1ea3n Xu\\u1ea5t Th\\u01b0\\u01a1ng M\\u1ea1i D\\u1ecbch V\\u1ee5 T\\u00e2n Thi\\u00ean\",\"potentialAction\":[{\"@type\":\"SearchAction\",\"target\":{\"@type\":\"EntryPoint\",\"urlTemplate\":\"https:\/\/newskyvn.com\/?s={search_term_string}\"},\"query-input\":\"required name=search_term_string\"}],\"inLanguage\":\"en-US\"},{\"@type\":\"ImageObject\",\"@id\":\"https:\/\/newskyvn.com\/product\/type-6027\/#primaryimage\",\"inLanguage\":\"en-US\",\"url\":\"https:\/\/newskyvn.com\/wp-content\/uploads\/2021\/09\/6027.jpg\",\"contentUrl\":\"https:\/\/newskyvn.com\/wp-content\/uploads\/2021\/09\/6027.jpg\",\"width\":500,\"height\":500},{\"@type\":\"WebPage\",\"@id\":\"https:\/\/newskyvn.com\/product\/type-6027\/#webpage\",\"url\":\"https:\/\/newskyvn.com\/product\/type-6027\/\",\"name\":\"Type 6027 - NEW SKY CO.,LTD\",\"isPartOf\":{\"@id\":\"https:\/\/newskyvn.com\/#website\"},\"primaryImageOfPage\":{\"@id\":\"https:\/\/newskyvn.com\/product\/type-6027\/#primaryimage\"},\"datePublished\":\"2021-09-20T03:25:30+00:00\",\"dateModified\":\"2024-09-15T12:48:34+00:00\",\"breadcrumb\":{\"@id\":\"https:\/\/newskyvn.com\/product\/type-6027\/#breadcrumb\"},\"inLanguage\":\"en-US\",\"potentialAction\":[{\"@type\":\"ReadAction\",\"target\":[\"https:\/\/newskyvn.com\/product\/type-6027\/\"]}]},{\"@type\":\"BreadcrumbList\",\"@id\":\"https:\/\/newskyvn.com\/product\/type-6027\/#breadcrumb\",\"itemListElement\":[{\"@type\":\"ListItem\",\"position\":1,\"name\":\"Product\",\"item\":\"https:\/\/newskyvn.com\/en\/san-pham\/\"},{\"@type\":\"ListItem\",\"position\":2,\"name\":\"Type 6027\"}]}]}<\/script>\n<!-- \/ Yoast SEO plugin. -->","_links":{"self":[{"href":"https:\/\/newskyvn.com\/en\/wp-json\/wp\/v2\/product\/1601"}],"collection":[{"href":"https:\/\/newskyvn.com\/en\/wp-json\/wp\/v2\/product"}],"about":[{"href":"https:\/\/newskyvn.com\/en\/wp-json\/wp\/v2\/types\/product"}],"replies":[{"embeddable":true,"href":"https:\/\/newskyvn.com\/en\/wp-json\/wp\/v2\/comments?post=1601"}],"wp:featuredmedia":[{"embeddable":true,"href":"https:\/\/newskyvn.com\/en\/wp-json\/wp\/v2\/media\/1603"}],"wp:attachment":[{"href":"https:\/\/newskyvn.com\/en\/wp-json\/wp\/v2\/media?parent=1601"}],"wp:term":[{"taxonomy":"product_cat","embeddable":true,"href":"https:\/\/newskyvn.com\/en\/wp-json\/wp\/v2\/product_cat?post=1601"},{"taxonomy":"product_tag","embeddable":true,"href":"https:\/\/newskyvn.com\/en\/wp-json\/wp\/v2\/product_tag?post=1601"}],"curies":[{"name":"wp","href":"https:\/\/api.w.org\/{rel}","templated":true}]}}