{"id":1592,"date":"2021-09-20T03:08:18","date_gmt":"2021-09-20T03:08:18","guid":{"rendered":"https:\/\/newskyvn.com\/?post_type=product&#038;p=1592"},"modified":"2021-10-02T09:24:06","modified_gmt":"2021-10-02T09:24:06","slug":"type-6240","status":"publish","type":"product","link":"https:\/\/newskyvn.com\/en\/product\/type-6240\/","title":{"rendered":"Type 6240"},"content":{"rendered":"","protected":false},"excerpt":{"rendered":"<p><strong>Type 6240 &#8211; Servo-assisted 2\/2 way piston valve<\/strong><\/p>\n<p>The 6240 valve is a servo-assisted piston valve. The stopper and plunger guiding tube are welded together to enhance pressure resistance and leak-tightness. Various seal material combinations are available depending on the application. The housing design and surface quality enable maximum flow rates. The coils are moulded with chemically resistant epoxy. An optional sliding ring bearings increases the life cycle with dry gases. In combination with a plug in accordance with DIN EN 175301-803 Form A, the valves satisfy protection class IP65. Stainless steel valves satisfy NEMA 4X.<\/p>\n<div class=\"copy\">\n<ul>\n<li>Servo-assisted and compact piston valve with diameter of up to DN 13<\/li>\n<li>Vibration-resistant , screwed coil system<\/li>\n<li>Increased leak-tightness with welded plunger guiding tube<\/li>\n<li>Safe opening with hard-coupled piston system<\/li>\n<li>Explosion proof versions<\/li>\n<\/ul>\n<\/div>\n","protected":false},"featured_media":1594,"comment_status":"open","ping_status":"closed","template":"","meta":[],"product_cat":[103,104,142,105,143],"product_tag":[],"yoast_head":"<!-- This site is optimized with the Yoast SEO plugin v16.6.1 - https:\/\/yoast.com\/wordpress\/plugins\/seo\/ -->\n<title>Type 6240 - NEW SKY CO.,LTD<\/title>\n<meta name=\"robots\" content=\"index, follow, max-snippet:-1, max-image-preview:large, max-video-preview:-1\" \/>\n<link rel=\"canonical\" href=\"https:\/\/newskyvn.com\/product\/type-6240\/\" \/>\n<meta property=\"og:locale\" content=\"en_US\" \/>\n<meta property=\"og:type\" content=\"article\" \/>\n<meta property=\"og:title\" content=\"Type 6240 - NEW SKY CO.,LTD\" \/>\n<meta property=\"og:description\" content=\"[:vi]Ki\u1ec3u 6240 - Van piston 2\/2 ng\u1ecf, h\u1ed7 tr\u1ee3 Servo   Van piston nh\u1ecf g\u1ecdn v\u00e0 \u0111\u01b0\u1ee3c h\u1ed7 tr\u1ee3 Servo v\u1edbi \u0111\u01b0\u1eddng k\u00ednh l\u00ean \u0111\u1ebfn DN 13  H\u1ec7 th\u1ed1ng cu\u1ed9n d\u00e2y v\u1eb7n v\u00edt, ch\u1ed1ng rung  T\u0103ng \u0111\u1ed9 k\u00edn kh\u00edt v\u1edbi \u1ed1ng d\u1eabn h\u01b0\u1edbng p\u00edt t\u00f4ng h\u00e0n  M\u1edf an to\u00e0n v\u1edbi h\u1ec7 th\u1ed1ng piston kh\u1edbp n\u1ed1i c\u1ee9ng  Phi\u00ean b\u1ea3n ch\u1ed1ng ch\u00e1y n\u1ed5 [:en]Type 6240 - Servo-assisted 2\/2 way piston valve  The 6240 valve is a servo-assisted piston valve. The stopper and plunger guiding tube are welded together to enhance pressure resistance and leak-tightness. Various seal material combinations are available depending on the application. The housing design and surface quality enable maximum flow rates. The coils are moulded with chemically resistant epoxy. An optional sliding ring bearings increases the life cycle with dry gases. In combination with a plug in accordance with DIN EN 175301-803 Form A, the valves satisfy protection class IP65. Stainless steel valves satisfy NEMA 4X.    Servo-assisted and compact piston valve with diameter of up to DN 13  Vibration-resistant , screwed coil system  Increased leak-tightness with welded plunger guiding tube  Safe opening with hard-coupled piston system  Explosion proof versions  [:]\" \/>\n<meta property=\"og:url\" content=\"https:\/\/newskyvn.com\/product\/type-6240\/\" \/>\n<meta property=\"og:site_name\" content=\"NEW SKY CO.,LTD\" \/>\n<meta property=\"article:modified_time\" content=\"2021-10-02T09:24:06+00:00\" \/>\n<meta property=\"og:image\" content=\"https:\/\/newskyvn.com\/wp-content\/uploads\/2021\/09\/6240.jpg\" \/>\n\t<meta property=\"og:image:width\" content=\"500\" \/>\n\t<meta property=\"og:image:height\" content=\"500\" \/>\n<meta name=\"twitter:card\" content=\"summary_large_image\" \/>\n<script type=\"application\/ld+json\" class=\"yoast-schema-graph\">{\"@context\":\"https:\/\/schema.org\",\"@graph\":[{\"@type\":\"WebSite\",\"@id\":\"https:\/\/newskyvn.com\/#website\",\"url\":\"https:\/\/newskyvn.com\/\",\"name\":\"NEW SKY CO.,LTD\",\"description\":\"C\\u00f4ng Ty TNHH S\\u1ea3n Xu\\u1ea5t Th\\u01b0\\u01a1ng M\\u1ea1i D\\u1ecbch V\\u1ee5 T\\u00e2n Thi\\u00ean\",\"potentialAction\":[{\"@type\":\"SearchAction\",\"target\":{\"@type\":\"EntryPoint\",\"urlTemplate\":\"https:\/\/newskyvn.com\/?s={search_term_string}\"},\"query-input\":\"required name=search_term_string\"}],\"inLanguage\":\"en-US\"},{\"@type\":\"ImageObject\",\"@id\":\"https:\/\/newskyvn.com\/product\/type-6240\/#primaryimage\",\"inLanguage\":\"en-US\",\"url\":\"https:\/\/newskyvn.com\/wp-content\/uploads\/2021\/09\/6240.jpg\",\"contentUrl\":\"https:\/\/newskyvn.com\/wp-content\/uploads\/2021\/09\/6240.jpg\",\"width\":500,\"height\":500},{\"@type\":\"WebPage\",\"@id\":\"https:\/\/newskyvn.com\/product\/type-6240\/#webpage\",\"url\":\"https:\/\/newskyvn.com\/product\/type-6240\/\",\"name\":\"Type 6240 - NEW SKY CO.,LTD\",\"isPartOf\":{\"@id\":\"https:\/\/newskyvn.com\/#website\"},\"primaryImageOfPage\":{\"@id\":\"https:\/\/newskyvn.com\/product\/type-6240\/#primaryimage\"},\"datePublished\":\"2021-09-20T03:08:18+00:00\",\"dateModified\":\"2021-10-02T09:24:06+00:00\",\"breadcrumb\":{\"@id\":\"https:\/\/newskyvn.com\/product\/type-6240\/#breadcrumb\"},\"inLanguage\":\"en-US\",\"potentialAction\":[{\"@type\":\"ReadAction\",\"target\":[\"https:\/\/newskyvn.com\/product\/type-6240\/\"]}]},{\"@type\":\"BreadcrumbList\",\"@id\":\"https:\/\/newskyvn.com\/product\/type-6240\/#breadcrumb\",\"itemListElement\":[{\"@type\":\"ListItem\",\"position\":1,\"name\":\"Product\",\"item\":\"https:\/\/newskyvn.com\/en\/san-pham\/\"},{\"@type\":\"ListItem\",\"position\":2,\"name\":\"Type 6240\"}]}]}<\/script>\n<!-- \/ Yoast SEO plugin. -->","_links":{"self":[{"href":"https:\/\/newskyvn.com\/en\/wp-json\/wp\/v2\/product\/1592"}],"collection":[{"href":"https:\/\/newskyvn.com\/en\/wp-json\/wp\/v2\/product"}],"about":[{"href":"https:\/\/newskyvn.com\/en\/wp-json\/wp\/v2\/types\/product"}],"replies":[{"embeddable":true,"href":"https:\/\/newskyvn.com\/en\/wp-json\/wp\/v2\/comments?post=1592"}],"wp:featuredmedia":[{"embeddable":true,"href":"https:\/\/newskyvn.com\/en\/wp-json\/wp\/v2\/media\/1594"}],"wp:attachment":[{"href":"https:\/\/newskyvn.com\/en\/wp-json\/wp\/v2\/media?parent=1592"}],"wp:term":[{"taxonomy":"product_cat","embeddable":true,"href":"https:\/\/newskyvn.com\/en\/wp-json\/wp\/v2\/product_cat?post=1592"},{"taxonomy":"product_tag","embeddable":true,"href":"https:\/\/newskyvn.com\/en\/wp-json\/wp\/v2\/product_tag?post=1592"}],"curies":[{"name":"wp","href":"https:\/\/api.w.org\/{rel}","templated":true}]}}