{"id":1589,"date":"2021-09-20T02:59:46","date_gmt":"2021-09-20T02:59:46","guid":{"rendered":"https:\/\/newskyvn.com\/?post_type=product&#038;p=1589"},"modified":"2025-09-23T17:12:13","modified_gmt":"2025-09-23T17:12:13","slug":"type-6281","status":"publish","type":"product","link":"https:\/\/newskyvn.com\/en\/product\/type-6281\/","title":{"rendered":"Type 6281"},"content":{"rendered":"","protected":false},"excerpt":{"rendered":"<p><strong>Type 6281 &#8211; Servo-assisted 2\/2 way diaphragm valve<\/strong><\/p>\n<p>The 6281 valve is a servo-assisted solenoid valve of the S.EV series. A minimum differential pressure is always required for the function of the valve. Various diaphragm material combinations and methods of operation are available depending on the application. The standard brass housing satisfies all European drinking water requirements. Dezincification-resistant brass is available for other markets. The housing offering is rounded out by a stainless steel version. For reduced energy requirement, all coils can be delivered with electronic power reduction. The valve can be equipped with manual override for easy maintenance and commissioning. In combination with a plug in accordance with DIN EN 175301-803 Form A, the valves satisfy protection class IP65 \u2013 in combination with a stainless steel housing NEMA 4X.<\/p>\n<div class=\"copy\">\n<ul>\n<li>Servo-assisted diaphragm with diameter of up to DN50<\/li>\n<li>Vibration-proof, central screwed coil system<\/li>\n<li>Damped design for quiet closing<\/li>\n<li>Service-friendly manual override<\/li>\n<li>Explosion-proof versions<\/li>\n<\/ul>\n<\/div>\n","protected":false},"featured_media":1591,"comment_status":"open","ping_status":"closed","template":"","meta":[],"product_cat":[103,104,141,142],"product_tag":[],"yoast_head":"<!-- This site is optimized with the Yoast SEO plugin v16.6.1 - https:\/\/yoast.com\/wordpress\/plugins\/seo\/ -->\n<title>Type 6281 - NEW SKY CO.,LTD<\/title>\n<meta name=\"robots\" content=\"index, follow, max-snippet:-1, max-image-preview:large, max-video-preview:-1\" \/>\n<link rel=\"canonical\" href=\"https:\/\/newskyvn.com\/product\/type-6281\/\" \/>\n<meta property=\"og:locale\" content=\"en_US\" \/>\n<meta property=\"og:type\" content=\"article\" \/>\n<meta property=\"og:title\" content=\"Type 6281 - NEW SKY CO.,LTD\" \/>\n<meta property=\"og:description\" content=\"[:vi]Ki\u1ec3u 6281 - Van m\u00e0ng 2\/2ng\u00f5, d\u00f9ng Servo  Van 6281 l\u00e0 van \u0111i\u1ec7n t\u1eeb h\u1ed7 tr\u1ee3 servo c\u1ee7a d\u00f2ng S.EV.\u00a0\u00c1p su\u1ea5t ch\u00eanh l\u1ec7ch t\u1ed1i thi\u1ec3u lu\u00f4n lu\u00f4n \u0111\u01b0\u1ee3c y\u00eau c\u1ea7u cho ch\u1ee9c n\u0103ng c\u1ee7a van.\u00a0C\u00e1c k\u1ebft h\u1ee3p v\u1eadt li\u1ec7u m\u00e0ng ng\u0103n kh\u00e1c nhau v\u00e0 c\u00e1c ph\u01b0\u01a1ng ph\u00e1p ho\u1ea1t \u0111\u1ed9ng c\u00f3 s\u1eb5n t\u00f9y thu\u1ed9c v\u00e0o \u1ee9ng d\u1ee5ng.\u00a0V\u1ecf b\u1eb1ng \u0111\u1ed3ng ti\u00eau chu\u1ea9n \u0111\u00e1p \u1ee9ng t\u1ea5t c\u1ea3 c\u00e1c y\u00eau c\u1ea7u v\u1ec1 n\u01b0\u1edbc u\u1ed1ng c\u1ee7a Ch\u00e2u \u00c2u.\u00a0\u0110\u1ed3ng thau ch\u1ed1ng kh\u1eed v\u00f4i h\u00f3a c\u00f3 s\u1eb5n cho c\u00e1c th\u1ecb tr\u01b0\u1eddng kh\u00e1c.\u00a0Cung c\u1ea5p nh\u00e0 \u1edf \u0111\u01b0\u1ee3c l\u00e0m tr\u00f2n b\u1eb1ng m\u1ed9t phi\u00ean b\u1ea3n th\u00e9p kh\u00f4ng g\u1ec9.\u00a0\u0110\u1ec3 gi\u1ea3m y\u00eau c\u1ea7u n\u0103ng l\u01b0\u1ee3ng, t\u1ea5t c\u1ea3 c\u00e1c cu\u1ed9n d\u00e2y c\u00f3 th\u1ec3 \u0111\u01b0\u1ee3c cung c\u1ea5p v\u1edbi vi\u1ec7c gi\u1ea3m c\u00f4ng su\u1ea5t \u0111i\u1ec7n t\u1eed.\u00a0Van c\u00f3 th\u1ec3 \u0111\u01b0\u1ee3c trang b\u1ecb ghi \u0111\u00e8 b\u1eb1ng tay \u0111\u1ec3 d\u1ec5 d\u00e0ng b\u1ea3o tr\u00ec v\u00e0 v\u1eadn h\u00e0nh.\u00a0K\u1ebft h\u1ee3p v\u1edbi ph\u00edch c\u1eafm ph\u00f9 h\u1ee3p v\u1edbi DIN EN 175301-803 D\u1ea1ng A, van \u0111\u00e1p \u1ee9ng c\u1ea5p b\u1ea3o v\u1ec7 IP65 - k\u1ebft h\u1ee3p v\u1edbi v\u1ecf th\u00e9p kh\u00f4ng g\u1ec9 NEMA 4X.    C\u01a1 ho\u00e0nh h\u1ed7 tr\u1ee3 Servo v\u1edbi \u0111\u01b0\u1eddng k\u00ednh l\u00ean \u0111\u1ebfn DN50  H\u1ec7 th\u1ed1ng cu\u1ed9n xo\u1eafn trung t\u00e2m, ch\u1ed1ng rung  Thi\u1ebft k\u1ebf gi\u1ea3m ch\u1ea5n \u0111\u1ec3 \u0111\u00f3ng c\u1eeda \u00eam \u00e1i  D\u1ec5 d\u00e0ng b\u1ea3o tr\u00ec  Phi\u00ean b\u1ea3n ch\u1ed1ng ch\u00e1y n\u1ed5  [:en]Type 6281 - Servo-assisted 2\/2 way diaphragm valve  The 6281 valve is a servo-assisted solenoid valve of the S.EV series. A minimum differential pressure is always required for the function of the valve. Various diaphragm material combinations and methods of operation are available depending on the application. The standard brass housing satisfies all European drinking water requirements. Dezincification-resistant brass is available for other markets. The housing offering is rounded out by a stainless steel version. For reduced energy requirement, all coils can be delivered with electronic power reduction. The valve can be equipped with manual override for easy maintenance and commissioning. In combination with a plug in accordance with DIN EN 175301-803 Form A, the valves satisfy protection class IP65 \u2013 in combination with a stainless steel housing NEMA 4X.    Servo-assisted diaphragm with diameter of up to DN50  Vibration-proof, central screwed coil system  Damped design for quiet closing  Service-friendly manual override  Explosion-proof versions  [:]\" \/>\n<meta property=\"og:url\" content=\"https:\/\/newskyvn.com\/product\/type-6281\/\" \/>\n<meta property=\"og:site_name\" content=\"NEW SKY CO.,LTD\" \/>\n<meta property=\"article:modified_time\" content=\"2025-09-23T17:12:13+00:00\" \/>\n<meta property=\"og:image\" content=\"https:\/\/newskyvn.com\/wp-content\/uploads\/2021\/09\/6281.jpg\" \/>\n\t<meta property=\"og:image:width\" content=\"500\" \/>\n\t<meta property=\"og:image:height\" content=\"500\" \/>\n<meta name=\"twitter:card\" content=\"summary_large_image\" \/>\n<script type=\"application\/ld+json\" class=\"yoast-schema-graph\">{\"@context\":\"https:\/\/schema.org\",\"@graph\":[{\"@type\":\"WebSite\",\"@id\":\"https:\/\/newskyvn.com\/#website\",\"url\":\"https:\/\/newskyvn.com\/\",\"name\":\"NEW SKY CO.,LTD\",\"description\":\"C\\u00f4ng Ty TNHH S\\u1ea3n Xu\\u1ea5t Th\\u01b0\\u01a1ng M\\u1ea1i D\\u1ecbch V\\u1ee5 T\\u00e2n Thi\\u00ean\",\"potentialAction\":[{\"@type\":\"SearchAction\",\"target\":{\"@type\":\"EntryPoint\",\"urlTemplate\":\"https:\/\/newskyvn.com\/?s={search_term_string}\"},\"query-input\":\"required name=search_term_string\"}],\"inLanguage\":\"en-US\"},{\"@type\":\"ImageObject\",\"@id\":\"https:\/\/newskyvn.com\/product\/type-6281\/#primaryimage\",\"inLanguage\":\"en-US\",\"url\":\"https:\/\/newskyvn.com\/wp-content\/uploads\/2021\/09\/6281.jpg\",\"contentUrl\":\"https:\/\/newskyvn.com\/wp-content\/uploads\/2021\/09\/6281.jpg\",\"width\":500,\"height\":500},{\"@type\":\"WebPage\",\"@id\":\"https:\/\/newskyvn.com\/product\/type-6281\/#webpage\",\"url\":\"https:\/\/newskyvn.com\/product\/type-6281\/\",\"name\":\"Type 6281 - NEW SKY CO.,LTD\",\"isPartOf\":{\"@id\":\"https:\/\/newskyvn.com\/#website\"},\"primaryImageOfPage\":{\"@id\":\"https:\/\/newskyvn.com\/product\/type-6281\/#primaryimage\"},\"datePublished\":\"2021-09-20T02:59:46+00:00\",\"dateModified\":\"2025-09-23T17:12:13+00:00\",\"breadcrumb\":{\"@id\":\"https:\/\/newskyvn.com\/product\/type-6281\/#breadcrumb\"},\"inLanguage\":\"en-US\",\"potentialAction\":[{\"@type\":\"ReadAction\",\"target\":[\"https:\/\/newskyvn.com\/product\/type-6281\/\"]}]},{\"@type\":\"BreadcrumbList\",\"@id\":\"https:\/\/newskyvn.com\/product\/type-6281\/#breadcrumb\",\"itemListElement\":[{\"@type\":\"ListItem\",\"position\":1,\"name\":\"Product\",\"item\":\"https:\/\/newskyvn.com\/en\/san-pham\/\"},{\"@type\":\"ListItem\",\"position\":2,\"name\":\"Type 6281\"}]}]}<\/script>\n<!-- \/ Yoast SEO plugin. -->","_links":{"self":[{"href":"https:\/\/newskyvn.com\/en\/wp-json\/wp\/v2\/product\/1589"}],"collection":[{"href":"https:\/\/newskyvn.com\/en\/wp-json\/wp\/v2\/product"}],"about":[{"href":"https:\/\/newskyvn.com\/en\/wp-json\/wp\/v2\/types\/product"}],"replies":[{"embeddable":true,"href":"https:\/\/newskyvn.com\/en\/wp-json\/wp\/v2\/comments?post=1589"}],"wp:featuredmedia":[{"embeddable":true,"href":"https:\/\/newskyvn.com\/en\/wp-json\/wp\/v2\/media\/1591"}],"wp:attachment":[{"href":"https:\/\/newskyvn.com\/en\/wp-json\/wp\/v2\/media?parent=1589"}],"wp:term":[{"taxonomy":"product_cat","embeddable":true,"href":"https:\/\/newskyvn.com\/en\/wp-json\/wp\/v2\/product_cat?post=1589"},{"taxonomy":"product_tag","embeddable":true,"href":"https:\/\/newskyvn.com\/en\/wp-json\/wp\/v2\/product_tag?post=1589"}],"curies":[{"name":"wp","href":"https:\/\/api.w.org\/{rel}","templated":true}]}}