{"id":1582,"date":"2021-09-20T02:36:11","date_gmt":"2021-09-20T02:36:11","guid":{"rendered":"https:\/\/newskyvn.com\/?post_type=product&#038;p=1582"},"modified":"2021-10-02T09:14:05","modified_gmt":"2021-10-02T09:14:05","slug":"type-6407","status":"publish","type":"product","link":"https:\/\/newskyvn.com\/en\/product\/type-6407\/","title":{"rendered":"Type 6407"},"content":{"rendered":"","protected":false},"excerpt":{"rendered":"<p><strong>Type 6407 &#8211; Servo-assisted 2\/2-way piston valve<\/strong><\/p>\n<p>The Type 6407 valve is a servo-assisted piston valve. The fix coupling between pilot valve and piston provides an opening of the valve without pressure difference. As a piston valve, the Type 6407 is particular suitable for media such as gas and steam. As well as liquids with low operating temperature below 0\u00b0C.The stopper and the core guide pipe are welded together to enhance pressure resistance and leak-tightness. Various seal material combinations are available depending on the application. The coils are moulded with chemically resistant epoxy. To reduce power consumption in operation, coils with &#8220;Kick and Drop&#8221; (KD) electronics (double coil technology) are available. In combination with a plug acc. to DIN EN 175301-803 Form A, the valves satisfy IP65 degree of protection.<\/p>\n<div class=\"copy\">\n<ul>\n<li>Servo-assisted piston valve up to DN50 orifice<\/li>\n<li>Safe opening with hard-coupled piston system without differential pressure<\/li>\n<li>Vibration-resistant, push-over coil system<\/li>\n<li>Explosion-proof versions<\/li>\n<li>Energy-saving double coil technology with kick and drop design<\/li>\n<\/ul>\n<\/div>\n","protected":false},"featured_media":1584,"comment_status":"open","ping_status":"closed","template":"","meta":[],"product_cat":[103,104,105],"product_tag":[],"yoast_head":"<!-- This site is optimized with the Yoast SEO plugin v16.6.1 - https:\/\/yoast.com\/wordpress\/plugins\/seo\/ -->\n<title>Type 6407 - NEW SKY CO.,LTD<\/title>\n<meta name=\"robots\" content=\"index, follow, max-snippet:-1, max-image-preview:large, max-video-preview:-1\" \/>\n<link rel=\"canonical\" href=\"https:\/\/newskyvn.com\/product\/type-6407\/\" \/>\n<meta property=\"og:locale\" content=\"en_US\" \/>\n<meta property=\"og:type\" content=\"article\" \/>\n<meta property=\"og:title\" content=\"Type 6407 - NEW SKY CO.,LTD\" \/>\n<meta property=\"og:description\" content=\"[:vi]Ki\u1ec3u 6407 - Van piston 2\/2 chi\u1ec1u c\u00f3 h\u1ed7 tr\u1ee3 Servo mo-tor.  Van Type 6407 l\u00e0 van piston c\u00f3 tr\u1ee3 l\u1ef1c servo. Kh\u1edbp n\u1ed1i c\u1ed1 \u0111\u1ecbnh gi\u1eefa van hoa ti\u00eau v\u00e0 p\u00edt-t\u00f4ng gi\u00fap m\u1edf van m\u00e0 kh\u00f4ng c\u00f3 s\u1ef1 ch\u00eanh l\u1ec7ch \u00e1p su\u1ea5t. L\u00e0 m\u1ed9t van piston, Lo\u1ea1i 6407 \u0111\u1eb7c bi\u1ec7t th\u00edch h\u1ee3p cho c\u00e1c ph\u01b0\u01a1ng ti\u1ec7n nh\u01b0 kh\u00ed v\u00e0 h\u01a1i n\u01b0\u1edbc. C\u0169ng nh\u01b0 c\u00e1c ch\u1ea5t l\u1ecfng c\u00f3 nhi\u1ec7t \u0111\u1ed9 ho\u1ea1t \u0111\u1ed9ng th\u1ea5p d\u01b0\u1edbi 0 \u00b0 C, n\u00fat ch\u1eb7n v\u00e0 \u1ed1ng d\u1eabn h\u01b0\u1edbng l\u00f5i \u0111\u01b0\u1ee3c h\u00e0n v\u1edbi nhau \u0111\u1ec3 t\u0103ng c\u01b0\u1eddng kh\u1ea3 n\u0103ng ch\u1ecbu \u00e1p l\u1ef1c v\u00e0 \u0111\u1ed9 k\u00edn r\u00f2 r\u1ec9. C\u00f3 nhi\u1ec1u c\u00e1ch k\u1ebft h\u1ee3p v\u1eadt li\u1ec7u con d\u1ea5u kh\u00e1c nhau t\u00f9y thu\u1ed9c v\u00e0o \u1ee9ng d\u1ee5ng. C\u00e1c cu\u1ed9n d\u00e2y \u0111\u01b0\u1ee3c \u0111\u00fac b\u1eb1ng epoxy kh\u00e1ng h\u00f3a ch\u1ea5t. \u0110\u1ec3 gi\u1ea3m ti\u00eau th\u1ee5 \u0111i\u1ec7n n\u0103ng khi v\u1eadn h\u00e0nh, c\u00f3 s\u1eb5n c\u00e1c cu\u1ed9n d\u00e2y v\u1edbi thi\u1ebft b\u1ecb \u0111i\u1ec7n t\u1eed &quot;Kick and Drop&quot; (KD) (c\u00f4ng ngh\u1ec7 cu\u1ed9n \u0111\u00f4i). K\u1ebft h\u1ee3p v\u1edbi m\u1ed9t acc c\u1eafm. theo DIN EN 175301-803 D\u1ea1ng A, c\u00e1c van \u0111\u00e1p \u1ee9ng c\u1ea5p \u0111\u1ed9 b\u1ea3o v\u1ec7 IP65.  Van piston h\u1ed7 tr\u1ee3 servo l\u00ean \u0111\u1ebfn l\u1ed7 DN50 M\u1edf an to\u00e0n v\u1edbi h\u1ec7 th\u1ed1ng p\u00edt-t\u00f4ng kh\u1edbp n\u1ed1i c\u1ee9ng kh\u00f4ng c\u00f3 ch\u00eanh l\u1ec7ch \u00e1p su\u1ea5t H\u1ec7 th\u1ed1ng cu\u1ed9n ch\u1ed1ng rung, \u0111\u1ea9y qua Phi\u00ean b\u1ea3n ch\u1ed1ng ch\u00e1y n\u1ed5 C\u00f4ng ngh\u1ec7 cu\u1ed9n d\u00e2y k\u00e9p ti\u1ebft ki\u1ec7m n\u0103ng l\u01b0\u1ee3ng v\u1edbi thi\u1ebft k\u1ebf \u0111\u00e1 v\u00e0 th\u1ea3[:en]Type 6407 - Servo-assisted 2\/2-way piston valve  The Type 6407 valve is a servo-assisted piston valve. The fix coupling between pilot valve and piston provides an opening of the valve without pressure difference. As a piston valve, the Type 6407 is particular suitable for media such as gas and steam. As well as liquids with low operating temperature below 0\u00b0C.The stopper and the core guide pipe are welded together to enhance pressure resistance and leak-tightness. Various seal material combinations are available depending on the application. The coils are moulded with chemically resistant epoxy. To reduce power consumption in operation, coils with &quot;Kick and Drop&quot; (KD) electronics (double coil technology) are available. In combination with a plug acc. to DIN EN 175301-803 Form A, the valves satisfy IP65 degree of protection.    Servo-assisted piston valve up to DN50 orifice  Safe opening with hard-coupled piston system without differential pressure  Vibration-resistant, push-over coil system  Explosion-proof versions  Energy-saving double coil technology with kick and drop design  [:]\" \/>\n<meta property=\"og:url\" content=\"https:\/\/newskyvn.com\/product\/type-6407\/\" \/>\n<meta property=\"og:site_name\" content=\"NEW SKY CO.,LTD\" \/>\n<meta property=\"article:modified_time\" content=\"2021-10-02T09:14:05+00:00\" \/>\n<meta property=\"og:image\" content=\"https:\/\/newskyvn.com\/wp-content\/uploads\/2021\/09\/6407.jpg\" \/>\n\t<meta property=\"og:image:width\" content=\"500\" \/>\n\t<meta property=\"og:image:height\" content=\"500\" \/>\n<meta name=\"twitter:card\" content=\"summary_large_image\" \/>\n<script type=\"application\/ld+json\" class=\"yoast-schema-graph\">{\"@context\":\"https:\/\/schema.org\",\"@graph\":[{\"@type\":\"WebSite\",\"@id\":\"https:\/\/newskyvn.com\/#website\",\"url\":\"https:\/\/newskyvn.com\/\",\"name\":\"NEW SKY CO.,LTD\",\"description\":\"C\\u00f4ng Ty TNHH S\\u1ea3n Xu\\u1ea5t Th\\u01b0\\u01a1ng M\\u1ea1i D\\u1ecbch V\\u1ee5 T\\u00e2n Thi\\u00ean\",\"potentialAction\":[{\"@type\":\"SearchAction\",\"target\":{\"@type\":\"EntryPoint\",\"urlTemplate\":\"https:\/\/newskyvn.com\/?s={search_term_string}\"},\"query-input\":\"required name=search_term_string\"}],\"inLanguage\":\"en-US\"},{\"@type\":\"ImageObject\",\"@id\":\"https:\/\/newskyvn.com\/product\/type-6407\/#primaryimage\",\"inLanguage\":\"en-US\",\"url\":\"https:\/\/newskyvn.com\/wp-content\/uploads\/2021\/09\/6407.jpg\",\"contentUrl\":\"https:\/\/newskyvn.com\/wp-content\/uploads\/2021\/09\/6407.jpg\",\"width\":500,\"height\":500},{\"@type\":\"WebPage\",\"@id\":\"https:\/\/newskyvn.com\/product\/type-6407\/#webpage\",\"url\":\"https:\/\/newskyvn.com\/product\/type-6407\/\",\"name\":\"Type 6407 - NEW SKY CO.,LTD\",\"isPartOf\":{\"@id\":\"https:\/\/newskyvn.com\/#website\"},\"primaryImageOfPage\":{\"@id\":\"https:\/\/newskyvn.com\/product\/type-6407\/#primaryimage\"},\"datePublished\":\"2021-09-20T02:36:11+00:00\",\"dateModified\":\"2021-10-02T09:14:05+00:00\",\"breadcrumb\":{\"@id\":\"https:\/\/newskyvn.com\/product\/type-6407\/#breadcrumb\"},\"inLanguage\":\"en-US\",\"potentialAction\":[{\"@type\":\"ReadAction\",\"target\":[\"https:\/\/newskyvn.com\/product\/type-6407\/\"]}]},{\"@type\":\"BreadcrumbList\",\"@id\":\"https:\/\/newskyvn.com\/product\/type-6407\/#breadcrumb\",\"itemListElement\":[{\"@type\":\"ListItem\",\"position\":1,\"name\":\"Product\",\"item\":\"https:\/\/newskyvn.com\/en\/san-pham\/\"},{\"@type\":\"ListItem\",\"position\":2,\"name\":\"Type 6407\"}]}]}<\/script>\n<!-- \/ Yoast SEO plugin. -->","_links":{"self":[{"href":"https:\/\/newskyvn.com\/en\/wp-json\/wp\/v2\/product\/1582"}],"collection":[{"href":"https:\/\/newskyvn.com\/en\/wp-json\/wp\/v2\/product"}],"about":[{"href":"https:\/\/newskyvn.com\/en\/wp-json\/wp\/v2\/types\/product"}],"replies":[{"embeddable":true,"href":"https:\/\/newskyvn.com\/en\/wp-json\/wp\/v2\/comments?post=1582"}],"wp:featuredmedia":[{"embeddable":true,"href":"https:\/\/newskyvn.com\/en\/wp-json\/wp\/v2\/media\/1584"}],"wp:attachment":[{"href":"https:\/\/newskyvn.com\/en\/wp-json\/wp\/v2\/media?parent=1582"}],"wp:term":[{"taxonomy":"product_cat","embeddable":true,"href":"https:\/\/newskyvn.com\/en\/wp-json\/wp\/v2\/product_cat?post=1582"},{"taxonomy":"product_tag","embeddable":true,"href":"https:\/\/newskyvn.com\/en\/wp-json\/wp\/v2\/product_tag?post=1582"}],"curies":[{"name":"wp","href":"https:\/\/api.w.org\/{rel}","templated":true}]}}