{"id":1580,"date":"2021-09-20T02:29:23","date_gmt":"2021-09-20T02:29:23","guid":{"rendered":"https:\/\/newskyvn.com\/?post_type=product&#038;p=1580"},"modified":"2021-10-02T09:36:36","modified_gmt":"2021-10-02T09:36:36","slug":"type-6026","status":"publish","type":"product","link":"https:\/\/newskyvn.com\/en\/product\/type-6026\/","title":{"rendered":"Type 6026"},"content":{"rendered":"","protected":false},"excerpt":{"rendered":"<p>The valve 6026 is a direct-acting, media-separated 2\/2-way plunger valve. The thermal and hermetic isolation of the coil and body by means of stainless steel bellows allows both extreme medium temperatures as well as aggressive media. This design avoids the build-up of condensation between the fluid part and coil or an unacceptable heating up or freezing of the coil. The coils are moulded with chemically resistant epoxy. The valve is therefore particularly suitable for applications with critical media. The use of highly resistant body and seal materials such as stainless steel and PTFE make the valve suitable for critical chemical applications. The valve is supplied with a coil equipped with \u201cKick and Drop\u201d (KD) electronics featuring double coil technology. In combination with a plug to DIN EN 175301 &#8211; 803 Form A, the valves satisfy degree of protection IP65.<\/p>\n<div class=\"copy\">\n<ul>\n<li>Media-separated plunger valves up to DN12<\/li>\n<li>Suitable for high and low temperature ranges (-200 \u00b0C&#8230;+180 \u00b0C)<\/li>\n<li>Energy-saving double coil technology with \u201cKick and Drop\u201d variant<\/li>\n<\/ul>\n<\/div>\n","protected":false},"featured_media":1581,"comment_status":"open","ping_status":"closed","template":"","meta":[],"product_cat":[103,104,144,106],"product_tag":[],"yoast_head":"<!-- This site is optimized with the Yoast SEO plugin v16.6.1 - https:\/\/yoast.com\/wordpress\/plugins\/seo\/ -->\n<title>Type 6026 - NEW SKY CO.,LTD<\/title>\n<meta name=\"robots\" content=\"index, follow, max-snippet:-1, max-image-preview:large, max-video-preview:-1\" \/>\n<link rel=\"canonical\" href=\"https:\/\/newskyvn.com\/product\/type-6026\/\" \/>\n<meta property=\"og:locale\" content=\"en_US\" \/>\n<meta property=\"og:type\" content=\"article\" \/>\n<meta property=\"og:title\" content=\"Type 6026 - NEW SKY CO.,LTD\" \/>\n<meta property=\"og:description\" content=\"[:vi]Van 6026 l\u00e0 lo\u1ea1i van pit t\u00f4ng 2\/2 chi\u1ec1u t\u00e1c \u0111\u1ed9ng tr\u1ef1c ti\u1ebfp, t\u00e1ch bi\u1ec7t v\u1edbi m\u00f4i tr\u01b0\u1eddng. S\u1ef1 c\u00e1ch ly nhi\u1ec7t v\u00e0 k\u00edn c\u1ee7a cu\u1ed9n d\u00e2y v\u00e0 th\u00e2n b\u1eb1ng \u1ed1ng th\u1ed5i b\u1eb1ng th\u00e9p kh\u00f4ng g\u1ec9 cho ph\u00e9p c\u1ea3 nhi\u1ec7t \u0111\u1ed9 trung b\u00ecnh kh\u1eafc nghi\u1ec7t c\u0169ng nh\u01b0 m\u00f4i tr\u01b0\u1eddng x\u00e2m th\u1ef1c. Thi\u1ebft k\u1ebf n\u00e0y tr\u00e1nh s\u1ef1 t\u00edch t\u1ee5 h\u01a1i n\u01b0\u1edbc gi\u1eefa ph\u1ea7n ch\u1ea5t l\u1ecfng v\u00e0 cu\u1ed9n d\u00e2y ho\u1eb7c s\u1ef1 n\u00f3ng l\u00ean ho\u1eb7c \u0111\u00f3ng b\u0103ng kh\u00f4ng th\u1ec3 ch\u1ea5p nh\u1eadn \u0111\u01b0\u1ee3c c\u1ee7a cu\u1ed9n d\u00e2y. C\u00e1c cu\u1ed9n d\u00e2y \u0111\u01b0\u1ee3c \u0111\u00fac b\u1eb1ng epoxy kh\u00e1ng h\u00f3a ch\u1ea5t. Do \u0111\u00f3, van \u0111\u1eb7c bi\u1ec7t th\u00edch h\u1ee3p cho c\u00e1c \u1ee9ng d\u1ee5ng c\u00f3 m\u00f4i ch\u1ea5t quan tr\u1ecdng. Vi\u1ec7c s\u1eed d\u1ee5ng c\u00e1c v\u1eadt li\u1ec7u l\u00e0m k\u00edn v\u00e0 th\u00e2n c\u00f3 \u0111\u1ed9 b\u1ec1n cao nh\u01b0 th\u00e9p kh\u00f4ng g\u1ec9 v\u00e0 PTFE l\u00e0m cho van ph\u00f9 h\u1ee3p v\u1edbi c\u00e1c \u1ee9ng d\u1ee5ng h\u00f3a ch\u1ea5t quan tr\u1ecdng. Van \u0111\u01b0\u1ee3c cung c\u1ea5p v\u1edbi m\u1ed9t cu\u1ed9n d\u00e2y \u0111\u01b0\u1ee3c trang b\u1ecb thi\u1ebft b\u1ecb \u0111i\u1ec7n t\u1eed \u201cKick and Drop\u201d (KD) c\u00f3 c\u00f4ng ngh\u1ec7 cu\u1ed9n d\u00e2y k\u00e9p. K\u1ebft h\u1ee3p v\u1edbi ph\u00edch c\u1eafm DIN EN 175301 - 803 D\u1ea1ng A, c\u00e1c van \u0111\u00e1p \u1ee9ng m\u1ee9c \u0111\u1ed9 b\u1ea3o v\u1ec7 IP65.   Van p\u00edt t\u00f4ng \u0111\u01b0\u1ee3c ph\u00e2n t\u00e1ch b\u1eb1ng ph\u01b0\u01a1ng ti\u1ec7n l\u00ean \u0111\u1ebfn DN12  Th\u00edch h\u1ee3p cho ph\u1ea1m vi nhi\u1ec7t \u0111\u1ed9 cao v\u00e0 th\u1ea5p (-200 \u00b0 C ... + 180 \u00b0 C)  C\u00f4ng ngh\u1ec7 cu\u1ed9n \u0111\u00f4i ti\u1ebft ki\u1ec7m n\u0103ng l\u01b0\u1ee3ng v\u1edbi bi\u1ebfn th\u1ec3 \u201cKick and Drop\u201d [:en]The valve 6026 is a direct-acting, media-separated 2\/2-way plunger valve. The thermal and hermetic isolation of the coil and body by means of stainless steel bellows allows both extreme medium temperatures as well as aggressive media. This design avoids the build-up of condensation between the fluid part and coil or an unacceptable heating up or freezing of the coil. The coils are moulded with chemically resistant epoxy. The valve is therefore particularly suitable for applications with critical media. The use of highly resistant body and seal materials such as stainless steel and PTFE make the valve suitable for critical chemical applications. The valve is supplied with a coil equipped with \u201cKick and Drop\u201d (KD) electronics featuring double coil technology. In combination with a plug to DIN EN 175301 - 803 Form A, the valves satisfy degree of protection IP65.    Media-separated plunger valves up to DN12  Suitable for high and low temperature ranges (-200 \u00b0C...+180 \u00b0C)  Energy-saving double coil technology with \u201cKick and Drop\u201d variant  [:]\" \/>\n<meta property=\"og:url\" content=\"https:\/\/newskyvn.com\/product\/type-6026\/\" \/>\n<meta property=\"og:site_name\" content=\"NEW SKY CO.,LTD\" \/>\n<meta property=\"article:modified_time\" content=\"2021-10-02T09:36:36+00:00\" \/>\n<meta property=\"og:image\" content=\"https:\/\/newskyvn.com\/wp-content\/uploads\/2021\/09\/6026.jpg\" \/>\n\t<meta property=\"og:image:width\" content=\"500\" \/>\n\t<meta property=\"og:image:height\" content=\"500\" \/>\n<meta name=\"twitter:card\" content=\"summary_large_image\" \/>\n<script type=\"application\/ld+json\" class=\"yoast-schema-graph\">{\"@context\":\"https:\/\/schema.org\",\"@graph\":[{\"@type\":\"WebSite\",\"@id\":\"https:\/\/newskyvn.com\/#website\",\"url\":\"https:\/\/newskyvn.com\/\",\"name\":\"NEW SKY CO.,LTD\",\"description\":\"C\\u00f4ng Ty TNHH S\\u1ea3n Xu\\u1ea5t Th\\u01b0\\u01a1ng M\\u1ea1i D\\u1ecbch V\\u1ee5 T\\u00e2n Thi\\u00ean\",\"potentialAction\":[{\"@type\":\"SearchAction\",\"target\":{\"@type\":\"EntryPoint\",\"urlTemplate\":\"https:\/\/newskyvn.com\/?s={search_term_string}\"},\"query-input\":\"required name=search_term_string\"}],\"inLanguage\":\"en-US\"},{\"@type\":\"ImageObject\",\"@id\":\"https:\/\/newskyvn.com\/product\/type-6026\/#primaryimage\",\"inLanguage\":\"en-US\",\"url\":\"https:\/\/newskyvn.com\/wp-content\/uploads\/2021\/09\/6026.jpg\",\"contentUrl\":\"https:\/\/newskyvn.com\/wp-content\/uploads\/2021\/09\/6026.jpg\",\"width\":500,\"height\":500},{\"@type\":\"WebPage\",\"@id\":\"https:\/\/newskyvn.com\/product\/type-6026\/#webpage\",\"url\":\"https:\/\/newskyvn.com\/product\/type-6026\/\",\"name\":\"Type 6026 - NEW SKY CO.,LTD\",\"isPartOf\":{\"@id\":\"https:\/\/newskyvn.com\/#website\"},\"primaryImageOfPage\":{\"@id\":\"https:\/\/newskyvn.com\/product\/type-6026\/#primaryimage\"},\"datePublished\":\"2021-09-20T02:29:23+00:00\",\"dateModified\":\"2021-10-02T09:36:36+00:00\",\"breadcrumb\":{\"@id\":\"https:\/\/newskyvn.com\/product\/type-6026\/#breadcrumb\"},\"inLanguage\":\"en-US\",\"potentialAction\":[{\"@type\":\"ReadAction\",\"target\":[\"https:\/\/newskyvn.com\/product\/type-6026\/\"]}]},{\"@type\":\"BreadcrumbList\",\"@id\":\"https:\/\/newskyvn.com\/product\/type-6026\/#breadcrumb\",\"itemListElement\":[{\"@type\":\"ListItem\",\"position\":1,\"name\":\"Product\",\"item\":\"https:\/\/newskyvn.com\/en\/san-pham\/\"},{\"@type\":\"ListItem\",\"position\":2,\"name\":\"Type 6026\"}]}]}<\/script>\n<!-- \/ Yoast SEO plugin. -->","_links":{"self":[{"href":"https:\/\/newskyvn.com\/en\/wp-json\/wp\/v2\/product\/1580"}],"collection":[{"href":"https:\/\/newskyvn.com\/en\/wp-json\/wp\/v2\/product"}],"about":[{"href":"https:\/\/newskyvn.com\/en\/wp-json\/wp\/v2\/types\/product"}],"replies":[{"embeddable":true,"href":"https:\/\/newskyvn.com\/en\/wp-json\/wp\/v2\/comments?post=1580"}],"wp:featuredmedia":[{"embeddable":true,"href":"https:\/\/newskyvn.com\/en\/wp-json\/wp\/v2\/media\/1581"}],"wp:attachment":[{"href":"https:\/\/newskyvn.com\/en\/wp-json\/wp\/v2\/media?parent=1580"}],"wp:term":[{"taxonomy":"product_cat","embeddable":true,"href":"https:\/\/newskyvn.com\/en\/wp-json\/wp\/v2\/product_cat?post=1580"},{"taxonomy":"product_tag","embeddable":true,"href":"https:\/\/newskyvn.com\/en\/wp-json\/wp\/v2\/product_tag?post=1580"}],"curies":[{"name":"wp","href":"https:\/\/api.w.org\/{rel}","templated":true}]}}