{"id":1577,"date":"2021-09-20T02:23:49","date_gmt":"2021-09-20T02:23:49","guid":{"rendered":"https:\/\/newskyvn.com\/?post_type=product&#038;p=1577"},"modified":"2021-09-20T02:23:50","modified_gmt":"2021-09-20T02:23:50","slug":"type-7011","status":"publish","type":"product","link":"https:\/\/newskyvn.com\/en\/product\/type-7011\/","title":{"rendered":"Type 7011"},"content":{"rendered":"","protected":false},"excerpt":{"rendered":"<p>The 7011 valve is a direct-acting plunger valve. The stopper and the core guide tube are welded together to enhance pressure resistance and leak-tightness. Various body and seal material combinations are available depending on the actual application. A B\u00fcrkert-specific flange variant (SFB) enables the space-saving arrangement of valves on a multiple manifold. The range is supplemented by versions according to DVGW EN 161 and explosion-proof versions. Push-in fittings can be selected for a flexible hose connection. In combination with a plug to DIN EN 175301-803 Form B, the valves satisfy degree of protection IP65.<\/p>\n<div class=\"copy\">\n<ul>\n<li>Direct-acting and compact small valve up to DN 2.4<\/li>\n<li>Slipped over coil system<\/li>\n<li>Simple and fast flange or manifold mounting<\/li>\n<li>Quick coupling (push-in fitting) for push-in connectors<\/li>\n<li>Explosion-proof versions<\/li>\n<\/ul>\n<\/div>\n","protected":false},"featured_media":1579,"comment_status":"open","ping_status":"closed","template":"","meta":[],"product_cat":[103,104],"product_tag":[],"yoast_head":"<!-- This site is optimized with the Yoast SEO plugin v16.6.1 - https:\/\/yoast.com\/wordpress\/plugins\/seo\/ -->\n<title>Type 7011 - NEW SKY CO.,LTD<\/title>\n<meta name=\"robots\" content=\"index, follow, max-snippet:-1, max-image-preview:large, max-video-preview:-1\" \/>\n<link rel=\"canonical\" href=\"https:\/\/newskyvn.com\/product\/type-7011\/\" \/>\n<meta property=\"og:locale\" content=\"en_US\" \/>\n<meta property=\"og:type\" content=\"article\" \/>\n<meta property=\"og:title\" content=\"Type 7011 - NEW SKY CO.,LTD\" \/>\n<meta property=\"og:description\" content=\"[:vi]Van 7011 l\u00e0 van pit t\u00f4ng t\u00e1c \u0111\u1ed9ng tr\u1ef1c ti\u1ebfp. N\u00fat v\u00e0 \u1ed1ng d\u1eabn h\u01b0\u1edbng l\u00f5i \u0111\u01b0\u1ee3c h\u00e0n v\u1edbi nhau \u0111\u1ec3 t\u0103ng c\u01b0\u1eddng kh\u1ea3 n\u0103ng ch\u1ecbu \u00e1p l\u1ef1c v\u00e0 ch\u1ed1ng r\u00f2 r\u1ec9. C\u00f3 nhi\u1ec1u c\u00e1ch k\u1ebft h\u1ee3p v\u1eadt li\u1ec7u th\u00e2n v\u00e0 ph\u1edbt kh\u00e1c nhau t\u00f9y thu\u1ed9c v\u00e0o \u1ee9ng d\u1ee5ng th\u1ef1c t\u1ebf. M\u1ed9t bi\u1ebfn th\u1ec3 m\u1eb7t b\u00edch c\u1ee5 th\u1ec3 c\u1ee7a B\u00fcrkert (SFB) cho ph\u00e9p b\u1ed1 tr\u00ed c\u00e1c van ti\u1ebft ki\u1ec7m kh\u00f4ng gian tr\u00ean nhi\u1ec1u \u1ed1ng g\u00f3p. Ph\u1ea1m vi \u0111\u01b0\u1ee3c b\u1ed5 sung b\u1edfi c\u00e1c phi\u00ean b\u1ea3n theo DVGW EN 161 v\u00e0 c\u00e1c phi\u00ean b\u1ea3n ch\u1ed1ng ch\u00e1y n\u1ed5. C\u00f3 th\u1ec3 ch\u1ecdn ph\u1ee5 ki\u1ec7n \u0111\u1ea9y v\u00e0o cho k\u1ebft n\u1ed1i \u1ed1ng m\u1ec1m. K\u1ebft h\u1ee3p v\u1edbi ph\u00edch c\u1eafm DIN EN 175301-803 D\u1ea1ng B, c\u00e1c van \u0111\u00e1p \u1ee9ng m\u1ee9c \u0111\u1ed9 b\u1ea3o v\u1ec7 IP65.  Van nh\u1ecf g\u1ecdn v\u00e0 t\u00e1c \u0111\u1ed9ng tr\u1ef1c ti\u1ebfp l\u00ean \u0111\u1ebfn DN 2.4 Tr\u01b0\u1ee3t qua h\u1ec7 th\u1ed1ng cu\u1ed9n d\u00e2y L\u1eafp m\u1eb7t b\u00edch ho\u1eb7c \u1ed1ng g\u00f3p \u0111\u01a1n gi\u1ea3n v\u00e0 nhanh ch\u00f3ng Kh\u1edbp n\u1ed1i nhanh (ph\u1ee5 ki\u1ec7n \u0111\u1ea9y v\u00e0o) cho c\u00e1c \u0111\u1ea7u n\u1ed1i \u0111\u1ea9y v\u00e0o Phi\u00ean b\u1ea3n ch\u1ed1ng ch\u00e1y n\u1ed5[:en]The 7011 valve is a direct-acting plunger valve. The stopper and the core guide tube are welded together to enhance pressure resistance and leak-tightness. Various body and seal material combinations are available depending on the actual application. A B\u00fcrkert-specific flange variant (SFB) enables the space-saving arrangement of valves on a multiple manifold. The range is supplemented by versions according to DVGW EN 161 and explosion-proof versions. Push-in fittings can be selected for a flexible hose connection. In combination with a plug to DIN EN 175301-803 Form B, the valves satisfy degree of protection IP65.    Direct-acting and compact small valve up to DN 2.4  Slipped over coil system  Simple and fast flange or manifold mounting  Quick coupling (push-in fitting) for push-in connectors  Explosion-proof versions  [:]\" \/>\n<meta property=\"og:url\" content=\"https:\/\/newskyvn.com\/product\/type-7011\/\" \/>\n<meta property=\"og:site_name\" content=\"NEW SKY CO.,LTD\" \/>\n<meta property=\"article:modified_time\" content=\"2021-09-20T02:23:50+00:00\" \/>\n<meta property=\"og:image\" content=\"https:\/\/newskyvn.com\/wp-content\/uploads\/2021\/09\/7011.jpg\" \/>\n\t<meta property=\"og:image:width\" content=\"500\" \/>\n\t<meta property=\"og:image:height\" content=\"500\" \/>\n<meta name=\"twitter:card\" content=\"summary_large_image\" \/>\n<script type=\"application\/ld+json\" class=\"yoast-schema-graph\">{\"@context\":\"https:\/\/schema.org\",\"@graph\":[{\"@type\":\"WebSite\",\"@id\":\"https:\/\/newskyvn.com\/#website\",\"url\":\"https:\/\/newskyvn.com\/\",\"name\":\"NEW SKY CO.,LTD\",\"description\":\"C\\u00f4ng Ty TNHH S\\u1ea3n Xu\\u1ea5t Th\\u01b0\\u01a1ng M\\u1ea1i D\\u1ecbch V\\u1ee5 T\\u00e2n Thi\\u00ean\",\"potentialAction\":[{\"@type\":\"SearchAction\",\"target\":{\"@type\":\"EntryPoint\",\"urlTemplate\":\"https:\/\/newskyvn.com\/?s={search_term_string}\"},\"query-input\":\"required name=search_term_string\"}],\"inLanguage\":\"en-US\"},{\"@type\":\"ImageObject\",\"@id\":\"https:\/\/newskyvn.com\/product\/type-7011\/#primaryimage\",\"inLanguage\":\"en-US\",\"url\":\"https:\/\/newskyvn.com\/wp-content\/uploads\/2021\/09\/7011.jpg\",\"contentUrl\":\"https:\/\/newskyvn.com\/wp-content\/uploads\/2021\/09\/7011.jpg\",\"width\":500,\"height\":500},{\"@type\":\"WebPage\",\"@id\":\"https:\/\/newskyvn.com\/product\/type-7011\/#webpage\",\"url\":\"https:\/\/newskyvn.com\/product\/type-7011\/\",\"name\":\"Type 7011 - NEW SKY CO.,LTD\",\"isPartOf\":{\"@id\":\"https:\/\/newskyvn.com\/#website\"},\"primaryImageOfPage\":{\"@id\":\"https:\/\/newskyvn.com\/product\/type-7011\/#primaryimage\"},\"datePublished\":\"2021-09-20T02:23:49+00:00\",\"dateModified\":\"2021-09-20T02:23:50+00:00\",\"breadcrumb\":{\"@id\":\"https:\/\/newskyvn.com\/product\/type-7011\/#breadcrumb\"},\"inLanguage\":\"en-US\",\"potentialAction\":[{\"@type\":\"ReadAction\",\"target\":[\"https:\/\/newskyvn.com\/product\/type-7011\/\"]}]},{\"@type\":\"BreadcrumbList\",\"@id\":\"https:\/\/newskyvn.com\/product\/type-7011\/#breadcrumb\",\"itemListElement\":[{\"@type\":\"ListItem\",\"position\":1,\"name\":\"Product\",\"item\":\"https:\/\/newskyvn.com\/en\/san-pham\/\"},{\"@type\":\"ListItem\",\"position\":2,\"name\":\"Type 7011\"}]}]}<\/script>\n<!-- \/ Yoast SEO plugin. -->","_links":{"self":[{"href":"https:\/\/newskyvn.com\/en\/wp-json\/wp\/v2\/product\/1577"}],"collection":[{"href":"https:\/\/newskyvn.com\/en\/wp-json\/wp\/v2\/product"}],"about":[{"href":"https:\/\/newskyvn.com\/en\/wp-json\/wp\/v2\/types\/product"}],"replies":[{"embeddable":true,"href":"https:\/\/newskyvn.com\/en\/wp-json\/wp\/v2\/comments?post=1577"}],"wp:featuredmedia":[{"embeddable":true,"href":"https:\/\/newskyvn.com\/en\/wp-json\/wp\/v2\/media\/1579"}],"wp:attachment":[{"href":"https:\/\/newskyvn.com\/en\/wp-json\/wp\/v2\/media?parent=1577"}],"wp:term":[{"taxonomy":"product_cat","embeddable":true,"href":"https:\/\/newskyvn.com\/en\/wp-json\/wp\/v2\/product_cat?post=1577"},{"taxonomy":"product_tag","embeddable":true,"href":"https:\/\/newskyvn.com\/en\/wp-json\/wp\/v2\/product_tag?post=1577"}],"curies":[{"name":"wp","href":"https:\/\/api.w.org\/{rel}","templated":true}]}}