{"id":1574,"date":"2021-09-19T11:41:34","date_gmt":"2021-09-19T11:41:34","guid":{"rendered":"https:\/\/newskyvn.com\/?post_type=product&#038;p=1574"},"modified":"2021-09-19T11:41:50","modified_gmt":"2021-09-19T11:41:50","slug":"nfp-41","status":"publish","type":"product","link":"https:\/\/newskyvn.com\/en\/product\/nfp-41\/","title":{"rendered":"NFP-41"},"content":{"rendered":"<p><\/p>\n<h3><\/h3>\n<p><span style=\"color: #0000ff;\"><strong>TECHNICAL DATA OF NFP-41<\/strong><\/span><\/p>\n<table class=\"tableGrid\" width=\"100%\" cellspacing=\"0\" cellpadding=\"0\">\n<tbody>\n<tr>\n<td>Process Connection<\/td>\n<td>CLEANadapt G1\/2&#8243;<\/td>\n<\/tr>\n<tr>\n<td>Insertion length<\/td>\n<td>29 mm<\/td>\n<\/tr>\n<tr>\n<td>Wetted material<\/td>\n<td>Stainless steel 1.4404 (316L), Ra\u22640.8 \u03bcm | Peek<\/td>\n<\/tr>\n<tr>\n<td>Measuring range<\/td>\n<td>-50\u2026+150\u00b0C<\/td>\n<\/tr>\n<tr>\n<td>Accuracy<\/td>\n<td>&lt; \u00b10,25 % (in the range 0&#8230;150 \u00b0C)<\/td>\n<\/tr>\n<tr>\n<td>Operating pressure<\/td>\n<td>max. 10 bar<\/td>\n<\/tr>\n<tr>\n<td>Communication<\/td>\n<td>Pt100, 4..20 mA<\/td>\n<\/tr>\n<tr>\n<td><\/td>\n<td><\/td>\n<\/tr>\n<tr>\n<td colspan=\"2\">The values shown are the performance limits within the product line. The product-specific data for each individual configuration can be obtained from the product information<\/td>\n<\/tr>\n<\/tbody>\n<\/table>\n<p><\/p>","protected":false},"excerpt":{"rendered":"<p><strong>Level detector with integrated temperature sensor<\/strong><\/p>\n<h2 class=\"h2cat\"><strong style=\"font-size: 16px;\">Level detection and temperature measurement in one device. For tubes from DN25 and vessels. with hygienic thread G1\/2\u2033 (CLEANadapt)<\/strong><\/h2>\n<div class=\"bullets\">\n<ul>\n<li>Dry running and temperature protection in pipes<\/li>\n<li>Point level detection and temperature monitoring in vessels<\/li>\n<li>3A conform<\/li>\n<li>Extremely robust and long lasting, completely made of stainless steel<\/li>\n<\/ul>\n<\/div>\n","protected":false},"featured_media":1576,"comment_status":"open","ping_status":"closed","template":"","meta":[],"product_cat":[120],"product_tag":[],"yoast_head":"<!-- This site is optimized with the Yoast SEO plugin v16.6.1 - https:\/\/yoast.com\/wordpress\/plugins\/seo\/ -->\n<title>NFP-41 - NEW SKY CO.,LTD<\/title>\n<meta name=\"robots\" content=\"index, follow, max-snippet:-1, max-image-preview:large, max-video-preview:-1\" \/>\n<link rel=\"canonical\" href=\"https:\/\/newskyvn.com\/product\/nfp-41\/\" \/>\n<meta property=\"og:locale\" content=\"en_US\" \/>\n<meta property=\"og:type\" content=\"article\" \/>\n<meta property=\"og:title\" content=\"NFP-41 - NEW SKY CO.,LTD\" \/>\n<meta property=\"og:description\" content=\"[:vi]C\u1ea3m bi\u1ebfn d\u00f2 m\u1ee9c t\u00edch h\u1ee3p c\u1ea3m bi\u1ebfn nhi\u1ec7t \u0111\u1ed9  Ph\u00e1t hi\u1ec7n m\u1ee9c v\u00e0 \u0111o nhi\u1ec7t \u0111\u1ed9 trong m\u1ed9t thi\u1ebft b\u1ecb. \u0110\u1ed1i v\u1edbi \u1ed1ng t\u1eeb DN25 v\u00e0 t\u00e0u. v\u1edbi ren v\u1ec7 sinh G1 \/ 2 \u2033 (CLEANadapt)  Ch\u1ea1y kh\u00f4 v\u00e0 b\u1ea3o v\u1ec7 nhi\u1ec7t \u0111\u1ed9 trong \u0111\u01b0\u1eddng \u1ed1ng Ph\u00e1t hi\u1ec7n m\u1ee9c \u0111i\u1ec3m v\u00e0 gi\u00e1m s\u00e1t nhi\u1ec7t \u0111\u1ed9 trong t\u00e0u 3A tu\u00e2n theo C\u1ef1c k\u1ef3 m\u1ea1nh m\u1ebd v\u00e0 b\u1ec1n l\u00e2u, ho\u00e0n to\u00e0n l\u00e0m b\u1eb1ng th\u00e9p kh\u00f4ng g\u1ec9[:en]Level detector with integrated temperature sensor Level detection and temperature measurement in one device. For tubes from DN25 and vessels. with hygienic thread G1\/2\u2033 (CLEANadapt)    Dry running and temperature protection in pipes  Point level detection and temperature monitoring in vessels  3A conform  Extremely robust and long lasting, completely made of stainless steel  [:]\" \/>\n<meta property=\"og:url\" content=\"https:\/\/newskyvn.com\/product\/nfp-41\/\" \/>\n<meta property=\"og:site_name\" content=\"NEW SKY CO.,LTD\" \/>\n<meta property=\"article:modified_time\" content=\"2021-09-19T11:41:50+00:00\" \/>\n<meta property=\"og:image\" content=\"https:\/\/newskyvn.com\/wp-content\/uploads\/2021\/09\/NFP-41_F-Trans254x600.png\" \/>\n\t<meta property=\"og:image:width\" content=\"500\" \/>\n\t<meta property=\"og:image:height\" content=\"500\" \/>\n<meta name=\"twitter:card\" content=\"summary_large_image\" \/>\n<meta name=\"twitter:label1\" content=\"Est. reading time\" \/>\n\t<meta name=\"twitter:data1\" content=\"1 minute\" \/>\n<script type=\"application\/ld+json\" class=\"yoast-schema-graph\">{\"@context\":\"https:\/\/schema.org\",\"@graph\":[{\"@type\":\"WebSite\",\"@id\":\"https:\/\/newskyvn.com\/#website\",\"url\":\"https:\/\/newskyvn.com\/\",\"name\":\"NEW SKY CO.,LTD\",\"description\":\"C\\u00f4ng Ty TNHH S\\u1ea3n Xu\\u1ea5t Th\\u01b0\\u01a1ng M\\u1ea1i D\\u1ecbch V\\u1ee5 T\\u00e2n Thi\\u00ean\",\"potentialAction\":[{\"@type\":\"SearchAction\",\"target\":{\"@type\":\"EntryPoint\",\"urlTemplate\":\"https:\/\/newskyvn.com\/?s={search_term_string}\"},\"query-input\":\"required name=search_term_string\"}],\"inLanguage\":\"en-US\"},{\"@type\":\"ImageObject\",\"@id\":\"https:\/\/newskyvn.com\/product\/nfp-41\/#primaryimage\",\"inLanguage\":\"en-US\",\"url\":\"https:\/\/newskyvn.com\/wp-content\/uploads\/2021\/09\/NFP-41_F-Trans254x600.png\",\"contentUrl\":\"https:\/\/newskyvn.com\/wp-content\/uploads\/2021\/09\/NFP-41_F-Trans254x600.png\",\"width\":500,\"height\":500},{\"@type\":\"WebPage\",\"@id\":\"https:\/\/newskyvn.com\/product\/nfp-41\/#webpage\",\"url\":\"https:\/\/newskyvn.com\/product\/nfp-41\/\",\"name\":\"NFP-41 - NEW SKY CO.,LTD\",\"isPartOf\":{\"@id\":\"https:\/\/newskyvn.com\/#website\"},\"primaryImageOfPage\":{\"@id\":\"https:\/\/newskyvn.com\/product\/nfp-41\/#primaryimage\"},\"datePublished\":\"2021-09-19T11:41:34+00:00\",\"dateModified\":\"2021-09-19T11:41:50+00:00\",\"breadcrumb\":{\"@id\":\"https:\/\/newskyvn.com\/product\/nfp-41\/#breadcrumb\"},\"inLanguage\":\"en-US\",\"potentialAction\":[{\"@type\":\"ReadAction\",\"target\":[\"https:\/\/newskyvn.com\/product\/nfp-41\/\"]}]},{\"@type\":\"BreadcrumbList\",\"@id\":\"https:\/\/newskyvn.com\/product\/nfp-41\/#breadcrumb\",\"itemListElement\":[{\"@type\":\"ListItem\",\"position\":1,\"name\":\"Product\",\"item\":\"https:\/\/newskyvn.com\/en\/san-pham\/\"},{\"@type\":\"ListItem\",\"position\":2,\"name\":\"NFP-41\"}]}]}<\/script>\n<!-- \/ Yoast SEO plugin. -->","_links":{"self":[{"href":"https:\/\/newskyvn.com\/en\/wp-json\/wp\/v2\/product\/1574"}],"collection":[{"href":"https:\/\/newskyvn.com\/en\/wp-json\/wp\/v2\/product"}],"about":[{"href":"https:\/\/newskyvn.com\/en\/wp-json\/wp\/v2\/types\/product"}],"replies":[{"embeddable":true,"href":"https:\/\/newskyvn.com\/en\/wp-json\/wp\/v2\/comments?post=1574"}],"wp:featuredmedia":[{"embeddable":true,"href":"https:\/\/newskyvn.com\/en\/wp-json\/wp\/v2\/media\/1576"}],"wp:attachment":[{"href":"https:\/\/newskyvn.com\/en\/wp-json\/wp\/v2\/media?parent=1574"}],"wp:term":[{"taxonomy":"product_cat","embeddable":true,"href":"https:\/\/newskyvn.com\/en\/wp-json\/wp\/v2\/product_cat?post=1574"},{"taxonomy":"product_tag","embeddable":true,"href":"https:\/\/newskyvn.com\/en\/wp-json\/wp\/v2\/product_tag?post=1574"}],"curies":[{"name":"wp","href":"https:\/\/api.w.org\/{rel}","templated":true}]}}